{"id":28362,"date":"2023-07-04T13:41:32","date_gmt":"2023-07-04T12:41:32","guid":{"rendered":"https:\/\/newvoiceinternational.com\/heldele-gmbh\/"},"modified":"2023-07-06T09:05:40","modified_gmt":"2023-07-06T08:05:40","slug":"heldele-gmbh","status":"publish","type":"page","link":"https:\/\/newvoiceinternational.com\/de\/heldele-gmbh\/","title":{"rendered":"Heldele GmbH"},"content":{"rendered":"\t\t<div data-elementor-type=\"wp-page\" data-elementor-id=\"28362\" class=\"elementor elementor-28362 elementor-28334\" data-elementor-post-type=\"page\">\n\t\t\t\t\t\t<section class=\"elementor-section elementor-top-section elementor-element elementor-element-e7502fe elementor-section-boxed elementor-section-height-default elementor-section-height-default\" data-id=\"e7502fe\" data-element_type=\"section\" data-e-type=\"section\">\n\t\t\t\t\t\t<div class=\"elementor-container elementor-column-gap-default\">\n\t\t\t\t\t<div class=\"elementor-column elementor-col-100 elementor-top-column elementor-element elementor-element-04af383\" data-id=\"04af383\" data-element_type=\"column\" data-e-type=\"column\">\n\t\t\t<div class=\"elementor-widget-wrap elementor-element-populated\">\n\t\t\t\t\t\t<div class=\"elementor-element elementor-element-b7e1b3e elementor-widget elementor-widget-image\" data-id=\"b7e1b3e\" data-element_type=\"widget\" data-e-type=\"widget\" data-widget_type=\"image.default\">\n\t\t\t\t<div class=\"elementor-widget-container\">\n\t\t\t\t\t\t\t\t\t\t\t\t\t\t\t<img fetchpriority=\"high\" decoding=\"async\" width=\"580\" height=\"97\" src=\"https:\/\/newvoiceinternational.com\/wp-content\/uploads\/2023\/07\/600x100_l.png\" class=\"attachment-large size-large wp-image-28338\" alt=\"\" srcset=\"https:\/\/newvoiceinternational.com\/wp-content\/uploads\/2023\/07\/600x100_l.png 600w, https:\/\/newvoiceinternational.com\/wp-content\/uploads\/2023\/07\/600x100_l-300x50.png 300w\" sizes=\"(max-width: 580px) 100vw, 580px\" \/>\t\t\t\t\t\t\t\t\t\t\t\t\t\t\t<\/div>\n\t\t\t\t<\/div>\n\t\t\t\t\t<\/div>\n\t\t<\/div>\n\t\t\t\t\t<\/div>\n\t\t<\/section>\n\t\t\t\t<section class=\"elementor-section elementor-top-section elementor-element elementor-element-cfdd1dd elementor-section-boxed elementor-section-height-default elementor-section-height-default\" data-id=\"cfdd1dd\" data-element_type=\"section\" data-e-type=\"section\">\n\t\t\t\t\t\t<div class=\"elementor-container elementor-column-gap-default\">\n\t\t\t\t\t<div class=\"elementor-column elementor-col-100 elementor-top-column elementor-element elementor-element-f82a605\" data-id=\"f82a605\" data-element_type=\"column\" data-e-type=\"column\">\n\t\t\t<div class=\"elementor-widget-wrap elementor-element-populated\">\n\t\t\t\t\t\t<div class=\"elementor-element elementor-element-875297b elementor-widget elementor-widget-text-editor\" data-id=\"875297b\" data-element_type=\"widget\" data-e-type=\"widget\" data-widget_type=\"text-editor.default\">\n\t\t\t\t<div class=\"elementor-widget-container\">\n\t\t\t\t\t\t\t\t\t<p>Als familiengef\u00fchrtes Unternehmen verstehen wir uns als Full-Service-Dienstleister. Innovative elektrotechnische Geb\u00e4udeausstattung, ITK-Systemhaus und Automation sind unsere Hauptgesch\u00e4ftsfelder. Unsere Kunden unterst\u00fctzen wir seit mehr als f\u00fcnf Jahrzehnten erfolgreich mit Beratung und Konzeption, Installation, Wartung und After-Sales-Service. Mit mehr als 700 Mitarbeitern bewegen uns die Themen der Zukunft.<\/p>\n<p>HELDELE ITK Systemhaus bedeutet Ihre komplette IT aus einer Hand \u2013 das erspart Ihnen viel Koordinationsaufwand und Sie k\u00f6nnen sich immer darauf verlassen, dass Ihre IT und die Kommunikation verl\u00e4sslich und abgesichert l\u00e4uft. Als eines der gr\u00f6\u00dften ITK-Systemh\u00e4user in S\u00fcddeutschland kombinieren wir f\u00fcr Sie IT- und Medientechnik sowie Kommunikationsl\u00f6sungen &#8211; das macht uns in der Region einzigartig.<\/p>\n<p>Bei uns erhalten Sie eine Rundum-Unterst\u00fctzung f\u00fcr alle Fragen und Anliegen zu den Themen Communication und Alarmierung. Bei HELDELE erhalten Sie eine ganzheitliche L\u00f6sung, die Beratung, Implementierung, \u00dcbergabe und Service beinhaltet. Unabh\u00e4ngig von Ihrer Branche und unabh\u00e4ngig von Herstellern sind wir mit den spezifischen Anwendungsf\u00e4llen vertraut und k\u00f6nnen Ihnen ma\u00dfgeschneiderte Unterst\u00fctzung bieten.<\/p>\n<p>Erfahren Sie mehr:&nbsp;<a href=\"https:\/\/www.heldele.de\/\" target=\"_blank\" style=\"font-family: var( --e-global-typography-text-font-family ), Sans-serif; font-size: var( --e-global-typography-text-font-size ); font-style: var( --e-global-typography-text-font-style ); font-weight: var( --e-global-typography-text-font-weight ); letter-spacing: var( --e-global-typography-text-letter-spacing ); text-transform: var( --e-global-typography-text-text-transform );\">https:\/\/www.heldele.de\/<\/a><\/p>\t\t\t\t\t\t\t\t<\/div>\n\t\t\t\t<\/div>\n\t\t\t\t\t<\/div>\n\t\t<\/div>\n\t\t\t\t\t<\/div>\n\t\t<\/section>\n\t\t\t\t<\/div>\n\t\t","protected":false},"excerpt":{"rendered":"<p>Als familiengef\u00fchrtes Unternehmen verstehen wir uns als Full-Service-Dienstleister. Innovative elektrotechnische Geb\u00e4udeausstattung, ITK-Systemhaus und Automation sind unsere Hauptgesch\u00e4ftsfelder. Unsere Kunden unterst\u00fctzen wir seit mehr als f\u00fcnf Jahrzehnten erfolgreich mit Beratung und Konzeption, Installation, Wartung und After-Sales-Service. Mit mehr als 700 Mitarbeitern bewegen uns die Themen der Zukunft. HELDELE ITK Systemhaus bedeutet Ihre komplette IT aus einer [&hellip;]<\/p>\n","protected":false},"author":5,"featured_media":0,"parent":0,"menu_order":0,"comment_status":"closed","ping_status":"closed","template":"elementor_header_footer","meta":{"_eb_attr":"","inline_featured_image":false,"footnotes":""},"class_list":["post-28362","page","type-page","status-publish","hentry"],"acf":[],"yoast_head":"<!-- This site is optimized with the Yoast SEO plugin v27.4 - https:\/\/yoast.com\/product\/yoast-seo-wordpress\/ -->\n<title>Heldele GmbH - NewVoice International<\/title>\n<meta name=\"robots\" content=\"index, follow, max-snippet:-1, max-image-preview:large, max-video-preview:-1\" \/>\n<link rel=\"canonical\" href=\"https:\/\/newvoiceinternational.com\/de\/heldele-gmbh\/\" \/>\n<meta property=\"og:locale\" content=\"de_DE\" \/>\n<meta property=\"og:type\" content=\"article\" \/>\n<meta property=\"og:title\" content=\"Heldele GmbH - NewVoice International\" \/>\n<meta property=\"og:description\" content=\"Als familiengef\u00fchrtes Unternehmen verstehen wir uns als Full-Service-Dienstleister. Innovative elektrotechnische Geb\u00e4udeausstattung, ITK-Systemhaus und Automation sind unsere Hauptgesch\u00e4ftsfelder. Unsere Kunden unterst\u00fctzen wir seit mehr als f\u00fcnf Jahrzehnten erfolgreich mit Beratung und Konzeption, Installation, Wartung und After-Sales-Service. Mit mehr als 700 Mitarbeitern bewegen uns die Themen der Zukunft. HELDELE ITK Systemhaus bedeutet Ihre komplette IT aus einer [&hellip;]\" \/>\n<meta property=\"og:url\" content=\"https:\/\/newvoiceinternational.com\/de\/heldele-gmbh\/\" \/>\n<meta property=\"og:site_name\" content=\"NewVoice International\" \/>\n<meta property=\"article:modified_time\" content=\"2023-07-06T08:05:40+00:00\" \/>\n<meta property=\"og:image\" content=\"https:\/\/newvoiceinternational.com\/wp-content\/uploads\/2023\/07\/600x100_l.png\" \/>\n<meta name=\"twitter:card\" content=\"summary_large_image\" \/>\n<meta name=\"twitter:label1\" content=\"Gesch\u00e4tzte Lesezeit\" \/>\n\t<meta name=\"twitter:data1\" content=\"2\u00a0Minuten\" \/>\n<script type=\"application\/ld+json\" class=\"yoast-schema-graph\">{\"@context\":\"https:\\\/\\\/schema.org\",\"@graph\":[{\"@type\":\"WebPage\",\"@id\":\"https:\\\/\\\/newvoiceinternational.com\\\/de\\\/heldele-gmbh\\\/\",\"url\":\"https:\\\/\\\/newvoiceinternational.com\\\/de\\\/heldele-gmbh\\\/\",\"name\":\"Heldele GmbH - NewVoice International\",\"isPartOf\":{\"@id\":\"https:\\\/\\\/newvoiceinternational.com\\\/de\\\/#website\"},\"primaryImageOfPage\":{\"@id\":\"https:\\\/\\\/newvoiceinternational.com\\\/de\\\/heldele-gmbh\\\/#primaryimage\"},\"image\":{\"@id\":\"https:\\\/\\\/newvoiceinternational.com\\\/de\\\/heldele-gmbh\\\/#primaryimage\"},\"thumbnailUrl\":\"https:\\\/\\\/newvoiceinternational.com\\\/wp-content\\\/uploads\\\/2023\\\/07\\\/600x100_l.png\",\"datePublished\":\"2023-07-04T12:41:32+00:00\",\"dateModified\":\"2023-07-06T08:05:40+00:00\",\"breadcrumb\":{\"@id\":\"https:\\\/\\\/newvoiceinternational.com\\\/de\\\/heldele-gmbh\\\/#breadcrumb\"},\"inLanguage\":\"de\",\"potentialAction\":[{\"@type\":\"ReadAction\",\"target\":[\"https:\\\/\\\/newvoiceinternational.com\\\/de\\\/heldele-gmbh\\\/\"]}]},{\"@type\":\"ImageObject\",\"inLanguage\":\"de\",\"@id\":\"https:\\\/\\\/newvoiceinternational.com\\\/de\\\/heldele-gmbh\\\/#primaryimage\",\"url\":\"https:\\\/\\\/newvoiceinternational.com\\\/wp-content\\\/uploads\\\/2023\\\/07\\\/600x100_l.png\",\"contentUrl\":\"https:\\\/\\\/newvoiceinternational.com\\\/wp-content\\\/uploads\\\/2023\\\/07\\\/600x100_l.png\"},{\"@type\":\"BreadcrumbList\",\"@id\":\"https:\\\/\\\/newvoiceinternational.com\\\/de\\\/heldele-gmbh\\\/#breadcrumb\",\"itemListElement\":[{\"@type\":\"ListItem\",\"position\":1,\"name\":\"Home\",\"item\":\"https:\\\/\\\/newvoiceinternational.com\\\/de\\\/\"},{\"@type\":\"ListItem\",\"position\":2,\"name\":\"Heldele GmbH\"}]},{\"@type\":\"WebSite\",\"@id\":\"https:\\\/\\\/newvoiceinternational.com\\\/de\\\/#website\",\"url\":\"https:\\\/\\\/newvoiceinternational.com\\\/de\\\/\",\"name\":\"NewVoice International\",\"description\":\"\",\"publisher\":{\"@id\":\"https:\\\/\\\/newvoiceinternational.com\\\/de\\\/#organization\"},\"potentialAction\":[{\"@type\":\"SearchAction\",\"target\":{\"@type\":\"EntryPoint\",\"urlTemplate\":\"https:\\\/\\\/newvoiceinternational.com\\\/de\\\/?s={search_term_string}\"},\"query-input\":{\"@type\":\"PropertyValueSpecification\",\"valueRequired\":true,\"valueName\":\"search_term_string\"}}],\"inLanguage\":\"de\"},{\"@type\":\"Organization\",\"@id\":\"https:\\\/\\\/newvoiceinternational.com\\\/de\\\/#organization\",\"name\":\"NewVoice International\",\"url\":\"https:\\\/\\\/newvoiceinternational.com\\\/de\\\/\",\"logo\":{\"@type\":\"ImageObject\",\"inLanguage\":\"de\",\"@id\":\"https:\\\/\\\/newvoiceinternational.com\\\/de\\\/#\\\/schema\\\/logo\\\/image\\\/\",\"url\":\"https:\\\/\\\/newvoiceinternational.com\\\/wp-content\\\/uploads\\\/2022\\\/06\\\/NV_Logo_RGB.png\",\"contentUrl\":\"https:\\\/\\\/newvoiceinternational.com\\\/wp-content\\\/uploads\\\/2022\\\/06\\\/NV_Logo_RGB.png\",\"width\":1200,\"height\":315,\"caption\":\"NewVoice International\"},\"image\":{\"@id\":\"https:\\\/\\\/newvoiceinternational.com\\\/de\\\/#\\\/schema\\\/logo\\\/image\\\/\"}}]}<\/script>\n<!-- \/ Yoast SEO plugin. -->","yoast_head_json":{"title":"Heldele GmbH - NewVoice International","robots":{"index":"index","follow":"follow","max-snippet":"max-snippet:-1","max-image-preview":"max-image-preview:large","max-video-preview":"max-video-preview:-1"},"canonical":"https:\/\/newvoiceinternational.com\/de\/heldele-gmbh\/","og_locale":"de_DE","og_type":"article","og_title":"Heldele GmbH - NewVoice International","og_description":"Als familiengef\u00fchrtes Unternehmen verstehen wir uns als Full-Service-Dienstleister. Innovative elektrotechnische Geb\u00e4udeausstattung, ITK-Systemhaus und Automation sind unsere Hauptgesch\u00e4ftsfelder. Unsere Kunden unterst\u00fctzen wir seit mehr als f\u00fcnf Jahrzehnten erfolgreich mit Beratung und Konzeption, Installation, Wartung und After-Sales-Service. Mit mehr als 700 Mitarbeitern bewegen uns die Themen der Zukunft. HELDELE ITK Systemhaus bedeutet Ihre komplette IT aus einer [&hellip;]","og_url":"https:\/\/newvoiceinternational.com\/de\/heldele-gmbh\/","og_site_name":"NewVoice International","article_modified_time":"2023-07-06T08:05:40+00:00","og_image":[{"url":"https:\/\/newvoiceinternational.com\/wp-content\/uploads\/2023\/07\/600x100_l.png","type":"","width":"","height":""}],"twitter_card":"summary_large_image","twitter_misc":{"Gesch\u00e4tzte Lesezeit":"2\u00a0Minuten"},"schema":{"@context":"https:\/\/schema.org","@graph":[{"@type":"WebPage","@id":"https:\/\/newvoiceinternational.com\/de\/heldele-gmbh\/","url":"https:\/\/newvoiceinternational.com\/de\/heldele-gmbh\/","name":"Heldele GmbH - NewVoice International","isPartOf":{"@id":"https:\/\/newvoiceinternational.com\/de\/#website"},"primaryImageOfPage":{"@id":"https:\/\/newvoiceinternational.com\/de\/heldele-gmbh\/#primaryimage"},"image":{"@id":"https:\/\/newvoiceinternational.com\/de\/heldele-gmbh\/#primaryimage"},"thumbnailUrl":"https:\/\/newvoiceinternational.com\/wp-content\/uploads\/2023\/07\/600x100_l.png","datePublished":"2023-07-04T12:41:32+00:00","dateModified":"2023-07-06T08:05:40+00:00","breadcrumb":{"@id":"https:\/\/newvoiceinternational.com\/de\/heldele-gmbh\/#breadcrumb"},"inLanguage":"de","potentialAction":[{"@type":"ReadAction","target":["https:\/\/newvoiceinternational.com\/de\/heldele-gmbh\/"]}]},{"@type":"ImageObject","inLanguage":"de","@id":"https:\/\/newvoiceinternational.com\/de\/heldele-gmbh\/#primaryimage","url":"https:\/\/newvoiceinternational.com\/wp-content\/uploads\/2023\/07\/600x100_l.png","contentUrl":"https:\/\/newvoiceinternational.com\/wp-content\/uploads\/2023\/07\/600x100_l.png"},{"@type":"BreadcrumbList","@id":"https:\/\/newvoiceinternational.com\/de\/heldele-gmbh\/#breadcrumb","itemListElement":[{"@type":"ListItem","position":1,"name":"Home","item":"https:\/\/newvoiceinternational.com\/de\/"},{"@type":"ListItem","position":2,"name":"Heldele GmbH"}]},{"@type":"WebSite","@id":"https:\/\/newvoiceinternational.com\/de\/#website","url":"https:\/\/newvoiceinternational.com\/de\/","name":"NewVoice International","description":"","publisher":{"@id":"https:\/\/newvoiceinternational.com\/de\/#organization"},"potentialAction":[{"@type":"SearchAction","target":{"@type":"EntryPoint","urlTemplate":"https:\/\/newvoiceinternational.com\/de\/?s={search_term_string}"},"query-input":{"@type":"PropertyValueSpecification","valueRequired":true,"valueName":"search_term_string"}}],"inLanguage":"de"},{"@type":"Organization","@id":"https:\/\/newvoiceinternational.com\/de\/#organization","name":"NewVoice International","url":"https:\/\/newvoiceinternational.com\/de\/","logo":{"@type":"ImageObject","inLanguage":"de","@id":"https:\/\/newvoiceinternational.com\/de\/#\/schema\/logo\/image\/","url":"https:\/\/newvoiceinternational.com\/wp-content\/uploads\/2022\/06\/NV_Logo_RGB.png","contentUrl":"https:\/\/newvoiceinternational.com\/wp-content\/uploads\/2022\/06\/NV_Logo_RGB.png","width":1200,"height":315,"caption":"NewVoice International"},"image":{"@id":"https:\/\/newvoiceinternational.com\/de\/#\/schema\/logo\/image\/"}}]}},"_links":{"self":[{"href":"https:\/\/newvoiceinternational.com\/de\/wp-json\/wp\/v2\/pages\/28362","targetHints":{"allow":["GET"]}}],"collection":[{"href":"https:\/\/newvoiceinternational.com\/de\/wp-json\/wp\/v2\/pages"}],"about":[{"href":"https:\/\/newvoiceinternational.com\/de\/wp-json\/wp\/v2\/types\/page"}],"author":[{"embeddable":true,"href":"https:\/\/newvoiceinternational.com\/de\/wp-json\/wp\/v2\/users\/5"}],"replies":[{"embeddable":true,"href":"https:\/\/newvoiceinternational.com\/de\/wp-json\/wp\/v2\/comments?post=28362"}],"version-history":[{"count":0,"href":"https:\/\/newvoiceinternational.com\/de\/wp-json\/wp\/v2\/pages\/28362\/revisions"}],"wp:attachment":[{"href":"https:\/\/newvoiceinternational.com\/de\/wp-json\/wp\/v2\/media?parent=28362"}],"curies":[{"name":"wp","href":"https:\/\/api.w.org\/{rel}","templated":true}]}}