{"id":28313,"date":"2023-07-04T13:25:17","date_gmt":"2023-07-04T12:25:17","guid":{"rendered":"https:\/\/newvoiceinternational.com\/etk-networks\/"},"modified":"2023-07-05T13:19:12","modified_gmt":"2023-07-05T12:19:12","slug":"etk-networks","status":"publish","type":"page","link":"https:\/\/newvoiceinternational.com\/de\/etk-networks\/","title":{"rendered":"ETK networks"},"content":{"rendered":"\t\t<div data-elementor-type=\"wp-page\" data-elementor-id=\"28313\" class=\"elementor elementor-28313 elementor-28305\" data-elementor-post-type=\"page\">\n\t\t\t\t\t\t<section class=\"elementor-section elementor-top-section elementor-element elementor-element-e7502fe elementor-section-boxed elementor-section-height-default elementor-section-height-default\" data-id=\"e7502fe\" data-element_type=\"section\" data-e-type=\"section\">\n\t\t\t\t\t\t<div class=\"elementor-container elementor-column-gap-default\">\n\t\t\t\t\t<div class=\"elementor-column elementor-col-100 elementor-top-column elementor-element elementor-element-04af383\" data-id=\"04af383\" data-element_type=\"column\" data-e-type=\"column\">\n\t\t\t<div class=\"elementor-widget-wrap elementor-element-populated\">\n\t\t\t\t\t\t<div class=\"elementor-element elementor-element-b7e1b3e elementor-widget elementor-widget-image\" data-id=\"b7e1b3e\" data-element_type=\"widget\" data-e-type=\"widget\" data-widget_type=\"image.default\">\n\t\t\t\t<div class=\"elementor-widget-container\">\n\t\t\t\t\t\t\t\t\t\t\t\t\t\t\t\t<a href=\"https:\/\/www.kommunikationsnerven.de\/\">\n\t\t\t\t\t\t\t<img fetchpriority=\"high\" decoding=\"async\" width=\"580\" height=\"320\" src=\"https:\/\/newvoiceinternational.com\/wp-content\/uploads\/2023\/07\/ETK_Logo_RGB_941x519-768x424.png\" class=\"attachment-medium_large size-medium_large wp-image-28309\" alt=\"\" srcset=\"https:\/\/newvoiceinternational.com\/wp-content\/uploads\/2023\/07\/ETK_Logo_RGB_941x519-768x424.png 768w, https:\/\/newvoiceinternational.com\/wp-content\/uploads\/2023\/07\/ETK_Logo_RGB_941x519-300x165.png 300w, https:\/\/newvoiceinternational.com\/wp-content\/uploads\/2023\/07\/ETK_Logo_RGB_941x519.png 941w\" sizes=\"(max-width: 580px) 100vw, 580px\" \/>\t\t\t\t\t\t\t\t<\/a>\n\t\t\t\t\t\t\t\t\t\t\t\t\t\t\t<\/div>\n\t\t\t\t<\/div>\n\t\t\t\t\t<\/div>\n\t\t<\/div>\n\t\t\t\t\t<\/div>\n\t\t<\/section>\n\t\t\t\t<section class=\"elementor-section elementor-top-section elementor-element elementor-element-cfdd1dd elementor-section-boxed elementor-section-height-default elementor-section-height-default\" data-id=\"cfdd1dd\" data-element_type=\"section\" data-e-type=\"section\">\n\t\t\t\t\t\t<div class=\"elementor-container elementor-column-gap-default\">\n\t\t\t\t\t<div class=\"elementor-column elementor-col-100 elementor-top-column elementor-element elementor-element-f82a605\" data-id=\"f82a605\" data-element_type=\"column\" data-e-type=\"column\">\n\t\t\t<div class=\"elementor-widget-wrap elementor-element-populated\">\n\t\t\t\t\t\t<div class=\"elementor-element elementor-element-875297b elementor-widget elementor-widget-text-editor\" data-id=\"875297b\" data-element_type=\"widget\" data-e-type=\"widget\" data-widget_type=\"text-editor.default\">\n\t\t\t\t<div class=\"elementor-widget-container\">\n\t\t\t\t\t\t\t\t\t<p>ETK networks ist ein seit \u00fcber 30 Jahren t\u00e4tiger IT-\/TK-Infrastrukturdienstleister mit Hauptsitz in Dornach bei M\u00fcnchen. Unsere Expertise liegt in der Systemintegration von Business-L\u00f6sungen.<\/p>\n<p>Mehr als 70 Mitarbeiter sorgen bei unseren Kunden im Gro\u00df- und Mittelstand f\u00fcr funktionierende \u201eKommunikationsnerven\u201c \u2013 im Bereich der Datennetze, Telefonsysteme, Contact-Center, Alarmierung und Applikationen. Neben der Zentrale in Dornach ist ETK networks auch an den Standorten D\u00fcsseldorf, Heidelberg, Landsberg und Stuttgart vertreten.<\/p>\n<p><span style=\"font-size: inherit; text-align: inherit; color: var( --e-global-color-text ); font-family: var( --e-global-typography-text-font-family ), Sans-serif; font-style: var( --e-global-typography-text-font-style ); font-weight: var( --e-global-typography-text-font-weight ); letter-spacing: var( --e-global-typography-text-letter-spacing ); text-transform: var( --e-global-typography-text-text-transform );\">Erfahren Sie mehr:&nbsp;<\/span><a href=\"https:\/\/www.kommunikationsnerven.de\/\" style=\"font-size: inherit; text-align: inherit; font-family: var( --e-global-typography-text-font-family ), Sans-serif; font-style: var( --e-global-typography-text-font-style ); font-weight: var( --e-global-typography-text-font-weight ); letter-spacing: var( --e-global-typography-text-letter-spacing ); text-transform: var( --e-global-typography-text-text-transform );\">ETK networks solution GmbH (kommunikationsnerven.de)<\/a>&nbsp;<br><\/p>\t\t\t\t\t\t\t\t<\/div>\n\t\t\t\t<\/div>\n\t\t\t\t\t<\/div>\n\t\t<\/div>\n\t\t\t\t\t<\/div>\n\t\t<\/section>\n\t\t\t\t<\/div>\n\t\t","protected":false},"excerpt":{"rendered":"<p>ETK networks ist ein seit \u00fcber 30 Jahren t\u00e4tiger IT-\/TK-Infrastrukturdienstleister mit Hauptsitz in Dornach bei M\u00fcnchen. Unsere Expertise liegt in der Systemintegration von Business-L\u00f6sungen. Mehr als 70 Mitarbeiter sorgen bei unseren Kunden im Gro\u00df- und Mittelstand f\u00fcr funktionierende \u201eKommunikationsnerven\u201c \u2013 im Bereich der Datennetze, Telefonsysteme, Contact-Center, Alarmierung und Applikationen. Neben der Zentrale in Dornach ist [&hellip;]<\/p>\n","protected":false},"author":5,"featured_media":0,"parent":0,"menu_order":0,"comment_status":"closed","ping_status":"closed","template":"elementor_header_footer","meta":{"_eb_attr":"","inline_featured_image":false,"footnotes":""},"class_list":["post-28313","page","type-page","status-publish","hentry"],"acf":[],"yoast_head":"<!-- This site is optimized with the Yoast SEO plugin v27.4 - https:\/\/yoast.com\/product\/yoast-seo-wordpress\/ -->\n<title>ETK networks - NewVoice International<\/title>\n<meta name=\"robots\" content=\"index, follow, max-snippet:-1, max-image-preview:large, max-video-preview:-1\" \/>\n<link rel=\"canonical\" href=\"https:\/\/newvoiceinternational.com\/de\/etk-networks\/\" \/>\n<meta property=\"og:locale\" content=\"de_DE\" \/>\n<meta property=\"og:type\" content=\"article\" \/>\n<meta property=\"og:title\" content=\"ETK networks - NewVoice International\" \/>\n<meta property=\"og:description\" content=\"ETK networks ist ein seit \u00fcber 30 Jahren t\u00e4tiger IT-\/TK-Infrastrukturdienstleister mit Hauptsitz in Dornach bei M\u00fcnchen. Unsere Expertise liegt in der Systemintegration von Business-L\u00f6sungen. Mehr als 70 Mitarbeiter sorgen bei unseren Kunden im Gro\u00df- und Mittelstand f\u00fcr funktionierende \u201eKommunikationsnerven\u201c \u2013 im Bereich der Datennetze, Telefonsysteme, Contact-Center, Alarmierung und Applikationen. Neben der Zentrale in Dornach ist [&hellip;]\" \/>\n<meta property=\"og:url\" content=\"https:\/\/newvoiceinternational.com\/de\/etk-networks\/\" \/>\n<meta property=\"og:site_name\" content=\"NewVoice International\" \/>\n<meta property=\"article:modified_time\" content=\"2023-07-05T12:19:12+00:00\" \/>\n<meta property=\"og:image\" content=\"https:\/\/newvoiceinternational.com\/wp-content\/uploads\/2023\/07\/ETK_Logo_RGB_941x519-768x424.png\" \/>\n<meta name=\"twitter:card\" content=\"summary_large_image\" \/>\n<meta name=\"twitter:label1\" content=\"Gesch\u00e4tzte Lesezeit\" \/>\n\t<meta name=\"twitter:data1\" content=\"1\u00a0Minute\" \/>\n<script type=\"application\/ld+json\" class=\"yoast-schema-graph\">{\"@context\":\"https:\\\/\\\/schema.org\",\"@graph\":[{\"@type\":\"WebPage\",\"@id\":\"https:\\\/\\\/newvoiceinternational.com\\\/de\\\/etk-networks\\\/\",\"url\":\"https:\\\/\\\/newvoiceinternational.com\\\/de\\\/etk-networks\\\/\",\"name\":\"ETK networks - NewVoice International\",\"isPartOf\":{\"@id\":\"https:\\\/\\\/newvoiceinternational.com\\\/de\\\/#website\"},\"primaryImageOfPage\":{\"@id\":\"https:\\\/\\\/newvoiceinternational.com\\\/de\\\/etk-networks\\\/#primaryimage\"},\"image\":{\"@id\":\"https:\\\/\\\/newvoiceinternational.com\\\/de\\\/etk-networks\\\/#primaryimage\"},\"thumbnailUrl\":\"https:\\\/\\\/newvoiceinternational.com\\\/wp-content\\\/uploads\\\/2023\\\/07\\\/ETK_Logo_RGB_941x519-768x424.png\",\"datePublished\":\"2023-07-04T12:25:17+00:00\",\"dateModified\":\"2023-07-05T12:19:12+00:00\",\"breadcrumb\":{\"@id\":\"https:\\\/\\\/newvoiceinternational.com\\\/de\\\/etk-networks\\\/#breadcrumb\"},\"inLanguage\":\"de\",\"potentialAction\":[{\"@type\":\"ReadAction\",\"target\":[\"https:\\\/\\\/newvoiceinternational.com\\\/de\\\/etk-networks\\\/\"]}]},{\"@type\":\"ImageObject\",\"inLanguage\":\"de\",\"@id\":\"https:\\\/\\\/newvoiceinternational.com\\\/de\\\/etk-networks\\\/#primaryimage\",\"url\":\"https:\\\/\\\/newvoiceinternational.com\\\/wp-content\\\/uploads\\\/2023\\\/07\\\/ETK_Logo_RGB_941x519-768x424.png\",\"contentUrl\":\"https:\\\/\\\/newvoiceinternational.com\\\/wp-content\\\/uploads\\\/2023\\\/07\\\/ETK_Logo_RGB_941x519-768x424.png\"},{\"@type\":\"BreadcrumbList\",\"@id\":\"https:\\\/\\\/newvoiceinternational.com\\\/de\\\/etk-networks\\\/#breadcrumb\",\"itemListElement\":[{\"@type\":\"ListItem\",\"position\":1,\"name\":\"Home\",\"item\":\"https:\\\/\\\/newvoiceinternational.com\\\/de\\\/\"},{\"@type\":\"ListItem\",\"position\":2,\"name\":\"ETK networks\"}]},{\"@type\":\"WebSite\",\"@id\":\"https:\\\/\\\/newvoiceinternational.com\\\/de\\\/#website\",\"url\":\"https:\\\/\\\/newvoiceinternational.com\\\/de\\\/\",\"name\":\"NewVoice International\",\"description\":\"\",\"publisher\":{\"@id\":\"https:\\\/\\\/newvoiceinternational.com\\\/de\\\/#organization\"},\"potentialAction\":[{\"@type\":\"SearchAction\",\"target\":{\"@type\":\"EntryPoint\",\"urlTemplate\":\"https:\\\/\\\/newvoiceinternational.com\\\/de\\\/?s={search_term_string}\"},\"query-input\":{\"@type\":\"PropertyValueSpecification\",\"valueRequired\":true,\"valueName\":\"search_term_string\"}}],\"inLanguage\":\"de\"},{\"@type\":\"Organization\",\"@id\":\"https:\\\/\\\/newvoiceinternational.com\\\/de\\\/#organization\",\"name\":\"NewVoice International\",\"url\":\"https:\\\/\\\/newvoiceinternational.com\\\/de\\\/\",\"logo\":{\"@type\":\"ImageObject\",\"inLanguage\":\"de\",\"@id\":\"https:\\\/\\\/newvoiceinternational.com\\\/de\\\/#\\\/schema\\\/logo\\\/image\\\/\",\"url\":\"https:\\\/\\\/newvoiceinternational.com\\\/wp-content\\\/uploads\\\/2022\\\/06\\\/NV_Logo_RGB.png\",\"contentUrl\":\"https:\\\/\\\/newvoiceinternational.com\\\/wp-content\\\/uploads\\\/2022\\\/06\\\/NV_Logo_RGB.png\",\"width\":1200,\"height\":315,\"caption\":\"NewVoice International\"},\"image\":{\"@id\":\"https:\\\/\\\/newvoiceinternational.com\\\/de\\\/#\\\/schema\\\/logo\\\/image\\\/\"}}]}<\/script>\n<!-- \/ Yoast SEO plugin. -->","yoast_head_json":{"title":"ETK networks - NewVoice International","robots":{"index":"index","follow":"follow","max-snippet":"max-snippet:-1","max-image-preview":"max-image-preview:large","max-video-preview":"max-video-preview:-1"},"canonical":"https:\/\/newvoiceinternational.com\/de\/etk-networks\/","og_locale":"de_DE","og_type":"article","og_title":"ETK networks - NewVoice International","og_description":"ETK networks ist ein seit \u00fcber 30 Jahren t\u00e4tiger IT-\/TK-Infrastrukturdienstleister mit Hauptsitz in Dornach bei M\u00fcnchen. Unsere Expertise liegt in der Systemintegration von Business-L\u00f6sungen. Mehr als 70 Mitarbeiter sorgen bei unseren Kunden im Gro\u00df- und Mittelstand f\u00fcr funktionierende \u201eKommunikationsnerven\u201c \u2013 im Bereich der Datennetze, Telefonsysteme, Contact-Center, Alarmierung und Applikationen. Neben der Zentrale in Dornach ist [&hellip;]","og_url":"https:\/\/newvoiceinternational.com\/de\/etk-networks\/","og_site_name":"NewVoice International","article_modified_time":"2023-07-05T12:19:12+00:00","og_image":[{"url":"https:\/\/newvoiceinternational.com\/wp-content\/uploads\/2023\/07\/ETK_Logo_RGB_941x519-768x424.png","type":"","width":"","height":""}],"twitter_card":"summary_large_image","twitter_misc":{"Gesch\u00e4tzte Lesezeit":"1\u00a0Minute"},"schema":{"@context":"https:\/\/schema.org","@graph":[{"@type":"WebPage","@id":"https:\/\/newvoiceinternational.com\/de\/etk-networks\/","url":"https:\/\/newvoiceinternational.com\/de\/etk-networks\/","name":"ETK networks - NewVoice International","isPartOf":{"@id":"https:\/\/newvoiceinternational.com\/de\/#website"},"primaryImageOfPage":{"@id":"https:\/\/newvoiceinternational.com\/de\/etk-networks\/#primaryimage"},"image":{"@id":"https:\/\/newvoiceinternational.com\/de\/etk-networks\/#primaryimage"},"thumbnailUrl":"https:\/\/newvoiceinternational.com\/wp-content\/uploads\/2023\/07\/ETK_Logo_RGB_941x519-768x424.png","datePublished":"2023-07-04T12:25:17+00:00","dateModified":"2023-07-05T12:19:12+00:00","breadcrumb":{"@id":"https:\/\/newvoiceinternational.com\/de\/etk-networks\/#breadcrumb"},"inLanguage":"de","potentialAction":[{"@type":"ReadAction","target":["https:\/\/newvoiceinternational.com\/de\/etk-networks\/"]}]},{"@type":"ImageObject","inLanguage":"de","@id":"https:\/\/newvoiceinternational.com\/de\/etk-networks\/#primaryimage","url":"https:\/\/newvoiceinternational.com\/wp-content\/uploads\/2023\/07\/ETK_Logo_RGB_941x519-768x424.png","contentUrl":"https:\/\/newvoiceinternational.com\/wp-content\/uploads\/2023\/07\/ETK_Logo_RGB_941x519-768x424.png"},{"@type":"BreadcrumbList","@id":"https:\/\/newvoiceinternational.com\/de\/etk-networks\/#breadcrumb","itemListElement":[{"@type":"ListItem","position":1,"name":"Home","item":"https:\/\/newvoiceinternational.com\/de\/"},{"@type":"ListItem","position":2,"name":"ETK networks"}]},{"@type":"WebSite","@id":"https:\/\/newvoiceinternational.com\/de\/#website","url":"https:\/\/newvoiceinternational.com\/de\/","name":"NewVoice International","description":"","publisher":{"@id":"https:\/\/newvoiceinternational.com\/de\/#organization"},"potentialAction":[{"@type":"SearchAction","target":{"@type":"EntryPoint","urlTemplate":"https:\/\/newvoiceinternational.com\/de\/?s={search_term_string}"},"query-input":{"@type":"PropertyValueSpecification","valueRequired":true,"valueName":"search_term_string"}}],"inLanguage":"de"},{"@type":"Organization","@id":"https:\/\/newvoiceinternational.com\/de\/#organization","name":"NewVoice International","url":"https:\/\/newvoiceinternational.com\/de\/","logo":{"@type":"ImageObject","inLanguage":"de","@id":"https:\/\/newvoiceinternational.com\/de\/#\/schema\/logo\/image\/","url":"https:\/\/newvoiceinternational.com\/wp-content\/uploads\/2022\/06\/NV_Logo_RGB.png","contentUrl":"https:\/\/newvoiceinternational.com\/wp-content\/uploads\/2022\/06\/NV_Logo_RGB.png","width":1200,"height":315,"caption":"NewVoice International"},"image":{"@id":"https:\/\/newvoiceinternational.com\/de\/#\/schema\/logo\/image\/"}}]}},"_links":{"self":[{"href":"https:\/\/newvoiceinternational.com\/de\/wp-json\/wp\/v2\/pages\/28313","targetHints":{"allow":["GET"]}}],"collection":[{"href":"https:\/\/newvoiceinternational.com\/de\/wp-json\/wp\/v2\/pages"}],"about":[{"href":"https:\/\/newvoiceinternational.com\/de\/wp-json\/wp\/v2\/types\/page"}],"author":[{"embeddable":true,"href":"https:\/\/newvoiceinternational.com\/de\/wp-json\/wp\/v2\/users\/5"}],"replies":[{"embeddable":true,"href":"https:\/\/newvoiceinternational.com\/de\/wp-json\/wp\/v2\/comments?post=28313"}],"version-history":[{"count":0,"href":"https:\/\/newvoiceinternational.com\/de\/wp-json\/wp\/v2\/pages\/28313\/revisions"}],"wp:attachment":[{"href":"https:\/\/newvoiceinternational.com\/de\/wp-json\/wp\/v2\/media?parent=28313"}],"curies":[{"name":"wp","href":"https:\/\/api.w.org\/{rel}","templated":true}]}}