{"id":28278,"date":"2023-07-04T12:41:29","date_gmt":"2023-07-04T11:41:29","guid":{"rendered":"https:\/\/newvoiceinternational.com\/et-nuber\/"},"modified":"2023-07-04T13:18:58","modified_gmt":"2023-07-04T12:18:58","slug":"et-nuber","status":"publish","type":"page","link":"https:\/\/newvoiceinternational.com\/de\/et-nuber\/","title":{"rendered":"ET Nuber"},"content":{"rendered":"\t\t<div data-elementor-type=\"wp-page\" data-elementor-id=\"28278\" class=\"elementor elementor-28278 elementor-28270\" data-elementor-post-type=\"page\">\n\t\t\t\t\t\t<section class=\"elementor-section elementor-top-section elementor-element elementor-element-cfdd1dd elementor-section-boxed elementor-section-height-default elementor-section-height-default\" data-id=\"cfdd1dd\" data-element_type=\"section\" data-e-type=\"section\">\n\t\t\t\t\t\t<div class=\"elementor-container elementor-column-gap-default\">\n\t\t\t\t\t<div class=\"elementor-column elementor-col-100 elementor-top-column elementor-element elementor-element-f82a605\" data-id=\"f82a605\" data-element_type=\"column\" data-e-type=\"column\">\n\t\t\t<div class=\"elementor-widget-wrap elementor-element-populated\">\n\t\t\t\t\t\t<div class=\"elementor-element elementor-element-b7e1b3e elementor-widget elementor-widget-image\" data-id=\"b7e1b3e\" data-element_type=\"widget\" data-e-type=\"widget\" data-widget_type=\"image.default\">\n\t\t\t\t<div class=\"elementor-widget-container\">\n\t\t\t\t\t\t\t\t\t\t\t\t\t\t\t\t<a href=\"https:\/\/www.et-nuber.de\/\">\n\t\t\t\t\t\t\t<img fetchpriority=\"high\" decoding=\"async\" width=\"580\" height=\"268\" src=\"https:\/\/newvoiceinternational.com\/wp-content\/uploads\/2023\/07\/ET-Nuber-Logo_20171016.jpg\" class=\"attachment-medium_large size-medium_large wp-image-28274\" alt=\"\" srcset=\"https:\/\/newvoiceinternational.com\/wp-content\/uploads\/2023\/07\/ET-Nuber-Logo_20171016.jpg 591w, https:\/\/newvoiceinternational.com\/wp-content\/uploads\/2023\/07\/ET-Nuber-Logo_20171016-300x139.jpg 300w\" sizes=\"(max-width: 580px) 100vw, 580px\" \/>\t\t\t\t\t\t\t\t<\/a>\n\t\t\t\t\t\t\t\t\t\t\t\t\t\t\t<\/div>\n\t\t\t\t<\/div>\n\t\t\t\t<div class=\"elementor-element elementor-element-875297b elementor-widget elementor-widget-text-editor\" data-id=\"875297b\" data-element_type=\"widget\" data-e-type=\"widget\" data-widget_type=\"text-editor.default\">\n\t\t\t\t<div class=\"elementor-widget-container\">\n\t\t\t\t\t\t\t\t\t<p>Seit 1990 steht unser Name f\u00fcr weitreichende Projekterfahrung, hohe Fachkompetenz, zufriedene Kunden, treue Lieferanten und gute Gesch\u00e4ftsbeziehungen. Das Leistungsspektrum der Elektrotechnik Nuber GmbH wurde systematisch erweitert, um f\u00fcr die Anforderungen der Zukunft ger\u00fcstet zu sein. Neben der Sicherheits- und Automatisierungstechnik bilden professionelle Kommunikationsl\u00f6sungen einen weiteren Schwerpunkt im Leistungsspektrum. Hohe Qualit\u00e4tsanspr\u00fcche an die eingesetzen Komponenten und Materialien begleiten unsere Arbeitsprozesse.<\/p><p>Erfahren Sie Mehr: <a href=\"https:\/\/www.et-nuber.de\/\">https:\/\/www.et-nuber.de\/<\/a><\/p>\t\t\t\t\t\t\t\t<\/div>\n\t\t\t\t<\/div>\n\t\t\t\t\t<\/div>\n\t\t<\/div>\n\t\t\t\t\t<\/div>\n\t\t<\/section>\n\t\t\t\t<\/div>\n\t\t","protected":false},"excerpt":{"rendered":"<p>Seit 1990 steht unser Name f\u00fcr weitreichende Projekterfahrung, hohe Fachkompetenz, zufriedene Kunden, treue Lieferanten und gute Gesch\u00e4ftsbeziehungen. Das Leistungsspektrum der Elektrotechnik Nuber GmbH wurde systematisch erweitert, um f\u00fcr die Anforderungen der Zukunft ger\u00fcstet zu sein. Neben der Sicherheits- und Automatisierungstechnik bilden professionelle Kommunikationsl\u00f6sungen einen weiteren Schwerpunkt im Leistungsspektrum. Hohe Qualit\u00e4tsanspr\u00fcche an die eingesetzen Komponenten und [&hellip;]<\/p>\n","protected":false},"author":5,"featured_media":0,"parent":0,"menu_order":0,"comment_status":"closed","ping_status":"closed","template":"elementor_header_footer","meta":{"_eb_attr":"","inline_featured_image":false,"footnotes":""},"class_list":["post-28278","page","type-page","status-publish","hentry"],"acf":[],"yoast_head":"<!-- This site is optimized with the Yoast SEO plugin v27.4 - https:\/\/yoast.com\/product\/yoast-seo-wordpress\/ -->\n<title>ET Nuber - NewVoice International<\/title>\n<meta name=\"robots\" content=\"index, follow, max-snippet:-1, max-image-preview:large, max-video-preview:-1\" \/>\n<link rel=\"canonical\" href=\"https:\/\/newvoiceinternational.com\/de\/et-nuber\/\" \/>\n<meta property=\"og:locale\" content=\"de_DE\" \/>\n<meta property=\"og:type\" content=\"article\" \/>\n<meta property=\"og:title\" content=\"ET Nuber - NewVoice International\" \/>\n<meta property=\"og:description\" content=\"Seit 1990 steht unser Name f\u00fcr weitreichende Projekterfahrung, hohe Fachkompetenz, zufriedene Kunden, treue Lieferanten und gute Gesch\u00e4ftsbeziehungen. Das Leistungsspektrum der Elektrotechnik Nuber GmbH wurde systematisch erweitert, um f\u00fcr die Anforderungen der Zukunft ger\u00fcstet zu sein. Neben der Sicherheits- und Automatisierungstechnik bilden professionelle Kommunikationsl\u00f6sungen einen weiteren Schwerpunkt im Leistungsspektrum. Hohe Qualit\u00e4tsanspr\u00fcche an die eingesetzen Komponenten und [&hellip;]\" \/>\n<meta property=\"og:url\" content=\"https:\/\/newvoiceinternational.com\/de\/et-nuber\/\" \/>\n<meta property=\"og:site_name\" content=\"NewVoice International\" \/>\n<meta property=\"article:modified_time\" content=\"2023-07-04T12:18:58+00:00\" \/>\n<meta property=\"og:image\" content=\"https:\/\/newvoiceinternational.com\/wp-content\/uploads\/2023\/07\/ET-Nuber-Logo_20171016.jpg\" \/>\n<meta name=\"twitter:card\" content=\"summary_large_image\" \/>\n<meta name=\"twitter:label1\" content=\"Gesch\u00e4tzte Lesezeit\" \/>\n\t<meta name=\"twitter:data1\" content=\"1\u00a0Minute\" \/>\n<script type=\"application\/ld+json\" class=\"yoast-schema-graph\">{\"@context\":\"https:\\\/\\\/schema.org\",\"@graph\":[{\"@type\":\"WebPage\",\"@id\":\"https:\\\/\\\/newvoiceinternational.com\\\/de\\\/et-nuber\\\/\",\"url\":\"https:\\\/\\\/newvoiceinternational.com\\\/de\\\/et-nuber\\\/\",\"name\":\"ET Nuber - NewVoice International\",\"isPartOf\":{\"@id\":\"https:\\\/\\\/newvoiceinternational.com\\\/de\\\/#website\"},\"primaryImageOfPage\":{\"@id\":\"https:\\\/\\\/newvoiceinternational.com\\\/de\\\/et-nuber\\\/#primaryimage\"},\"image\":{\"@id\":\"https:\\\/\\\/newvoiceinternational.com\\\/de\\\/et-nuber\\\/#primaryimage\"},\"thumbnailUrl\":\"https:\\\/\\\/newvoiceinternational.com\\\/wp-content\\\/uploads\\\/2023\\\/07\\\/ET-Nuber-Logo_20171016.jpg\",\"datePublished\":\"2023-07-04T11:41:29+00:00\",\"dateModified\":\"2023-07-04T12:18:58+00:00\",\"breadcrumb\":{\"@id\":\"https:\\\/\\\/newvoiceinternational.com\\\/de\\\/et-nuber\\\/#breadcrumb\"},\"inLanguage\":\"de\",\"potentialAction\":[{\"@type\":\"ReadAction\",\"target\":[\"https:\\\/\\\/newvoiceinternational.com\\\/de\\\/et-nuber\\\/\"]}]},{\"@type\":\"ImageObject\",\"inLanguage\":\"de\",\"@id\":\"https:\\\/\\\/newvoiceinternational.com\\\/de\\\/et-nuber\\\/#primaryimage\",\"url\":\"https:\\\/\\\/newvoiceinternational.com\\\/wp-content\\\/uploads\\\/2023\\\/07\\\/ET-Nuber-Logo_20171016.jpg\",\"contentUrl\":\"https:\\\/\\\/newvoiceinternational.com\\\/wp-content\\\/uploads\\\/2023\\\/07\\\/ET-Nuber-Logo_20171016.jpg\"},{\"@type\":\"BreadcrumbList\",\"@id\":\"https:\\\/\\\/newvoiceinternational.com\\\/de\\\/et-nuber\\\/#breadcrumb\",\"itemListElement\":[{\"@type\":\"ListItem\",\"position\":1,\"name\":\"Home\",\"item\":\"https:\\\/\\\/newvoiceinternational.com\\\/de\\\/\"},{\"@type\":\"ListItem\",\"position\":2,\"name\":\"ET Nuber\"}]},{\"@type\":\"WebSite\",\"@id\":\"https:\\\/\\\/newvoiceinternational.com\\\/de\\\/#website\",\"url\":\"https:\\\/\\\/newvoiceinternational.com\\\/de\\\/\",\"name\":\"NewVoice International\",\"description\":\"\",\"publisher\":{\"@id\":\"https:\\\/\\\/newvoiceinternational.com\\\/de\\\/#organization\"},\"potentialAction\":[{\"@type\":\"SearchAction\",\"target\":{\"@type\":\"EntryPoint\",\"urlTemplate\":\"https:\\\/\\\/newvoiceinternational.com\\\/de\\\/?s={search_term_string}\"},\"query-input\":{\"@type\":\"PropertyValueSpecification\",\"valueRequired\":true,\"valueName\":\"search_term_string\"}}],\"inLanguage\":\"de\"},{\"@type\":\"Organization\",\"@id\":\"https:\\\/\\\/newvoiceinternational.com\\\/de\\\/#organization\",\"name\":\"NewVoice International\",\"url\":\"https:\\\/\\\/newvoiceinternational.com\\\/de\\\/\",\"logo\":{\"@type\":\"ImageObject\",\"inLanguage\":\"de\",\"@id\":\"https:\\\/\\\/newvoiceinternational.com\\\/de\\\/#\\\/schema\\\/logo\\\/image\\\/\",\"url\":\"https:\\\/\\\/newvoiceinternational.com\\\/wp-content\\\/uploads\\\/2022\\\/06\\\/NV_Logo_RGB.png\",\"contentUrl\":\"https:\\\/\\\/newvoiceinternational.com\\\/wp-content\\\/uploads\\\/2022\\\/06\\\/NV_Logo_RGB.png\",\"width\":1200,\"height\":315,\"caption\":\"NewVoice International\"},\"image\":{\"@id\":\"https:\\\/\\\/newvoiceinternational.com\\\/de\\\/#\\\/schema\\\/logo\\\/image\\\/\"}}]}<\/script>\n<!-- \/ Yoast SEO plugin. -->","yoast_head_json":{"title":"ET Nuber - NewVoice International","robots":{"index":"index","follow":"follow","max-snippet":"max-snippet:-1","max-image-preview":"max-image-preview:large","max-video-preview":"max-video-preview:-1"},"canonical":"https:\/\/newvoiceinternational.com\/de\/et-nuber\/","og_locale":"de_DE","og_type":"article","og_title":"ET Nuber - NewVoice International","og_description":"Seit 1990 steht unser Name f\u00fcr weitreichende Projekterfahrung, hohe Fachkompetenz, zufriedene Kunden, treue Lieferanten und gute Gesch\u00e4ftsbeziehungen. Das Leistungsspektrum der Elektrotechnik Nuber GmbH wurde systematisch erweitert, um f\u00fcr die Anforderungen der Zukunft ger\u00fcstet zu sein. Neben der Sicherheits- und Automatisierungstechnik bilden professionelle Kommunikationsl\u00f6sungen einen weiteren Schwerpunkt im Leistungsspektrum. Hohe Qualit\u00e4tsanspr\u00fcche an die eingesetzen Komponenten und [&hellip;]","og_url":"https:\/\/newvoiceinternational.com\/de\/et-nuber\/","og_site_name":"NewVoice International","article_modified_time":"2023-07-04T12:18:58+00:00","og_image":[{"url":"https:\/\/newvoiceinternational.com\/wp-content\/uploads\/2023\/07\/ET-Nuber-Logo_20171016.jpg","type":"","width":"","height":""}],"twitter_card":"summary_large_image","twitter_misc":{"Gesch\u00e4tzte Lesezeit":"1\u00a0Minute"},"schema":{"@context":"https:\/\/schema.org","@graph":[{"@type":"WebPage","@id":"https:\/\/newvoiceinternational.com\/de\/et-nuber\/","url":"https:\/\/newvoiceinternational.com\/de\/et-nuber\/","name":"ET Nuber - NewVoice International","isPartOf":{"@id":"https:\/\/newvoiceinternational.com\/de\/#website"},"primaryImageOfPage":{"@id":"https:\/\/newvoiceinternational.com\/de\/et-nuber\/#primaryimage"},"image":{"@id":"https:\/\/newvoiceinternational.com\/de\/et-nuber\/#primaryimage"},"thumbnailUrl":"https:\/\/newvoiceinternational.com\/wp-content\/uploads\/2023\/07\/ET-Nuber-Logo_20171016.jpg","datePublished":"2023-07-04T11:41:29+00:00","dateModified":"2023-07-04T12:18:58+00:00","breadcrumb":{"@id":"https:\/\/newvoiceinternational.com\/de\/et-nuber\/#breadcrumb"},"inLanguage":"de","potentialAction":[{"@type":"ReadAction","target":["https:\/\/newvoiceinternational.com\/de\/et-nuber\/"]}]},{"@type":"ImageObject","inLanguage":"de","@id":"https:\/\/newvoiceinternational.com\/de\/et-nuber\/#primaryimage","url":"https:\/\/newvoiceinternational.com\/wp-content\/uploads\/2023\/07\/ET-Nuber-Logo_20171016.jpg","contentUrl":"https:\/\/newvoiceinternational.com\/wp-content\/uploads\/2023\/07\/ET-Nuber-Logo_20171016.jpg"},{"@type":"BreadcrumbList","@id":"https:\/\/newvoiceinternational.com\/de\/et-nuber\/#breadcrumb","itemListElement":[{"@type":"ListItem","position":1,"name":"Home","item":"https:\/\/newvoiceinternational.com\/de\/"},{"@type":"ListItem","position":2,"name":"ET Nuber"}]},{"@type":"WebSite","@id":"https:\/\/newvoiceinternational.com\/de\/#website","url":"https:\/\/newvoiceinternational.com\/de\/","name":"NewVoice International","description":"","publisher":{"@id":"https:\/\/newvoiceinternational.com\/de\/#organization"},"potentialAction":[{"@type":"SearchAction","target":{"@type":"EntryPoint","urlTemplate":"https:\/\/newvoiceinternational.com\/de\/?s={search_term_string}"},"query-input":{"@type":"PropertyValueSpecification","valueRequired":true,"valueName":"search_term_string"}}],"inLanguage":"de"},{"@type":"Organization","@id":"https:\/\/newvoiceinternational.com\/de\/#organization","name":"NewVoice International","url":"https:\/\/newvoiceinternational.com\/de\/","logo":{"@type":"ImageObject","inLanguage":"de","@id":"https:\/\/newvoiceinternational.com\/de\/#\/schema\/logo\/image\/","url":"https:\/\/newvoiceinternational.com\/wp-content\/uploads\/2022\/06\/NV_Logo_RGB.png","contentUrl":"https:\/\/newvoiceinternational.com\/wp-content\/uploads\/2022\/06\/NV_Logo_RGB.png","width":1200,"height":315,"caption":"NewVoice International"},"image":{"@id":"https:\/\/newvoiceinternational.com\/de\/#\/schema\/logo\/image\/"}}]}},"_links":{"self":[{"href":"https:\/\/newvoiceinternational.com\/de\/wp-json\/wp\/v2\/pages\/28278","targetHints":{"allow":["GET"]}}],"collection":[{"href":"https:\/\/newvoiceinternational.com\/de\/wp-json\/wp\/v2\/pages"}],"about":[{"href":"https:\/\/newvoiceinternational.com\/de\/wp-json\/wp\/v2\/types\/page"}],"author":[{"embeddable":true,"href":"https:\/\/newvoiceinternational.com\/de\/wp-json\/wp\/v2\/users\/5"}],"replies":[{"embeddable":true,"href":"https:\/\/newvoiceinternational.com\/de\/wp-json\/wp\/v2\/comments?post=28278"}],"version-history":[{"count":0,"href":"https:\/\/newvoiceinternational.com\/de\/wp-json\/wp\/v2\/pages\/28278\/revisions"}],"wp:attachment":[{"href":"https:\/\/newvoiceinternational.com\/de\/wp-json\/wp\/v2\/media?parent=28278"}],"curies":[{"name":"wp","href":"https:\/\/api.w.org\/{rel}","templated":true}]}}