{"id":28222,"date":"2023-07-04T11:14:01","date_gmt":"2023-07-04T10:14:01","guid":{"rendered":"https:\/\/newvoiceinternational.com\/dunkelberg-systemhaus-gmbh\/"},"modified":"2023-07-06T08:51:39","modified_gmt":"2023-07-06T07:51:39","slug":"dunkelberg-systemhaus-gmbh","status":"publish","type":"page","link":"https:\/\/newvoiceinternational.com\/de\/dunkelberg-systemhaus-gmbh\/","title":{"rendered":"Dunkelberg Systemhaus GmbH"},"content":{"rendered":"\t\t<div data-elementor-type=\"wp-page\" data-elementor-id=\"28222\" class=\"elementor elementor-28222 elementor-28211\" data-elementor-post-type=\"page\">\n\t\t\t\t\t\t<section class=\"elementor-section elementor-top-section elementor-element elementor-element-e7502fe elementor-section-boxed elementor-section-height-default elementor-section-height-default\" data-id=\"e7502fe\" data-element_type=\"section\" data-e-type=\"section\">\n\t\t\t\t\t\t<div class=\"elementor-container elementor-column-gap-default\">\n\t\t\t\t\t<div class=\"elementor-column elementor-col-100 elementor-top-column elementor-element elementor-element-04af383\" data-id=\"04af383\" data-element_type=\"column\" data-e-type=\"column\">\n\t\t\t<div class=\"elementor-widget-wrap elementor-element-populated\">\n\t\t\t\t\t\t<div class=\"elementor-element elementor-element-b7e1b3e elementor-widget elementor-widget-image\" data-id=\"b7e1b3e\" data-element_type=\"widget\" data-e-type=\"widget\" data-widget_type=\"image.default\">\n\t\t\t\t<div class=\"elementor-widget-container\">\n\t\t\t\t\t\t\t\t\t\t\t\t\t\t\t\t<a href=\"https:\/\/dunkelberg.de\/alarmserver\">\n\t\t\t\t\t\t\t<img fetchpriority=\"high\" decoding=\"async\" width=\"580\" height=\"168\" src=\"https:\/\/newvoiceinternational.com\/wp-content\/uploads\/2023\/07\/Logo_farbig_RGB-3-768x223.jpg\" class=\"attachment-medium_large size-medium_large wp-image-28231\" alt=\"\" srcset=\"https:\/\/newvoiceinternational.com\/wp-content\/uploads\/2023\/07\/Logo_farbig_RGB-3-768x223.jpg 768w, https:\/\/newvoiceinternational.com\/wp-content\/uploads\/2023\/07\/Logo_farbig_RGB-3-300x87.jpg 300w, https:\/\/newvoiceinternational.com\/wp-content\/uploads\/2023\/07\/Logo_farbig_RGB-3-1024x297.jpg 1024w, https:\/\/newvoiceinternational.com\/wp-content\/uploads\/2023\/07\/Logo_farbig_RGB-3-1536x446.jpg 1536w, https:\/\/newvoiceinternational.com\/wp-content\/uploads\/2023\/07\/Logo_farbig_RGB-3-2048x595.jpg 2048w, https:\/\/newvoiceinternational.com\/wp-content\/uploads\/2023\/07\/Logo_farbig_RGB-3-1200x349.jpg 1200w, https:\/\/newvoiceinternational.com\/wp-content\/uploads\/2023\/07\/Logo_farbig_RGB-3-1980x575.jpg 1980w\" sizes=\"(max-width: 580px) 100vw, 580px\" \/>\t\t\t\t\t\t\t\t<\/a>\n\t\t\t\t\t\t\t\t\t\t\t\t\t\t\t<\/div>\n\t\t\t\t<\/div>\n\t\t\t\t\t<\/div>\n\t\t<\/div>\n\t\t\t\t\t<\/div>\n\t\t<\/section>\n\t\t\t\t<section class=\"elementor-section elementor-top-section elementor-element elementor-element-cfdd1dd elementor-section-boxed elementor-section-height-default elementor-section-height-default\" data-id=\"cfdd1dd\" data-element_type=\"section\" data-e-type=\"section\">\n\t\t\t\t\t\t<div class=\"elementor-container elementor-column-gap-default\">\n\t\t\t\t\t<div class=\"elementor-column elementor-col-100 elementor-top-column elementor-element elementor-element-f82a605\" data-id=\"f82a605\" data-element_type=\"column\" data-e-type=\"column\">\n\t\t\t<div class=\"elementor-widget-wrap elementor-element-populated\">\n\t\t\t\t\t\t<div class=\"elementor-element elementor-element-875297b elementor-widget elementor-widget-text-editor\" data-id=\"875297b\" data-element_type=\"widget\" data-e-type=\"widget\" data-widget_type=\"text-editor.default\">\n\t\t\t\t<div class=\"elementor-widget-container\">\n\t\t\t\t\t\t\t\t\t<p>Die Firma Dunkelberg Systemhaus GmbH ist ein mittelst\u00e4ndisches Inhaber gef\u00fchrtes Systemhaus seit 1935 in Pforzheim. Die Firma Dunkelberg Systemhaus GmbH ber\u00e4t, liefert, montiert und bietet den Service f\u00fcr innovative L\u00f6sungen, insbesondere f\u00fcr den kompletten Kommunikationsbedarf. Die Kern-Kompetenz liegt im Bereich Telekommunikation, Netzwerktechnik und Sicherheitstechnik, was in mehreren Produkten und L\u00f6sungen zum Einsatz kommt.<\/p>\n<p>Viele der hochqualifizierten Mitarbeiter haben langj\u00e4hrige Erfahrung in den Kompetenzfeldern der Firma Dunkelberg Systemhaus GmbH und sind entsprechend schon lange dabei.<\/p>\n<p>Die Firma Dunkelberg Systemhaus GmbH adressiert mit Ihren L\u00f6sungen kleine und mittelst\u00e4ndige Kunden, die \u00fcber einen pers\u00f6nlichen Kontakt bedient werden. Insbesondere bei Kunden mit entsprechend umfangreichen Installationen haben wir stabile L\u00f6sungen anzubieten. Die Firma Dunkelberg Systemhaus GmbH hat sich das daf\u00fcr notwendige Know-how im Telekommunikationsmarkt in Jahrzehnten erworben.<\/p>\n<p><span style=\"color: var( --e-global-color-text ); font-family: var( --e-global-typography-text-font-family ), Sans-serif; font-size: var( --e-global-typography-text-font-size ); font-style: var( --e-global-typography-text-font-style ); font-weight: var( --e-global-typography-text-font-weight ); letter-spacing: var( --e-global-typography-text-letter-spacing ); text-transform: var( --e-global-typography-text-text-transform );\">Erfahren Sie mehr<\/span>: <a href=\"https:\/\/dunkelberg.de\/alarmserver\"><span lang=\"EN-US\">https:\/\/dunkelberg.de\/alarmserver<\/span><\/a><\/p><p><br><\/p>\t\t\t\t\t\t\t\t<\/div>\n\t\t\t\t<\/div>\n\t\t\t\t\t<\/div>\n\t\t<\/div>\n\t\t\t\t\t<\/div>\n\t\t<\/section>\n\t\t\t\t<\/div>\n\t\t","protected":false},"excerpt":{"rendered":"<p>Die Firma Dunkelberg Systemhaus GmbH ist ein mittelst\u00e4ndisches Inhaber gef\u00fchrtes Systemhaus seit 1935 in Pforzheim. Die Firma Dunkelberg Systemhaus GmbH ber\u00e4t, liefert, montiert und bietet den Service f\u00fcr innovative L\u00f6sungen, insbesondere f\u00fcr den kompletten Kommunikationsbedarf. Die Kern-Kompetenz liegt im Bereich Telekommunikation, Netzwerktechnik und Sicherheitstechnik, was in mehreren Produkten und L\u00f6sungen zum Einsatz kommt. Viele der [&hellip;]<\/p>\n","protected":false},"author":5,"featured_media":0,"parent":0,"menu_order":0,"comment_status":"closed","ping_status":"closed","template":"elementor_header_footer","meta":{"_eb_attr":"","inline_featured_image":false,"footnotes":""},"class_list":["post-28222","page","type-page","status-publish","hentry"],"acf":[],"yoast_head":"<!-- This site is optimized with the Yoast SEO plugin v27.3 - https:\/\/yoast.com\/product\/yoast-seo-wordpress\/ -->\n<title>Dunkelberg Systemhaus GmbH - NewVoice International<\/title>\n<meta name=\"robots\" content=\"index, follow, max-snippet:-1, max-image-preview:large, max-video-preview:-1\" \/>\n<link rel=\"canonical\" href=\"https:\/\/newvoiceinternational.com\/de\/dunkelberg-systemhaus-gmbh\/\" \/>\n<meta property=\"og:locale\" content=\"de_DE\" \/>\n<meta property=\"og:type\" content=\"article\" \/>\n<meta property=\"og:title\" content=\"Dunkelberg Systemhaus GmbH - NewVoice International\" \/>\n<meta property=\"og:description\" content=\"Die Firma Dunkelberg Systemhaus GmbH ist ein mittelst\u00e4ndisches Inhaber gef\u00fchrtes Systemhaus seit 1935 in Pforzheim. Die Firma Dunkelberg Systemhaus GmbH ber\u00e4t, liefert, montiert und bietet den Service f\u00fcr innovative L\u00f6sungen, insbesondere f\u00fcr den kompletten Kommunikationsbedarf. Die Kern-Kompetenz liegt im Bereich Telekommunikation, Netzwerktechnik und Sicherheitstechnik, was in mehreren Produkten und L\u00f6sungen zum Einsatz kommt. Viele der [&hellip;]\" \/>\n<meta property=\"og:url\" content=\"https:\/\/newvoiceinternational.com\/de\/dunkelberg-systemhaus-gmbh\/\" \/>\n<meta property=\"og:site_name\" content=\"NewVoice International\" \/>\n<meta property=\"article:modified_time\" content=\"2023-07-06T07:51:39+00:00\" \/>\n<meta property=\"og:image\" content=\"https:\/\/newvoiceinternational.com\/wp-content\/uploads\/2023\/07\/Logo_farbig_RGB-3-768x223.jpg\" \/>\n<meta name=\"twitter:card\" content=\"summary_large_image\" \/>\n<meta name=\"twitter:label1\" content=\"Gesch\u00e4tzte Lesezeit\" \/>\n\t<meta name=\"twitter:data1\" content=\"1\u00a0Minute\" \/>\n<script type=\"application\/ld+json\" class=\"yoast-schema-graph\">{\"@context\":\"https:\\\/\\\/schema.org\",\"@graph\":[{\"@type\":\"WebPage\",\"@id\":\"https:\\\/\\\/newvoiceinternational.com\\\/de\\\/dunkelberg-systemhaus-gmbh\\\/\",\"url\":\"https:\\\/\\\/newvoiceinternational.com\\\/de\\\/dunkelberg-systemhaus-gmbh\\\/\",\"name\":\"Dunkelberg Systemhaus GmbH - NewVoice International\",\"isPartOf\":{\"@id\":\"https:\\\/\\\/newvoiceinternational.com\\\/de\\\/#website\"},\"primaryImageOfPage\":{\"@id\":\"https:\\\/\\\/newvoiceinternational.com\\\/de\\\/dunkelberg-systemhaus-gmbh\\\/#primaryimage\"},\"image\":{\"@id\":\"https:\\\/\\\/newvoiceinternational.com\\\/de\\\/dunkelberg-systemhaus-gmbh\\\/#primaryimage\"},\"thumbnailUrl\":\"https:\\\/\\\/newvoiceinternational.com\\\/wp-content\\\/uploads\\\/2023\\\/07\\\/Logo_farbig_RGB-3-768x223.jpg\",\"datePublished\":\"2023-07-04T10:14:01+00:00\",\"dateModified\":\"2023-07-06T07:51:39+00:00\",\"breadcrumb\":{\"@id\":\"https:\\\/\\\/newvoiceinternational.com\\\/de\\\/dunkelberg-systemhaus-gmbh\\\/#breadcrumb\"},\"inLanguage\":\"de\",\"potentialAction\":[{\"@type\":\"ReadAction\",\"target\":[\"https:\\\/\\\/newvoiceinternational.com\\\/de\\\/dunkelberg-systemhaus-gmbh\\\/\"]}]},{\"@type\":\"ImageObject\",\"inLanguage\":\"de\",\"@id\":\"https:\\\/\\\/newvoiceinternational.com\\\/de\\\/dunkelberg-systemhaus-gmbh\\\/#primaryimage\",\"url\":\"https:\\\/\\\/newvoiceinternational.com\\\/wp-content\\\/uploads\\\/2023\\\/07\\\/Logo_farbig_RGB-3-768x223.jpg\",\"contentUrl\":\"https:\\\/\\\/newvoiceinternational.com\\\/wp-content\\\/uploads\\\/2023\\\/07\\\/Logo_farbig_RGB-3-768x223.jpg\"},{\"@type\":\"BreadcrumbList\",\"@id\":\"https:\\\/\\\/newvoiceinternational.com\\\/de\\\/dunkelberg-systemhaus-gmbh\\\/#breadcrumb\",\"itemListElement\":[{\"@type\":\"ListItem\",\"position\":1,\"name\":\"Home\",\"item\":\"https:\\\/\\\/newvoiceinternational.com\\\/de\\\/\"},{\"@type\":\"ListItem\",\"position\":2,\"name\":\"Dunkelberg Systemhaus GmbH\"}]},{\"@type\":\"WebSite\",\"@id\":\"https:\\\/\\\/newvoiceinternational.com\\\/de\\\/#website\",\"url\":\"https:\\\/\\\/newvoiceinternational.com\\\/de\\\/\",\"name\":\"NewVoice International\",\"description\":\"\",\"publisher\":{\"@id\":\"https:\\\/\\\/newvoiceinternational.com\\\/de\\\/#organization\"},\"potentialAction\":[{\"@type\":\"SearchAction\",\"target\":{\"@type\":\"EntryPoint\",\"urlTemplate\":\"https:\\\/\\\/newvoiceinternational.com\\\/de\\\/?s={search_term_string}\"},\"query-input\":{\"@type\":\"PropertyValueSpecification\",\"valueRequired\":true,\"valueName\":\"search_term_string\"}}],\"inLanguage\":\"de\"},{\"@type\":\"Organization\",\"@id\":\"https:\\\/\\\/newvoiceinternational.com\\\/de\\\/#organization\",\"name\":\"NewVoice International\",\"url\":\"https:\\\/\\\/newvoiceinternational.com\\\/de\\\/\",\"logo\":{\"@type\":\"ImageObject\",\"inLanguage\":\"de\",\"@id\":\"https:\\\/\\\/newvoiceinternational.com\\\/de\\\/#\\\/schema\\\/logo\\\/image\\\/\",\"url\":\"https:\\\/\\\/newvoiceinternational.com\\\/wp-content\\\/uploads\\\/2022\\\/06\\\/NV_Logo_RGB.png\",\"contentUrl\":\"https:\\\/\\\/newvoiceinternational.com\\\/wp-content\\\/uploads\\\/2022\\\/06\\\/NV_Logo_RGB.png\",\"width\":1200,\"height\":315,\"caption\":\"NewVoice International\"},\"image\":{\"@id\":\"https:\\\/\\\/newvoiceinternational.com\\\/de\\\/#\\\/schema\\\/logo\\\/image\\\/\"}}]}<\/script>\n<!-- \/ Yoast SEO plugin. -->","yoast_head_json":{"title":"Dunkelberg Systemhaus GmbH - NewVoice International","robots":{"index":"index","follow":"follow","max-snippet":"max-snippet:-1","max-image-preview":"max-image-preview:large","max-video-preview":"max-video-preview:-1"},"canonical":"https:\/\/newvoiceinternational.com\/de\/dunkelberg-systemhaus-gmbh\/","og_locale":"de_DE","og_type":"article","og_title":"Dunkelberg Systemhaus GmbH - NewVoice International","og_description":"Die Firma Dunkelberg Systemhaus GmbH ist ein mittelst\u00e4ndisches Inhaber gef\u00fchrtes Systemhaus seit 1935 in Pforzheim. Die Firma Dunkelberg Systemhaus GmbH ber\u00e4t, liefert, montiert und bietet den Service f\u00fcr innovative L\u00f6sungen, insbesondere f\u00fcr den kompletten Kommunikationsbedarf. Die Kern-Kompetenz liegt im Bereich Telekommunikation, Netzwerktechnik und Sicherheitstechnik, was in mehreren Produkten und L\u00f6sungen zum Einsatz kommt. Viele der [&hellip;]","og_url":"https:\/\/newvoiceinternational.com\/de\/dunkelberg-systemhaus-gmbh\/","og_site_name":"NewVoice International","article_modified_time":"2023-07-06T07:51:39+00:00","og_image":[{"url":"https:\/\/newvoiceinternational.com\/wp-content\/uploads\/2023\/07\/Logo_farbig_RGB-3-768x223.jpg","type":"","width":"","height":""}],"twitter_card":"summary_large_image","twitter_misc":{"Gesch\u00e4tzte Lesezeit":"1\u00a0Minute"},"schema":{"@context":"https:\/\/schema.org","@graph":[{"@type":"WebPage","@id":"https:\/\/newvoiceinternational.com\/de\/dunkelberg-systemhaus-gmbh\/","url":"https:\/\/newvoiceinternational.com\/de\/dunkelberg-systemhaus-gmbh\/","name":"Dunkelberg Systemhaus GmbH - NewVoice International","isPartOf":{"@id":"https:\/\/newvoiceinternational.com\/de\/#website"},"primaryImageOfPage":{"@id":"https:\/\/newvoiceinternational.com\/de\/dunkelberg-systemhaus-gmbh\/#primaryimage"},"image":{"@id":"https:\/\/newvoiceinternational.com\/de\/dunkelberg-systemhaus-gmbh\/#primaryimage"},"thumbnailUrl":"https:\/\/newvoiceinternational.com\/wp-content\/uploads\/2023\/07\/Logo_farbig_RGB-3-768x223.jpg","datePublished":"2023-07-04T10:14:01+00:00","dateModified":"2023-07-06T07:51:39+00:00","breadcrumb":{"@id":"https:\/\/newvoiceinternational.com\/de\/dunkelberg-systemhaus-gmbh\/#breadcrumb"},"inLanguage":"de","potentialAction":[{"@type":"ReadAction","target":["https:\/\/newvoiceinternational.com\/de\/dunkelberg-systemhaus-gmbh\/"]}]},{"@type":"ImageObject","inLanguage":"de","@id":"https:\/\/newvoiceinternational.com\/de\/dunkelberg-systemhaus-gmbh\/#primaryimage","url":"https:\/\/newvoiceinternational.com\/wp-content\/uploads\/2023\/07\/Logo_farbig_RGB-3-768x223.jpg","contentUrl":"https:\/\/newvoiceinternational.com\/wp-content\/uploads\/2023\/07\/Logo_farbig_RGB-3-768x223.jpg"},{"@type":"BreadcrumbList","@id":"https:\/\/newvoiceinternational.com\/de\/dunkelberg-systemhaus-gmbh\/#breadcrumb","itemListElement":[{"@type":"ListItem","position":1,"name":"Home","item":"https:\/\/newvoiceinternational.com\/de\/"},{"@type":"ListItem","position":2,"name":"Dunkelberg Systemhaus GmbH"}]},{"@type":"WebSite","@id":"https:\/\/newvoiceinternational.com\/de\/#website","url":"https:\/\/newvoiceinternational.com\/de\/","name":"NewVoice International","description":"","publisher":{"@id":"https:\/\/newvoiceinternational.com\/de\/#organization"},"potentialAction":[{"@type":"SearchAction","target":{"@type":"EntryPoint","urlTemplate":"https:\/\/newvoiceinternational.com\/de\/?s={search_term_string}"},"query-input":{"@type":"PropertyValueSpecification","valueRequired":true,"valueName":"search_term_string"}}],"inLanguage":"de"},{"@type":"Organization","@id":"https:\/\/newvoiceinternational.com\/de\/#organization","name":"NewVoice International","url":"https:\/\/newvoiceinternational.com\/de\/","logo":{"@type":"ImageObject","inLanguage":"de","@id":"https:\/\/newvoiceinternational.com\/de\/#\/schema\/logo\/image\/","url":"https:\/\/newvoiceinternational.com\/wp-content\/uploads\/2022\/06\/NV_Logo_RGB.png","contentUrl":"https:\/\/newvoiceinternational.com\/wp-content\/uploads\/2022\/06\/NV_Logo_RGB.png","width":1200,"height":315,"caption":"NewVoice International"},"image":{"@id":"https:\/\/newvoiceinternational.com\/de\/#\/schema\/logo\/image\/"}}]}},"_links":{"self":[{"href":"https:\/\/newvoiceinternational.com\/de\/wp-json\/wp\/v2\/pages\/28222","targetHints":{"allow":["GET"]}}],"collection":[{"href":"https:\/\/newvoiceinternational.com\/de\/wp-json\/wp\/v2\/pages"}],"about":[{"href":"https:\/\/newvoiceinternational.com\/de\/wp-json\/wp\/v2\/types\/page"}],"author":[{"embeddable":true,"href":"https:\/\/newvoiceinternational.com\/de\/wp-json\/wp\/v2\/users\/5"}],"replies":[{"embeddable":true,"href":"https:\/\/newvoiceinternational.com\/de\/wp-json\/wp\/v2\/comments?post=28222"}],"version-history":[{"count":0,"href":"https:\/\/newvoiceinternational.com\/de\/wp-json\/wp\/v2\/pages\/28222\/revisions"}],"wp:attachment":[{"href":"https:\/\/newvoiceinternational.com\/de\/wp-json\/wp\/v2\/media?parent=28222"}],"curies":[{"name":"wp","href":"https:\/\/api.w.org\/{rel}","templated":true}]}}