{"id":28167,"date":"2023-07-04T09:55:27","date_gmt":"2023-07-04T08:55:27","guid":{"rendered":"https:\/\/newvoiceinternational.com\/bfw-kommunikationssysteme-gmbh-2\/"},"modified":"2023-07-06T08:44:28","modified_gmt":"2023-07-06T07:44:28","slug":"bfw-kommunikationssysteme-gmbh-2","status":"publish","type":"page","link":"https:\/\/newvoiceinternational.com\/de\/bfw-kommunikationssysteme-gmbh-2\/","title":{"rendered":"BFW Kommunikationssysteme GmbH"},"content":{"rendered":"\t\t<div data-elementor-type=\"wp-page\" data-elementor-id=\"28167\" class=\"elementor elementor-28167 elementor-28119\" data-elementor-post-type=\"page\">\n\t\t\t\t\t\t<section class=\"elementor-section elementor-top-section elementor-element elementor-element-cfdd1dd elementor-section-boxed elementor-section-height-default elementor-section-height-default\" data-id=\"cfdd1dd\" data-element_type=\"section\" data-e-type=\"section\">\n\t\t\t\t\t\t<div class=\"elementor-container elementor-column-gap-default\">\n\t\t\t\t\t<div class=\"elementor-column elementor-col-100 elementor-top-column elementor-element elementor-element-f82a605\" data-id=\"f82a605\" data-element_type=\"column\" data-e-type=\"column\">\n\t\t\t<div class=\"elementor-widget-wrap elementor-element-populated\">\n\t\t\t\t\t\t<div class=\"elementor-element elementor-element-b7e1b3e elementor-widget elementor-widget-image\" data-id=\"b7e1b3e\" data-element_type=\"widget\" data-e-type=\"widget\" data-widget_type=\"image.default\">\n\t\t\t\t<div class=\"elementor-widget-container\">\n\t\t\t\t\t\t\t\t\t\t\t\t\t\t\t\t<a href=\"http:\/\/www.bfwkom.de\">\n\t\t\t\t\t\t\t<img fetchpriority=\"high\" decoding=\"async\" width=\"580\" height=\"497\" src=\"https:\/\/newvoiceinternational.com\/wp-content\/uploads\/2023\/07\/Logo-BFW.jpg\" class=\"attachment-medium_large size-medium_large wp-image-28118\" alt=\"\" srcset=\"https:\/\/newvoiceinternational.com\/wp-content\/uploads\/2023\/07\/Logo-BFW.jpg 599w, https:\/\/newvoiceinternational.com\/wp-content\/uploads\/2023\/07\/Logo-BFW-300x257.jpg 300w\" sizes=\"(max-width: 580px) 100vw, 580px\" \/>\t\t\t\t\t\t\t\t<\/a>\n\t\t\t\t\t\t\t\t\t\t\t\t\t\t\t<\/div>\n\t\t\t\t<\/div>\n\t\t\t\t<div class=\"elementor-element elementor-element-875297b elementor-widget elementor-widget-text-editor\" data-id=\"875297b\" data-element_type=\"widget\" data-e-type=\"widget\" data-widget_type=\"text-editor.default\">\n\t\t\t\t<div class=\"elementor-widget-container\">\n\t\t\t\t\t\t\t\t\t<p><br>In der heutigen digitalen Welt ist es f\u00fcr Unternehmen und Organisationen unerl\u00e4sslich, \u00fcber eine stabile und individuell angepasste ITK-Struktur zu verf\u00fcgen.<br><\/p>\n<p>Die BFW Kommunikationssysteme GmbH aus Hannover-Langenhagen bietet seit 1994 professionelle L\u00f6sungen in diesem Segment an.&nbsp; Kunden aus Gewerbe und Industrie&nbsp; sowie Beh\u00f6rden werden bei der technischen Projektierung, Einrichtung und Wartung von IT-, Netzwerk- und Kommunikationsstruktur unterst\u00fctzt.<\/p>\n<p>Als inhabergef\u00fchrtes Systemhaus haben wir uns durch jahrelange Erfahrung in diesem Bereich, sowie durch unser umfangreiches Fachwissen, einen Namen gemacht. Mit unseren direkten Ansprechpartnern k\u00f6nnen wir kundenspezifisch beraten \u2013 vom ersten Plan bis hin zur Umsetzung des gesamten Projekts oder dem Betrieb Ihrer Systeme nach erfolgter Installation.<\/p>\n<p>Die L\u00f6sungsvielfalt reicht von On-Premise Installationen \u00fcber Managed Services bis hin zu Cloudsystemen &#8211; je nach Bedarf k\u00f6nnen so unsere Kunden flexibel agieren.<\/p>\n<p>Auch Security-Aspekte spielen hierbei nat\u00fcrlich eine gro\u00dfe Rolle: Firewall-L\u00f6sungen sch\u00fctzen sensible Daten vor unbefugtem Zugriff sowohl intern als auch extern, Personen- oder gruppenbezogene Alarmierungssysteme sch\u00fctzen im Notfall \u2013 so steht Ihrem Gesch\u00e4ftserfolg nichts mehr im Wege!<\/p>\n<p>Mit unseren innovativen Technologien lassen sich neue Strukturen installieren oder bestehende sehr effizient gestalten \u2013 so profitieren Sie langfristig vom Know-how unserer Experten!<\/p>\n<p>Mehr erfahren:&nbsp;<a href=\"http:\/\/www.bfwkom.de\/\" style=\"font-size: inherit; text-align: inherit; font-family: var( --e-global-typography-text-font-family ), Sans-serif; font-style: var( --e-global-typography-text-font-style ); font-weight: var( --e-global-typography-text-font-weight ); letter-spacing: var( --e-global-typography-text-letter-spacing ); text-transform: var( --e-global-typography-text-text-transform );\"><span lang=\"DE\">www.bfwkom.de<\/span><\/a><br><\/p><p class=\"MsoNormal\"><span lang=\"DE\"><o:p><\/o:p><\/span><\/p>\t\t\t\t\t\t\t\t<\/div>\n\t\t\t\t<\/div>\n\t\t\t\t\t<\/div>\n\t\t<\/div>\n\t\t\t\t\t<\/div>\n\t\t<\/section>\n\t\t\t\t<\/div>\n\t\t","protected":false},"excerpt":{"rendered":"<p>In der heutigen digitalen Welt ist es f\u00fcr Unternehmen und Organisationen unerl\u00e4sslich, \u00fcber eine stabile und individuell angepasste ITK-Struktur zu verf\u00fcgen. Die BFW Kommunikationssysteme GmbH aus Hannover-Langenhagen bietet seit 1994 professionelle L\u00f6sungen in diesem Segment an.&nbsp; Kunden aus Gewerbe und Industrie&nbsp; sowie Beh\u00f6rden werden bei der technischen Projektierung, Einrichtung und Wartung von IT-, Netzwerk- und [&hellip;]<\/p>\n","protected":false},"author":5,"featured_media":0,"parent":0,"menu_order":0,"comment_status":"closed","ping_status":"closed","template":"elementor_header_footer","meta":{"_eb_attr":"","inline_featured_image":false,"footnotes":""},"class_list":["post-28167","page","type-page","status-publish","hentry"],"acf":[],"yoast_head":"<!-- This site is optimized with the Yoast SEO plugin v27.3 - https:\/\/yoast.com\/product\/yoast-seo-wordpress\/ -->\n<title>BFW Kommunikationssysteme GmbH - NewVoice International<\/title>\n<meta name=\"robots\" content=\"index, follow, max-snippet:-1, max-image-preview:large, max-video-preview:-1\" \/>\n<link rel=\"canonical\" href=\"https:\/\/newvoiceinternational.com\/de\/bfw-kommunikationssysteme-gmbh-2\/\" \/>\n<meta property=\"og:locale\" content=\"de_DE\" \/>\n<meta property=\"og:type\" content=\"article\" \/>\n<meta property=\"og:title\" content=\"BFW Kommunikationssysteme GmbH - NewVoice International\" \/>\n<meta property=\"og:description\" content=\"In der heutigen digitalen Welt ist es f\u00fcr Unternehmen und Organisationen unerl\u00e4sslich, \u00fcber eine stabile und individuell angepasste ITK-Struktur zu verf\u00fcgen. Die BFW Kommunikationssysteme GmbH aus Hannover-Langenhagen bietet seit 1994 professionelle L\u00f6sungen in diesem Segment an.&nbsp; Kunden aus Gewerbe und Industrie&nbsp; sowie Beh\u00f6rden werden bei der technischen Projektierung, Einrichtung und Wartung von IT-, Netzwerk- und [&hellip;]\" \/>\n<meta property=\"og:url\" content=\"https:\/\/newvoiceinternational.com\/de\/bfw-kommunikationssysteme-gmbh-2\/\" \/>\n<meta property=\"og:site_name\" content=\"NewVoice International\" \/>\n<meta property=\"article:modified_time\" content=\"2023-07-06T07:44:28+00:00\" \/>\n<meta property=\"og:image\" content=\"https:\/\/newvoiceinternational.com\/wp-content\/uploads\/2023\/07\/Logo-BFW.jpg\" \/>\n<meta name=\"twitter:card\" content=\"summary_large_image\" \/>\n<meta name=\"twitter:label1\" content=\"Gesch\u00e4tzte Lesezeit\" \/>\n\t<meta name=\"twitter:data1\" content=\"2\u00a0Minuten\" \/>\n<script type=\"application\/ld+json\" class=\"yoast-schema-graph\">{\"@context\":\"https:\\\/\\\/schema.org\",\"@graph\":[{\"@type\":\"WebPage\",\"@id\":\"https:\\\/\\\/newvoiceinternational.com\\\/de\\\/bfw-kommunikationssysteme-gmbh-2\\\/\",\"url\":\"https:\\\/\\\/newvoiceinternational.com\\\/de\\\/bfw-kommunikationssysteme-gmbh-2\\\/\",\"name\":\"BFW Kommunikationssysteme GmbH - NewVoice International\",\"isPartOf\":{\"@id\":\"https:\\\/\\\/newvoiceinternational.com\\\/de\\\/#website\"},\"primaryImageOfPage\":{\"@id\":\"https:\\\/\\\/newvoiceinternational.com\\\/de\\\/bfw-kommunikationssysteme-gmbh-2\\\/#primaryimage\"},\"image\":{\"@id\":\"https:\\\/\\\/newvoiceinternational.com\\\/de\\\/bfw-kommunikationssysteme-gmbh-2\\\/#primaryimage\"},\"thumbnailUrl\":\"https:\\\/\\\/newvoiceinternational.com\\\/wp-content\\\/uploads\\\/2023\\\/07\\\/Logo-BFW.jpg\",\"datePublished\":\"2023-07-04T08:55:27+00:00\",\"dateModified\":\"2023-07-06T07:44:28+00:00\",\"breadcrumb\":{\"@id\":\"https:\\\/\\\/newvoiceinternational.com\\\/de\\\/bfw-kommunikationssysteme-gmbh-2\\\/#breadcrumb\"},\"inLanguage\":\"de\",\"potentialAction\":[{\"@type\":\"ReadAction\",\"target\":[\"https:\\\/\\\/newvoiceinternational.com\\\/de\\\/bfw-kommunikationssysteme-gmbh-2\\\/\"]}]},{\"@type\":\"ImageObject\",\"inLanguage\":\"de\",\"@id\":\"https:\\\/\\\/newvoiceinternational.com\\\/de\\\/bfw-kommunikationssysteme-gmbh-2\\\/#primaryimage\",\"url\":\"https:\\\/\\\/newvoiceinternational.com\\\/wp-content\\\/uploads\\\/2023\\\/07\\\/Logo-BFW.jpg\",\"contentUrl\":\"https:\\\/\\\/newvoiceinternational.com\\\/wp-content\\\/uploads\\\/2023\\\/07\\\/Logo-BFW.jpg\"},{\"@type\":\"BreadcrumbList\",\"@id\":\"https:\\\/\\\/newvoiceinternational.com\\\/de\\\/bfw-kommunikationssysteme-gmbh-2\\\/#breadcrumb\",\"itemListElement\":[{\"@type\":\"ListItem\",\"position\":1,\"name\":\"Home\",\"item\":\"https:\\\/\\\/newvoiceinternational.com\\\/de\\\/\"},{\"@type\":\"ListItem\",\"position\":2,\"name\":\"BFW Kommunikationssysteme GmbH\"}]},{\"@type\":\"WebSite\",\"@id\":\"https:\\\/\\\/newvoiceinternational.com\\\/de\\\/#website\",\"url\":\"https:\\\/\\\/newvoiceinternational.com\\\/de\\\/\",\"name\":\"NewVoice International\",\"description\":\"\",\"publisher\":{\"@id\":\"https:\\\/\\\/newvoiceinternational.com\\\/de\\\/#organization\"},\"potentialAction\":[{\"@type\":\"SearchAction\",\"target\":{\"@type\":\"EntryPoint\",\"urlTemplate\":\"https:\\\/\\\/newvoiceinternational.com\\\/de\\\/?s={search_term_string}\"},\"query-input\":{\"@type\":\"PropertyValueSpecification\",\"valueRequired\":true,\"valueName\":\"search_term_string\"}}],\"inLanguage\":\"de\"},{\"@type\":\"Organization\",\"@id\":\"https:\\\/\\\/newvoiceinternational.com\\\/de\\\/#organization\",\"name\":\"NewVoice International\",\"url\":\"https:\\\/\\\/newvoiceinternational.com\\\/de\\\/\",\"logo\":{\"@type\":\"ImageObject\",\"inLanguage\":\"de\",\"@id\":\"https:\\\/\\\/newvoiceinternational.com\\\/de\\\/#\\\/schema\\\/logo\\\/image\\\/\",\"url\":\"https:\\\/\\\/newvoiceinternational.com\\\/wp-content\\\/uploads\\\/2022\\\/06\\\/NV_Logo_RGB.png\",\"contentUrl\":\"https:\\\/\\\/newvoiceinternational.com\\\/wp-content\\\/uploads\\\/2022\\\/06\\\/NV_Logo_RGB.png\",\"width\":1200,\"height\":315,\"caption\":\"NewVoice International\"},\"image\":{\"@id\":\"https:\\\/\\\/newvoiceinternational.com\\\/de\\\/#\\\/schema\\\/logo\\\/image\\\/\"}}]}<\/script>\n<!-- \/ Yoast SEO plugin. -->","yoast_head_json":{"title":"BFW Kommunikationssysteme GmbH - NewVoice International","robots":{"index":"index","follow":"follow","max-snippet":"max-snippet:-1","max-image-preview":"max-image-preview:large","max-video-preview":"max-video-preview:-1"},"canonical":"https:\/\/newvoiceinternational.com\/de\/bfw-kommunikationssysteme-gmbh-2\/","og_locale":"de_DE","og_type":"article","og_title":"BFW Kommunikationssysteme GmbH - NewVoice International","og_description":"In der heutigen digitalen Welt ist es f\u00fcr Unternehmen und Organisationen unerl\u00e4sslich, \u00fcber eine stabile und individuell angepasste ITK-Struktur zu verf\u00fcgen. Die BFW Kommunikationssysteme GmbH aus Hannover-Langenhagen bietet seit 1994 professionelle L\u00f6sungen in diesem Segment an.&nbsp; Kunden aus Gewerbe und Industrie&nbsp; sowie Beh\u00f6rden werden bei der technischen Projektierung, Einrichtung und Wartung von IT-, Netzwerk- und [&hellip;]","og_url":"https:\/\/newvoiceinternational.com\/de\/bfw-kommunikationssysteme-gmbh-2\/","og_site_name":"NewVoice International","article_modified_time":"2023-07-06T07:44:28+00:00","og_image":[{"url":"https:\/\/newvoiceinternational.com\/wp-content\/uploads\/2023\/07\/Logo-BFW.jpg","type":"","width":"","height":""}],"twitter_card":"summary_large_image","twitter_misc":{"Gesch\u00e4tzte Lesezeit":"2\u00a0Minuten"},"schema":{"@context":"https:\/\/schema.org","@graph":[{"@type":"WebPage","@id":"https:\/\/newvoiceinternational.com\/de\/bfw-kommunikationssysteme-gmbh-2\/","url":"https:\/\/newvoiceinternational.com\/de\/bfw-kommunikationssysteme-gmbh-2\/","name":"BFW Kommunikationssysteme GmbH - NewVoice International","isPartOf":{"@id":"https:\/\/newvoiceinternational.com\/de\/#website"},"primaryImageOfPage":{"@id":"https:\/\/newvoiceinternational.com\/de\/bfw-kommunikationssysteme-gmbh-2\/#primaryimage"},"image":{"@id":"https:\/\/newvoiceinternational.com\/de\/bfw-kommunikationssysteme-gmbh-2\/#primaryimage"},"thumbnailUrl":"https:\/\/newvoiceinternational.com\/wp-content\/uploads\/2023\/07\/Logo-BFW.jpg","datePublished":"2023-07-04T08:55:27+00:00","dateModified":"2023-07-06T07:44:28+00:00","breadcrumb":{"@id":"https:\/\/newvoiceinternational.com\/de\/bfw-kommunikationssysteme-gmbh-2\/#breadcrumb"},"inLanguage":"de","potentialAction":[{"@type":"ReadAction","target":["https:\/\/newvoiceinternational.com\/de\/bfw-kommunikationssysteme-gmbh-2\/"]}]},{"@type":"ImageObject","inLanguage":"de","@id":"https:\/\/newvoiceinternational.com\/de\/bfw-kommunikationssysteme-gmbh-2\/#primaryimage","url":"https:\/\/newvoiceinternational.com\/wp-content\/uploads\/2023\/07\/Logo-BFW.jpg","contentUrl":"https:\/\/newvoiceinternational.com\/wp-content\/uploads\/2023\/07\/Logo-BFW.jpg"},{"@type":"BreadcrumbList","@id":"https:\/\/newvoiceinternational.com\/de\/bfw-kommunikationssysteme-gmbh-2\/#breadcrumb","itemListElement":[{"@type":"ListItem","position":1,"name":"Home","item":"https:\/\/newvoiceinternational.com\/de\/"},{"@type":"ListItem","position":2,"name":"BFW Kommunikationssysteme GmbH"}]},{"@type":"WebSite","@id":"https:\/\/newvoiceinternational.com\/de\/#website","url":"https:\/\/newvoiceinternational.com\/de\/","name":"NewVoice International","description":"","publisher":{"@id":"https:\/\/newvoiceinternational.com\/de\/#organization"},"potentialAction":[{"@type":"SearchAction","target":{"@type":"EntryPoint","urlTemplate":"https:\/\/newvoiceinternational.com\/de\/?s={search_term_string}"},"query-input":{"@type":"PropertyValueSpecification","valueRequired":true,"valueName":"search_term_string"}}],"inLanguage":"de"},{"@type":"Organization","@id":"https:\/\/newvoiceinternational.com\/de\/#organization","name":"NewVoice International","url":"https:\/\/newvoiceinternational.com\/de\/","logo":{"@type":"ImageObject","inLanguage":"de","@id":"https:\/\/newvoiceinternational.com\/de\/#\/schema\/logo\/image\/","url":"https:\/\/newvoiceinternational.com\/wp-content\/uploads\/2022\/06\/NV_Logo_RGB.png","contentUrl":"https:\/\/newvoiceinternational.com\/wp-content\/uploads\/2022\/06\/NV_Logo_RGB.png","width":1200,"height":315,"caption":"NewVoice International"},"image":{"@id":"https:\/\/newvoiceinternational.com\/de\/#\/schema\/logo\/image\/"}}]}},"_links":{"self":[{"href":"https:\/\/newvoiceinternational.com\/de\/wp-json\/wp\/v2\/pages\/28167","targetHints":{"allow":["GET"]}}],"collection":[{"href":"https:\/\/newvoiceinternational.com\/de\/wp-json\/wp\/v2\/pages"}],"about":[{"href":"https:\/\/newvoiceinternational.com\/de\/wp-json\/wp\/v2\/types\/page"}],"author":[{"embeddable":true,"href":"https:\/\/newvoiceinternational.com\/de\/wp-json\/wp\/v2\/users\/5"}],"replies":[{"embeddable":true,"href":"https:\/\/newvoiceinternational.com\/de\/wp-json\/wp\/v2\/comments?post=28167"}],"version-history":[{"count":0,"href":"https:\/\/newvoiceinternational.com\/de\/wp-json\/wp\/v2\/pages\/28167\/revisions"}],"wp:attachment":[{"href":"https:\/\/newvoiceinternational.com\/de\/wp-json\/wp\/v2\/media?parent=28167"}],"curies":[{"name":"wp","href":"https:\/\/api.w.org\/{rel}","templated":true}]}}