{"id":27816,"date":"2023-06-28T12:43:38","date_gmt":"2023-06-28T11:43:38","guid":{"rendered":"https:\/\/newvoiceinternational.com\/?page_id=27816"},"modified":"2023-07-25T13:48:12","modified_gmt":"2023-07-25T12:48:12","slug":"abendevent-stuttgart","status":"publish","type":"page","link":"https:\/\/newvoiceinternational.com\/de\/abendevent-stuttgart\/","title":{"rendered":"Abendevent Stuttgart"},"content":{"rendered":"\t\t<div data-elementor-type=\"wp-page\" data-elementor-id=\"27816\" class=\"elementor elementor-27816\" data-elementor-post-type=\"page\">\n\t\t\t\t\t\t<section class=\"elementor-section elementor-top-section elementor-element elementor-element-1c97469 elementor-section-boxed elementor-section-height-default elementor-section-height-default\" data-id=\"1c97469\" data-element_type=\"section\" data-e-type=\"section\">\n\t\t\t\t\t\t<div class=\"elementor-container elementor-column-gap-default\">\n\t\t\t\t\t<div class=\"elementor-column elementor-col-50 elementor-top-column elementor-element elementor-element-2df6aed\" data-id=\"2df6aed\" data-element_type=\"column\" data-e-type=\"column\">\n\t\t\t<div class=\"elementor-widget-wrap elementor-element-populated\">\n\t\t\t\t\t\t<div class=\"elementor-element elementor-element-2f556d3 elementor-widget elementor-widget-text-editor\" data-id=\"2f556d3\" data-element_type=\"widget\" data-e-type=\"widget\" data-widget_type=\"text-editor.default\">\n\t\t\t\t<div class=\"elementor-widget-container\">\n\t\t\t\t\t\t\t\t\t<h4 style=\"text-align: center;\">ABENDEVENT STUTTGART 2023\u00a0<\/h4><p style=\"text-align: center;\">\u2013 Invite Only<\/p>\t\t\t\t\t\t\t\t<\/div>\n\t\t\t\t<\/div>\n\t\t\t\t\t<\/div>\n\t\t<\/div>\n\t\t\t\t<div class=\"elementor-column elementor-col-50 elementor-top-column elementor-element elementor-element-62b8fd7\" data-id=\"62b8fd7\" data-element_type=\"column\" data-e-type=\"column\">\n\t\t\t<div class=\"elementor-widget-wrap elementor-element-populated\">\n\t\t\t\t\t\t<div class=\"elementor-element elementor-element-36c4a97 elementor-widget elementor-widget-image\" data-id=\"36c4a97\" data-element_type=\"widget\" data-e-type=\"widget\" data-widget_type=\"image.default\">\n\t\t\t\t<div class=\"elementor-widget-container\">\n\t\t\t\t\t\t\t\t\t\t\t\t\t\t\t<img fetchpriority=\"high\" decoding=\"async\" width=\"305\" height=\"200\" src=\"https:\/\/newvoiceinternational.com\/wp-content\/uploads\/2023\/07\/stuttgart.jpg\" class=\"attachment-large size-large wp-image-28878\" alt=\"\" srcset=\"https:\/\/newvoiceinternational.com\/wp-content\/uploads\/2023\/07\/stuttgart.jpg 305w, https:\/\/newvoiceinternational.com\/wp-content\/uploads\/2023\/07\/stuttgart-300x197.jpg 300w\" sizes=\"(max-width: 305px) 100vw, 305px\" \/>\t\t\t\t\t\t\t\t\t\t\t\t\t\t\t<\/div>\n\t\t\t\t<\/div>\n\t\t\t\t\t<\/div>\n\t\t<\/div>\n\t\t\t\t\t<\/div>\n\t\t<\/section>\n\t\t\t\t<section class=\"elementor-section elementor-top-section elementor-element elementor-element-b95fe00 elementor-section-boxed elementor-section-height-default elementor-section-height-default\" data-id=\"b95fe00\" data-element_type=\"section\" data-e-type=\"section\">\n\t\t\t\t\t\t<div class=\"elementor-container elementor-column-gap-default\">\n\t\t\t\t\t<div class=\"elementor-column elementor-col-100 elementor-top-column elementor-element elementor-element-b347a4a\" data-id=\"b347a4a\" data-element_type=\"column\" data-e-type=\"column\">\n\t\t\t<div class=\"elementor-widget-wrap elementor-element-populated\">\n\t\t\t\t\t\t<div class=\"elementor-element elementor-element-93a50fe elementor-widget elementor-widget-text-editor\" data-id=\"93a50fe\" data-element_type=\"widget\" data-e-type=\"widget\" data-widget_type=\"text-editor.default\">\n\t\t\t\t<div class=\"elementor-widget-container\">\n\t\t\t\t\t\t\t\t\t<p>Nach unserem erfolgreichen und strammen Tagesprogramm ist es sch\u00f6n den Tag geb\u00fchrend ausklingen zu lassen und gemeinsam einen besonderen Abend zu genie\u00dfen.<\/p><p>\ud83d\udcc5\u00a0Datum: 05.10.2023<\/p><p>\u23f0\u00a0Uhrzeit: 17:00 \u2013 23:00 Uhr<\/p><p>\ud83d\udccd\u00a0Canstatter Wasen, Klauss &amp; Klauss Festzelt<\/p><p>\ud83d\ude8d\u00a0F\u00fcr Bustransfer ist gesorgt<\/p><p>Freuen Sie sich auf einen angenehmen Abend, angeregte Gespr\u00e4che und vielleicht der ein oder anderen \u00dcberraschung.<\/p><p>Lasst uns gemeinsam ansto\u00dfen und die Gelegenheit nutzen.<\/p><p>Wir freuen uns darauf, mit Ihnen einen unvergesslichen Abend zu erleben!<\/p><p><b>Wir bitten um verbindliche Anmeldung bis zum 05.09.2023.\u00a0<\/b><\/p><p>Herzliche Gr\u00fc\u00dfe,<br \/>Ihr New Voice Team<\/p>\t\t\t\t\t\t\t\t<\/div>\n\t\t\t\t<\/div>\n\t\t\t\t\t<\/div>\n\t\t<\/div>\n\t\t\t\t\t<\/div>\n\t\t<\/section>\n\t\t\t\t<section class=\"elementor-section elementor-top-section elementor-element elementor-element-eaaf86e elementor-section-boxed elementor-section-height-default elementor-section-height-default\" data-id=\"eaaf86e\" data-element_type=\"section\" data-e-type=\"section\">\n\t\t\t\t\t\t<div class=\"elementor-container elementor-column-gap-default\">\n\t\t\t\t\t<div class=\"elementor-column elementor-col-50 elementor-top-column elementor-element elementor-element-0a1908d\" data-id=\"0a1908d\" data-element_type=\"column\" data-e-type=\"column\">\n\t\t\t<div class=\"elementor-widget-wrap elementor-element-populated\">\n\t\t\t\t\t\t<div class=\"elementor-element elementor-element-7341df2 elementor-widget elementor-widget-text-editor\" data-id=\"7341df2\" data-element_type=\"widget\" data-e-type=\"widget\" data-widget_type=\"text-editor.default\">\n\t\t\t\t<div class=\"elementor-widget-container\">\n\t\t\t\t\t\t\t\t\t<p><strong>ANMELDUNGSFORMULAR<\/strong><\/p>\n<div class=\"wpcf7 no-js\" id=\"wpcf7-f27820-o1\" lang=\"en-US\" dir=\"ltr\" data-wpcf7-id=\"27820\">\n<div class=\"screen-reader-response\"><p role=\"status\" aria-live=\"polite\" aria-atomic=\"true\"><\/p> <ul><\/ul><\/div>\n<form action=\"\/de\/wp-json\/wp\/v2\/pages\/27816#wpcf7-f27820-o1\" method=\"post\" class=\"wpcf7-form init\" aria-label=\"Contact form\" novalidate=\"novalidate\" data-status=\"init\">\n<fieldset class=\"hidden-fields-container\"><input type=\"hidden\" name=\"_wpcf7\" value=\"27820\" \/><input type=\"hidden\" name=\"_wpcf7_version\" value=\"6.1.5\" \/><input type=\"hidden\" name=\"_wpcf7_locale\" value=\"en_US\" \/><input type=\"hidden\" name=\"_wpcf7_unit_tag\" value=\"wpcf7-f27820-o1\" \/><input type=\"hidden\" name=\"_wpcf7_container_post\" value=\"0\" \/><input type=\"hidden\" name=\"_wpcf7_posted_data_hash\" value=\"\" \/><input type=\"hidden\" name=\"_wpcf7_recaptcha_response\" value=\"\" \/>\n<\/fieldset>\n<div class=\"uacf7-form-wrapper-container uacf7-form-27820  \"><label> Vorname*\n    <span class=\"wpcf7-form-control-wrap\" data-name=\"Vorname\"><input size=\"40\" maxlength=\"400\" class=\"wpcf7-form-control wpcf7-text wpcf7-validates-as-required\" aria-required=\"true\" aria-invalid=\"false\" value=\"\" type=\"text\" name=\"Vorname\" \/><\/span> <\/label>\n\n<label> Nachname*\n    <span class=\"wpcf7-form-control-wrap\" data-name=\"Nachname\"><input size=\"40\" maxlength=\"400\" class=\"wpcf7-form-control wpcf7-text wpcf7-validates-as-required\" aria-required=\"true\" aria-invalid=\"false\" value=\"\" type=\"text\" name=\"Nachname\" \/><\/span> <\/label>\n\n<label> Firma*\n    <span class=\"wpcf7-form-control-wrap\" data-name=\"Firma\"><input size=\"40\" maxlength=\"400\" class=\"wpcf7-form-control wpcf7-text wpcf7-validates-as-required\" aria-required=\"true\" aria-invalid=\"false\" value=\"\" type=\"text\" name=\"Firma\" \/><\/span> <\/label>\n\n<label> Email Adresse*\n    <span class=\"wpcf7-form-control-wrap\" data-name=\"Email\"><input size=\"40\" maxlength=\"400\" class=\"wpcf7-form-control wpcf7-email wpcf7-validates-as-required wpcf7-text wpcf7-validates-as-email\" aria-required=\"true\" aria-invalid=\"false\" value=\"\" type=\"email\" name=\"Email\" \/><\/span> <\/label>\n\n<label> Ihre Nachricht \n    <span class=\"wpcf7-form-control-wrap\" data-name=\"your-message\"><textarea cols=\"40\" rows=\"10\" maxlength=\"2000\" class=\"wpcf7-form-control wpcf7-textarea\" aria-invalid=\"false\" name=\"your-message\"><\/textarea><\/span> <\/label>\n\n*erforderlich\n<input class=\"wpcf7-form-control wpcf7-submit has-spinner\" type=\"submit\" value=\"Submit\" \/><\/div><div class=\"wpcf7-response-output\" aria-hidden=\"true\"><\/div>\n<\/form>\n<\/div>\n\t\t\t\t\t\t\t\t<\/div>\n\t\t\t\t<\/div>\n\t\t\t\t\t<\/div>\n\t\t<\/div>\n\t\t\t\t<div class=\"elementor-column elementor-col-50 elementor-top-column elementor-element elementor-element-e041233\" data-id=\"e041233\" data-element_type=\"column\" data-e-type=\"column\">\n\t\t\t<div class=\"elementor-widget-wrap\">\n\t\t\t\t\t\t\t<\/div>\n\t\t<\/div>\n\t\t\t\t\t<\/div>\n\t\t<\/section>\n\t\t\t\t<\/div>\n\t\t","protected":false},"excerpt":{"rendered":"<p>ABENDEVENT STUTTGART 2023\u00a0 \u2013 Invite Only Nach unserem erfolgreichen und strammen Tagesprogramm ist es sch\u00f6n den Tag geb\u00fchrend ausklingen zu lassen und gemeinsam einen besonderen Abend zu genie\u00dfen. \ud83d\udcc5\u00a0Datum: 05.10.2023 \u23f0\u00a0Uhrzeit: 17:00 \u2013 23:00 Uhr \ud83d\udccd\u00a0Canstatter Wasen, Klauss &amp; Klauss Festzelt \ud83d\ude8d\u00a0F\u00fcr Bustransfer ist gesorgt Freuen Sie sich auf einen angenehmen Abend, angeregte Gespr\u00e4che und [&hellip;]<\/p>\n","protected":false},"author":5,"featured_media":0,"parent":0,"menu_order":0,"comment_status":"closed","ping_status":"closed","template":"elementor_header_footer","meta":{"_eb_attr":"","inline_featured_image":false,"footnotes":""},"class_list":["post-27816","page","type-page","status-publish","hentry"],"acf":[],"yoast_head":"<!-- This site is optimized with the Yoast SEO plugin v27.4 - https:\/\/yoast.com\/product\/yoast-seo-wordpress\/ -->\n<title>Abendevent Stuttgart - NewVoice International<\/title>\n<meta name=\"robots\" content=\"index, follow, max-snippet:-1, max-image-preview:large, max-video-preview:-1\" \/>\n<link rel=\"canonical\" href=\"https:\/\/newvoiceinternational.com\/de\/abendevent-stuttgart\/\" \/>\n<meta property=\"og:locale\" content=\"de_DE\" \/>\n<meta property=\"og:type\" content=\"article\" \/>\n<meta property=\"og:title\" content=\"Abendevent Stuttgart - NewVoice International\" \/>\n<meta property=\"og:description\" content=\"ABENDEVENT STUTTGART 2023\u00a0 \u2013 Invite Only Nach unserem erfolgreichen und strammen Tagesprogramm ist es sch\u00f6n den Tag geb\u00fchrend ausklingen zu lassen und gemeinsam einen besonderen Abend zu genie\u00dfen. \ud83d\udcc5\u00a0Datum: 05.10.2023 \u23f0\u00a0Uhrzeit: 17:00 \u2013 23:00 Uhr \ud83d\udccd\u00a0Canstatter Wasen, Klauss &amp; Klauss Festzelt \ud83d\ude8d\u00a0F\u00fcr Bustransfer ist gesorgt Freuen Sie sich auf einen angenehmen Abend, angeregte Gespr\u00e4che und [&hellip;]\" \/>\n<meta property=\"og:url\" content=\"https:\/\/newvoiceinternational.com\/de\/abendevent-stuttgart\/\" \/>\n<meta property=\"og:site_name\" content=\"NewVoice International\" \/>\n<meta property=\"article:modified_time\" content=\"2023-07-25T12:48:12+00:00\" \/>\n<meta property=\"og:image\" content=\"https:\/\/newvoiceinternational.com\/wp-content\/uploads\/2023\/07\/stuttgart.jpg\" \/>\n<meta name=\"twitter:card\" content=\"summary_large_image\" \/>\n<meta name=\"twitter:label1\" content=\"Gesch\u00e4tzte Lesezeit\" \/>\n\t<meta name=\"twitter:data1\" content=\"1\u00a0Minute\" \/>\n<script type=\"application\/ld+json\" class=\"yoast-schema-graph\">{\"@context\":\"https:\\\/\\\/schema.org\",\"@graph\":[{\"@type\":\"WebPage\",\"@id\":\"https:\\\/\\\/newvoiceinternational.com\\\/de\\\/abendevent-stuttgart\\\/\",\"url\":\"https:\\\/\\\/newvoiceinternational.com\\\/de\\\/abendevent-stuttgart\\\/\",\"name\":\"Abendevent Stuttgart - NewVoice International\",\"isPartOf\":{\"@id\":\"https:\\\/\\\/newvoiceinternational.com\\\/de\\\/#website\"},\"primaryImageOfPage\":{\"@id\":\"https:\\\/\\\/newvoiceinternational.com\\\/de\\\/abendevent-stuttgart\\\/#primaryimage\"},\"image\":{\"@id\":\"https:\\\/\\\/newvoiceinternational.com\\\/de\\\/abendevent-stuttgart\\\/#primaryimage\"},\"thumbnailUrl\":\"https:\\\/\\\/newvoiceinternational.com\\\/wp-content\\\/uploads\\\/2023\\\/07\\\/stuttgart.jpg\",\"datePublished\":\"2023-06-28T11:43:38+00:00\",\"dateModified\":\"2023-07-25T12:48:12+00:00\",\"breadcrumb\":{\"@id\":\"https:\\\/\\\/newvoiceinternational.com\\\/de\\\/abendevent-stuttgart\\\/#breadcrumb\"},\"inLanguage\":\"de\",\"potentialAction\":[{\"@type\":\"ReadAction\",\"target\":[\"https:\\\/\\\/newvoiceinternational.com\\\/de\\\/abendevent-stuttgart\\\/\"]}]},{\"@type\":\"ImageObject\",\"inLanguage\":\"de\",\"@id\":\"https:\\\/\\\/newvoiceinternational.com\\\/de\\\/abendevent-stuttgart\\\/#primaryimage\",\"url\":\"https:\\\/\\\/newvoiceinternational.com\\\/wp-content\\\/uploads\\\/2023\\\/07\\\/stuttgart.jpg\",\"contentUrl\":\"https:\\\/\\\/newvoiceinternational.com\\\/wp-content\\\/uploads\\\/2023\\\/07\\\/stuttgart.jpg\"},{\"@type\":\"BreadcrumbList\",\"@id\":\"https:\\\/\\\/newvoiceinternational.com\\\/de\\\/abendevent-stuttgart\\\/#breadcrumb\",\"itemListElement\":[{\"@type\":\"ListItem\",\"position\":1,\"name\":\"Home\",\"item\":\"https:\\\/\\\/newvoiceinternational.com\\\/de\\\/\"},{\"@type\":\"ListItem\",\"position\":2,\"name\":\"Abendevent Stuttgart\"}]},{\"@type\":\"WebSite\",\"@id\":\"https:\\\/\\\/newvoiceinternational.com\\\/de\\\/#website\",\"url\":\"https:\\\/\\\/newvoiceinternational.com\\\/de\\\/\",\"name\":\"NewVoice International\",\"description\":\"\",\"publisher\":{\"@id\":\"https:\\\/\\\/newvoiceinternational.com\\\/de\\\/#organization\"},\"potentialAction\":[{\"@type\":\"SearchAction\",\"target\":{\"@type\":\"EntryPoint\",\"urlTemplate\":\"https:\\\/\\\/newvoiceinternational.com\\\/de\\\/?s={search_term_string}\"},\"query-input\":{\"@type\":\"PropertyValueSpecification\",\"valueRequired\":true,\"valueName\":\"search_term_string\"}}],\"inLanguage\":\"de\"},{\"@type\":\"Organization\",\"@id\":\"https:\\\/\\\/newvoiceinternational.com\\\/de\\\/#organization\",\"name\":\"NewVoice International\",\"url\":\"https:\\\/\\\/newvoiceinternational.com\\\/de\\\/\",\"logo\":{\"@type\":\"ImageObject\",\"inLanguage\":\"de\",\"@id\":\"https:\\\/\\\/newvoiceinternational.com\\\/de\\\/#\\\/schema\\\/logo\\\/image\\\/\",\"url\":\"https:\\\/\\\/newvoiceinternational.com\\\/wp-content\\\/uploads\\\/2022\\\/06\\\/NV_Logo_RGB.png\",\"contentUrl\":\"https:\\\/\\\/newvoiceinternational.com\\\/wp-content\\\/uploads\\\/2022\\\/06\\\/NV_Logo_RGB.png\",\"width\":1200,\"height\":315,\"caption\":\"NewVoice International\"},\"image\":{\"@id\":\"https:\\\/\\\/newvoiceinternational.com\\\/de\\\/#\\\/schema\\\/logo\\\/image\\\/\"}}]}<\/script>\n<!-- \/ Yoast SEO plugin. -->","yoast_head_json":{"title":"Abendevent Stuttgart - NewVoice International","robots":{"index":"index","follow":"follow","max-snippet":"max-snippet:-1","max-image-preview":"max-image-preview:large","max-video-preview":"max-video-preview:-1"},"canonical":"https:\/\/newvoiceinternational.com\/de\/abendevent-stuttgart\/","og_locale":"de_DE","og_type":"article","og_title":"Abendevent Stuttgart - NewVoice International","og_description":"ABENDEVENT STUTTGART 2023\u00a0 \u2013 Invite Only Nach unserem erfolgreichen und strammen Tagesprogramm ist es sch\u00f6n den Tag geb\u00fchrend ausklingen zu lassen und gemeinsam einen besonderen Abend zu genie\u00dfen. \ud83d\udcc5\u00a0Datum: 05.10.2023 \u23f0\u00a0Uhrzeit: 17:00 \u2013 23:00 Uhr \ud83d\udccd\u00a0Canstatter Wasen, Klauss &amp; Klauss Festzelt \ud83d\ude8d\u00a0F\u00fcr Bustransfer ist gesorgt Freuen Sie sich auf einen angenehmen Abend, angeregte Gespr\u00e4che und [&hellip;]","og_url":"https:\/\/newvoiceinternational.com\/de\/abendevent-stuttgart\/","og_site_name":"NewVoice International","article_modified_time":"2023-07-25T12:48:12+00:00","og_image":[{"url":"https:\/\/newvoiceinternational.com\/wp-content\/uploads\/2023\/07\/stuttgart.jpg","type":"","width":"","height":""}],"twitter_card":"summary_large_image","twitter_misc":{"Gesch\u00e4tzte Lesezeit":"1\u00a0Minute"},"schema":{"@context":"https:\/\/schema.org","@graph":[{"@type":"WebPage","@id":"https:\/\/newvoiceinternational.com\/de\/abendevent-stuttgart\/","url":"https:\/\/newvoiceinternational.com\/de\/abendevent-stuttgart\/","name":"Abendevent Stuttgart - NewVoice International","isPartOf":{"@id":"https:\/\/newvoiceinternational.com\/de\/#website"},"primaryImageOfPage":{"@id":"https:\/\/newvoiceinternational.com\/de\/abendevent-stuttgart\/#primaryimage"},"image":{"@id":"https:\/\/newvoiceinternational.com\/de\/abendevent-stuttgart\/#primaryimage"},"thumbnailUrl":"https:\/\/newvoiceinternational.com\/wp-content\/uploads\/2023\/07\/stuttgart.jpg","datePublished":"2023-06-28T11:43:38+00:00","dateModified":"2023-07-25T12:48:12+00:00","breadcrumb":{"@id":"https:\/\/newvoiceinternational.com\/de\/abendevent-stuttgart\/#breadcrumb"},"inLanguage":"de","potentialAction":[{"@type":"ReadAction","target":["https:\/\/newvoiceinternational.com\/de\/abendevent-stuttgart\/"]}]},{"@type":"ImageObject","inLanguage":"de","@id":"https:\/\/newvoiceinternational.com\/de\/abendevent-stuttgart\/#primaryimage","url":"https:\/\/newvoiceinternational.com\/wp-content\/uploads\/2023\/07\/stuttgart.jpg","contentUrl":"https:\/\/newvoiceinternational.com\/wp-content\/uploads\/2023\/07\/stuttgart.jpg"},{"@type":"BreadcrumbList","@id":"https:\/\/newvoiceinternational.com\/de\/abendevent-stuttgart\/#breadcrumb","itemListElement":[{"@type":"ListItem","position":1,"name":"Home","item":"https:\/\/newvoiceinternational.com\/de\/"},{"@type":"ListItem","position":2,"name":"Abendevent Stuttgart"}]},{"@type":"WebSite","@id":"https:\/\/newvoiceinternational.com\/de\/#website","url":"https:\/\/newvoiceinternational.com\/de\/","name":"NewVoice International","description":"","publisher":{"@id":"https:\/\/newvoiceinternational.com\/de\/#organization"},"potentialAction":[{"@type":"SearchAction","target":{"@type":"EntryPoint","urlTemplate":"https:\/\/newvoiceinternational.com\/de\/?s={search_term_string}"},"query-input":{"@type":"PropertyValueSpecification","valueRequired":true,"valueName":"search_term_string"}}],"inLanguage":"de"},{"@type":"Organization","@id":"https:\/\/newvoiceinternational.com\/de\/#organization","name":"NewVoice International","url":"https:\/\/newvoiceinternational.com\/de\/","logo":{"@type":"ImageObject","inLanguage":"de","@id":"https:\/\/newvoiceinternational.com\/de\/#\/schema\/logo\/image\/","url":"https:\/\/newvoiceinternational.com\/wp-content\/uploads\/2022\/06\/NV_Logo_RGB.png","contentUrl":"https:\/\/newvoiceinternational.com\/wp-content\/uploads\/2022\/06\/NV_Logo_RGB.png","width":1200,"height":315,"caption":"NewVoice International"},"image":{"@id":"https:\/\/newvoiceinternational.com\/de\/#\/schema\/logo\/image\/"}}]}},"_links":{"self":[{"href":"https:\/\/newvoiceinternational.com\/de\/wp-json\/wp\/v2\/pages\/27816","targetHints":{"allow":["GET"]}}],"collection":[{"href":"https:\/\/newvoiceinternational.com\/de\/wp-json\/wp\/v2\/pages"}],"about":[{"href":"https:\/\/newvoiceinternational.com\/de\/wp-json\/wp\/v2\/types\/page"}],"author":[{"embeddable":true,"href":"https:\/\/newvoiceinternational.com\/de\/wp-json\/wp\/v2\/users\/5"}],"replies":[{"embeddable":true,"href":"https:\/\/newvoiceinternational.com\/de\/wp-json\/wp\/v2\/comments?post=27816"}],"version-history":[{"count":0,"href":"https:\/\/newvoiceinternational.com\/de\/wp-json\/wp\/v2\/pages\/27816\/revisions"}],"wp:attachment":[{"href":"https:\/\/newvoiceinternational.com\/de\/wp-json\/wp\/v2\/media?parent=27816"}],"curies":[{"name":"wp","href":"https:\/\/api.w.org\/{rel}","templated":true}]}}