{"id":26589,"date":"2023-05-03T13:28:11","date_gmt":"2023-05-03T12:28:11","guid":{"rendered":"https:\/\/www.newvoiceinternational.com\/bc-buerocommunication\/"},"modified":"2023-05-03T13:29:52","modified_gmt":"2023-05-03T12:29:52","slug":"bc-buerocommunication","status":"publish","type":"page","link":"https:\/\/newvoiceinternational.com\/de\/bc-buerocommunication\/","title":{"rendered":"B&#038;C-B\u00fcroCommunication"},"content":{"rendered":"\t\t<div data-elementor-type=\"wp-page\" data-elementor-id=\"26589\" class=\"elementor elementor-26589 elementor-26581\" data-elementor-post-type=\"page\">\n\t\t\t\t\t\t<section class=\"elementor-section elementor-top-section elementor-element elementor-element-31a0c51 elementor-section-boxed elementor-section-height-default elementor-section-height-default\" data-id=\"31a0c51\" data-element_type=\"section\" data-e-type=\"section\">\n\t\t\t\t\t\t<div class=\"elementor-container elementor-column-gap-default\">\n\t\t\t\t\t<div class=\"elementor-column elementor-col-100 elementor-top-column elementor-element elementor-element-d9c9681\" data-id=\"d9c9681\" data-element_type=\"column\" data-e-type=\"column\">\n\t\t\t<div class=\"elementor-widget-wrap elementor-element-populated\">\n\t\t\t\t\t\t<div class=\"elementor-element elementor-element-4f714b7 elementor-widget elementor-widget-image\" data-id=\"4f714b7\" data-element_type=\"widget\" data-e-type=\"widget\" data-widget_type=\"image.default\">\n\t\t\t\t<div class=\"elementor-widget-container\">\n\t\t\t\t\t\t\t\t\t\t\t\t\t\t\t<img fetchpriority=\"high\" decoding=\"async\" width=\"580\" height=\"227\" src=\"https:\/\/newvoiceinternational.com\/wp-content\/uploads\/2023\/05\/Logo-li.bmp\" class=\"attachment-large size-large wp-image-26585\" alt=\"\" srcset=\"https:\/\/newvoiceinternational.com\/wp-content\/uploads\/2023\/05\/Logo-li.bmp 665w, https:\/\/newvoiceinternational.com\/wp-content\/uploads\/2023\/05\/Logo-li-300x117.jpg 300w\" sizes=\"(max-width: 580px) 100vw, 580px\" \/>\t\t\t\t\t\t\t\t\t\t\t\t\t\t\t<\/div>\n\t\t\t\t<\/div>\n\t\t\t\t\t<\/div>\n\t\t<\/div>\n\t\t\t\t\t<\/div>\n\t\t<\/section>\n\t\t\t\t<section class=\"elementor-section elementor-top-section elementor-element elementor-element-97f57a6 elementor-section-boxed elementor-section-height-default elementor-section-height-default\" data-id=\"97f57a6\" data-element_type=\"section\" data-e-type=\"section\">\n\t\t\t\t\t\t<div class=\"elementor-container elementor-column-gap-default\">\n\t\t\t\t\t<div class=\"elementor-column elementor-col-100 elementor-top-column elementor-element elementor-element-fb45741\" data-id=\"fb45741\" data-element_type=\"column\" data-e-type=\"column\">\n\t\t\t<div class=\"elementor-widget-wrap elementor-element-populated\">\n\t\t\t\t\t\t<div class=\"elementor-element elementor-element-33259ae elementor-widget elementor-widget-text-editor\" data-id=\"33259ae\" data-element_type=\"widget\" data-e-type=\"widget\" data-widget_type=\"text-editor.default\">\n\t\t\t\t<div class=\"elementor-widget-container\">\n\t\t\t\t\t\t\t\t\t<p>Die Firma B&amp;C B\u00fcroCommunikation pr\u00e4sentiert sich als erfahrenes und ehrgeiziges Unternehmen. Seit unserer Gr\u00fcndung 1990 verstehen wir uns als IKT-Systemhaus f\u00fcr Beratung und Planung sowie Installation und Service an Computer- und Telekommunikationssystemen.<\/p>\n<p>Unsere St\u00e4rken liegen in der Entwicklung von kundenorientierten L\u00f6sungen mit den Kernkompetenzen Informationstechnologie und Telekommunikation.<\/p>\n<p>Durch die Verwendung von Standards sowie mit Hilfe ausgew\u00e4hlter leistungsf\u00e4higer Technologiepartner sind wir in der Lage, abgestimmt auf Ihre Anforderungen, Vorschl\u00e4ge zu pr\u00e4sentieren, die Ihre Gesch\u00e4ftsprozesse auf einer einheitlichen Plattform abbilden.<\/p>\n<p>Wir w\u00fcrden uns freuen, Aufgabenstellungen zur Optimierung Ihrer Computer- und Telekommunikationstechnik &#8211; zuk\u00fcnftig gemeinsam l\u00f6sen zu k\u00f6nnen.<\/p>\n<p>Mehr erfahren: <a href=\"https:\/\/buc-plan.de\/kernkompetenzen\/unified-communication\">https:\/\/buc-plan.de\/kernkompetenzen\/unified-communication<\/a><\/p>\n\t\t\t\t\t\t\t\t<\/div>\n\t\t\t\t<\/div>\n\t\t\t\t\t<\/div>\n\t\t<\/div>\n\t\t\t\t\t<\/div>\n\t\t<\/section>\n\t\t\t\t<\/div>\n\t\t","protected":false},"excerpt":{"rendered":"<p>Die Firma B&amp;C B\u00fcroCommunikation pr\u00e4sentiert sich als erfahrenes und ehrgeiziges Unternehmen. Seit unserer Gr\u00fcndung 1990 verstehen wir uns als IKT-Systemhaus f\u00fcr Beratung und Planung sowie Installation und Service an Computer- und Telekommunikationssystemen. Unsere St\u00e4rken liegen in der Entwicklung von kundenorientierten L\u00f6sungen mit den Kernkompetenzen Informationstechnologie und Telekommunikation. Durch die Verwendung von Standards sowie mit Hilfe [&hellip;]<\/p>\n","protected":false},"author":5,"featured_media":0,"parent":0,"menu_order":0,"comment_status":"closed","ping_status":"closed","template":"elementor_header_footer","meta":{"_eb_attr":"","inline_featured_image":false,"footnotes":""},"class_list":["post-26589","page","type-page","status-publish","hentry"],"acf":[],"yoast_head":"<!-- This site is optimized with the Yoast SEO plugin v27.4 - https:\/\/yoast.com\/product\/yoast-seo-wordpress\/ -->\n<title>B&amp;C-B\u00fcroCommunication - NewVoice International<\/title>\n<meta name=\"robots\" content=\"index, follow, max-snippet:-1, max-image-preview:large, max-video-preview:-1\" \/>\n<link rel=\"canonical\" href=\"https:\/\/newvoiceinternational.com\/de\/bc-buerocommunication\/\" \/>\n<meta property=\"og:locale\" content=\"de_DE\" \/>\n<meta property=\"og:type\" content=\"article\" \/>\n<meta property=\"og:title\" content=\"B&amp;C-B\u00fcroCommunication - NewVoice International\" \/>\n<meta property=\"og:description\" content=\"Die Firma B&amp;C B\u00fcroCommunikation pr\u00e4sentiert sich als erfahrenes und ehrgeiziges Unternehmen. Seit unserer Gr\u00fcndung 1990 verstehen wir uns als IKT-Systemhaus f\u00fcr Beratung und Planung sowie Installation und Service an Computer- und Telekommunikationssystemen. Unsere St\u00e4rken liegen in der Entwicklung von kundenorientierten L\u00f6sungen mit den Kernkompetenzen Informationstechnologie und Telekommunikation. Durch die Verwendung von Standards sowie mit Hilfe [&hellip;]\" \/>\n<meta property=\"og:url\" content=\"https:\/\/newvoiceinternational.com\/de\/bc-buerocommunication\/\" \/>\n<meta property=\"og:site_name\" content=\"NewVoice International\" \/>\n<meta property=\"article:modified_time\" content=\"2023-05-03T12:29:52+00:00\" \/>\n<meta property=\"og:image\" content=\"https:\/\/www.newvoiceinternational.com\/wp-content\/uploads\/2023\/05\/Logo-li.bmp\" \/>\n<meta name=\"twitter:card\" content=\"summary_large_image\" \/>\n<meta name=\"twitter:label1\" content=\"Gesch\u00e4tzte Lesezeit\" \/>\n\t<meta name=\"twitter:data1\" content=\"1\u00a0Minute\" \/>\n<script type=\"application\/ld+json\" class=\"yoast-schema-graph\">{\"@context\":\"https:\\\/\\\/schema.org\",\"@graph\":[{\"@type\":\"WebPage\",\"@id\":\"https:\\\/\\\/newvoiceinternational.com\\\/de\\\/bc-buerocommunication\\\/\",\"url\":\"https:\\\/\\\/newvoiceinternational.com\\\/de\\\/bc-buerocommunication\\\/\",\"name\":\"B&C-B\u00fcroCommunication - NewVoice International\",\"isPartOf\":{\"@id\":\"https:\\\/\\\/newvoiceinternational.com\\\/de\\\/#website\"},\"primaryImageOfPage\":{\"@id\":\"https:\\\/\\\/newvoiceinternational.com\\\/de\\\/bc-buerocommunication\\\/#primaryimage\"},\"image\":{\"@id\":\"https:\\\/\\\/newvoiceinternational.com\\\/de\\\/bc-buerocommunication\\\/#primaryimage\"},\"thumbnailUrl\":\"https:\\\/\\\/www.newvoiceinternational.com\\\/wp-content\\\/uploads\\\/2023\\\/05\\\/Logo-li.bmp\",\"datePublished\":\"2023-05-03T12:28:11+00:00\",\"dateModified\":\"2023-05-03T12:29:52+00:00\",\"breadcrumb\":{\"@id\":\"https:\\\/\\\/newvoiceinternational.com\\\/de\\\/bc-buerocommunication\\\/#breadcrumb\"},\"inLanguage\":\"de\",\"potentialAction\":[{\"@type\":\"ReadAction\",\"target\":[\"https:\\\/\\\/newvoiceinternational.com\\\/de\\\/bc-buerocommunication\\\/\"]}]},{\"@type\":\"ImageObject\",\"inLanguage\":\"de\",\"@id\":\"https:\\\/\\\/newvoiceinternational.com\\\/de\\\/bc-buerocommunication\\\/#primaryimage\",\"url\":\"https:\\\/\\\/www.newvoiceinternational.com\\\/wp-content\\\/uploads\\\/2023\\\/05\\\/Logo-li.bmp\",\"contentUrl\":\"https:\\\/\\\/www.newvoiceinternational.com\\\/wp-content\\\/uploads\\\/2023\\\/05\\\/Logo-li.bmp\"},{\"@type\":\"BreadcrumbList\",\"@id\":\"https:\\\/\\\/newvoiceinternational.com\\\/de\\\/bc-buerocommunication\\\/#breadcrumb\",\"itemListElement\":[{\"@type\":\"ListItem\",\"position\":1,\"name\":\"Home\",\"item\":\"https:\\\/\\\/newvoiceinternational.com\\\/de\\\/\"},{\"@type\":\"ListItem\",\"position\":2,\"name\":\"B&#038;C-B\u00fcroCommunication\"}]},{\"@type\":\"WebSite\",\"@id\":\"https:\\\/\\\/newvoiceinternational.com\\\/de\\\/#website\",\"url\":\"https:\\\/\\\/newvoiceinternational.com\\\/de\\\/\",\"name\":\"NewVoice International\",\"description\":\"\",\"publisher\":{\"@id\":\"https:\\\/\\\/newvoiceinternational.com\\\/de\\\/#organization\"},\"potentialAction\":[{\"@type\":\"SearchAction\",\"target\":{\"@type\":\"EntryPoint\",\"urlTemplate\":\"https:\\\/\\\/newvoiceinternational.com\\\/de\\\/?s={search_term_string}\"},\"query-input\":{\"@type\":\"PropertyValueSpecification\",\"valueRequired\":true,\"valueName\":\"search_term_string\"}}],\"inLanguage\":\"de\"},{\"@type\":\"Organization\",\"@id\":\"https:\\\/\\\/newvoiceinternational.com\\\/de\\\/#organization\",\"name\":\"NewVoice International\",\"url\":\"https:\\\/\\\/newvoiceinternational.com\\\/de\\\/\",\"logo\":{\"@type\":\"ImageObject\",\"inLanguage\":\"de\",\"@id\":\"https:\\\/\\\/newvoiceinternational.com\\\/de\\\/#\\\/schema\\\/logo\\\/image\\\/\",\"url\":\"https:\\\/\\\/newvoiceinternational.com\\\/wp-content\\\/uploads\\\/2022\\\/06\\\/NV_Logo_RGB.png\",\"contentUrl\":\"https:\\\/\\\/newvoiceinternational.com\\\/wp-content\\\/uploads\\\/2022\\\/06\\\/NV_Logo_RGB.png\",\"width\":1200,\"height\":315,\"caption\":\"NewVoice International\"},\"image\":{\"@id\":\"https:\\\/\\\/newvoiceinternational.com\\\/de\\\/#\\\/schema\\\/logo\\\/image\\\/\"}}]}<\/script>\n<!-- \/ Yoast SEO plugin. -->","yoast_head_json":{"title":"B&C-B\u00fcroCommunication - NewVoice International","robots":{"index":"index","follow":"follow","max-snippet":"max-snippet:-1","max-image-preview":"max-image-preview:large","max-video-preview":"max-video-preview:-1"},"canonical":"https:\/\/newvoiceinternational.com\/de\/bc-buerocommunication\/","og_locale":"de_DE","og_type":"article","og_title":"B&C-B\u00fcroCommunication - NewVoice International","og_description":"Die Firma B&amp;C B\u00fcroCommunikation pr\u00e4sentiert sich als erfahrenes und ehrgeiziges Unternehmen. Seit unserer Gr\u00fcndung 1990 verstehen wir uns als IKT-Systemhaus f\u00fcr Beratung und Planung sowie Installation und Service an Computer- und Telekommunikationssystemen. Unsere St\u00e4rken liegen in der Entwicklung von kundenorientierten L\u00f6sungen mit den Kernkompetenzen Informationstechnologie und Telekommunikation. Durch die Verwendung von Standards sowie mit Hilfe [&hellip;]","og_url":"https:\/\/newvoiceinternational.com\/de\/bc-buerocommunication\/","og_site_name":"NewVoice International","article_modified_time":"2023-05-03T12:29:52+00:00","og_image":[{"url":"https:\/\/www.newvoiceinternational.com\/wp-content\/uploads\/2023\/05\/Logo-li.bmp","type":"","width":"","height":""}],"twitter_card":"summary_large_image","twitter_misc":{"Gesch\u00e4tzte Lesezeit":"1\u00a0Minute"},"schema":{"@context":"https:\/\/schema.org","@graph":[{"@type":"WebPage","@id":"https:\/\/newvoiceinternational.com\/de\/bc-buerocommunication\/","url":"https:\/\/newvoiceinternational.com\/de\/bc-buerocommunication\/","name":"B&C-B\u00fcroCommunication - NewVoice International","isPartOf":{"@id":"https:\/\/newvoiceinternational.com\/de\/#website"},"primaryImageOfPage":{"@id":"https:\/\/newvoiceinternational.com\/de\/bc-buerocommunication\/#primaryimage"},"image":{"@id":"https:\/\/newvoiceinternational.com\/de\/bc-buerocommunication\/#primaryimage"},"thumbnailUrl":"https:\/\/www.newvoiceinternational.com\/wp-content\/uploads\/2023\/05\/Logo-li.bmp","datePublished":"2023-05-03T12:28:11+00:00","dateModified":"2023-05-03T12:29:52+00:00","breadcrumb":{"@id":"https:\/\/newvoiceinternational.com\/de\/bc-buerocommunication\/#breadcrumb"},"inLanguage":"de","potentialAction":[{"@type":"ReadAction","target":["https:\/\/newvoiceinternational.com\/de\/bc-buerocommunication\/"]}]},{"@type":"ImageObject","inLanguage":"de","@id":"https:\/\/newvoiceinternational.com\/de\/bc-buerocommunication\/#primaryimage","url":"https:\/\/www.newvoiceinternational.com\/wp-content\/uploads\/2023\/05\/Logo-li.bmp","contentUrl":"https:\/\/www.newvoiceinternational.com\/wp-content\/uploads\/2023\/05\/Logo-li.bmp"},{"@type":"BreadcrumbList","@id":"https:\/\/newvoiceinternational.com\/de\/bc-buerocommunication\/#breadcrumb","itemListElement":[{"@type":"ListItem","position":1,"name":"Home","item":"https:\/\/newvoiceinternational.com\/de\/"},{"@type":"ListItem","position":2,"name":"B&#038;C-B\u00fcroCommunication"}]},{"@type":"WebSite","@id":"https:\/\/newvoiceinternational.com\/de\/#website","url":"https:\/\/newvoiceinternational.com\/de\/","name":"NewVoice International","description":"","publisher":{"@id":"https:\/\/newvoiceinternational.com\/de\/#organization"},"potentialAction":[{"@type":"SearchAction","target":{"@type":"EntryPoint","urlTemplate":"https:\/\/newvoiceinternational.com\/de\/?s={search_term_string}"},"query-input":{"@type":"PropertyValueSpecification","valueRequired":true,"valueName":"search_term_string"}}],"inLanguage":"de"},{"@type":"Organization","@id":"https:\/\/newvoiceinternational.com\/de\/#organization","name":"NewVoice International","url":"https:\/\/newvoiceinternational.com\/de\/","logo":{"@type":"ImageObject","inLanguage":"de","@id":"https:\/\/newvoiceinternational.com\/de\/#\/schema\/logo\/image\/","url":"https:\/\/newvoiceinternational.com\/wp-content\/uploads\/2022\/06\/NV_Logo_RGB.png","contentUrl":"https:\/\/newvoiceinternational.com\/wp-content\/uploads\/2022\/06\/NV_Logo_RGB.png","width":1200,"height":315,"caption":"NewVoice International"},"image":{"@id":"https:\/\/newvoiceinternational.com\/de\/#\/schema\/logo\/image\/"}}]}},"_links":{"self":[{"href":"https:\/\/newvoiceinternational.com\/de\/wp-json\/wp\/v2\/pages\/26589","targetHints":{"allow":["GET"]}}],"collection":[{"href":"https:\/\/newvoiceinternational.com\/de\/wp-json\/wp\/v2\/pages"}],"about":[{"href":"https:\/\/newvoiceinternational.com\/de\/wp-json\/wp\/v2\/types\/page"}],"author":[{"embeddable":true,"href":"https:\/\/newvoiceinternational.com\/de\/wp-json\/wp\/v2\/users\/5"}],"replies":[{"embeddable":true,"href":"https:\/\/newvoiceinternational.com\/de\/wp-json\/wp\/v2\/comments?post=26589"}],"version-history":[{"count":0,"href":"https:\/\/newvoiceinternational.com\/de\/wp-json\/wp\/v2\/pages\/26589\/revisions"}],"wp:attachment":[{"href":"https:\/\/newvoiceinternational.com\/de\/wp-json\/wp\/v2\/media?parent=26589"}],"curies":[{"name":"wp","href":"https:\/\/api.w.org\/{rel}","templated":true}]}}