{"id":26579,"date":"2023-05-03T13:14:29","date_gmt":"2023-05-03T12:14:29","guid":{"rendered":"https:\/\/www.newvoiceinternational.com\/comtelo\/"},"modified":"2023-05-03T13:16:30","modified_gmt":"2023-05-03T12:16:30","slug":"comtelo","status":"publish","type":"page","link":"https:\/\/newvoiceinternational.com\/de\/comtelo\/","title":{"rendered":"comtelo"},"content":{"rendered":"\t\t<div data-elementor-type=\"wp-page\" data-elementor-id=\"26579\" class=\"elementor elementor-26579 elementor-26571\" data-elementor-post-type=\"page\">\n\t\t\t\t\t\t<section class=\"elementor-section elementor-top-section elementor-element elementor-element-97969f5 elementor-section-boxed elementor-section-height-default elementor-section-height-default\" data-id=\"97969f5\" data-element_type=\"section\" data-e-type=\"section\">\n\t\t\t\t\t\t<div class=\"elementor-container elementor-column-gap-default\">\n\t\t\t\t\t<div class=\"elementor-column elementor-col-100 elementor-top-column elementor-element elementor-element-e01de30\" data-id=\"e01de30\" data-element_type=\"column\" data-e-type=\"column\">\n\t\t\t<div class=\"elementor-widget-wrap elementor-element-populated\">\n\t\t\t\t\t\t<div class=\"elementor-element elementor-element-5f7c2b3 elementor-widget elementor-widget-image\" data-id=\"5f7c2b3\" data-element_type=\"widget\" data-e-type=\"widget\" data-widget_type=\"image.default\">\n\t\t\t\t<div class=\"elementor-widget-container\">\n\t\t\t\t\t\t\t\t\t\t\t\t\t\t\t<img fetchpriority=\"high\" decoding=\"async\" width=\"580\" height=\"116\" src=\"https:\/\/newvoiceinternational.com\/wp-content\/uploads\/2023\/05\/comtelo-Logo-png.png\" class=\"attachment-large size-large wp-image-26575\" alt=\"\" srcset=\"https:\/\/newvoiceinternational.com\/wp-content\/uploads\/2023\/05\/comtelo-Logo-png.png 938w, https:\/\/newvoiceinternational.com\/wp-content\/uploads\/2023\/05\/comtelo-Logo-png-300x60.png 300w, https:\/\/newvoiceinternational.com\/wp-content\/uploads\/2023\/05\/comtelo-Logo-png-768x154.png 768w\" sizes=\"(max-width: 580px) 100vw, 580px\" \/>\t\t\t\t\t\t\t\t\t\t\t\t\t\t\t<\/div>\n\t\t\t\t<\/div>\n\t\t\t\t\t<\/div>\n\t\t<\/div>\n\t\t\t\t\t<\/div>\n\t\t<\/section>\n\t\t\t\t<section class=\"elementor-section elementor-top-section elementor-element elementor-element-36ac757 elementor-section-boxed elementor-section-height-default elementor-section-height-default\" data-id=\"36ac757\" data-element_type=\"section\" data-e-type=\"section\">\n\t\t\t\t\t\t<div class=\"elementor-container elementor-column-gap-default\">\n\t\t\t\t\t<div class=\"elementor-column elementor-col-100 elementor-top-column elementor-element elementor-element-de188b3\" data-id=\"de188b3\" data-element_type=\"column\" data-e-type=\"column\">\n\t\t\t<div class=\"elementor-widget-wrap elementor-element-populated\">\n\t\t\t\t\t\t<div class=\"elementor-element elementor-element-cadac45 elementor-widget elementor-widget-text-editor\" data-id=\"cadac45\" data-element_type=\"widget\" data-e-type=\"widget\" data-widget_type=\"text-editor.default\">\n\t\t\t\t<div class=\"elementor-widget-container\">\n\t\t\t\t\t\t\t\t\t<p>Comtelo GbR ist Ihr zuverl\u00e4ssiger und motivierter Partner f\u00fcr alle Projekte rund um Telekommunikation und IP-Video\u00fcberwachung.<\/p>\n<p>Unsere fundierten Qualifikationen basieren auf einer mittlerweile mehr als 30-j\u00e4hrigen Berufserfahrung bei der Integration von Systemleistungen in bestehende IT-Umgebungen. Dabei behalten wir Ihre Bed\u00fcrfnisse stets im Blick und bieten schnellen und umfassenden Support. Ben\u00f6tigen Sie einen Partner mit herausragendem Netzwerk, gewinnbringenden Partnerschaften und umfassenden Kenntnissen? Dann sind Sie bei uns richtig!<\/p>\n<p>Mehr erfahren: <a href=\"http:\/\/www.comtelo.de\">www.comtelo.de<\/a><\/p>\n\t\t\t\t\t\t\t\t<\/div>\n\t\t\t\t<\/div>\n\t\t\t\t\t<\/div>\n\t\t<\/div>\n\t\t\t\t\t<\/div>\n\t\t<\/section>\n\t\t\t\t<\/div>\n\t\t","protected":false},"excerpt":{"rendered":"<p>Comtelo GbR ist Ihr zuverl\u00e4ssiger und motivierter Partner f\u00fcr alle Projekte rund um Telekommunikation und IP-Video\u00fcberwachung. Unsere fundierten Qualifikationen basieren auf einer mittlerweile mehr als 30-j\u00e4hrigen Berufserfahrung bei der Integration von Systemleistungen in bestehende IT-Umgebungen. Dabei behalten wir Ihre Bed\u00fcrfnisse stets im Blick und bieten schnellen und umfassenden Support. Ben\u00f6tigen Sie einen Partner mit herausragendem [&hellip;]<\/p>\n","protected":false},"author":5,"featured_media":0,"parent":0,"menu_order":0,"comment_status":"closed","ping_status":"closed","template":"elementor_header_footer","meta":{"_eb_attr":"","inline_featured_image":false,"footnotes":""},"class_list":["post-26579","page","type-page","status-publish","hentry"],"acf":[],"yoast_head":"<!-- This site is optimized with the Yoast SEO plugin v27.6 - https:\/\/yoast.com\/product\/yoast-seo-wordpress\/ -->\n<title>comtelo - NewVoice International<\/title>\n<meta name=\"robots\" content=\"index, follow, max-snippet:-1, max-image-preview:large, max-video-preview:-1\" \/>\n<link rel=\"canonical\" href=\"https:\/\/newvoiceinternational.com\/de\/comtelo\/\" \/>\n<meta property=\"og:locale\" content=\"de_DE\" \/>\n<meta property=\"og:type\" content=\"article\" \/>\n<meta property=\"og:title\" content=\"comtelo - NewVoice International\" \/>\n<meta property=\"og:description\" content=\"Comtelo GbR ist Ihr zuverl\u00e4ssiger und motivierter Partner f\u00fcr alle Projekte rund um Telekommunikation und IP-Video\u00fcberwachung. Unsere fundierten Qualifikationen basieren auf einer mittlerweile mehr als 30-j\u00e4hrigen Berufserfahrung bei der Integration von Systemleistungen in bestehende IT-Umgebungen. Dabei behalten wir Ihre Bed\u00fcrfnisse stets im Blick und bieten schnellen und umfassenden Support. Ben\u00f6tigen Sie einen Partner mit herausragendem [&hellip;]\" \/>\n<meta property=\"og:url\" content=\"https:\/\/newvoiceinternational.com\/de\/comtelo\/\" \/>\n<meta property=\"og:site_name\" content=\"NewVoice International\" \/>\n<meta property=\"article:modified_time\" content=\"2023-05-03T12:16:30+00:00\" \/>\n<meta property=\"og:image\" content=\"https:\/\/www.newvoiceinternational.com\/wp-content\/uploads\/2023\/05\/comtelo-Logo-png.png\" \/>\n<meta name=\"twitter:card\" content=\"summary_large_image\" \/>\n<script type=\"application\/ld+json\" class=\"yoast-schema-graph\">{\"@context\":\"https:\\\/\\\/schema.org\",\"@graph\":[{\"@type\":\"WebPage\",\"@id\":\"https:\\\/\\\/newvoiceinternational.com\\\/de\\\/comtelo\\\/\",\"url\":\"https:\\\/\\\/newvoiceinternational.com\\\/de\\\/comtelo\\\/\",\"name\":\"comtelo - NewVoice International\",\"isPartOf\":{\"@id\":\"https:\\\/\\\/newvoiceinternational.com\\\/de\\\/#website\"},\"primaryImageOfPage\":{\"@id\":\"https:\\\/\\\/newvoiceinternational.com\\\/de\\\/comtelo\\\/#primaryimage\"},\"image\":{\"@id\":\"https:\\\/\\\/newvoiceinternational.com\\\/de\\\/comtelo\\\/#primaryimage\"},\"thumbnailUrl\":\"https:\\\/\\\/www.newvoiceinternational.com\\\/wp-content\\\/uploads\\\/2023\\\/05\\\/comtelo-Logo-png.png\",\"datePublished\":\"2023-05-03T12:14:29+00:00\",\"dateModified\":\"2023-05-03T12:16:30+00:00\",\"breadcrumb\":{\"@id\":\"https:\\\/\\\/newvoiceinternational.com\\\/de\\\/comtelo\\\/#breadcrumb\"},\"inLanguage\":\"de\",\"potentialAction\":[{\"@type\":\"ReadAction\",\"target\":[\"https:\\\/\\\/newvoiceinternational.com\\\/de\\\/comtelo\\\/\"]}]},{\"@type\":\"ImageObject\",\"inLanguage\":\"de\",\"@id\":\"https:\\\/\\\/newvoiceinternational.com\\\/de\\\/comtelo\\\/#primaryimage\",\"url\":\"https:\\\/\\\/www.newvoiceinternational.com\\\/wp-content\\\/uploads\\\/2023\\\/05\\\/comtelo-Logo-png.png\",\"contentUrl\":\"https:\\\/\\\/www.newvoiceinternational.com\\\/wp-content\\\/uploads\\\/2023\\\/05\\\/comtelo-Logo-png.png\"},{\"@type\":\"BreadcrumbList\",\"@id\":\"https:\\\/\\\/newvoiceinternational.com\\\/de\\\/comtelo\\\/#breadcrumb\",\"itemListElement\":[{\"@type\":\"ListItem\",\"position\":1,\"name\":\"Home\",\"item\":\"https:\\\/\\\/newvoiceinternational.com\\\/de\\\/\"},{\"@type\":\"ListItem\",\"position\":2,\"name\":\"comtelo\"}]},{\"@type\":\"WebSite\",\"@id\":\"https:\\\/\\\/newvoiceinternational.com\\\/de\\\/#website\",\"url\":\"https:\\\/\\\/newvoiceinternational.com\\\/de\\\/\",\"name\":\"NewVoice International\",\"description\":\"\",\"publisher\":{\"@id\":\"https:\\\/\\\/newvoiceinternational.com\\\/de\\\/#organization\"},\"potentialAction\":[{\"@type\":\"SearchAction\",\"target\":{\"@type\":\"EntryPoint\",\"urlTemplate\":\"https:\\\/\\\/newvoiceinternational.com\\\/de\\\/?s={search_term_string}\"},\"query-input\":{\"@type\":\"PropertyValueSpecification\",\"valueRequired\":true,\"valueName\":\"search_term_string\"}}],\"inLanguage\":\"de\"},{\"@type\":\"Organization\",\"@id\":\"https:\\\/\\\/newvoiceinternational.com\\\/de\\\/#organization\",\"name\":\"NewVoice International\",\"url\":\"https:\\\/\\\/newvoiceinternational.com\\\/de\\\/\",\"logo\":{\"@type\":\"ImageObject\",\"inLanguage\":\"de\",\"@id\":\"https:\\\/\\\/newvoiceinternational.com\\\/de\\\/#\\\/schema\\\/logo\\\/image\\\/\",\"url\":\"https:\\\/\\\/newvoiceinternational.com\\\/wp-content\\\/uploads\\\/2022\\\/06\\\/NV_Logo_RGB.png\",\"contentUrl\":\"https:\\\/\\\/newvoiceinternational.com\\\/wp-content\\\/uploads\\\/2022\\\/06\\\/NV_Logo_RGB.png\",\"width\":1200,\"height\":315,\"caption\":\"NewVoice International\"},\"image\":{\"@id\":\"https:\\\/\\\/newvoiceinternational.com\\\/de\\\/#\\\/schema\\\/logo\\\/image\\\/\"}}]}<\/script>\n<!-- \/ Yoast SEO plugin. -->","yoast_head_json":{"title":"comtelo - NewVoice International","robots":{"index":"index","follow":"follow","max-snippet":"max-snippet:-1","max-image-preview":"max-image-preview:large","max-video-preview":"max-video-preview:-1"},"canonical":"https:\/\/newvoiceinternational.com\/de\/comtelo\/","og_locale":"de_DE","og_type":"article","og_title":"comtelo - NewVoice International","og_description":"Comtelo GbR ist Ihr zuverl\u00e4ssiger und motivierter Partner f\u00fcr alle Projekte rund um Telekommunikation und IP-Video\u00fcberwachung. Unsere fundierten Qualifikationen basieren auf einer mittlerweile mehr als 30-j\u00e4hrigen Berufserfahrung bei der Integration von Systemleistungen in bestehende IT-Umgebungen. Dabei behalten wir Ihre Bed\u00fcrfnisse stets im Blick und bieten schnellen und umfassenden Support. Ben\u00f6tigen Sie einen Partner mit herausragendem [&hellip;]","og_url":"https:\/\/newvoiceinternational.com\/de\/comtelo\/","og_site_name":"NewVoice International","article_modified_time":"2023-05-03T12:16:30+00:00","og_image":[{"url":"https:\/\/www.newvoiceinternational.com\/wp-content\/uploads\/2023\/05\/comtelo-Logo-png.png","type":"","width":"","height":""}],"twitter_card":"summary_large_image","schema":{"@context":"https:\/\/schema.org","@graph":[{"@type":"WebPage","@id":"https:\/\/newvoiceinternational.com\/de\/comtelo\/","url":"https:\/\/newvoiceinternational.com\/de\/comtelo\/","name":"comtelo - NewVoice International","isPartOf":{"@id":"https:\/\/newvoiceinternational.com\/de\/#website"},"primaryImageOfPage":{"@id":"https:\/\/newvoiceinternational.com\/de\/comtelo\/#primaryimage"},"image":{"@id":"https:\/\/newvoiceinternational.com\/de\/comtelo\/#primaryimage"},"thumbnailUrl":"https:\/\/www.newvoiceinternational.com\/wp-content\/uploads\/2023\/05\/comtelo-Logo-png.png","datePublished":"2023-05-03T12:14:29+00:00","dateModified":"2023-05-03T12:16:30+00:00","breadcrumb":{"@id":"https:\/\/newvoiceinternational.com\/de\/comtelo\/#breadcrumb"},"inLanguage":"de","potentialAction":[{"@type":"ReadAction","target":["https:\/\/newvoiceinternational.com\/de\/comtelo\/"]}]},{"@type":"ImageObject","inLanguage":"de","@id":"https:\/\/newvoiceinternational.com\/de\/comtelo\/#primaryimage","url":"https:\/\/www.newvoiceinternational.com\/wp-content\/uploads\/2023\/05\/comtelo-Logo-png.png","contentUrl":"https:\/\/www.newvoiceinternational.com\/wp-content\/uploads\/2023\/05\/comtelo-Logo-png.png"},{"@type":"BreadcrumbList","@id":"https:\/\/newvoiceinternational.com\/de\/comtelo\/#breadcrumb","itemListElement":[{"@type":"ListItem","position":1,"name":"Home","item":"https:\/\/newvoiceinternational.com\/de\/"},{"@type":"ListItem","position":2,"name":"comtelo"}]},{"@type":"WebSite","@id":"https:\/\/newvoiceinternational.com\/de\/#website","url":"https:\/\/newvoiceinternational.com\/de\/","name":"NewVoice International","description":"","publisher":{"@id":"https:\/\/newvoiceinternational.com\/de\/#organization"},"potentialAction":[{"@type":"SearchAction","target":{"@type":"EntryPoint","urlTemplate":"https:\/\/newvoiceinternational.com\/de\/?s={search_term_string}"},"query-input":{"@type":"PropertyValueSpecification","valueRequired":true,"valueName":"search_term_string"}}],"inLanguage":"de"},{"@type":"Organization","@id":"https:\/\/newvoiceinternational.com\/de\/#organization","name":"NewVoice International","url":"https:\/\/newvoiceinternational.com\/de\/","logo":{"@type":"ImageObject","inLanguage":"de","@id":"https:\/\/newvoiceinternational.com\/de\/#\/schema\/logo\/image\/","url":"https:\/\/newvoiceinternational.com\/wp-content\/uploads\/2022\/06\/NV_Logo_RGB.png","contentUrl":"https:\/\/newvoiceinternational.com\/wp-content\/uploads\/2022\/06\/NV_Logo_RGB.png","width":1200,"height":315,"caption":"NewVoice International"},"image":{"@id":"https:\/\/newvoiceinternational.com\/de\/#\/schema\/logo\/image\/"}}]}},"_links":{"self":[{"href":"https:\/\/newvoiceinternational.com\/de\/wp-json\/wp\/v2\/pages\/26579","targetHints":{"allow":["GET"]}}],"collection":[{"href":"https:\/\/newvoiceinternational.com\/de\/wp-json\/wp\/v2\/pages"}],"about":[{"href":"https:\/\/newvoiceinternational.com\/de\/wp-json\/wp\/v2\/types\/page"}],"author":[{"embeddable":true,"href":"https:\/\/newvoiceinternational.com\/de\/wp-json\/wp\/v2\/users\/5"}],"replies":[{"embeddable":true,"href":"https:\/\/newvoiceinternational.com\/de\/wp-json\/wp\/v2\/comments?post=26579"}],"version-history":[{"count":0,"href":"https:\/\/newvoiceinternational.com\/de\/wp-json\/wp\/v2\/pages\/26579\/revisions"}],"wp:attachment":[{"href":"https:\/\/newvoiceinternational.com\/de\/wp-json\/wp\/v2\/media?parent=26579"}],"curies":[{"name":"wp","href":"https:\/\/api.w.org\/{rel}","templated":true}]}}