{"id":26555,"date":"2023-05-03T12:54:11","date_gmt":"2023-05-03T11:54:11","guid":{"rendered":"https:\/\/www.newvoiceinternational.com\/net-sol\/"},"modified":"2023-05-03T12:57:43","modified_gmt":"2023-05-03T11:57:43","slug":"net-sol","status":"publish","type":"page","link":"https:\/\/newvoiceinternational.com\/de\/net-sol\/","title":{"rendered":"net-sol"},"content":{"rendered":"\t\t<div data-elementor-type=\"wp-page\" data-elementor-id=\"26555\" class=\"elementor elementor-26555 elementor-26547\" data-elementor-post-type=\"page\">\n\t\t\t\t\t\t<section class=\"elementor-section elementor-top-section elementor-element elementor-element-5e0c73c elementor-section-boxed elementor-section-height-default elementor-section-height-default\" data-id=\"5e0c73c\" data-element_type=\"section\" data-e-type=\"section\">\n\t\t\t\t\t\t<div class=\"elementor-container elementor-column-gap-default\">\n\t\t\t\t\t<div class=\"elementor-column elementor-col-100 elementor-top-column elementor-element elementor-element-ef3077d\" data-id=\"ef3077d\" data-element_type=\"column\" data-e-type=\"column\">\n\t\t\t<div class=\"elementor-widget-wrap elementor-element-populated\">\n\t\t\t\t\t\t<div class=\"elementor-element elementor-element-66d974d elementor-widget elementor-widget-image\" data-id=\"66d974d\" data-element_type=\"widget\" data-e-type=\"widget\" data-widget_type=\"image.default\">\n\t\t\t\t<div class=\"elementor-widget-container\">\n\t\t\t\t\t\t\t\t\t\t\t\t\t\t\t<img fetchpriority=\"high\" decoding=\"async\" width=\"580\" height=\"164\" src=\"https:\/\/newvoiceinternational.com\/wp-content\/uploads\/2023\/05\/net-sol-Gmbh.png\" class=\"attachment-large size-large wp-image-26551\" alt=\"\" srcset=\"https:\/\/newvoiceinternational.com\/wp-content\/uploads\/2023\/05\/net-sol-Gmbh.png 828w, https:\/\/newvoiceinternational.com\/wp-content\/uploads\/2023\/05\/net-sol-Gmbh-300x85.png 300w, https:\/\/newvoiceinternational.com\/wp-content\/uploads\/2023\/05\/net-sol-Gmbh-768x217.png 768w\" sizes=\"(max-width: 580px) 100vw, 580px\" \/>\t\t\t\t\t\t\t\t\t\t\t\t\t\t\t<\/div>\n\t\t\t\t<\/div>\n\t\t\t\t\t<\/div>\n\t\t<\/div>\n\t\t\t\t\t<\/div>\n\t\t<\/section>\n\t\t\t\t<section class=\"elementor-section elementor-top-section elementor-element elementor-element-40ec132 elementor-section-boxed elementor-section-height-default elementor-section-height-default\" data-id=\"40ec132\" data-element_type=\"section\" data-e-type=\"section\">\n\t\t\t\t\t\t<div class=\"elementor-container elementor-column-gap-default\">\n\t\t\t\t\t<div class=\"elementor-column elementor-col-100 elementor-top-column elementor-element elementor-element-b4f8918\" data-id=\"b4f8918\" data-element_type=\"column\" data-e-type=\"column\">\n\t\t\t<div class=\"elementor-widget-wrap elementor-element-populated\">\n\t\t\t\t\t\t<div class=\"elementor-element elementor-element-6ecd5b8 elementor-widget elementor-widget-text-editor\" data-id=\"6ecd5b8\" data-element_type=\"widget\" data-e-type=\"widget\" data-widget_type=\"text-editor.default\">\n\t\t\t\t<div class=\"elementor-widget-container\">\n\t\t\t\t\t\t\t\t\t<p>net-sol GmbH ist ein IT-Dienstleistungsunternehmen mit Sitz in Wien, das sich auf die Entwicklung und Implementierung von IT-L\u00f6sungen f\u00fcr Unternehmen spezialisiert hat.<\/p>\n<p>Das Unternehmen bietet eine breite Palette von IT-Dienstleistungen an, darunter:<\/p>\n<ul>\n<li>Beratung und Planung von IT-Projekten<\/li>\n<li>Implementierung Software- und Hardware-L\u00f6sungen<\/li>\n<li>Betreuung von IT-Infrastruktur und Netzwerken<\/li>\n<li>Cloud-L\u00f6sungen<\/li>\n<li>Hosting-Services<\/li>\n<li>Cybersecurity-L\u00f6sungen und Beratung<\/li>\n<li>Managed IT Services<\/li>\n<li>IT-Outsourcing<\/li>\n<li>Voice over IP Telefonie-L\u00f6sungen<\/li>\n<li>Alarmserver-L\u00f6sungen<\/li>\n<\/ul>\n<p>net-sol GmbH hat auch Partnerschaften mit verschiedenen f\u00fchrenden IT-Unternehmen, wie z.B. Microsoft, VMware, Dell, .. um seinen Kunden die bestm\u00f6glichen L\u00f6sungen und Dienstleistungen zu bieten.<\/p>\n<p>Mehr erfahren: <a href=\"https:\/\/net-sol.at\/\">https:\/\/net-sol.at<\/a><\/p>\n\t\t\t\t\t\t\t\t<\/div>\n\t\t\t\t<\/div>\n\t\t\t\t\t<\/div>\n\t\t<\/div>\n\t\t\t\t\t<\/div>\n\t\t<\/section>\n\t\t\t\t<\/div>\n\t\t","protected":false},"excerpt":{"rendered":"<p>net-sol GmbH ist ein IT-Dienstleistungsunternehmen mit Sitz in Wien, das sich auf die Entwicklung und Implementierung von IT-L\u00f6sungen f\u00fcr Unternehmen spezialisiert hat. Das Unternehmen bietet eine breite Palette von IT-Dienstleistungen an, darunter: Beratung und Planung von IT-Projekten Implementierung Software- und Hardware-L\u00f6sungen Betreuung von IT-Infrastruktur und Netzwerken Cloud-L\u00f6sungen Hosting-Services Cybersecurity-L\u00f6sungen und Beratung Managed IT Services IT-Outsourcing [&hellip;]<\/p>\n","protected":false},"author":5,"featured_media":0,"parent":0,"menu_order":0,"comment_status":"closed","ping_status":"closed","template":"elementor_header_footer","meta":{"_eb_attr":"","inline_featured_image":false,"footnotes":""},"class_list":["post-26555","page","type-page","status-publish","hentry"],"acf":[],"yoast_head":"<!-- This site is optimized with the Yoast SEO plugin v27.2 - https:\/\/yoast.com\/product\/yoast-seo-wordpress\/ -->\n<title>net-sol - NewVoice International<\/title>\n<meta name=\"robots\" content=\"index, follow, max-snippet:-1, max-image-preview:large, max-video-preview:-1\" \/>\n<link rel=\"canonical\" href=\"https:\/\/newvoiceinternational.com\/de\/net-sol\/\" \/>\n<meta property=\"og:locale\" content=\"de_DE\" \/>\n<meta property=\"og:type\" content=\"article\" \/>\n<meta property=\"og:title\" content=\"net-sol - NewVoice International\" \/>\n<meta property=\"og:description\" content=\"net-sol GmbH ist ein IT-Dienstleistungsunternehmen mit Sitz in Wien, das sich auf die Entwicklung und Implementierung von IT-L\u00f6sungen f\u00fcr Unternehmen spezialisiert hat. Das Unternehmen bietet eine breite Palette von IT-Dienstleistungen an, darunter: Beratung und Planung von IT-Projekten Implementierung Software- und Hardware-L\u00f6sungen Betreuung von IT-Infrastruktur und Netzwerken Cloud-L\u00f6sungen Hosting-Services Cybersecurity-L\u00f6sungen und Beratung Managed IT Services IT-Outsourcing [&hellip;]\" \/>\n<meta property=\"og:url\" content=\"https:\/\/newvoiceinternational.com\/de\/net-sol\/\" \/>\n<meta property=\"og:site_name\" content=\"NewVoice International\" \/>\n<meta property=\"article:modified_time\" content=\"2023-05-03T11:57:43+00:00\" \/>\n<meta property=\"og:image\" content=\"https:\/\/www.newvoiceinternational.com\/wp-content\/uploads\/2023\/05\/net-sol-Gmbh.png\" \/>\n<meta name=\"twitter:card\" content=\"summary_large_image\" \/>\n<meta name=\"twitter:label1\" content=\"Gesch\u00e4tzte Lesezeit\" \/>\n\t<meta name=\"twitter:data1\" content=\"1\u00a0Minute\" \/>\n<script type=\"application\/ld+json\" class=\"yoast-schema-graph\">{\"@context\":\"https:\/\/schema.org\",\"@graph\":[{\"@type\":\"WebPage\",\"@id\":\"https:\/\/newvoiceinternational.com\/de\/net-sol\/\",\"url\":\"https:\/\/newvoiceinternational.com\/de\/net-sol\/\",\"name\":\"net-sol - NewVoice International\",\"isPartOf\":{\"@id\":\"https:\/\/newvoiceinternational.com\/#website\"},\"primaryImageOfPage\":{\"@id\":\"https:\/\/newvoiceinternational.com\/de\/net-sol\/#primaryimage\"},\"image\":{\"@id\":\"https:\/\/newvoiceinternational.com\/de\/net-sol\/#primaryimage\"},\"thumbnailUrl\":\"https:\/\/www.newvoiceinternational.com\/wp-content\/uploads\/2023\/05\/net-sol-Gmbh.png\",\"datePublished\":\"2023-05-03T11:54:11+00:00\",\"dateModified\":\"2023-05-03T11:57:43+00:00\",\"breadcrumb\":{\"@id\":\"https:\/\/newvoiceinternational.com\/de\/net-sol\/#breadcrumb\"},\"inLanguage\":\"de\",\"potentialAction\":[{\"@type\":\"ReadAction\",\"target\":[\"https:\/\/newvoiceinternational.com\/de\/net-sol\/\"]}]},{\"@type\":\"ImageObject\",\"inLanguage\":\"de\",\"@id\":\"https:\/\/newvoiceinternational.com\/de\/net-sol\/#primaryimage\",\"url\":\"https:\/\/www.newvoiceinternational.com\/wp-content\/uploads\/2023\/05\/net-sol-Gmbh.png\",\"contentUrl\":\"https:\/\/www.newvoiceinternational.com\/wp-content\/uploads\/2023\/05\/net-sol-Gmbh.png\"},{\"@type\":\"BreadcrumbList\",\"@id\":\"https:\/\/newvoiceinternational.com\/de\/net-sol\/#breadcrumb\",\"itemListElement\":[{\"@type\":\"ListItem\",\"position\":1,\"name\":\"Home\",\"item\":\"https:\/\/newvoiceinternational.com\/fr\/\"},{\"@type\":\"ListItem\",\"position\":2,\"name\":\"net-sol\"}]},{\"@type\":\"WebSite\",\"@id\":\"https:\/\/newvoiceinternational.com\/#website\",\"url\":\"https:\/\/newvoiceinternational.com\/\",\"name\":\"NewVoice International\",\"description\":\"\",\"publisher\":{\"@id\":\"https:\/\/newvoiceinternational.com\/#organization\"},\"potentialAction\":[{\"@type\":\"SearchAction\",\"target\":{\"@type\":\"EntryPoint\",\"urlTemplate\":\"https:\/\/newvoiceinternational.com\/?s={search_term_string}\"},\"query-input\":{\"@type\":\"PropertyValueSpecification\",\"valueRequired\":true,\"valueName\":\"search_term_string\"}}],\"inLanguage\":\"de\"},{\"@type\":\"Organization\",\"@id\":\"https:\/\/newvoiceinternational.com\/#organization\",\"name\":\"NewVoice International\",\"url\":\"https:\/\/newvoiceinternational.com\/\",\"logo\":{\"@type\":\"ImageObject\",\"inLanguage\":\"de\",\"@id\":\"https:\/\/newvoiceinternational.com\/#\/schema\/logo\/image\/\",\"url\":\"https:\/\/newvoiceinternational.com\/wp-content\/uploads\/2022\/06\/NV_Logo_RGB.png\",\"contentUrl\":\"https:\/\/newvoiceinternational.com\/wp-content\/uploads\/2022\/06\/NV_Logo_RGB.png\",\"width\":1200,\"height\":315,\"caption\":\"NewVoice International\"},\"image\":{\"@id\":\"https:\/\/newvoiceinternational.com\/#\/schema\/logo\/image\/\"}}]}<\/script>\n<!-- \/ Yoast SEO plugin. -->","yoast_head_json":{"title":"net-sol - NewVoice International","robots":{"index":"index","follow":"follow","max-snippet":"max-snippet:-1","max-image-preview":"max-image-preview:large","max-video-preview":"max-video-preview:-1"},"canonical":"https:\/\/newvoiceinternational.com\/de\/net-sol\/","og_locale":"de_DE","og_type":"article","og_title":"net-sol - NewVoice International","og_description":"net-sol GmbH ist ein IT-Dienstleistungsunternehmen mit Sitz in Wien, das sich auf die Entwicklung und Implementierung von IT-L\u00f6sungen f\u00fcr Unternehmen spezialisiert hat. Das Unternehmen bietet eine breite Palette von IT-Dienstleistungen an, darunter: Beratung und Planung von IT-Projekten Implementierung Software- und Hardware-L\u00f6sungen Betreuung von IT-Infrastruktur und Netzwerken Cloud-L\u00f6sungen Hosting-Services Cybersecurity-L\u00f6sungen und Beratung Managed IT Services IT-Outsourcing [&hellip;]","og_url":"https:\/\/newvoiceinternational.com\/de\/net-sol\/","og_site_name":"NewVoice International","article_modified_time":"2023-05-03T11:57:43+00:00","og_image":[{"url":"https:\/\/www.newvoiceinternational.com\/wp-content\/uploads\/2023\/05\/net-sol-Gmbh.png","type":"","width":"","height":""}],"twitter_card":"summary_large_image","twitter_misc":{"Gesch\u00e4tzte Lesezeit":"1\u00a0Minute"},"schema":{"@context":"https:\/\/schema.org","@graph":[{"@type":"WebPage","@id":"https:\/\/newvoiceinternational.com\/de\/net-sol\/","url":"https:\/\/newvoiceinternational.com\/de\/net-sol\/","name":"net-sol - NewVoice International","isPartOf":{"@id":"https:\/\/newvoiceinternational.com\/#website"},"primaryImageOfPage":{"@id":"https:\/\/newvoiceinternational.com\/de\/net-sol\/#primaryimage"},"image":{"@id":"https:\/\/newvoiceinternational.com\/de\/net-sol\/#primaryimage"},"thumbnailUrl":"https:\/\/www.newvoiceinternational.com\/wp-content\/uploads\/2023\/05\/net-sol-Gmbh.png","datePublished":"2023-05-03T11:54:11+00:00","dateModified":"2023-05-03T11:57:43+00:00","breadcrumb":{"@id":"https:\/\/newvoiceinternational.com\/de\/net-sol\/#breadcrumb"},"inLanguage":"de","potentialAction":[{"@type":"ReadAction","target":["https:\/\/newvoiceinternational.com\/de\/net-sol\/"]}]},{"@type":"ImageObject","inLanguage":"de","@id":"https:\/\/newvoiceinternational.com\/de\/net-sol\/#primaryimage","url":"https:\/\/www.newvoiceinternational.com\/wp-content\/uploads\/2023\/05\/net-sol-Gmbh.png","contentUrl":"https:\/\/www.newvoiceinternational.com\/wp-content\/uploads\/2023\/05\/net-sol-Gmbh.png"},{"@type":"BreadcrumbList","@id":"https:\/\/newvoiceinternational.com\/de\/net-sol\/#breadcrumb","itemListElement":[{"@type":"ListItem","position":1,"name":"Home","item":"https:\/\/newvoiceinternational.com\/fr\/"},{"@type":"ListItem","position":2,"name":"net-sol"}]},{"@type":"WebSite","@id":"https:\/\/newvoiceinternational.com\/#website","url":"https:\/\/newvoiceinternational.com\/","name":"NewVoice International","description":"","publisher":{"@id":"https:\/\/newvoiceinternational.com\/#organization"},"potentialAction":[{"@type":"SearchAction","target":{"@type":"EntryPoint","urlTemplate":"https:\/\/newvoiceinternational.com\/?s={search_term_string}"},"query-input":{"@type":"PropertyValueSpecification","valueRequired":true,"valueName":"search_term_string"}}],"inLanguage":"de"},{"@type":"Organization","@id":"https:\/\/newvoiceinternational.com\/#organization","name":"NewVoice International","url":"https:\/\/newvoiceinternational.com\/","logo":{"@type":"ImageObject","inLanguage":"de","@id":"https:\/\/newvoiceinternational.com\/#\/schema\/logo\/image\/","url":"https:\/\/newvoiceinternational.com\/wp-content\/uploads\/2022\/06\/NV_Logo_RGB.png","contentUrl":"https:\/\/newvoiceinternational.com\/wp-content\/uploads\/2022\/06\/NV_Logo_RGB.png","width":1200,"height":315,"caption":"NewVoice International"},"image":{"@id":"https:\/\/newvoiceinternational.com\/#\/schema\/logo\/image\/"}}]}},"_links":{"self":[{"href":"https:\/\/newvoiceinternational.com\/de\/wp-json\/wp\/v2\/pages\/26555","targetHints":{"allow":["GET"]}}],"collection":[{"href":"https:\/\/newvoiceinternational.com\/de\/wp-json\/wp\/v2\/pages"}],"about":[{"href":"https:\/\/newvoiceinternational.com\/de\/wp-json\/wp\/v2\/types\/page"}],"author":[{"embeddable":true,"href":"https:\/\/newvoiceinternational.com\/de\/wp-json\/wp\/v2\/users\/5"}],"replies":[{"embeddable":true,"href":"https:\/\/newvoiceinternational.com\/de\/wp-json\/wp\/v2\/comments?post=26555"}],"version-history":[{"count":0,"href":"https:\/\/newvoiceinternational.com\/de\/wp-json\/wp\/v2\/pages\/26555\/revisions"}],"wp:attachment":[{"href":"https:\/\/newvoiceinternational.com\/de\/wp-json\/wp\/v2\/media?parent=26555"}],"curies":[{"name":"wp","href":"https:\/\/api.w.org\/{rel}","templated":true}]}}