{"id":26545,"date":"2023-05-03T12:48:56","date_gmt":"2023-05-03T11:48:56","guid":{"rendered":"https:\/\/www.newvoiceinternational.com\/sipconnect\/"},"modified":"2023-05-03T12:50:47","modified_gmt":"2023-05-03T11:50:47","slug":"sipconnect","status":"publish","type":"page","link":"https:\/\/newvoiceinternational.com\/de\/sipconnect\/","title":{"rendered":"SIPconnect"},"content":{"rendered":"\t\t<div data-elementor-type=\"wp-page\" data-elementor-id=\"26545\" class=\"elementor elementor-26545 elementor-26537\" data-elementor-post-type=\"page\">\n\t\t\t\t\t\t<section class=\"elementor-section elementor-top-section elementor-element elementor-element-abb2609 elementor-section-boxed elementor-section-height-default elementor-section-height-default\" data-id=\"abb2609\" data-element_type=\"section\" data-e-type=\"section\">\n\t\t\t\t\t\t<div class=\"elementor-container elementor-column-gap-default\">\n\t\t\t\t\t<div class=\"elementor-column elementor-col-100 elementor-top-column elementor-element elementor-element-6904618\" data-id=\"6904618\" data-element_type=\"column\" data-e-type=\"column\">\n\t\t\t<div class=\"elementor-widget-wrap elementor-element-populated\">\n\t\t\t\t\t\t<div class=\"elementor-element elementor-element-e25a8ca elementor-widget elementor-widget-image\" data-id=\"e25a8ca\" data-element_type=\"widget\" data-e-type=\"widget\" data-widget_type=\"image.default\">\n\t\t\t\t<div class=\"elementor-widget-container\">\n\t\t\t\t\t\t\t\t\t\t\t\t\t\t\t<img fetchpriority=\"high\" decoding=\"async\" width=\"580\" height=\"99\" src=\"https:\/\/newvoiceinternational.com\/wp-content\/uploads\/2023\/05\/sipconnect_logo_cmyk-1024x175.jpg\" class=\"attachment-large size-large wp-image-26541\" alt=\"\" srcset=\"https:\/\/newvoiceinternational.com\/wp-content\/uploads\/2023\/05\/sipconnect_logo_cmyk-1024x175.jpg 1024w, https:\/\/newvoiceinternational.com\/wp-content\/uploads\/2023\/05\/sipconnect_logo_cmyk-300x51.jpg 300w, https:\/\/newvoiceinternational.com\/wp-content\/uploads\/2023\/05\/sipconnect_logo_cmyk-768x131.jpg 768w, https:\/\/newvoiceinternational.com\/wp-content\/uploads\/2023\/05\/sipconnect_logo_cmyk-1536x262.jpg 1536w, https:\/\/newvoiceinternational.com\/wp-content\/uploads\/2023\/05\/sipconnect_logo_cmyk-2048x349.jpg 2048w, https:\/\/newvoiceinternational.com\/wp-content\/uploads\/2023\/05\/sipconnect_logo_cmyk-1200x205.jpg 1200w, https:\/\/newvoiceinternational.com\/wp-content\/uploads\/2023\/05\/sipconnect_logo_cmyk-1980x338.jpg 1980w\" sizes=\"(max-width: 580px) 100vw, 580px\" \/>\t\t\t\t\t\t\t\t\t\t\t\t\t\t\t<\/div>\n\t\t\t\t<\/div>\n\t\t\t\t\t<\/div>\n\t\t<\/div>\n\t\t\t\t\t<\/div>\n\t\t<\/section>\n\t\t\t\t<section class=\"elementor-section elementor-top-section elementor-element elementor-element-87595a9 elementor-section-boxed elementor-section-height-default elementor-section-height-default\" data-id=\"87595a9\" data-element_type=\"section\" data-e-type=\"section\">\n\t\t\t\t\t\t<div class=\"elementor-container elementor-column-gap-default\">\n\t\t\t\t\t<div class=\"elementor-column elementor-col-100 elementor-top-column elementor-element elementor-element-1eccf7e\" data-id=\"1eccf7e\" data-element_type=\"column\" data-e-type=\"column\">\n\t\t\t<div class=\"elementor-widget-wrap elementor-element-populated\">\n\t\t\t\t\t\t<div class=\"elementor-element elementor-element-6f5c426 elementor-widget elementor-widget-text-editor\" data-id=\"6f5c426\" data-element_type=\"widget\" data-e-type=\"widget\" data-widget_type=\"text-editor.default\">\n\t\t\t\t<div class=\"elementor-widget-container\">\n\t\t\t\t\t\t\t\t\t<p>SIPconnect GmbH \u2013 Ihr zuverl\u00e4ssiger Partner f\u00fcr individuelle Kommunikationsl\u00f6sungen.<\/p>\n<p>Seit unserer Gr\u00fcndung im Jahr 2009 haben wir uns zum Ziel gesetzt, ma\u00dfgeschneiderte Kommunikations-L\u00f6sungen f\u00fcr jeden Bedarf zu entwickeln.<\/p>\n<p>Stolz konzentrieren wir uns auf die Errichtung von Notrufkommunikationssystemen im Gesundheitswesen und f\u00fcr Industriebetriebe.<\/p>\n<p>Wir verstehen, dass es hierbei um die Sicherheit und das Wohlbefinden der Mitarbeiter und Patienten geht und setzen uns daf\u00fcr ein, dass solche Anforderungen erf\u00fcllt werden.<\/p>\n<p>Unser Team steht Ihnen w\u00e4hrend des gesamten Projektzyklus zur Seite \u2013 von der Planung bis zur Inbetriebnahme und bieten individuell abgestimmte Servicevertr\u00e4ge, um auch im laufenden Betrieb zu helfen und sicherzustellen, dass Ihre Kommunikationssysteme immer einwandfrei funktionieren.<\/p>\n<p>Durch unsere Partnerschaften mit f\u00fchrenden Herstellern von Kommunikationseinrichtungen f\u00fcr Sprache und Daten sowie Notrufeinrichtungen k\u00f6nnen wir umfassende Gesamtl\u00f6sungen bereitstellen und sehen uns auch als Systemintegrator, um verschiedene Spezialanwendungen in einem System zusammenzuf\u00fchren.<\/p>\n<p>Technologie schreitet schnell voran, daher unterst\u00fctzen wir Sie bei der schrittweisen Migration in neue Technologien, um bestehende Investitionen zu sch\u00fctzen und Ihre Kommunikationsl\u00f6sungen stets auf dem neuesten Stand zu halten.<\/p>\n<p>Mehr erfahren: <a href=\"https:\/\/www.sipconnect.at\/sipconnect-leistungen\/sipconnect-alarmserver\/\">https:\/\/www.sipconnect.at\/sipconnect-leistungen\/sipconnect-alarmserver\/<\/a><\/p>\n\t\t\t\t\t\t\t\t<\/div>\n\t\t\t\t<\/div>\n\t\t\t\t\t<\/div>\n\t\t<\/div>\n\t\t\t\t\t<\/div>\n\t\t<\/section>\n\t\t\t\t<\/div>\n\t\t","protected":false},"excerpt":{"rendered":"<p>SIPconnect GmbH \u2013 Ihr zuverl\u00e4ssiger Partner f\u00fcr individuelle Kommunikationsl\u00f6sungen. Seit unserer Gr\u00fcndung im Jahr 2009 haben wir uns zum Ziel gesetzt, ma\u00dfgeschneiderte Kommunikations-L\u00f6sungen f\u00fcr jeden Bedarf zu entwickeln. Stolz konzentrieren wir uns auf die Errichtung von Notrufkommunikationssystemen im Gesundheitswesen und f\u00fcr Industriebetriebe. Wir verstehen, dass es hierbei um die Sicherheit und das Wohlbefinden der Mitarbeiter [&hellip;]<\/p>\n","protected":false},"author":5,"featured_media":0,"parent":0,"menu_order":0,"comment_status":"closed","ping_status":"closed","template":"elementor_header_footer","meta":{"_eb_attr":"","inline_featured_image":false,"footnotes":""},"class_list":["post-26545","page","type-page","status-publish","hentry"],"acf":[],"yoast_head":"<!-- This site is optimized with the Yoast SEO plugin v27.3 - https:\/\/yoast.com\/product\/yoast-seo-wordpress\/ -->\n<title>SIPconnect - NewVoice International<\/title>\n<meta name=\"robots\" content=\"index, follow, max-snippet:-1, max-image-preview:large, max-video-preview:-1\" \/>\n<link rel=\"canonical\" href=\"https:\/\/newvoiceinternational.com\/de\/sipconnect\/\" \/>\n<meta property=\"og:locale\" content=\"de_DE\" \/>\n<meta property=\"og:type\" content=\"article\" \/>\n<meta property=\"og:title\" content=\"SIPconnect - NewVoice International\" \/>\n<meta property=\"og:description\" content=\"SIPconnect GmbH \u2013 Ihr zuverl\u00e4ssiger Partner f\u00fcr individuelle Kommunikationsl\u00f6sungen. Seit unserer Gr\u00fcndung im Jahr 2009 haben wir uns zum Ziel gesetzt, ma\u00dfgeschneiderte Kommunikations-L\u00f6sungen f\u00fcr jeden Bedarf zu entwickeln. Stolz konzentrieren wir uns auf die Errichtung von Notrufkommunikationssystemen im Gesundheitswesen und f\u00fcr Industriebetriebe. Wir verstehen, dass es hierbei um die Sicherheit und das Wohlbefinden der Mitarbeiter [&hellip;]\" \/>\n<meta property=\"og:url\" content=\"https:\/\/newvoiceinternational.com\/de\/sipconnect\/\" \/>\n<meta property=\"og:site_name\" content=\"NewVoice International\" \/>\n<meta property=\"article:modified_time\" content=\"2023-05-03T11:50:47+00:00\" \/>\n<meta property=\"og:image\" content=\"https:\/\/www.newvoiceinternational.com\/wp-content\/uploads\/2023\/05\/sipconnect_logo_cmyk-1024x175.jpg\" \/>\n<meta name=\"twitter:card\" content=\"summary_large_image\" \/>\n<meta name=\"twitter:label1\" content=\"Gesch\u00e4tzte Lesezeit\" \/>\n\t<meta name=\"twitter:data1\" content=\"1\u00a0Minute\" \/>\n<script type=\"application\/ld+json\" class=\"yoast-schema-graph\">{\"@context\":\"https:\\\/\\\/schema.org\",\"@graph\":[{\"@type\":\"WebPage\",\"@id\":\"https:\\\/\\\/newvoiceinternational.com\\\/de\\\/sipconnect\\\/\",\"url\":\"https:\\\/\\\/newvoiceinternational.com\\\/de\\\/sipconnect\\\/\",\"name\":\"SIPconnect - NewVoice International\",\"isPartOf\":{\"@id\":\"https:\\\/\\\/newvoiceinternational.com\\\/de\\\/#website\"},\"primaryImageOfPage\":{\"@id\":\"https:\\\/\\\/newvoiceinternational.com\\\/de\\\/sipconnect\\\/#primaryimage\"},\"image\":{\"@id\":\"https:\\\/\\\/newvoiceinternational.com\\\/de\\\/sipconnect\\\/#primaryimage\"},\"thumbnailUrl\":\"https:\\\/\\\/www.newvoiceinternational.com\\\/wp-content\\\/uploads\\\/2023\\\/05\\\/sipconnect_logo_cmyk-1024x175.jpg\",\"datePublished\":\"2023-05-03T11:48:56+00:00\",\"dateModified\":\"2023-05-03T11:50:47+00:00\",\"breadcrumb\":{\"@id\":\"https:\\\/\\\/newvoiceinternational.com\\\/de\\\/sipconnect\\\/#breadcrumb\"},\"inLanguage\":\"de\",\"potentialAction\":[{\"@type\":\"ReadAction\",\"target\":[\"https:\\\/\\\/newvoiceinternational.com\\\/de\\\/sipconnect\\\/\"]}]},{\"@type\":\"ImageObject\",\"inLanguage\":\"de\",\"@id\":\"https:\\\/\\\/newvoiceinternational.com\\\/de\\\/sipconnect\\\/#primaryimage\",\"url\":\"https:\\\/\\\/www.newvoiceinternational.com\\\/wp-content\\\/uploads\\\/2023\\\/05\\\/sipconnect_logo_cmyk-1024x175.jpg\",\"contentUrl\":\"https:\\\/\\\/www.newvoiceinternational.com\\\/wp-content\\\/uploads\\\/2023\\\/05\\\/sipconnect_logo_cmyk-1024x175.jpg\"},{\"@type\":\"BreadcrumbList\",\"@id\":\"https:\\\/\\\/newvoiceinternational.com\\\/de\\\/sipconnect\\\/#breadcrumb\",\"itemListElement\":[{\"@type\":\"ListItem\",\"position\":1,\"name\":\"Home\",\"item\":\"https:\\\/\\\/newvoiceinternational.com\\\/de\\\/\"},{\"@type\":\"ListItem\",\"position\":2,\"name\":\"SIPconnect\"}]},{\"@type\":\"WebSite\",\"@id\":\"https:\\\/\\\/newvoiceinternational.com\\\/de\\\/#website\",\"url\":\"https:\\\/\\\/newvoiceinternational.com\\\/de\\\/\",\"name\":\"NewVoice International\",\"description\":\"\",\"publisher\":{\"@id\":\"https:\\\/\\\/newvoiceinternational.com\\\/de\\\/#organization\"},\"potentialAction\":[{\"@type\":\"SearchAction\",\"target\":{\"@type\":\"EntryPoint\",\"urlTemplate\":\"https:\\\/\\\/newvoiceinternational.com\\\/de\\\/?s={search_term_string}\"},\"query-input\":{\"@type\":\"PropertyValueSpecification\",\"valueRequired\":true,\"valueName\":\"search_term_string\"}}],\"inLanguage\":\"de\"},{\"@type\":\"Organization\",\"@id\":\"https:\\\/\\\/newvoiceinternational.com\\\/de\\\/#organization\",\"name\":\"NewVoice International\",\"url\":\"https:\\\/\\\/newvoiceinternational.com\\\/de\\\/\",\"logo\":{\"@type\":\"ImageObject\",\"inLanguage\":\"de\",\"@id\":\"https:\\\/\\\/newvoiceinternational.com\\\/de\\\/#\\\/schema\\\/logo\\\/image\\\/\",\"url\":\"https:\\\/\\\/newvoiceinternational.com\\\/wp-content\\\/uploads\\\/2022\\\/06\\\/NV_Logo_RGB.png\",\"contentUrl\":\"https:\\\/\\\/newvoiceinternational.com\\\/wp-content\\\/uploads\\\/2022\\\/06\\\/NV_Logo_RGB.png\",\"width\":1200,\"height\":315,\"caption\":\"NewVoice International\"},\"image\":{\"@id\":\"https:\\\/\\\/newvoiceinternational.com\\\/de\\\/#\\\/schema\\\/logo\\\/image\\\/\"}}]}<\/script>\n<!-- \/ Yoast SEO plugin. -->","yoast_head_json":{"title":"SIPconnect - NewVoice International","robots":{"index":"index","follow":"follow","max-snippet":"max-snippet:-1","max-image-preview":"max-image-preview:large","max-video-preview":"max-video-preview:-1"},"canonical":"https:\/\/newvoiceinternational.com\/de\/sipconnect\/","og_locale":"de_DE","og_type":"article","og_title":"SIPconnect - NewVoice International","og_description":"SIPconnect GmbH \u2013 Ihr zuverl\u00e4ssiger Partner f\u00fcr individuelle Kommunikationsl\u00f6sungen. Seit unserer Gr\u00fcndung im Jahr 2009 haben wir uns zum Ziel gesetzt, ma\u00dfgeschneiderte Kommunikations-L\u00f6sungen f\u00fcr jeden Bedarf zu entwickeln. Stolz konzentrieren wir uns auf die Errichtung von Notrufkommunikationssystemen im Gesundheitswesen und f\u00fcr Industriebetriebe. Wir verstehen, dass es hierbei um die Sicherheit und das Wohlbefinden der Mitarbeiter [&hellip;]","og_url":"https:\/\/newvoiceinternational.com\/de\/sipconnect\/","og_site_name":"NewVoice International","article_modified_time":"2023-05-03T11:50:47+00:00","og_image":[{"url":"https:\/\/www.newvoiceinternational.com\/wp-content\/uploads\/2023\/05\/sipconnect_logo_cmyk-1024x175.jpg","type":"","width":"","height":""}],"twitter_card":"summary_large_image","twitter_misc":{"Gesch\u00e4tzte Lesezeit":"1\u00a0Minute"},"schema":{"@context":"https:\/\/schema.org","@graph":[{"@type":"WebPage","@id":"https:\/\/newvoiceinternational.com\/de\/sipconnect\/","url":"https:\/\/newvoiceinternational.com\/de\/sipconnect\/","name":"SIPconnect - NewVoice International","isPartOf":{"@id":"https:\/\/newvoiceinternational.com\/de\/#website"},"primaryImageOfPage":{"@id":"https:\/\/newvoiceinternational.com\/de\/sipconnect\/#primaryimage"},"image":{"@id":"https:\/\/newvoiceinternational.com\/de\/sipconnect\/#primaryimage"},"thumbnailUrl":"https:\/\/www.newvoiceinternational.com\/wp-content\/uploads\/2023\/05\/sipconnect_logo_cmyk-1024x175.jpg","datePublished":"2023-05-03T11:48:56+00:00","dateModified":"2023-05-03T11:50:47+00:00","breadcrumb":{"@id":"https:\/\/newvoiceinternational.com\/de\/sipconnect\/#breadcrumb"},"inLanguage":"de","potentialAction":[{"@type":"ReadAction","target":["https:\/\/newvoiceinternational.com\/de\/sipconnect\/"]}]},{"@type":"ImageObject","inLanguage":"de","@id":"https:\/\/newvoiceinternational.com\/de\/sipconnect\/#primaryimage","url":"https:\/\/www.newvoiceinternational.com\/wp-content\/uploads\/2023\/05\/sipconnect_logo_cmyk-1024x175.jpg","contentUrl":"https:\/\/www.newvoiceinternational.com\/wp-content\/uploads\/2023\/05\/sipconnect_logo_cmyk-1024x175.jpg"},{"@type":"BreadcrumbList","@id":"https:\/\/newvoiceinternational.com\/de\/sipconnect\/#breadcrumb","itemListElement":[{"@type":"ListItem","position":1,"name":"Home","item":"https:\/\/newvoiceinternational.com\/de\/"},{"@type":"ListItem","position":2,"name":"SIPconnect"}]},{"@type":"WebSite","@id":"https:\/\/newvoiceinternational.com\/de\/#website","url":"https:\/\/newvoiceinternational.com\/de\/","name":"NewVoice International","description":"","publisher":{"@id":"https:\/\/newvoiceinternational.com\/de\/#organization"},"potentialAction":[{"@type":"SearchAction","target":{"@type":"EntryPoint","urlTemplate":"https:\/\/newvoiceinternational.com\/de\/?s={search_term_string}"},"query-input":{"@type":"PropertyValueSpecification","valueRequired":true,"valueName":"search_term_string"}}],"inLanguage":"de"},{"@type":"Organization","@id":"https:\/\/newvoiceinternational.com\/de\/#organization","name":"NewVoice International","url":"https:\/\/newvoiceinternational.com\/de\/","logo":{"@type":"ImageObject","inLanguage":"de","@id":"https:\/\/newvoiceinternational.com\/de\/#\/schema\/logo\/image\/","url":"https:\/\/newvoiceinternational.com\/wp-content\/uploads\/2022\/06\/NV_Logo_RGB.png","contentUrl":"https:\/\/newvoiceinternational.com\/wp-content\/uploads\/2022\/06\/NV_Logo_RGB.png","width":1200,"height":315,"caption":"NewVoice International"},"image":{"@id":"https:\/\/newvoiceinternational.com\/de\/#\/schema\/logo\/image\/"}}]}},"_links":{"self":[{"href":"https:\/\/newvoiceinternational.com\/de\/wp-json\/wp\/v2\/pages\/26545","targetHints":{"allow":["GET"]}}],"collection":[{"href":"https:\/\/newvoiceinternational.com\/de\/wp-json\/wp\/v2\/pages"}],"about":[{"href":"https:\/\/newvoiceinternational.com\/de\/wp-json\/wp\/v2\/types\/page"}],"author":[{"embeddable":true,"href":"https:\/\/newvoiceinternational.com\/de\/wp-json\/wp\/v2\/users\/5"}],"replies":[{"embeddable":true,"href":"https:\/\/newvoiceinternational.com\/de\/wp-json\/wp\/v2\/comments?post=26545"}],"version-history":[{"count":0,"href":"https:\/\/newvoiceinternational.com\/de\/wp-json\/wp\/v2\/pages\/26545\/revisions"}],"wp:attachment":[{"href":"https:\/\/newvoiceinternational.com\/de\/wp-json\/wp\/v2\/media?parent=26545"}],"curies":[{"name":"wp","href":"https:\/\/api.w.org\/{rel}","templated":true}]}}