{"id":26535,"date":"2023-05-03T12:35:03","date_gmt":"2023-05-03T11:35:03","guid":{"rendered":"https:\/\/www.newvoiceinternational.com\/mehoko\/"},"modified":"2023-05-03T12:37:56","modified_gmt":"2023-05-03T11:37:56","slug":"mehoko","status":"publish","type":"page","link":"https:\/\/newvoiceinternational.com\/de\/mehoko\/","title":{"rendered":"Mehoko"},"content":{"rendered":"\t\t<div data-elementor-type=\"wp-page\" data-elementor-id=\"26535\" class=\"elementor elementor-26535 elementor-26524\" data-elementor-post-type=\"page\">\n\t\t\t\t\t\t<section class=\"elementor-section elementor-top-section elementor-element elementor-element-b6bbe27 elementor-section-boxed elementor-section-height-default elementor-section-height-default\" data-id=\"b6bbe27\" data-element_type=\"section\">\n\t\t\t\t\t\t<div class=\"elementor-container elementor-column-gap-default\">\n\t\t\t\t\t<div class=\"elementor-column elementor-col-100 elementor-top-column elementor-element elementor-element-f972487\" data-id=\"f972487\" data-element_type=\"column\">\n\t\t\t<div class=\"elementor-widget-wrap elementor-element-populated\">\n\t\t\t\t\t\t<div class=\"elementor-element elementor-element-9fa71f2 elementor-widget elementor-widget-image\" data-id=\"9fa71f2\" data-element_type=\"widget\" data-widget_type=\"image.default\">\n\t\t\t\t<div class=\"elementor-widget-container\">\n\t\t\t\t\t\t\t\t\t\t\t\t\t\t\t<img fetchpriority=\"high\" decoding=\"async\" width=\"580\" height=\"145\" src=\"https:\/\/newvoiceinternational.com\/wp-content\/uploads\/2023\/05\/mehoko-logo-01.png\" class=\"attachment-large size-large wp-image-26528\" alt=\"\" srcset=\"https:\/\/newvoiceinternational.com\/wp-content\/uploads\/2023\/05\/mehoko-logo-01.png 661w, https:\/\/newvoiceinternational.com\/wp-content\/uploads\/2023\/05\/mehoko-logo-01-300x75.png 300w\" sizes=\"(max-width: 580px) 100vw, 580px\" \/>\t\t\t\t\t\t\t\t\t\t\t\t\t\t\t<\/div>\n\t\t\t\t<\/div>\n\t\t\t\t\t<\/div>\n\t\t<\/div>\n\t\t\t\t\t<\/div>\n\t\t<\/section>\n\t\t\t\t<section class=\"elementor-section elementor-top-section elementor-element elementor-element-0504458 elementor-section-boxed elementor-section-height-default elementor-section-height-default\" data-id=\"0504458\" data-element_type=\"section\">\n\t\t\t\t\t\t<div class=\"elementor-container elementor-column-gap-default\">\n\t\t\t\t\t<div class=\"elementor-column elementor-col-100 elementor-top-column elementor-element elementor-element-abab015\" data-id=\"abab015\" data-element_type=\"column\">\n\t\t\t<div class=\"elementor-widget-wrap elementor-element-populated\">\n\t\t\t\t\t\t<div class=\"elementor-element elementor-element-3230ed3 elementor-widget elementor-widget-text-editor\" data-id=\"3230ed3\" data-element_type=\"widget\" data-widget_type=\"text-editor.default\">\n\t\t\t\t<div class=\"elementor-widget-container\">\n\t\t\t\t\t\t\t\t\t<p>MEHOKO &#8211; Meinhart &amp; Heldele GmbH ist Vertriebs- und Servicepartner f\u00fcr <strong>Unify (Siemens)<\/strong> und <strong>Alcatel <\/strong>Telekommunikationssysteme.<\/p>\n<p>MEHOKO hat sich aus den qualifiziertesten Mitarbeitern von Unify und Alcatel herausgebildet und ist mittlerweile ein \u00fcberregionales Unternehmen mit einem <a href=\"https:\/\/mehoko.at\/team\/\">Team <\/a>von 24 Mitarbeitern.<\/p>\n<p>Wir <strong>beraten<\/strong>, <strong>verkaufen<\/strong> und <strong>servicieren<\/strong> umfangreich im Bereich der Telekommunikation.<\/p>\n<p>Unsere <a href=\"https:\/\/mehoko.at\/kommunikationsloesungen\/\">Kommunikationsl\u00f6sungen<\/a>:<\/p>\n<ul>\n<li>Modernste Digital und VOIP-Telefonanlagen mit Smartphone-Integration<\/li>\n<li>Private und \u00f6ffentliche Cloud-L\u00f6sungen<\/li>\n<li>Integrierte MS Teams Telefonie<\/li>\n<li>Alarmierungstechnik<\/li>\n<li>Netzwerk und WLAN<\/li>\n<li>Contact Center L\u00f6sungen<\/li>\n<li>Hilfe beim Umstieg von ISDN auf die neue VOIP-SIP Technik<\/li>\n<\/ul>\n<p>mit MEHOKO web&amp;voice<\/p>\n<p>Unsere <strong>aktuell 14 Systemtechniker<\/strong> verf\u00fcgen \u00fcber die h\u00f6chsten Zertifizierungen f\u00fcr alle Unify und Alcatel Telefonanlagen und betreuen eine Vielzahl von Unternehmen in <strong>Salzburg, Tirol, Ober\u00f6sterreich, Wien und Nieder\u00f6sterreich<\/strong>.<\/p>\n<p>Wir sind f\u00fcr Sie <strong>direkt telefonisch erreichbar<\/strong>. Sie werden nicht an ein &#8211; meist im Ausland stationiertes Call-Center &#8211; weitergeleitet. Die regionalen Techniker sind rasch bei Ihnen vor Ort.<\/p>\n<p>Wir konnten mit unserem Servicekonzept nicht nur namhafte Kunden in ganz \u00d6sterreich gewinnen, es brachte uns auch die Nominierung zum <strong>Salzburger Wirtschaftspreis \u201eWIKARUS\u201c<\/strong> ein.<\/p>\n<p>Unter der Website\u00a0<a href=\"http:\/\/www.mehoko.at\">www.mehoko.at<\/a>\u00a0k\u00f6nnen Sie weitere Details und Referenzen abfragen.<\/p>\n\t\t\t\t\t\t\t\t<\/div>\n\t\t\t\t<\/div>\n\t\t\t\t\t<\/div>\n\t\t<\/div>\n\t\t\t\t\t<\/div>\n\t\t<\/section>\n\t\t\t\t<\/div>\n\t\t","protected":false},"excerpt":{"rendered":"<p>MEHOKO &#8211; Meinhart &amp; Heldele GmbH ist Vertriebs- und Servicepartner f\u00fcr Unify (Siemens) und Alcatel Telekommunikationssysteme. MEHOKO hat sich aus den qualifiziertesten Mitarbeitern von Unify und Alcatel herausgebildet und ist mittlerweile ein \u00fcberregionales Unternehmen mit einem Team von 24 Mitarbeitern. Wir beraten, verkaufen und servicieren umfangreich im Bereich der Telekommunikation. Unsere Kommunikationsl\u00f6sungen: Modernste Digital und [&hellip;]<\/p>\n","protected":false},"author":5,"featured_media":0,"parent":0,"menu_order":0,"comment_status":"closed","ping_status":"closed","template":"elementor_header_footer","meta":{"_eb_attr":"","inline_featured_image":false,"footnotes":""},"class_list":["post-26535","page","type-page","status-publish","hentry"],"acf":[],"yoast_head":"<!-- This site is optimized with the Yoast SEO plugin v26.7 - https:\/\/yoast.com\/wordpress\/plugins\/seo\/ -->\n<title>Mehoko - NewVoice International<\/title>\n<meta name=\"robots\" content=\"index, follow, max-snippet:-1, max-image-preview:large, max-video-preview:-1\" \/>\n<link rel=\"canonical\" href=\"https:\/\/newvoiceinternational.com\/de\/mehoko\/\" \/>\n<meta property=\"og:locale\" content=\"de_DE\" \/>\n<meta property=\"og:type\" content=\"article\" \/>\n<meta property=\"og:title\" content=\"Mehoko - NewVoice International\" \/>\n<meta property=\"og:description\" content=\"MEHOKO &#8211; Meinhart &amp; Heldele GmbH ist Vertriebs- und Servicepartner f\u00fcr Unify (Siemens) und Alcatel Telekommunikationssysteme. MEHOKO hat sich aus den qualifiziertesten Mitarbeitern von Unify und Alcatel herausgebildet und ist mittlerweile ein \u00fcberregionales Unternehmen mit einem Team von 24 Mitarbeitern. Wir beraten, verkaufen und servicieren umfangreich im Bereich der Telekommunikation. Unsere Kommunikationsl\u00f6sungen: Modernste Digital und [&hellip;]\" \/>\n<meta property=\"og:url\" content=\"https:\/\/newvoiceinternational.com\/de\/mehoko\/\" \/>\n<meta property=\"og:site_name\" content=\"NewVoice International\" \/>\n<meta property=\"article:modified_time\" content=\"2023-05-03T11:37:56+00:00\" \/>\n<meta property=\"og:image\" content=\"https:\/\/www.newvoiceinternational.com\/wp-content\/uploads\/2023\/05\/mehoko-logo-01.png\" \/>\n<meta name=\"twitter:card\" content=\"summary_large_image\" \/>\n<meta name=\"twitter:label1\" content=\"Gesch\u00e4tzte Lesezeit\" \/>\n\t<meta name=\"twitter:data1\" content=\"1\u00a0Minute\" \/>\n<script type=\"application\/ld+json\" class=\"yoast-schema-graph\">{\"@context\":\"https:\/\/schema.org\",\"@graph\":[{\"@type\":\"WebPage\",\"@id\":\"https:\/\/newvoiceinternational.com\/de\/mehoko\/\",\"url\":\"https:\/\/newvoiceinternational.com\/de\/mehoko\/\",\"name\":\"Mehoko - NewVoice International\",\"isPartOf\":{\"@id\":\"https:\/\/newvoiceinternational.com\/#website\"},\"primaryImageOfPage\":{\"@id\":\"https:\/\/newvoiceinternational.com\/de\/mehoko\/#primaryimage\"},\"image\":{\"@id\":\"https:\/\/newvoiceinternational.com\/de\/mehoko\/#primaryimage\"},\"thumbnailUrl\":\"https:\/\/www.newvoiceinternational.com\/wp-content\/uploads\/2023\/05\/mehoko-logo-01.png\",\"datePublished\":\"2023-05-03T11:35:03+00:00\",\"dateModified\":\"2023-05-03T11:37:56+00:00\",\"breadcrumb\":{\"@id\":\"https:\/\/newvoiceinternational.com\/de\/mehoko\/#breadcrumb\"},\"inLanguage\":\"de\",\"potentialAction\":[{\"@type\":\"ReadAction\",\"target\":[\"https:\/\/newvoiceinternational.com\/de\/mehoko\/\"]}]},{\"@type\":\"ImageObject\",\"inLanguage\":\"de\",\"@id\":\"https:\/\/newvoiceinternational.com\/de\/mehoko\/#primaryimage\",\"url\":\"https:\/\/www.newvoiceinternational.com\/wp-content\/uploads\/2023\/05\/mehoko-logo-01.png\",\"contentUrl\":\"https:\/\/www.newvoiceinternational.com\/wp-content\/uploads\/2023\/05\/mehoko-logo-01.png\"},{\"@type\":\"BreadcrumbList\",\"@id\":\"https:\/\/newvoiceinternational.com\/de\/mehoko\/#breadcrumb\",\"itemListElement\":[{\"@type\":\"ListItem\",\"position\":1,\"name\":\"Home\",\"item\":\"https:\/\/newvoiceinternational.com\/fr\/\"},{\"@type\":\"ListItem\",\"position\":2,\"name\":\"Mehoko\"}]},{\"@type\":\"WebSite\",\"@id\":\"https:\/\/newvoiceinternational.com\/#website\",\"url\":\"https:\/\/newvoiceinternational.com\/\",\"name\":\"NewVoice International\",\"description\":\"\",\"publisher\":{\"@id\":\"https:\/\/newvoiceinternational.com\/#organization\"},\"potentialAction\":[{\"@type\":\"SearchAction\",\"target\":{\"@type\":\"EntryPoint\",\"urlTemplate\":\"https:\/\/newvoiceinternational.com\/?s={search_term_string}\"},\"query-input\":{\"@type\":\"PropertyValueSpecification\",\"valueRequired\":true,\"valueName\":\"search_term_string\"}}],\"inLanguage\":\"de\"},{\"@type\":\"Organization\",\"@id\":\"https:\/\/newvoiceinternational.com\/#organization\",\"name\":\"NewVoice International\",\"url\":\"https:\/\/newvoiceinternational.com\/\",\"logo\":{\"@type\":\"ImageObject\",\"inLanguage\":\"de\",\"@id\":\"https:\/\/newvoiceinternational.com\/#\/schema\/logo\/image\/\",\"url\":\"https:\/\/newvoiceinternational.com\/wp-content\/uploads\/2022\/06\/NV_Logo_RGB.png\",\"contentUrl\":\"https:\/\/newvoiceinternational.com\/wp-content\/uploads\/2022\/06\/NV_Logo_RGB.png\",\"width\":1200,\"height\":315,\"caption\":\"NewVoice International\"},\"image\":{\"@id\":\"https:\/\/newvoiceinternational.com\/#\/schema\/logo\/image\/\"}}]}<\/script>\n<!-- \/ Yoast SEO plugin. -->","yoast_head_json":{"title":"Mehoko - NewVoice International","robots":{"index":"index","follow":"follow","max-snippet":"max-snippet:-1","max-image-preview":"max-image-preview:large","max-video-preview":"max-video-preview:-1"},"canonical":"https:\/\/newvoiceinternational.com\/de\/mehoko\/","og_locale":"de_DE","og_type":"article","og_title":"Mehoko - NewVoice International","og_description":"MEHOKO &#8211; Meinhart &amp; Heldele GmbH ist Vertriebs- und Servicepartner f\u00fcr Unify (Siemens) und Alcatel Telekommunikationssysteme. MEHOKO hat sich aus den qualifiziertesten Mitarbeitern von Unify und Alcatel herausgebildet und ist mittlerweile ein \u00fcberregionales Unternehmen mit einem Team von 24 Mitarbeitern. Wir beraten, verkaufen und servicieren umfangreich im Bereich der Telekommunikation. Unsere Kommunikationsl\u00f6sungen: Modernste Digital und [&hellip;]","og_url":"https:\/\/newvoiceinternational.com\/de\/mehoko\/","og_site_name":"NewVoice International","article_modified_time":"2023-05-03T11:37:56+00:00","og_image":[{"url":"https:\/\/www.newvoiceinternational.com\/wp-content\/uploads\/2023\/05\/mehoko-logo-01.png","type":"","width":"","height":""}],"twitter_card":"summary_large_image","twitter_misc":{"Gesch\u00e4tzte Lesezeit":"1\u00a0Minute"},"schema":{"@context":"https:\/\/schema.org","@graph":[{"@type":"WebPage","@id":"https:\/\/newvoiceinternational.com\/de\/mehoko\/","url":"https:\/\/newvoiceinternational.com\/de\/mehoko\/","name":"Mehoko - NewVoice International","isPartOf":{"@id":"https:\/\/newvoiceinternational.com\/#website"},"primaryImageOfPage":{"@id":"https:\/\/newvoiceinternational.com\/de\/mehoko\/#primaryimage"},"image":{"@id":"https:\/\/newvoiceinternational.com\/de\/mehoko\/#primaryimage"},"thumbnailUrl":"https:\/\/www.newvoiceinternational.com\/wp-content\/uploads\/2023\/05\/mehoko-logo-01.png","datePublished":"2023-05-03T11:35:03+00:00","dateModified":"2023-05-03T11:37:56+00:00","breadcrumb":{"@id":"https:\/\/newvoiceinternational.com\/de\/mehoko\/#breadcrumb"},"inLanguage":"de","potentialAction":[{"@type":"ReadAction","target":["https:\/\/newvoiceinternational.com\/de\/mehoko\/"]}]},{"@type":"ImageObject","inLanguage":"de","@id":"https:\/\/newvoiceinternational.com\/de\/mehoko\/#primaryimage","url":"https:\/\/www.newvoiceinternational.com\/wp-content\/uploads\/2023\/05\/mehoko-logo-01.png","contentUrl":"https:\/\/www.newvoiceinternational.com\/wp-content\/uploads\/2023\/05\/mehoko-logo-01.png"},{"@type":"BreadcrumbList","@id":"https:\/\/newvoiceinternational.com\/de\/mehoko\/#breadcrumb","itemListElement":[{"@type":"ListItem","position":1,"name":"Home","item":"https:\/\/newvoiceinternational.com\/fr\/"},{"@type":"ListItem","position":2,"name":"Mehoko"}]},{"@type":"WebSite","@id":"https:\/\/newvoiceinternational.com\/#website","url":"https:\/\/newvoiceinternational.com\/","name":"NewVoice International","description":"","publisher":{"@id":"https:\/\/newvoiceinternational.com\/#organization"},"potentialAction":[{"@type":"SearchAction","target":{"@type":"EntryPoint","urlTemplate":"https:\/\/newvoiceinternational.com\/?s={search_term_string}"},"query-input":{"@type":"PropertyValueSpecification","valueRequired":true,"valueName":"search_term_string"}}],"inLanguage":"de"},{"@type":"Organization","@id":"https:\/\/newvoiceinternational.com\/#organization","name":"NewVoice International","url":"https:\/\/newvoiceinternational.com\/","logo":{"@type":"ImageObject","inLanguage":"de","@id":"https:\/\/newvoiceinternational.com\/#\/schema\/logo\/image\/","url":"https:\/\/newvoiceinternational.com\/wp-content\/uploads\/2022\/06\/NV_Logo_RGB.png","contentUrl":"https:\/\/newvoiceinternational.com\/wp-content\/uploads\/2022\/06\/NV_Logo_RGB.png","width":1200,"height":315,"caption":"NewVoice International"},"image":{"@id":"https:\/\/newvoiceinternational.com\/#\/schema\/logo\/image\/"}}]}},"_links":{"self":[{"href":"https:\/\/newvoiceinternational.com\/de\/wp-json\/wp\/v2\/pages\/26535","targetHints":{"allow":["GET"]}}],"collection":[{"href":"https:\/\/newvoiceinternational.com\/de\/wp-json\/wp\/v2\/pages"}],"about":[{"href":"https:\/\/newvoiceinternational.com\/de\/wp-json\/wp\/v2\/types\/page"}],"author":[{"embeddable":true,"href":"https:\/\/newvoiceinternational.com\/de\/wp-json\/wp\/v2\/users\/5"}],"replies":[{"embeddable":true,"href":"https:\/\/newvoiceinternational.com\/de\/wp-json\/wp\/v2\/comments?post=26535"}],"version-history":[{"count":0,"href":"https:\/\/newvoiceinternational.com\/de\/wp-json\/wp\/v2\/pages\/26535\/revisions"}],"wp:attachment":[{"href":"https:\/\/newvoiceinternational.com\/de\/wp-json\/wp\/v2\/media?parent=26535"}],"curies":[{"name":"wp","href":"https:\/\/api.w.org\/{rel}","templated":true}]}}