{"id":26251,"date":"2023-04-24T10:14:11","date_gmt":"2023-04-24T09:14:11","guid":{"rendered":"https:\/\/www.newvoiceinternational.com\/teletech\/"},"modified":"2023-04-24T10:16:46","modified_gmt":"2023-04-24T09:16:46","slug":"teletech","status":"publish","type":"page","link":"https:\/\/newvoiceinternational.com\/de\/teletech\/","title":{"rendered":"TeleTech"},"content":{"rendered":"\t\t<div data-elementor-type=\"wp-page\" data-elementor-id=\"26251\" class=\"elementor elementor-26251 elementor-26240\" data-elementor-post-type=\"page\">\n\t\t\t\t\t\t<section class=\"elementor-section elementor-top-section elementor-element elementor-element-21cba1e elementor-section-boxed elementor-section-height-default elementor-section-height-default\" data-id=\"21cba1e\" data-element_type=\"section\" data-e-type=\"section\">\n\t\t\t\t\t\t<div class=\"elementor-container elementor-column-gap-default\">\n\t\t\t\t\t<div class=\"elementor-column elementor-col-100 elementor-top-column elementor-element elementor-element-c2ae983\" data-id=\"c2ae983\" data-element_type=\"column\" data-e-type=\"column\">\n\t\t\t<div class=\"elementor-widget-wrap elementor-element-populated\">\n\t\t\t\t\t\t<div class=\"elementor-element elementor-element-515de4c elementor-widget elementor-widget-image\" data-id=\"515de4c\" data-element_type=\"widget\" data-e-type=\"widget\" data-widget_type=\"image.default\">\n\t\t\t\t<div class=\"elementor-widget-container\">\n\t\t\t\t\t\t\t\t\t\t\t\t\t\t\t<img fetchpriority=\"high\" decoding=\"async\" width=\"580\" height=\"177\" src=\"https:\/\/newvoiceinternational.com\/wp-content\/uploads\/2023\/04\/TT_Logo_neu_Blau-2021-1-768x235.png\" class=\"attachment-medium_large size-medium_large wp-image-26244\" alt=\"\" srcset=\"https:\/\/newvoiceinternational.com\/wp-content\/uploads\/2023\/04\/TT_Logo_neu_Blau-2021-1-768x235.png 768w, https:\/\/newvoiceinternational.com\/wp-content\/uploads\/2023\/04\/TT_Logo_neu_Blau-2021-1-300x92.png 300w, https:\/\/newvoiceinternational.com\/wp-content\/uploads\/2023\/04\/TT_Logo_neu_Blau-2021-1-1024x313.png 1024w, https:\/\/newvoiceinternational.com\/wp-content\/uploads\/2023\/04\/TT_Logo_neu_Blau-2021-1-1536x469.png 1536w, https:\/\/newvoiceinternational.com\/wp-content\/uploads\/2023\/04\/TT_Logo_neu_Blau-2021-1-2048x626.png 2048w, https:\/\/newvoiceinternational.com\/wp-content\/uploads\/2023\/04\/TT_Logo_neu_Blau-2021-1-1200x367.png 1200w, https:\/\/newvoiceinternational.com\/wp-content\/uploads\/2023\/04\/TT_Logo_neu_Blau-2021-1-1980x605.png 1980w\" sizes=\"(max-width: 580px) 100vw, 580px\" \/>\t\t\t\t\t\t\t\t\t\t\t\t\t\t\t<\/div>\n\t\t\t\t<\/div>\n\t\t\t\t\t<\/div>\n\t\t<\/div>\n\t\t\t\t\t<\/div>\n\t\t<\/section>\n\t\t\t\t<section class=\"elementor-section elementor-top-section elementor-element elementor-element-f0df25d elementor-section-boxed elementor-section-height-default elementor-section-height-default\" data-id=\"f0df25d\" data-element_type=\"section\" data-e-type=\"section\">\n\t\t\t\t\t\t<div class=\"elementor-container elementor-column-gap-default\">\n\t\t\t\t\t<div class=\"elementor-column elementor-col-100 elementor-top-column elementor-element elementor-element-7d87005\" data-id=\"7d87005\" data-element_type=\"column\" data-e-type=\"column\">\n\t\t\t<div class=\"elementor-widget-wrap elementor-element-populated\">\n\t\t\t\t\t\t<div class=\"elementor-element elementor-element-9560107 elementor-widget elementor-widget-text-editor\" data-id=\"9560107\" data-element_type=\"widget\" data-e-type=\"widget\" data-widget_type=\"text-editor.default\">\n\t\t\t\t<div class=\"elementor-widget-container\">\n\t\t\t\t\t\t\t\t\t<p>Wir sind als Systemhaus seit 30 Jahren am Kommunikationsmarkt erfolgreich t\u00e4tig. Mit vier Niederlassungen in ZOSSEN, BERLIN, COTTBUS und MAGDEBURG sind wir einer der leistungsst\u00e4rksten Anbieter f\u00fcr Kommunikations- und Datentechnik.<br \/>\nIn unseren Niederlassungen stehen Ihnen zertifiziertes Vertriebs- und Technikpersonal f\u00fcr Installations- und Serviceaufgaben f\u00fcr Ihre Kommunikationsl\u00f6sung zur Verf\u00fcgung.<\/p>\n<p>Um den Anspr\u00fcchen an Ihre Kommunikationsl\u00f6sung gerecht zu werden, sind starke und langj\u00e4hrige Partnerschaften mit den Herstellern am Kommunikationsmarkt Voraussetzung.<\/p>\n<p>Die Anspr\u00fcche an uns selbst sind die Grundlage f\u00fcr erfolgreiche Kundenprojekte:<\/p>\n<ul>\n<li>Hohe Qualit\u00e4t unserer Arbeit<\/li>\n<li>Kompetente Beratung<\/li>\n<li>Innovative L\u00f6sungen<\/li>\n<li>G\u00fcnstiges Preis-\/Leistungsverh\u00e4ltnis<\/li>\n<li>Absolute Zuverl\u00e4ssigkeit<\/li>\n<li>Kundenfreundlicher Service<\/li>\n<\/ul>\n\t\t\t\t\t\t\t\t<\/div>\n\t\t\t\t<\/div>\n\t\t\t\t\t<\/div>\n\t\t<\/div>\n\t\t\t\t\t<\/div>\n\t\t<\/section>\n\t\t\t\t<\/div>\n\t\t","protected":false},"excerpt":{"rendered":"<p>Wir sind als Systemhaus seit 30 Jahren am Kommunikationsmarkt erfolgreich t\u00e4tig. Mit vier Niederlassungen in ZOSSEN, BERLIN, COTTBUS und MAGDEBURG sind wir einer der leistungsst\u00e4rksten Anbieter f\u00fcr Kommunikations- und Datentechnik. In unseren Niederlassungen stehen Ihnen zertifiziertes Vertriebs- und Technikpersonal f\u00fcr Installations- und Serviceaufgaben f\u00fcr Ihre Kommunikationsl\u00f6sung zur Verf\u00fcgung. Um den Anspr\u00fcchen an Ihre Kommunikationsl\u00f6sung gerecht [&hellip;]<\/p>\n","protected":false},"author":5,"featured_media":0,"parent":0,"menu_order":0,"comment_status":"closed","ping_status":"closed","template":"elementor_header_footer","meta":{"_eb_attr":"","inline_featured_image":false,"footnotes":""},"class_list":["post-26251","page","type-page","status-publish","hentry"],"acf":[],"yoast_head":"<!-- This site is optimized with the Yoast SEO plugin v27.4 - https:\/\/yoast.com\/product\/yoast-seo-wordpress\/ -->\n<title>TeleTech - NewVoice International<\/title>\n<meta name=\"robots\" content=\"index, follow, max-snippet:-1, max-image-preview:large, max-video-preview:-1\" \/>\n<link rel=\"canonical\" href=\"https:\/\/newvoiceinternational.com\/de\/teletech\/\" \/>\n<meta property=\"og:locale\" content=\"de_DE\" \/>\n<meta property=\"og:type\" content=\"article\" \/>\n<meta property=\"og:title\" content=\"TeleTech - NewVoice International\" \/>\n<meta property=\"og:description\" content=\"Wir sind als Systemhaus seit 30 Jahren am Kommunikationsmarkt erfolgreich t\u00e4tig. Mit vier Niederlassungen in ZOSSEN, BERLIN, COTTBUS und MAGDEBURG sind wir einer der leistungsst\u00e4rksten Anbieter f\u00fcr Kommunikations- und Datentechnik. In unseren Niederlassungen stehen Ihnen zertifiziertes Vertriebs- und Technikpersonal f\u00fcr Installations- und Serviceaufgaben f\u00fcr Ihre Kommunikationsl\u00f6sung zur Verf\u00fcgung. Um den Anspr\u00fcchen an Ihre Kommunikationsl\u00f6sung gerecht [&hellip;]\" \/>\n<meta property=\"og:url\" content=\"https:\/\/newvoiceinternational.com\/de\/teletech\/\" \/>\n<meta property=\"og:site_name\" content=\"NewVoice International\" \/>\n<meta property=\"article:modified_time\" content=\"2023-04-24T09:16:46+00:00\" \/>\n<meta property=\"og:image\" content=\"https:\/\/www.newvoiceinternational.com\/wp-content\/uploads\/2023\/04\/TT_Logo_neu_Blau-2021-1-768x235.png\" \/>\n<meta name=\"twitter:card\" content=\"summary_large_image\" \/>\n<meta name=\"twitter:label1\" content=\"Gesch\u00e4tzte Lesezeit\" \/>\n\t<meta name=\"twitter:data1\" content=\"1\u00a0Minute\" \/>\n<script type=\"application\/ld+json\" class=\"yoast-schema-graph\">{\"@context\":\"https:\\\/\\\/schema.org\",\"@graph\":[{\"@type\":\"WebPage\",\"@id\":\"https:\\\/\\\/newvoiceinternational.com\\\/de\\\/teletech\\\/\",\"url\":\"https:\\\/\\\/newvoiceinternational.com\\\/de\\\/teletech\\\/\",\"name\":\"TeleTech - NewVoice International\",\"isPartOf\":{\"@id\":\"https:\\\/\\\/newvoiceinternational.com\\\/de\\\/#website\"},\"primaryImageOfPage\":{\"@id\":\"https:\\\/\\\/newvoiceinternational.com\\\/de\\\/teletech\\\/#primaryimage\"},\"image\":{\"@id\":\"https:\\\/\\\/newvoiceinternational.com\\\/de\\\/teletech\\\/#primaryimage\"},\"thumbnailUrl\":\"https:\\\/\\\/www.newvoiceinternational.com\\\/wp-content\\\/uploads\\\/2023\\\/04\\\/TT_Logo_neu_Blau-2021-1-768x235.png\",\"datePublished\":\"2023-04-24T09:14:11+00:00\",\"dateModified\":\"2023-04-24T09:16:46+00:00\",\"breadcrumb\":{\"@id\":\"https:\\\/\\\/newvoiceinternational.com\\\/de\\\/teletech\\\/#breadcrumb\"},\"inLanguage\":\"de\",\"potentialAction\":[{\"@type\":\"ReadAction\",\"target\":[\"https:\\\/\\\/newvoiceinternational.com\\\/de\\\/teletech\\\/\"]}]},{\"@type\":\"ImageObject\",\"inLanguage\":\"de\",\"@id\":\"https:\\\/\\\/newvoiceinternational.com\\\/de\\\/teletech\\\/#primaryimage\",\"url\":\"https:\\\/\\\/www.newvoiceinternational.com\\\/wp-content\\\/uploads\\\/2023\\\/04\\\/TT_Logo_neu_Blau-2021-1-768x235.png\",\"contentUrl\":\"https:\\\/\\\/www.newvoiceinternational.com\\\/wp-content\\\/uploads\\\/2023\\\/04\\\/TT_Logo_neu_Blau-2021-1-768x235.png\"},{\"@type\":\"BreadcrumbList\",\"@id\":\"https:\\\/\\\/newvoiceinternational.com\\\/de\\\/teletech\\\/#breadcrumb\",\"itemListElement\":[{\"@type\":\"ListItem\",\"position\":1,\"name\":\"Home\",\"item\":\"https:\\\/\\\/newvoiceinternational.com\\\/de\\\/\"},{\"@type\":\"ListItem\",\"position\":2,\"name\":\"TeleTech\"}]},{\"@type\":\"WebSite\",\"@id\":\"https:\\\/\\\/newvoiceinternational.com\\\/de\\\/#website\",\"url\":\"https:\\\/\\\/newvoiceinternational.com\\\/de\\\/\",\"name\":\"NewVoice International\",\"description\":\"\",\"publisher\":{\"@id\":\"https:\\\/\\\/newvoiceinternational.com\\\/de\\\/#organization\"},\"potentialAction\":[{\"@type\":\"SearchAction\",\"target\":{\"@type\":\"EntryPoint\",\"urlTemplate\":\"https:\\\/\\\/newvoiceinternational.com\\\/de\\\/?s={search_term_string}\"},\"query-input\":{\"@type\":\"PropertyValueSpecification\",\"valueRequired\":true,\"valueName\":\"search_term_string\"}}],\"inLanguage\":\"de\"},{\"@type\":\"Organization\",\"@id\":\"https:\\\/\\\/newvoiceinternational.com\\\/de\\\/#organization\",\"name\":\"NewVoice International\",\"url\":\"https:\\\/\\\/newvoiceinternational.com\\\/de\\\/\",\"logo\":{\"@type\":\"ImageObject\",\"inLanguage\":\"de\",\"@id\":\"https:\\\/\\\/newvoiceinternational.com\\\/de\\\/#\\\/schema\\\/logo\\\/image\\\/\",\"url\":\"https:\\\/\\\/newvoiceinternational.com\\\/wp-content\\\/uploads\\\/2022\\\/06\\\/NV_Logo_RGB.png\",\"contentUrl\":\"https:\\\/\\\/newvoiceinternational.com\\\/wp-content\\\/uploads\\\/2022\\\/06\\\/NV_Logo_RGB.png\",\"width\":1200,\"height\":315,\"caption\":\"NewVoice International\"},\"image\":{\"@id\":\"https:\\\/\\\/newvoiceinternational.com\\\/de\\\/#\\\/schema\\\/logo\\\/image\\\/\"}}]}<\/script>\n<!-- \/ Yoast SEO plugin. -->","yoast_head_json":{"title":"TeleTech - NewVoice International","robots":{"index":"index","follow":"follow","max-snippet":"max-snippet:-1","max-image-preview":"max-image-preview:large","max-video-preview":"max-video-preview:-1"},"canonical":"https:\/\/newvoiceinternational.com\/de\/teletech\/","og_locale":"de_DE","og_type":"article","og_title":"TeleTech - NewVoice International","og_description":"Wir sind als Systemhaus seit 30 Jahren am Kommunikationsmarkt erfolgreich t\u00e4tig. Mit vier Niederlassungen in ZOSSEN, BERLIN, COTTBUS und MAGDEBURG sind wir einer der leistungsst\u00e4rksten Anbieter f\u00fcr Kommunikations- und Datentechnik. In unseren Niederlassungen stehen Ihnen zertifiziertes Vertriebs- und Technikpersonal f\u00fcr Installations- und Serviceaufgaben f\u00fcr Ihre Kommunikationsl\u00f6sung zur Verf\u00fcgung. Um den Anspr\u00fcchen an Ihre Kommunikationsl\u00f6sung gerecht [&hellip;]","og_url":"https:\/\/newvoiceinternational.com\/de\/teletech\/","og_site_name":"NewVoice International","article_modified_time":"2023-04-24T09:16:46+00:00","og_image":[{"url":"https:\/\/www.newvoiceinternational.com\/wp-content\/uploads\/2023\/04\/TT_Logo_neu_Blau-2021-1-768x235.png","type":"","width":"","height":""}],"twitter_card":"summary_large_image","twitter_misc":{"Gesch\u00e4tzte Lesezeit":"1\u00a0Minute"},"schema":{"@context":"https:\/\/schema.org","@graph":[{"@type":"WebPage","@id":"https:\/\/newvoiceinternational.com\/de\/teletech\/","url":"https:\/\/newvoiceinternational.com\/de\/teletech\/","name":"TeleTech - NewVoice International","isPartOf":{"@id":"https:\/\/newvoiceinternational.com\/de\/#website"},"primaryImageOfPage":{"@id":"https:\/\/newvoiceinternational.com\/de\/teletech\/#primaryimage"},"image":{"@id":"https:\/\/newvoiceinternational.com\/de\/teletech\/#primaryimage"},"thumbnailUrl":"https:\/\/www.newvoiceinternational.com\/wp-content\/uploads\/2023\/04\/TT_Logo_neu_Blau-2021-1-768x235.png","datePublished":"2023-04-24T09:14:11+00:00","dateModified":"2023-04-24T09:16:46+00:00","breadcrumb":{"@id":"https:\/\/newvoiceinternational.com\/de\/teletech\/#breadcrumb"},"inLanguage":"de","potentialAction":[{"@type":"ReadAction","target":["https:\/\/newvoiceinternational.com\/de\/teletech\/"]}]},{"@type":"ImageObject","inLanguage":"de","@id":"https:\/\/newvoiceinternational.com\/de\/teletech\/#primaryimage","url":"https:\/\/www.newvoiceinternational.com\/wp-content\/uploads\/2023\/04\/TT_Logo_neu_Blau-2021-1-768x235.png","contentUrl":"https:\/\/www.newvoiceinternational.com\/wp-content\/uploads\/2023\/04\/TT_Logo_neu_Blau-2021-1-768x235.png"},{"@type":"BreadcrumbList","@id":"https:\/\/newvoiceinternational.com\/de\/teletech\/#breadcrumb","itemListElement":[{"@type":"ListItem","position":1,"name":"Home","item":"https:\/\/newvoiceinternational.com\/de\/"},{"@type":"ListItem","position":2,"name":"TeleTech"}]},{"@type":"WebSite","@id":"https:\/\/newvoiceinternational.com\/de\/#website","url":"https:\/\/newvoiceinternational.com\/de\/","name":"NewVoice International","description":"","publisher":{"@id":"https:\/\/newvoiceinternational.com\/de\/#organization"},"potentialAction":[{"@type":"SearchAction","target":{"@type":"EntryPoint","urlTemplate":"https:\/\/newvoiceinternational.com\/de\/?s={search_term_string}"},"query-input":{"@type":"PropertyValueSpecification","valueRequired":true,"valueName":"search_term_string"}}],"inLanguage":"de"},{"@type":"Organization","@id":"https:\/\/newvoiceinternational.com\/de\/#organization","name":"NewVoice International","url":"https:\/\/newvoiceinternational.com\/de\/","logo":{"@type":"ImageObject","inLanguage":"de","@id":"https:\/\/newvoiceinternational.com\/de\/#\/schema\/logo\/image\/","url":"https:\/\/newvoiceinternational.com\/wp-content\/uploads\/2022\/06\/NV_Logo_RGB.png","contentUrl":"https:\/\/newvoiceinternational.com\/wp-content\/uploads\/2022\/06\/NV_Logo_RGB.png","width":1200,"height":315,"caption":"NewVoice International"},"image":{"@id":"https:\/\/newvoiceinternational.com\/de\/#\/schema\/logo\/image\/"}}]}},"_links":{"self":[{"href":"https:\/\/newvoiceinternational.com\/de\/wp-json\/wp\/v2\/pages\/26251","targetHints":{"allow":["GET"]}}],"collection":[{"href":"https:\/\/newvoiceinternational.com\/de\/wp-json\/wp\/v2\/pages"}],"about":[{"href":"https:\/\/newvoiceinternational.com\/de\/wp-json\/wp\/v2\/types\/page"}],"author":[{"embeddable":true,"href":"https:\/\/newvoiceinternational.com\/de\/wp-json\/wp\/v2\/users\/5"}],"replies":[{"embeddable":true,"href":"https:\/\/newvoiceinternational.com\/de\/wp-json\/wp\/v2\/comments?post=26251"}],"version-history":[{"count":0,"href":"https:\/\/newvoiceinternational.com\/de\/wp-json\/wp\/v2\/pages\/26251\/revisions"}],"wp:attachment":[{"href":"https:\/\/newvoiceinternational.com\/de\/wp-json\/wp\/v2\/media?parent=26251"}],"curies":[{"name":"wp","href":"https:\/\/api.w.org\/{rel}","templated":true}]}}