{"id":25989,"date":"2023-04-18T07:39:43","date_gmt":"2023-04-18T06:39:43","guid":{"rendered":"https:\/\/www.newvoiceinternational.com\/braune\/"},"modified":"2023-04-18T08:42:06","modified_gmt":"2023-04-18T07:42:06","slug":"braune","status":"publish","type":"page","link":"https:\/\/newvoiceinternational.com\/de\/braune\/","title":{"rendered":"Braune"},"content":{"rendered":"\t\t<div data-elementor-type=\"wp-page\" data-elementor-id=\"25989\" class=\"elementor elementor-25989 elementor-25981\" data-elementor-post-type=\"page\">\n\t\t\t\t\t\t<section class=\"elementor-section elementor-top-section elementor-element elementor-element-e7502fe elementor-section-boxed elementor-section-height-default elementor-section-height-default\" data-id=\"e7502fe\" data-element_type=\"section\" data-e-type=\"section\">\n\t\t\t\t\t\t<div class=\"elementor-container elementor-column-gap-default\">\n\t\t\t\t\t<div class=\"elementor-column elementor-col-100 elementor-top-column elementor-element elementor-element-04af383\" data-id=\"04af383\" data-element_type=\"column\" data-e-type=\"column\">\n\t\t\t<div class=\"elementor-widget-wrap elementor-element-populated\">\n\t\t\t\t\t\t<div class=\"elementor-element elementor-element-b7e1b3e elementor-widget elementor-widget-image\" data-id=\"b7e1b3e\" data-element_type=\"widget\" data-e-type=\"widget\" data-widget_type=\"image.default\">\n\t\t\t\t<div class=\"elementor-widget-container\">\n\t\t\t\t\t\t\t\t\t\t\t\t\t\t\t<img fetchpriority=\"high\" decoding=\"async\" width=\"580\" height=\"216\" src=\"https:\/\/newvoiceinternational.com\/wp-content\/uploads\/2023\/04\/transparent_LO-GN-Braune_-Logo-4C-768x286.png\" class=\"attachment-medium_large size-medium_large wp-image-26054\" alt=\"\" srcset=\"https:\/\/newvoiceinternational.com\/wp-content\/uploads\/2023\/04\/transparent_LO-GN-Braune_-Logo-4C-768x286.png 768w, https:\/\/newvoiceinternational.com\/wp-content\/uploads\/2023\/04\/transparent_LO-GN-Braune_-Logo-4C-300x112.png 300w, https:\/\/newvoiceinternational.com\/wp-content\/uploads\/2023\/04\/transparent_LO-GN-Braune_-Logo-4C-1024x382.png 1024w, https:\/\/newvoiceinternational.com\/wp-content\/uploads\/2023\/04\/transparent_LO-GN-Braune_-Logo-4C.png 1060w\" sizes=\"(max-width: 580px) 100vw, 580px\" \/>\t\t\t\t\t\t\t\t\t\t\t\t\t\t\t<\/div>\n\t\t\t\t<\/div>\n\t\t\t\t\t<\/div>\n\t\t<\/div>\n\t\t\t\t\t<\/div>\n\t\t<\/section>\n\t\t\t\t<section class=\"elementor-section elementor-top-section elementor-element elementor-element-cfdd1dd elementor-section-boxed elementor-section-height-default elementor-section-height-default\" data-id=\"cfdd1dd\" data-element_type=\"section\" data-e-type=\"section\">\n\t\t\t\t\t\t<div class=\"elementor-container elementor-column-gap-default\">\n\t\t\t\t\t<div class=\"elementor-column elementor-col-100 elementor-top-column elementor-element elementor-element-f82a605\" data-id=\"f82a605\" data-element_type=\"column\" data-e-type=\"column\">\n\t\t\t<div class=\"elementor-widget-wrap elementor-element-populated\">\n\t\t\t\t\t\t<div class=\"elementor-element elementor-element-875297b elementor-widget elementor-widget-text-editor\" data-id=\"875297b\" data-element_type=\"widget\" data-e-type=\"widget\" data-widget_type=\"text-editor.default\">\n\t\t\t\t<div class=\"elementor-widget-container\">\n\t\t\t\t\t\t\t\t\t<p>Unser Unternehmen ist ein zertifizierter Errichter f\u00fcr Brandmelde-, Sicherheits- und Kommunikationstechnik und bietet seinen Kunden ma\u00dfgeschneiderte L\u00f6sungen von der Planung, Projektierung, Errichtung, Inbetriebnahme bis hin zur Instandhaltung &nbsp;in diesen Bereichen an. Das urspr\u00fcngliche Familienunternehmen &nbsp;ist seit seiner Gr\u00fcndung im Jahr 1988 gewachsen, hat heute \u00fcber 40 Mitarbeiter besch\u00e4ftigt und geh\u00f6rt inzwischen der G&amp;N-Gruppe an.<\/p>\n<p>Das Unternehmen schult und zertifiziert regelm\u00e4\u00dfig seine Mitarbeiter, um sicherzustellen, dass sie die h\u00f6chste Qualit\u00e4t und Fachkompetenz bieten k\u00f6nnen.<\/p>\n<p>Link: <a href=\"https:\/\/braune.gngruppe.com\/leistungen\/gefahren-brandmeldetechnik\/#schwesternrufanlagen\">Gefahren &amp; Brandmeldetechnik | BRAUNE (gngruppe.com)<\/a><\/p>\n<p>Referenzen:<\/p>\n<p><a href=\"https:\/\/braune.gngruppe.com\/z-l-zusammen-leben\/\">Z &amp; L \u201eZusammen Leben\u201c GmbH &#8211; BRAUNE (gngruppe.com)<\/a><\/p>\n<p><a href=\"https:\/\/braune.gngruppe.com\/volkssolidaritaet\/\">Volkssolidarit\u00e4t Kreisverband Oschatz e.V. &#8211; BRAUNE (gngruppe.com)<\/a><\/p>\t\t\t\t\t\t\t\t<\/div>\n\t\t\t\t<\/div>\n\t\t\t\t\t<\/div>\n\t\t<\/div>\n\t\t\t\t\t<\/div>\n\t\t<\/section>\n\t\t\t\t<\/div>\n\t\t","protected":false},"excerpt":{"rendered":"<p>Unser Unternehmen ist ein zertifizierter Errichter f\u00fcr Brandmelde-, Sicherheits- und Kommunikationstechnik und bietet seinen Kunden ma\u00dfgeschneiderte L\u00f6sungen von der Planung, Projektierung, Errichtung, Inbetriebnahme bis hin zur Instandhaltung &nbsp;in diesen Bereichen an. Das urspr\u00fcngliche Familienunternehmen &nbsp;ist seit seiner Gr\u00fcndung im Jahr 1988 gewachsen, hat heute \u00fcber 40 Mitarbeiter besch\u00e4ftigt und geh\u00f6rt inzwischen der G&amp;N-Gruppe an. Das [&hellip;]<\/p>\n","protected":false},"author":5,"featured_media":0,"parent":0,"menu_order":0,"comment_status":"closed","ping_status":"closed","template":"elementor_header_footer","meta":{"_eb_attr":"","inline_featured_image":false,"footnotes":""},"class_list":["post-25989","page","type-page","status-publish","hentry"],"acf":[],"yoast_head":"<!-- This site is optimized with the Yoast SEO plugin v27.4 - https:\/\/yoast.com\/product\/yoast-seo-wordpress\/ -->\n<title>Braune - NewVoice International<\/title>\n<meta name=\"robots\" content=\"index, follow, max-snippet:-1, max-image-preview:large, max-video-preview:-1\" \/>\n<link rel=\"canonical\" href=\"https:\/\/newvoiceinternational.com\/de\/braune\/\" \/>\n<meta property=\"og:locale\" content=\"de_DE\" \/>\n<meta property=\"og:type\" content=\"article\" \/>\n<meta property=\"og:title\" content=\"Braune - NewVoice International\" \/>\n<meta property=\"og:description\" content=\"Unser Unternehmen ist ein zertifizierter Errichter f\u00fcr Brandmelde-, Sicherheits- und Kommunikationstechnik und bietet seinen Kunden ma\u00dfgeschneiderte L\u00f6sungen von der Planung, Projektierung, Errichtung, Inbetriebnahme bis hin zur Instandhaltung &nbsp;in diesen Bereichen an. Das urspr\u00fcngliche Familienunternehmen &nbsp;ist seit seiner Gr\u00fcndung im Jahr 1988 gewachsen, hat heute \u00fcber 40 Mitarbeiter besch\u00e4ftigt und geh\u00f6rt inzwischen der G&amp;N-Gruppe an. Das [&hellip;]\" \/>\n<meta property=\"og:url\" content=\"https:\/\/newvoiceinternational.com\/de\/braune\/\" \/>\n<meta property=\"og:site_name\" content=\"NewVoice International\" \/>\n<meta property=\"article:modified_time\" content=\"2023-04-18T07:42:06+00:00\" \/>\n<meta property=\"og:image\" content=\"https:\/\/www.newvoiceinternational.com\/wp-content\/uploads\/2023\/04\/transparent_LO-GN-Braune_-Logo-4C-768x286.png\" \/>\n<meta name=\"twitter:card\" content=\"summary_large_image\" \/>\n<meta name=\"twitter:label1\" content=\"Gesch\u00e4tzte Lesezeit\" \/>\n\t<meta name=\"twitter:data1\" content=\"1\u00a0Minute\" \/>\n<script type=\"application\/ld+json\" class=\"yoast-schema-graph\">{\"@context\":\"https:\\\/\\\/schema.org\",\"@graph\":[{\"@type\":\"WebPage\",\"@id\":\"https:\\\/\\\/newvoiceinternational.com\\\/de\\\/braune\\\/\",\"url\":\"https:\\\/\\\/newvoiceinternational.com\\\/de\\\/braune\\\/\",\"name\":\"Braune - NewVoice International\",\"isPartOf\":{\"@id\":\"https:\\\/\\\/newvoiceinternational.com\\\/de\\\/#website\"},\"primaryImageOfPage\":{\"@id\":\"https:\\\/\\\/newvoiceinternational.com\\\/de\\\/braune\\\/#primaryimage\"},\"image\":{\"@id\":\"https:\\\/\\\/newvoiceinternational.com\\\/de\\\/braune\\\/#primaryimage\"},\"thumbnailUrl\":\"https:\\\/\\\/www.newvoiceinternational.com\\\/wp-content\\\/uploads\\\/2023\\\/04\\\/transparent_LO-GN-Braune_-Logo-4C-768x286.png\",\"datePublished\":\"2023-04-18T06:39:43+00:00\",\"dateModified\":\"2023-04-18T07:42:06+00:00\",\"breadcrumb\":{\"@id\":\"https:\\\/\\\/newvoiceinternational.com\\\/de\\\/braune\\\/#breadcrumb\"},\"inLanguage\":\"de\",\"potentialAction\":[{\"@type\":\"ReadAction\",\"target\":[\"https:\\\/\\\/newvoiceinternational.com\\\/de\\\/braune\\\/\"]}]},{\"@type\":\"ImageObject\",\"inLanguage\":\"de\",\"@id\":\"https:\\\/\\\/newvoiceinternational.com\\\/de\\\/braune\\\/#primaryimage\",\"url\":\"https:\\\/\\\/www.newvoiceinternational.com\\\/wp-content\\\/uploads\\\/2023\\\/04\\\/transparent_LO-GN-Braune_-Logo-4C-768x286.png\",\"contentUrl\":\"https:\\\/\\\/www.newvoiceinternational.com\\\/wp-content\\\/uploads\\\/2023\\\/04\\\/transparent_LO-GN-Braune_-Logo-4C-768x286.png\"},{\"@type\":\"BreadcrumbList\",\"@id\":\"https:\\\/\\\/newvoiceinternational.com\\\/de\\\/braune\\\/#breadcrumb\",\"itemListElement\":[{\"@type\":\"ListItem\",\"position\":1,\"name\":\"Home\",\"item\":\"https:\\\/\\\/newvoiceinternational.com\\\/de\\\/\"},{\"@type\":\"ListItem\",\"position\":2,\"name\":\"Braune\"}]},{\"@type\":\"WebSite\",\"@id\":\"https:\\\/\\\/newvoiceinternational.com\\\/de\\\/#website\",\"url\":\"https:\\\/\\\/newvoiceinternational.com\\\/de\\\/\",\"name\":\"NewVoice International\",\"description\":\"\",\"publisher\":{\"@id\":\"https:\\\/\\\/newvoiceinternational.com\\\/de\\\/#organization\"},\"potentialAction\":[{\"@type\":\"SearchAction\",\"target\":{\"@type\":\"EntryPoint\",\"urlTemplate\":\"https:\\\/\\\/newvoiceinternational.com\\\/de\\\/?s={search_term_string}\"},\"query-input\":{\"@type\":\"PropertyValueSpecification\",\"valueRequired\":true,\"valueName\":\"search_term_string\"}}],\"inLanguage\":\"de\"},{\"@type\":\"Organization\",\"@id\":\"https:\\\/\\\/newvoiceinternational.com\\\/de\\\/#organization\",\"name\":\"NewVoice International\",\"url\":\"https:\\\/\\\/newvoiceinternational.com\\\/de\\\/\",\"logo\":{\"@type\":\"ImageObject\",\"inLanguage\":\"de\",\"@id\":\"https:\\\/\\\/newvoiceinternational.com\\\/de\\\/#\\\/schema\\\/logo\\\/image\\\/\",\"url\":\"https:\\\/\\\/newvoiceinternational.com\\\/wp-content\\\/uploads\\\/2022\\\/06\\\/NV_Logo_RGB.png\",\"contentUrl\":\"https:\\\/\\\/newvoiceinternational.com\\\/wp-content\\\/uploads\\\/2022\\\/06\\\/NV_Logo_RGB.png\",\"width\":1200,\"height\":315,\"caption\":\"NewVoice International\"},\"image\":{\"@id\":\"https:\\\/\\\/newvoiceinternational.com\\\/de\\\/#\\\/schema\\\/logo\\\/image\\\/\"}}]}<\/script>\n<!-- \/ Yoast SEO plugin. -->","yoast_head_json":{"title":"Braune - NewVoice International","robots":{"index":"index","follow":"follow","max-snippet":"max-snippet:-1","max-image-preview":"max-image-preview:large","max-video-preview":"max-video-preview:-1"},"canonical":"https:\/\/newvoiceinternational.com\/de\/braune\/","og_locale":"de_DE","og_type":"article","og_title":"Braune - NewVoice International","og_description":"Unser Unternehmen ist ein zertifizierter Errichter f\u00fcr Brandmelde-, Sicherheits- und Kommunikationstechnik und bietet seinen Kunden ma\u00dfgeschneiderte L\u00f6sungen von der Planung, Projektierung, Errichtung, Inbetriebnahme bis hin zur Instandhaltung &nbsp;in diesen Bereichen an. Das urspr\u00fcngliche Familienunternehmen &nbsp;ist seit seiner Gr\u00fcndung im Jahr 1988 gewachsen, hat heute \u00fcber 40 Mitarbeiter besch\u00e4ftigt und geh\u00f6rt inzwischen der G&amp;N-Gruppe an. Das [&hellip;]","og_url":"https:\/\/newvoiceinternational.com\/de\/braune\/","og_site_name":"NewVoice International","article_modified_time":"2023-04-18T07:42:06+00:00","og_image":[{"url":"https:\/\/www.newvoiceinternational.com\/wp-content\/uploads\/2023\/04\/transparent_LO-GN-Braune_-Logo-4C-768x286.png","type":"","width":"","height":""}],"twitter_card":"summary_large_image","twitter_misc":{"Gesch\u00e4tzte Lesezeit":"1\u00a0Minute"},"schema":{"@context":"https:\/\/schema.org","@graph":[{"@type":"WebPage","@id":"https:\/\/newvoiceinternational.com\/de\/braune\/","url":"https:\/\/newvoiceinternational.com\/de\/braune\/","name":"Braune - NewVoice International","isPartOf":{"@id":"https:\/\/newvoiceinternational.com\/de\/#website"},"primaryImageOfPage":{"@id":"https:\/\/newvoiceinternational.com\/de\/braune\/#primaryimage"},"image":{"@id":"https:\/\/newvoiceinternational.com\/de\/braune\/#primaryimage"},"thumbnailUrl":"https:\/\/www.newvoiceinternational.com\/wp-content\/uploads\/2023\/04\/transparent_LO-GN-Braune_-Logo-4C-768x286.png","datePublished":"2023-04-18T06:39:43+00:00","dateModified":"2023-04-18T07:42:06+00:00","breadcrumb":{"@id":"https:\/\/newvoiceinternational.com\/de\/braune\/#breadcrumb"},"inLanguage":"de","potentialAction":[{"@type":"ReadAction","target":["https:\/\/newvoiceinternational.com\/de\/braune\/"]}]},{"@type":"ImageObject","inLanguage":"de","@id":"https:\/\/newvoiceinternational.com\/de\/braune\/#primaryimage","url":"https:\/\/www.newvoiceinternational.com\/wp-content\/uploads\/2023\/04\/transparent_LO-GN-Braune_-Logo-4C-768x286.png","contentUrl":"https:\/\/www.newvoiceinternational.com\/wp-content\/uploads\/2023\/04\/transparent_LO-GN-Braune_-Logo-4C-768x286.png"},{"@type":"BreadcrumbList","@id":"https:\/\/newvoiceinternational.com\/de\/braune\/#breadcrumb","itemListElement":[{"@type":"ListItem","position":1,"name":"Home","item":"https:\/\/newvoiceinternational.com\/de\/"},{"@type":"ListItem","position":2,"name":"Braune"}]},{"@type":"WebSite","@id":"https:\/\/newvoiceinternational.com\/de\/#website","url":"https:\/\/newvoiceinternational.com\/de\/","name":"NewVoice International","description":"","publisher":{"@id":"https:\/\/newvoiceinternational.com\/de\/#organization"},"potentialAction":[{"@type":"SearchAction","target":{"@type":"EntryPoint","urlTemplate":"https:\/\/newvoiceinternational.com\/de\/?s={search_term_string}"},"query-input":{"@type":"PropertyValueSpecification","valueRequired":true,"valueName":"search_term_string"}}],"inLanguage":"de"},{"@type":"Organization","@id":"https:\/\/newvoiceinternational.com\/de\/#organization","name":"NewVoice International","url":"https:\/\/newvoiceinternational.com\/de\/","logo":{"@type":"ImageObject","inLanguage":"de","@id":"https:\/\/newvoiceinternational.com\/de\/#\/schema\/logo\/image\/","url":"https:\/\/newvoiceinternational.com\/wp-content\/uploads\/2022\/06\/NV_Logo_RGB.png","contentUrl":"https:\/\/newvoiceinternational.com\/wp-content\/uploads\/2022\/06\/NV_Logo_RGB.png","width":1200,"height":315,"caption":"NewVoice International"},"image":{"@id":"https:\/\/newvoiceinternational.com\/de\/#\/schema\/logo\/image\/"}}]}},"_links":{"self":[{"href":"https:\/\/newvoiceinternational.com\/de\/wp-json\/wp\/v2\/pages\/25989","targetHints":{"allow":["GET"]}}],"collection":[{"href":"https:\/\/newvoiceinternational.com\/de\/wp-json\/wp\/v2\/pages"}],"about":[{"href":"https:\/\/newvoiceinternational.com\/de\/wp-json\/wp\/v2\/types\/page"}],"author":[{"embeddable":true,"href":"https:\/\/newvoiceinternational.com\/de\/wp-json\/wp\/v2\/users\/5"}],"replies":[{"embeddable":true,"href":"https:\/\/newvoiceinternational.com\/de\/wp-json\/wp\/v2\/comments?post=25989"}],"version-history":[{"count":0,"href":"https:\/\/newvoiceinternational.com\/de\/wp-json\/wp\/v2\/pages\/25989\/revisions"}],"wp:attachment":[{"href":"https:\/\/newvoiceinternational.com\/de\/wp-json\/wp\/v2\/media?parent=25989"}],"curies":[{"name":"wp","href":"https:\/\/api.w.org\/{rel}","templated":true}]}}