{"id":25979,"date":"2023-04-18T07:35:31","date_gmt":"2023-04-18T06:35:31","guid":{"rendered":"https:\/\/www.newvoiceinternational.com\/heinemann\/"},"modified":"2023-04-18T07:49:35","modified_gmt":"2023-04-18T06:49:35","slug":"heinemann","status":"publish","type":"page","link":"https:\/\/newvoiceinternational.com\/de\/heinemann\/","title":{"rendered":"Heinemann"},"content":{"rendered":"\t\t<div data-elementor-type=\"wp-page\" data-elementor-id=\"25979\" class=\"elementor elementor-25979 elementor-25971\" data-elementor-post-type=\"page\">\n\t\t\t\t\t\t<section class=\"elementor-section elementor-top-section elementor-element elementor-element-0e7e242 elementor-section-boxed elementor-section-height-default elementor-section-height-default\" data-id=\"0e7e242\" data-element_type=\"section\" data-e-type=\"section\">\n\t\t\t\t\t\t<div class=\"elementor-container elementor-column-gap-default\">\n\t\t\t\t\t<div class=\"elementor-column elementor-col-100 elementor-top-column elementor-element elementor-element-43d6c18\" data-id=\"43d6c18\" data-element_type=\"column\" data-e-type=\"column\">\n\t\t\t<div class=\"elementor-widget-wrap elementor-element-populated\">\n\t\t\t\t\t\t<div class=\"elementor-element elementor-element-d919448 elementor-widget elementor-widget-image\" data-id=\"d919448\" data-element_type=\"widget\" data-e-type=\"widget\" data-widget_type=\"image.default\">\n\t\t\t\t<div class=\"elementor-widget-container\">\n\t\t\t\t\t\t\t\t\t\t\t\t\t\t\t<img fetchpriority=\"high\" decoding=\"async\" width=\"580\" height=\"195\" src=\"https:\/\/newvoiceinternational.com\/wp-content\/uploads\/2023\/04\/Heinemann-Logo.png\" class=\"attachment-large size-large wp-image-25975\" alt=\"\" srcset=\"https:\/\/newvoiceinternational.com\/wp-content\/uploads\/2023\/04\/Heinemann-Logo.png 721w, https:\/\/newvoiceinternational.com\/wp-content\/uploads\/2023\/04\/Heinemann-Logo-300x101.png 300w\" sizes=\"(max-width: 580px) 100vw, 580px\" \/>\t\t\t\t\t\t\t\t\t\t\t\t\t\t\t<\/div>\n\t\t\t\t<\/div>\n\t\t\t\t\t<\/div>\n\t\t<\/div>\n\t\t\t\t\t<\/div>\n\t\t<\/section>\n\t\t\t\t<section class=\"elementor-section elementor-top-section elementor-element elementor-element-6c09d9b elementor-section-boxed elementor-section-height-default elementor-section-height-default\" data-id=\"6c09d9b\" data-element_type=\"section\" data-e-type=\"section\">\n\t\t\t\t\t\t<div class=\"elementor-container elementor-column-gap-default\">\n\t\t\t\t\t<div class=\"elementor-column elementor-col-100 elementor-top-column elementor-element elementor-element-132e240\" data-id=\"132e240\" data-element_type=\"column\" data-e-type=\"column\">\n\t\t\t<div class=\"elementor-widget-wrap elementor-element-populated\">\n\t\t\t\t\t\t<div class=\"elementor-element elementor-element-584f967 elementor-widget elementor-widget-text-editor\" data-id=\"584f967\" data-element_type=\"widget\" data-e-type=\"widget\" data-widget_type=\"text-editor.default\">\n\t\t\t\t<div class=\"elementor-widget-container\">\n\t\t\t\t\t\t\t\t\t<p>C.H.T. Heinemann GmbH ist ein f\u00fchrendes Systemhaus f\u00fcr Informations- und Kommunikationstechnik in S\u00fcdwestfalen. Wir haben unseren Sitz in Netphen im sch\u00f6nen Siegerland und bieten spartenumfassenden Service schon seit 1998.<\/p>\n<p>Unser Ziel ist es, mit ganzheitlicher Beratung, hochwertigen Produkten und unserem Projekt-Know-How individuelle L\u00f6sungen f\u00fcr unsere Kunden zu erzielen. Stetig neue und innovative Ideen zu entwickeln haben wir uns in dieser schnelllebigen Zeit zur Aufgabe gemacht. Durch unseren hohen Anspruch an Qualit\u00e4t setzen wir auf langfristige, vertrauensvolle und pers\u00f6nliche Beziehungen zu Kunden, Mitarbeitern und Partnern.<\/p>\n<p>Link zur Alarmserver: <a href=\"http:\/\/www.cht-gmbh.de\">www.cht-gmbh.de<\/a><\/p>\t\t\t\t\t\t\t\t<\/div>\n\t\t\t\t<\/div>\n\t\t\t\t\t<\/div>\n\t\t<\/div>\n\t\t\t\t\t<\/div>\n\t\t<\/section>\n\t\t\t\t<\/div>\n\t\t","protected":false},"excerpt":{"rendered":"<p>C.H.T. Heinemann GmbH ist ein f\u00fchrendes Systemhaus f\u00fcr Informations- und Kommunikationstechnik in S\u00fcdwestfalen. Wir haben unseren Sitz in Netphen im sch\u00f6nen Siegerland und bieten spartenumfassenden Service schon seit 1998. Unser Ziel ist es, mit ganzheitlicher Beratung, hochwertigen Produkten und unserem Projekt-Know-How individuelle L\u00f6sungen f\u00fcr unsere Kunden zu erzielen. Stetig neue und innovative Ideen zu entwickeln [&hellip;]<\/p>\n","protected":false},"author":5,"featured_media":0,"parent":0,"menu_order":0,"comment_status":"closed","ping_status":"closed","template":"elementor_header_footer","meta":{"_eb_attr":"","inline_featured_image":false,"footnotes":""},"class_list":["post-25979","page","type-page","status-publish","hentry"],"acf":[],"yoast_head":"<!-- This site is optimized with the Yoast SEO plugin v27.4 - https:\/\/yoast.com\/product\/yoast-seo-wordpress\/ -->\n<title>Heinemann - NewVoice International<\/title>\n<meta name=\"robots\" content=\"index, follow, max-snippet:-1, max-image-preview:large, max-video-preview:-1\" \/>\n<link rel=\"canonical\" href=\"https:\/\/newvoiceinternational.com\/de\/heinemann\/\" \/>\n<meta property=\"og:locale\" content=\"de_DE\" \/>\n<meta property=\"og:type\" content=\"article\" \/>\n<meta property=\"og:title\" content=\"Heinemann - NewVoice International\" \/>\n<meta property=\"og:description\" content=\"C.H.T. Heinemann GmbH ist ein f\u00fchrendes Systemhaus f\u00fcr Informations- und Kommunikationstechnik in S\u00fcdwestfalen. Wir haben unseren Sitz in Netphen im sch\u00f6nen Siegerland und bieten spartenumfassenden Service schon seit 1998. Unser Ziel ist es, mit ganzheitlicher Beratung, hochwertigen Produkten und unserem Projekt-Know-How individuelle L\u00f6sungen f\u00fcr unsere Kunden zu erzielen. Stetig neue und innovative Ideen zu entwickeln [&hellip;]\" \/>\n<meta property=\"og:url\" content=\"https:\/\/newvoiceinternational.com\/de\/heinemann\/\" \/>\n<meta property=\"og:site_name\" content=\"NewVoice International\" \/>\n<meta property=\"article:modified_time\" content=\"2023-04-18T06:49:35+00:00\" \/>\n<meta property=\"og:image\" content=\"https:\/\/www.newvoiceinternational.com\/wp-content\/uploads\/2023\/04\/Heinemann-Logo.png\" \/>\n<meta name=\"twitter:card\" content=\"summary_large_image\" \/>\n<meta name=\"twitter:label1\" content=\"Gesch\u00e4tzte Lesezeit\" \/>\n\t<meta name=\"twitter:data1\" content=\"1\u00a0Minute\" \/>\n<script type=\"application\/ld+json\" class=\"yoast-schema-graph\">{\"@context\":\"https:\\\/\\\/schema.org\",\"@graph\":[{\"@type\":\"WebPage\",\"@id\":\"https:\\\/\\\/newvoiceinternational.com\\\/de\\\/heinemann\\\/\",\"url\":\"https:\\\/\\\/newvoiceinternational.com\\\/de\\\/heinemann\\\/\",\"name\":\"Heinemann - NewVoice International\",\"isPartOf\":{\"@id\":\"https:\\\/\\\/newvoiceinternational.com\\\/de\\\/#website\"},\"primaryImageOfPage\":{\"@id\":\"https:\\\/\\\/newvoiceinternational.com\\\/de\\\/heinemann\\\/#primaryimage\"},\"image\":{\"@id\":\"https:\\\/\\\/newvoiceinternational.com\\\/de\\\/heinemann\\\/#primaryimage\"},\"thumbnailUrl\":\"https:\\\/\\\/www.newvoiceinternational.com\\\/wp-content\\\/uploads\\\/2023\\\/04\\\/Heinemann-Logo.png\",\"datePublished\":\"2023-04-18T06:35:31+00:00\",\"dateModified\":\"2023-04-18T06:49:35+00:00\",\"breadcrumb\":{\"@id\":\"https:\\\/\\\/newvoiceinternational.com\\\/de\\\/heinemann\\\/#breadcrumb\"},\"inLanguage\":\"de\",\"potentialAction\":[{\"@type\":\"ReadAction\",\"target\":[\"https:\\\/\\\/newvoiceinternational.com\\\/de\\\/heinemann\\\/\"]}]},{\"@type\":\"ImageObject\",\"inLanguage\":\"de\",\"@id\":\"https:\\\/\\\/newvoiceinternational.com\\\/de\\\/heinemann\\\/#primaryimage\",\"url\":\"https:\\\/\\\/www.newvoiceinternational.com\\\/wp-content\\\/uploads\\\/2023\\\/04\\\/Heinemann-Logo.png\",\"contentUrl\":\"https:\\\/\\\/www.newvoiceinternational.com\\\/wp-content\\\/uploads\\\/2023\\\/04\\\/Heinemann-Logo.png\"},{\"@type\":\"BreadcrumbList\",\"@id\":\"https:\\\/\\\/newvoiceinternational.com\\\/de\\\/heinemann\\\/#breadcrumb\",\"itemListElement\":[{\"@type\":\"ListItem\",\"position\":1,\"name\":\"Home\",\"item\":\"https:\\\/\\\/newvoiceinternational.com\\\/de\\\/\"},{\"@type\":\"ListItem\",\"position\":2,\"name\":\"Heinemann\"}]},{\"@type\":\"WebSite\",\"@id\":\"https:\\\/\\\/newvoiceinternational.com\\\/de\\\/#website\",\"url\":\"https:\\\/\\\/newvoiceinternational.com\\\/de\\\/\",\"name\":\"NewVoice International\",\"description\":\"\",\"publisher\":{\"@id\":\"https:\\\/\\\/newvoiceinternational.com\\\/de\\\/#organization\"},\"potentialAction\":[{\"@type\":\"SearchAction\",\"target\":{\"@type\":\"EntryPoint\",\"urlTemplate\":\"https:\\\/\\\/newvoiceinternational.com\\\/de\\\/?s={search_term_string}\"},\"query-input\":{\"@type\":\"PropertyValueSpecification\",\"valueRequired\":true,\"valueName\":\"search_term_string\"}}],\"inLanguage\":\"de\"},{\"@type\":\"Organization\",\"@id\":\"https:\\\/\\\/newvoiceinternational.com\\\/de\\\/#organization\",\"name\":\"NewVoice International\",\"url\":\"https:\\\/\\\/newvoiceinternational.com\\\/de\\\/\",\"logo\":{\"@type\":\"ImageObject\",\"inLanguage\":\"de\",\"@id\":\"https:\\\/\\\/newvoiceinternational.com\\\/de\\\/#\\\/schema\\\/logo\\\/image\\\/\",\"url\":\"https:\\\/\\\/newvoiceinternational.com\\\/wp-content\\\/uploads\\\/2022\\\/06\\\/NV_Logo_RGB.png\",\"contentUrl\":\"https:\\\/\\\/newvoiceinternational.com\\\/wp-content\\\/uploads\\\/2022\\\/06\\\/NV_Logo_RGB.png\",\"width\":1200,\"height\":315,\"caption\":\"NewVoice International\"},\"image\":{\"@id\":\"https:\\\/\\\/newvoiceinternational.com\\\/de\\\/#\\\/schema\\\/logo\\\/image\\\/\"}}]}<\/script>\n<!-- \/ Yoast SEO plugin. -->","yoast_head_json":{"title":"Heinemann - NewVoice International","robots":{"index":"index","follow":"follow","max-snippet":"max-snippet:-1","max-image-preview":"max-image-preview:large","max-video-preview":"max-video-preview:-1"},"canonical":"https:\/\/newvoiceinternational.com\/de\/heinemann\/","og_locale":"de_DE","og_type":"article","og_title":"Heinemann - NewVoice International","og_description":"C.H.T. Heinemann GmbH ist ein f\u00fchrendes Systemhaus f\u00fcr Informations- und Kommunikationstechnik in S\u00fcdwestfalen. Wir haben unseren Sitz in Netphen im sch\u00f6nen Siegerland und bieten spartenumfassenden Service schon seit 1998. Unser Ziel ist es, mit ganzheitlicher Beratung, hochwertigen Produkten und unserem Projekt-Know-How individuelle L\u00f6sungen f\u00fcr unsere Kunden zu erzielen. Stetig neue und innovative Ideen zu entwickeln [&hellip;]","og_url":"https:\/\/newvoiceinternational.com\/de\/heinemann\/","og_site_name":"NewVoice International","article_modified_time":"2023-04-18T06:49:35+00:00","og_image":[{"url":"https:\/\/www.newvoiceinternational.com\/wp-content\/uploads\/2023\/04\/Heinemann-Logo.png","type":"","width":"","height":""}],"twitter_card":"summary_large_image","twitter_misc":{"Gesch\u00e4tzte Lesezeit":"1\u00a0Minute"},"schema":{"@context":"https:\/\/schema.org","@graph":[{"@type":"WebPage","@id":"https:\/\/newvoiceinternational.com\/de\/heinemann\/","url":"https:\/\/newvoiceinternational.com\/de\/heinemann\/","name":"Heinemann - NewVoice International","isPartOf":{"@id":"https:\/\/newvoiceinternational.com\/de\/#website"},"primaryImageOfPage":{"@id":"https:\/\/newvoiceinternational.com\/de\/heinemann\/#primaryimage"},"image":{"@id":"https:\/\/newvoiceinternational.com\/de\/heinemann\/#primaryimage"},"thumbnailUrl":"https:\/\/www.newvoiceinternational.com\/wp-content\/uploads\/2023\/04\/Heinemann-Logo.png","datePublished":"2023-04-18T06:35:31+00:00","dateModified":"2023-04-18T06:49:35+00:00","breadcrumb":{"@id":"https:\/\/newvoiceinternational.com\/de\/heinemann\/#breadcrumb"},"inLanguage":"de","potentialAction":[{"@type":"ReadAction","target":["https:\/\/newvoiceinternational.com\/de\/heinemann\/"]}]},{"@type":"ImageObject","inLanguage":"de","@id":"https:\/\/newvoiceinternational.com\/de\/heinemann\/#primaryimage","url":"https:\/\/www.newvoiceinternational.com\/wp-content\/uploads\/2023\/04\/Heinemann-Logo.png","contentUrl":"https:\/\/www.newvoiceinternational.com\/wp-content\/uploads\/2023\/04\/Heinemann-Logo.png"},{"@type":"BreadcrumbList","@id":"https:\/\/newvoiceinternational.com\/de\/heinemann\/#breadcrumb","itemListElement":[{"@type":"ListItem","position":1,"name":"Home","item":"https:\/\/newvoiceinternational.com\/de\/"},{"@type":"ListItem","position":2,"name":"Heinemann"}]},{"@type":"WebSite","@id":"https:\/\/newvoiceinternational.com\/de\/#website","url":"https:\/\/newvoiceinternational.com\/de\/","name":"NewVoice International","description":"","publisher":{"@id":"https:\/\/newvoiceinternational.com\/de\/#organization"},"potentialAction":[{"@type":"SearchAction","target":{"@type":"EntryPoint","urlTemplate":"https:\/\/newvoiceinternational.com\/de\/?s={search_term_string}"},"query-input":{"@type":"PropertyValueSpecification","valueRequired":true,"valueName":"search_term_string"}}],"inLanguage":"de"},{"@type":"Organization","@id":"https:\/\/newvoiceinternational.com\/de\/#organization","name":"NewVoice International","url":"https:\/\/newvoiceinternational.com\/de\/","logo":{"@type":"ImageObject","inLanguage":"de","@id":"https:\/\/newvoiceinternational.com\/de\/#\/schema\/logo\/image\/","url":"https:\/\/newvoiceinternational.com\/wp-content\/uploads\/2022\/06\/NV_Logo_RGB.png","contentUrl":"https:\/\/newvoiceinternational.com\/wp-content\/uploads\/2022\/06\/NV_Logo_RGB.png","width":1200,"height":315,"caption":"NewVoice International"},"image":{"@id":"https:\/\/newvoiceinternational.com\/de\/#\/schema\/logo\/image\/"}}]}},"_links":{"self":[{"href":"https:\/\/newvoiceinternational.com\/de\/wp-json\/wp\/v2\/pages\/25979","targetHints":{"allow":["GET"]}}],"collection":[{"href":"https:\/\/newvoiceinternational.com\/de\/wp-json\/wp\/v2\/pages"}],"about":[{"href":"https:\/\/newvoiceinternational.com\/de\/wp-json\/wp\/v2\/types\/page"}],"author":[{"embeddable":true,"href":"https:\/\/newvoiceinternational.com\/de\/wp-json\/wp\/v2\/users\/5"}],"replies":[{"embeddable":true,"href":"https:\/\/newvoiceinternational.com\/de\/wp-json\/wp\/v2\/comments?post=25979"}],"version-history":[{"count":0,"href":"https:\/\/newvoiceinternational.com\/de\/wp-json\/wp\/v2\/pages\/25979\/revisions"}],"wp:attachment":[{"href":"https:\/\/newvoiceinternational.com\/de\/wp-json\/wp\/v2\/media?parent=25979"}],"curies":[{"name":"wp","href":"https:\/\/api.w.org\/{rel}","templated":true}]}}