{"id":25803,"date":"2023-04-13T08:20:30","date_gmt":"2023-04-13T07:20:30","guid":{"rendered":"https:\/\/www.newvoiceinternational.com\/brekom\/"},"modified":"2023-04-13T08:42:12","modified_gmt":"2023-04-13T07:42:12","slug":"brekom","status":"publish","type":"page","link":"https:\/\/newvoiceinternational.com\/de\/brekom\/","title":{"rendered":"Brekom"},"content":{"rendered":"\t\t<div data-elementor-type=\"wp-page\" data-elementor-id=\"25803\" class=\"elementor elementor-25803 elementor-25786\" data-elementor-post-type=\"page\">\n\t\t\t\t\t\t<section class=\"elementor-section elementor-top-section elementor-element elementor-element-0f6db7d elementor-section-boxed elementor-section-height-default elementor-section-height-default\" data-id=\"0f6db7d\" data-element_type=\"section\" data-e-type=\"section\">\n\t\t\t\t\t\t<div class=\"elementor-container elementor-column-gap-default\">\n\t\t\t\t\t<div class=\"elementor-column elementor-col-100 elementor-top-column elementor-element elementor-element-74af091\" data-id=\"74af091\" data-element_type=\"column\" data-e-type=\"column\">\n\t\t\t<div class=\"elementor-widget-wrap elementor-element-populated\">\n\t\t\t\t\t\t<div class=\"elementor-element elementor-element-ed18d37 elementor-widget elementor-widget-image\" data-id=\"ed18d37\" data-element_type=\"widget\" data-e-type=\"widget\" data-widget_type=\"image.default\">\n\t\t\t\t<div class=\"elementor-widget-container\">\n\t\t\t\t\t\t\t\t\t\t\t\t\t\t\t<img fetchpriority=\"high\" decoding=\"async\" width=\"580\" height=\"112\" src=\"https:\/\/newvoiceinternational.com\/wp-content\/uploads\/2023\/04\/BREKOM_Logo_trans.png\" class=\"attachment-large size-large wp-image-25790\" alt=\"\" srcset=\"https:\/\/newvoiceinternational.com\/wp-content\/uploads\/2023\/04\/BREKOM_Logo_trans.png 803w, https:\/\/newvoiceinternational.com\/wp-content\/uploads\/2023\/04\/BREKOM_Logo_trans-300x58.png 300w, https:\/\/newvoiceinternational.com\/wp-content\/uploads\/2023\/04\/BREKOM_Logo_trans-768x148.png 768w\" sizes=\"(max-width: 580px) 100vw, 580px\" \/>\t\t\t\t\t\t\t\t\t\t\t\t\t\t\t<\/div>\n\t\t\t\t<\/div>\n\t\t\t\t\t<\/div>\n\t\t<\/div>\n\t\t\t\t\t<\/div>\n\t\t<\/section>\n\t\t\t\t<section class=\"elementor-section elementor-top-section elementor-element elementor-element-0457b91 elementor-section-boxed elementor-section-height-default elementor-section-height-default\" data-id=\"0457b91\" data-element_type=\"section\" data-e-type=\"section\">\n\t\t\t\t\t\t<div class=\"elementor-container elementor-column-gap-default\">\n\t\t\t\t\t<div class=\"elementor-column elementor-col-100 elementor-top-column elementor-element elementor-element-8ece464\" data-id=\"8ece464\" data-element_type=\"column\" data-e-type=\"column\">\n\t\t\t<div class=\"elementor-widget-wrap elementor-element-populated\">\n\t\t\t\t\t\t<div class=\"elementor-element elementor-element-fb84f88 elementor-widget elementor-widget-text-editor\" data-id=\"fb84f88\" data-element_type=\"widget\" data-e-type=\"widget\" data-widget_type=\"text-editor.default\">\n\t\t\t\t<div class=\"elementor-widget-container\">\n\t\t\t\t\t\t\t\t\t<p>BREKOM bietet als Partner f\u00fcr Kommunikation und Sicherheit Gesch\u00e4ftskunden individuell durchdachte 360\u00b0 Solutions in den Bereichen IT, Communication, Managed Services, und Safety &amp; Security an. Als Tochterunternehmen der EWE TEL GmbH verbindet sich bei BREKOM die pers\u00f6nliche N\u00e4he eines mittelst\u00e4ndischen Unternehmens mit der Leistungsf\u00e4higkeit eines Konzerns.\u00a0<\/p><p>Mit der Expertise von \u00fcber 150 Mitarbeitenden aus dem Stammsitz in Bremen sowie aus der Niederlassung Ostwestfalen-Lippe findet BREKOM im Dialog mit dem Kunden hochwertige L\u00f6sungskonzepte, die optimal zum Kundenbusiness passen und sich auch langfristig als leistungsstark erweisen.<\/p><p>Mehr erfahren: <a href=\"https:\/\/brekom.de\/\">Brekom<\/a><\/p>\t\t\t\t\t\t\t\t<\/div>\n\t\t\t\t<\/div>\n\t\t\t\t\t<\/div>\n\t\t<\/div>\n\t\t\t\t\t<\/div>\n\t\t<\/section>\n\t\t\t\t<\/div>\n\t\t","protected":false},"excerpt":{"rendered":"<p>BREKOM bietet als Partner f\u00fcr Kommunikation und Sicherheit Gesch\u00e4ftskunden individuell durchdachte 360\u00b0 Solutions in den Bereichen IT, Communication, Managed Services, und Safety &amp; Security an. Als Tochterunternehmen der EWE TEL GmbH verbindet sich bei BREKOM die pers\u00f6nliche N\u00e4he eines mittelst\u00e4ndischen Unternehmens mit der Leistungsf\u00e4higkeit eines Konzerns.\u00a0 Mit der Expertise von \u00fcber 150 Mitarbeitenden aus dem [&hellip;]<\/p>\n","protected":false},"author":5,"featured_media":0,"parent":0,"menu_order":0,"comment_status":"closed","ping_status":"closed","template":"elementor_header_footer","meta":{"_eb_attr":"","inline_featured_image":false,"footnotes":""},"class_list":["post-25803","page","type-page","status-publish","hentry"],"acf":[],"yoast_head":"<!-- This site is optimized with the Yoast SEO plugin v27.1.1 - https:\/\/yoast.com\/product\/yoast-seo-wordpress\/ -->\n<title>Brekom - NewVoice International<\/title>\n<meta name=\"robots\" content=\"index, follow, max-snippet:-1, max-image-preview:large, max-video-preview:-1\" \/>\n<link rel=\"canonical\" href=\"https:\/\/newvoiceinternational.com\/de\/brekom\/\" \/>\n<meta property=\"og:locale\" content=\"de_DE\" \/>\n<meta property=\"og:type\" content=\"article\" \/>\n<meta property=\"og:title\" content=\"Brekom - NewVoice International\" \/>\n<meta property=\"og:description\" content=\"BREKOM bietet als Partner f\u00fcr Kommunikation und Sicherheit Gesch\u00e4ftskunden individuell durchdachte 360\u00b0 Solutions in den Bereichen IT, Communication, Managed Services, und Safety &amp; Security an. Als Tochterunternehmen der EWE TEL GmbH verbindet sich bei BREKOM die pers\u00f6nliche N\u00e4he eines mittelst\u00e4ndischen Unternehmens mit der Leistungsf\u00e4higkeit eines Konzerns.\u00a0 Mit der Expertise von \u00fcber 150 Mitarbeitenden aus dem [&hellip;]\" \/>\n<meta property=\"og:url\" content=\"https:\/\/newvoiceinternational.com\/de\/brekom\/\" \/>\n<meta property=\"og:site_name\" content=\"NewVoice International\" \/>\n<meta property=\"article:modified_time\" content=\"2023-04-13T07:42:12+00:00\" \/>\n<meta property=\"og:image\" content=\"https:\/\/www.newvoiceinternational.com\/wp-content\/uploads\/2023\/04\/BREKOM_Logo_trans.png\" \/>\n<meta name=\"twitter:card\" content=\"summary_large_image\" \/>\n<meta name=\"twitter:label1\" content=\"Gesch\u00e4tzte Lesezeit\" \/>\n\t<meta name=\"twitter:data1\" content=\"1\u00a0Minute\" \/>\n<script type=\"application\/ld+json\" class=\"yoast-schema-graph\">{\"@context\":\"https:\/\/schema.org\",\"@graph\":[{\"@type\":\"WebPage\",\"@id\":\"https:\/\/newvoiceinternational.com\/de\/brekom\/\",\"url\":\"https:\/\/newvoiceinternational.com\/de\/brekom\/\",\"name\":\"Brekom - NewVoice International\",\"isPartOf\":{\"@id\":\"https:\/\/newvoiceinternational.com\/#website\"},\"primaryImageOfPage\":{\"@id\":\"https:\/\/newvoiceinternational.com\/de\/brekom\/#primaryimage\"},\"image\":{\"@id\":\"https:\/\/newvoiceinternational.com\/de\/brekom\/#primaryimage\"},\"thumbnailUrl\":\"https:\/\/www.newvoiceinternational.com\/wp-content\/uploads\/2023\/04\/BREKOM_Logo_trans.png\",\"datePublished\":\"2023-04-13T07:20:30+00:00\",\"dateModified\":\"2023-04-13T07:42:12+00:00\",\"breadcrumb\":{\"@id\":\"https:\/\/newvoiceinternational.com\/de\/brekom\/#breadcrumb\"},\"inLanguage\":\"de\",\"potentialAction\":[{\"@type\":\"ReadAction\",\"target\":[\"https:\/\/newvoiceinternational.com\/de\/brekom\/\"]}]},{\"@type\":\"ImageObject\",\"inLanguage\":\"de\",\"@id\":\"https:\/\/newvoiceinternational.com\/de\/brekom\/#primaryimage\",\"url\":\"https:\/\/www.newvoiceinternational.com\/wp-content\/uploads\/2023\/04\/BREKOM_Logo_trans.png\",\"contentUrl\":\"https:\/\/www.newvoiceinternational.com\/wp-content\/uploads\/2023\/04\/BREKOM_Logo_trans.png\"},{\"@type\":\"BreadcrumbList\",\"@id\":\"https:\/\/newvoiceinternational.com\/de\/brekom\/#breadcrumb\",\"itemListElement\":[{\"@type\":\"ListItem\",\"position\":1,\"name\":\"Home\",\"item\":\"https:\/\/newvoiceinternational.com\/fr\/\"},{\"@type\":\"ListItem\",\"position\":2,\"name\":\"Brekom\"}]},{\"@type\":\"WebSite\",\"@id\":\"https:\/\/newvoiceinternational.com\/#website\",\"url\":\"https:\/\/newvoiceinternational.com\/\",\"name\":\"NewVoice International\",\"description\":\"\",\"publisher\":{\"@id\":\"https:\/\/newvoiceinternational.com\/#organization\"},\"potentialAction\":[{\"@type\":\"SearchAction\",\"target\":{\"@type\":\"EntryPoint\",\"urlTemplate\":\"https:\/\/newvoiceinternational.com\/?s={search_term_string}\"},\"query-input\":{\"@type\":\"PropertyValueSpecification\",\"valueRequired\":true,\"valueName\":\"search_term_string\"}}],\"inLanguage\":\"de\"},{\"@type\":\"Organization\",\"@id\":\"https:\/\/newvoiceinternational.com\/#organization\",\"name\":\"NewVoice International\",\"url\":\"https:\/\/newvoiceinternational.com\/\",\"logo\":{\"@type\":\"ImageObject\",\"inLanguage\":\"de\",\"@id\":\"https:\/\/newvoiceinternational.com\/#\/schema\/logo\/image\/\",\"url\":\"https:\/\/newvoiceinternational.com\/wp-content\/uploads\/2022\/06\/NV_Logo_RGB.png\",\"contentUrl\":\"https:\/\/newvoiceinternational.com\/wp-content\/uploads\/2022\/06\/NV_Logo_RGB.png\",\"width\":1200,\"height\":315,\"caption\":\"NewVoice International\"},\"image\":{\"@id\":\"https:\/\/newvoiceinternational.com\/#\/schema\/logo\/image\/\"}}]}<\/script>\n<!-- \/ Yoast SEO plugin. -->","yoast_head_json":{"title":"Brekom - NewVoice International","robots":{"index":"index","follow":"follow","max-snippet":"max-snippet:-1","max-image-preview":"max-image-preview:large","max-video-preview":"max-video-preview:-1"},"canonical":"https:\/\/newvoiceinternational.com\/de\/brekom\/","og_locale":"de_DE","og_type":"article","og_title":"Brekom - NewVoice International","og_description":"BREKOM bietet als Partner f\u00fcr Kommunikation und Sicherheit Gesch\u00e4ftskunden individuell durchdachte 360\u00b0 Solutions in den Bereichen IT, Communication, Managed Services, und Safety &amp; Security an. Als Tochterunternehmen der EWE TEL GmbH verbindet sich bei BREKOM die pers\u00f6nliche N\u00e4he eines mittelst\u00e4ndischen Unternehmens mit der Leistungsf\u00e4higkeit eines Konzerns.\u00a0 Mit der Expertise von \u00fcber 150 Mitarbeitenden aus dem [&hellip;]","og_url":"https:\/\/newvoiceinternational.com\/de\/brekom\/","og_site_name":"NewVoice International","article_modified_time":"2023-04-13T07:42:12+00:00","og_image":[{"url":"https:\/\/www.newvoiceinternational.com\/wp-content\/uploads\/2023\/04\/BREKOM_Logo_trans.png","type":"","width":"","height":""}],"twitter_card":"summary_large_image","twitter_misc":{"Gesch\u00e4tzte Lesezeit":"1\u00a0Minute"},"schema":{"@context":"https:\/\/schema.org","@graph":[{"@type":"WebPage","@id":"https:\/\/newvoiceinternational.com\/de\/brekom\/","url":"https:\/\/newvoiceinternational.com\/de\/brekom\/","name":"Brekom - NewVoice International","isPartOf":{"@id":"https:\/\/newvoiceinternational.com\/#website"},"primaryImageOfPage":{"@id":"https:\/\/newvoiceinternational.com\/de\/brekom\/#primaryimage"},"image":{"@id":"https:\/\/newvoiceinternational.com\/de\/brekom\/#primaryimage"},"thumbnailUrl":"https:\/\/www.newvoiceinternational.com\/wp-content\/uploads\/2023\/04\/BREKOM_Logo_trans.png","datePublished":"2023-04-13T07:20:30+00:00","dateModified":"2023-04-13T07:42:12+00:00","breadcrumb":{"@id":"https:\/\/newvoiceinternational.com\/de\/brekom\/#breadcrumb"},"inLanguage":"de","potentialAction":[{"@type":"ReadAction","target":["https:\/\/newvoiceinternational.com\/de\/brekom\/"]}]},{"@type":"ImageObject","inLanguage":"de","@id":"https:\/\/newvoiceinternational.com\/de\/brekom\/#primaryimage","url":"https:\/\/www.newvoiceinternational.com\/wp-content\/uploads\/2023\/04\/BREKOM_Logo_trans.png","contentUrl":"https:\/\/www.newvoiceinternational.com\/wp-content\/uploads\/2023\/04\/BREKOM_Logo_trans.png"},{"@type":"BreadcrumbList","@id":"https:\/\/newvoiceinternational.com\/de\/brekom\/#breadcrumb","itemListElement":[{"@type":"ListItem","position":1,"name":"Home","item":"https:\/\/newvoiceinternational.com\/fr\/"},{"@type":"ListItem","position":2,"name":"Brekom"}]},{"@type":"WebSite","@id":"https:\/\/newvoiceinternational.com\/#website","url":"https:\/\/newvoiceinternational.com\/","name":"NewVoice International","description":"","publisher":{"@id":"https:\/\/newvoiceinternational.com\/#organization"},"potentialAction":[{"@type":"SearchAction","target":{"@type":"EntryPoint","urlTemplate":"https:\/\/newvoiceinternational.com\/?s={search_term_string}"},"query-input":{"@type":"PropertyValueSpecification","valueRequired":true,"valueName":"search_term_string"}}],"inLanguage":"de"},{"@type":"Organization","@id":"https:\/\/newvoiceinternational.com\/#organization","name":"NewVoice International","url":"https:\/\/newvoiceinternational.com\/","logo":{"@type":"ImageObject","inLanguage":"de","@id":"https:\/\/newvoiceinternational.com\/#\/schema\/logo\/image\/","url":"https:\/\/newvoiceinternational.com\/wp-content\/uploads\/2022\/06\/NV_Logo_RGB.png","contentUrl":"https:\/\/newvoiceinternational.com\/wp-content\/uploads\/2022\/06\/NV_Logo_RGB.png","width":1200,"height":315,"caption":"NewVoice International"},"image":{"@id":"https:\/\/newvoiceinternational.com\/#\/schema\/logo\/image\/"}}]}},"_links":{"self":[{"href":"https:\/\/newvoiceinternational.com\/de\/wp-json\/wp\/v2\/pages\/25803","targetHints":{"allow":["GET"]}}],"collection":[{"href":"https:\/\/newvoiceinternational.com\/de\/wp-json\/wp\/v2\/pages"}],"about":[{"href":"https:\/\/newvoiceinternational.com\/de\/wp-json\/wp\/v2\/types\/page"}],"author":[{"embeddable":true,"href":"https:\/\/newvoiceinternational.com\/de\/wp-json\/wp\/v2\/users\/5"}],"replies":[{"embeddable":true,"href":"https:\/\/newvoiceinternational.com\/de\/wp-json\/wp\/v2\/comments?post=25803"}],"version-history":[{"count":0,"href":"https:\/\/newvoiceinternational.com\/de\/wp-json\/wp\/v2\/pages\/25803\/revisions"}],"wp:attachment":[{"href":"https:\/\/newvoiceinternational.com\/de\/wp-json\/wp\/v2\/media?parent=25803"}],"curies":[{"name":"wp","href":"https:\/\/api.w.org\/{rel}","templated":true}]}}