{"id":25356,"date":"2023-04-06T10:49:49","date_gmt":"2023-04-06T09:49:49","guid":{"rendered":"https:\/\/www.newvoiceinternational.com\/?page_id=25356"},"modified":"2023-04-13T08:41:28","modified_gmt":"2023-04-13T07:41:28","slug":"dierck-gruppe","status":"publish","type":"page","link":"https:\/\/newvoiceinternational.com\/de\/dierck-gruppe\/","title":{"rendered":"Dierck Gruppe"},"content":{"rendered":"\t\t<div data-elementor-type=\"wp-page\" data-elementor-id=\"25356\" class=\"elementor elementor-25356\" data-elementor-post-type=\"page\">\n\t\t\t\t\t\t<section class=\"elementor-section elementor-top-section elementor-element elementor-element-c2341f2 elementor-section-boxed elementor-section-height-default elementor-section-height-default\" data-id=\"c2341f2\" data-element_type=\"section\" data-e-type=\"section\">\n\t\t\t\t\t\t<div class=\"elementor-container elementor-column-gap-default\">\n\t\t\t\t\t<div class=\"elementor-column elementor-col-100 elementor-top-column elementor-element elementor-element-dd7c9fb\" data-id=\"dd7c9fb\" data-element_type=\"column\" data-e-type=\"column\">\n\t\t\t<div class=\"elementor-widget-wrap elementor-element-populated\">\n\t\t\t\t\t\t<div class=\"elementor-element elementor-element-1f624d6 elementor-widget elementor-widget-image\" data-id=\"1f624d6\" data-element_type=\"widget\" data-e-type=\"widget\" data-widget_type=\"image.default\">\n\t\t\t\t<div class=\"elementor-widget-container\">\n\t\t\t\t\t\t\t\t\t\t\t\t\t\t\t<img fetchpriority=\"high\" decoding=\"async\" width=\"580\" height=\"260\" src=\"https:\/\/newvoiceinternational.com\/wp-content\/uploads\/2023\/04\/Dierck_Group_1000px-002-768x344.jpg\" class=\"attachment-medium_large size-medium_large wp-image-25359\" alt=\"\" srcset=\"https:\/\/newvoiceinternational.com\/wp-content\/uploads\/2023\/04\/Dierck_Group_1000px-002-768x344.jpg 768w, https:\/\/newvoiceinternational.com\/wp-content\/uploads\/2023\/04\/Dierck_Group_1000px-002-300x135.jpg 300w, https:\/\/newvoiceinternational.com\/wp-content\/uploads\/2023\/04\/Dierck_Group_1000px-002.jpg 999w\" sizes=\"(max-width: 580px) 100vw, 580px\" \/>\t\t\t\t\t\t\t\t\t\t\t\t\t\t\t<\/div>\n\t\t\t\t<\/div>\n\t\t\t\t\t<\/div>\n\t\t<\/div>\n\t\t\t\t\t<\/div>\n\t\t<\/section>\n\t\t\t\t<section class=\"elementor-section elementor-top-section elementor-element elementor-element-4946c3f elementor-section-boxed elementor-section-height-default elementor-section-height-default\" data-id=\"4946c3f\" data-element_type=\"section\" data-e-type=\"section\">\n\t\t\t\t\t\t<div class=\"elementor-container elementor-column-gap-default\">\n\t\t\t\t\t<div class=\"elementor-column elementor-col-100 elementor-top-column elementor-element elementor-element-b5f0b8e\" data-id=\"b5f0b8e\" data-element_type=\"column\" data-e-type=\"column\">\n\t\t\t<div class=\"elementor-widget-wrap elementor-element-populated\">\n\t\t\t\t\t\t<div class=\"elementor-element elementor-element-c17ce42 elementor-widget elementor-widget-text-editor\" data-id=\"c17ce42\" data-element_type=\"widget\" data-e-type=\"widget\" data-widget_type=\"text-editor.default\">\n\t\t\t\t<div class=\"elementor-widget-container\">\n\t\t\t\t\t\t\t\t\t<p>Mit unserem technischen Know-how k\u00f6nnen Sie in Ihrem Unternehmen ganz einfach eine nahtlose und innovative Kommunikationsl\u00f6sung implementieren.<\/p><p>Vielleicht haben Sie ja ein klares Bild von der Zukunft Ihrer Kommunikationsanforderungen, wissen aber nicht, wie Sie von Ihrer heutigen Position dorthin gelangen sollen?<\/p><p>Wir erstellen Ihnen ein individuell angepasstes System mit modernen, hochwertigen Komponenten, die optimal aufeinander abgestimmt sind.<\/p><p>Der modulare Aufbau erm\u00f6glicht eine flexible Anpassung an zuk\u00fcnftige technische Neuerungen und erm\u00f6glicht ein Mitwachsen mit Ihrem Unternehmen.<\/p><p><a href=\"https:\/\/dierck-gruppe.de\/leistungen\/telekommunikation\">https:\/\/dierck-gruppe.de\/leistungen\/telekommunikation<\/a><\/p>\t\t\t\t\t\t\t\t<\/div>\n\t\t\t\t<\/div>\n\t\t\t\t\t<\/div>\n\t\t<\/div>\n\t\t\t\t\t<\/div>\n\t\t<\/section>\n\t\t\t\t<\/div>\n\t\t","protected":false},"excerpt":{"rendered":"<p>Mit unserem technischen Know-how k\u00f6nnen Sie in Ihrem Unternehmen ganz einfach eine nahtlose und innovative Kommunikationsl\u00f6sung implementieren. Vielleicht haben Sie ja ein klares Bild von der Zukunft Ihrer Kommunikationsanforderungen, wissen aber nicht, wie Sie von Ihrer heutigen Position dorthin gelangen sollen? Wir erstellen Ihnen ein individuell angepasstes System mit modernen, hochwertigen Komponenten, die optimal aufeinander [&hellip;]<\/p>\n","protected":false},"author":5,"featured_media":0,"parent":0,"menu_order":0,"comment_status":"closed","ping_status":"closed","template":"elementor_header_footer","meta":{"_eb_attr":"","inline_featured_image":false,"footnotes":""},"class_list":["post-25356","page","type-page","status-publish","hentry"],"acf":[],"yoast_head":"<!-- This site is optimized with the Yoast SEO plugin v27.4 - https:\/\/yoast.com\/product\/yoast-seo-wordpress\/ -->\n<title>Dierck Gruppe - NewVoice International<\/title>\n<meta name=\"robots\" content=\"index, follow, max-snippet:-1, max-image-preview:large, max-video-preview:-1\" \/>\n<link rel=\"canonical\" href=\"https:\/\/newvoiceinternational.com\/de\/dierck-gruppe\/\" \/>\n<meta property=\"og:locale\" content=\"de_DE\" \/>\n<meta property=\"og:type\" content=\"article\" \/>\n<meta property=\"og:title\" content=\"Dierck Gruppe - NewVoice International\" \/>\n<meta property=\"og:description\" content=\"Mit unserem technischen Know-how k\u00f6nnen Sie in Ihrem Unternehmen ganz einfach eine nahtlose und innovative Kommunikationsl\u00f6sung implementieren. Vielleicht haben Sie ja ein klares Bild von der Zukunft Ihrer Kommunikationsanforderungen, wissen aber nicht, wie Sie von Ihrer heutigen Position dorthin gelangen sollen? Wir erstellen Ihnen ein individuell angepasstes System mit modernen, hochwertigen Komponenten, die optimal aufeinander [&hellip;]\" \/>\n<meta property=\"og:url\" content=\"https:\/\/newvoiceinternational.com\/de\/dierck-gruppe\/\" \/>\n<meta property=\"og:site_name\" content=\"NewVoice International\" \/>\n<meta property=\"article:modified_time\" content=\"2023-04-13T07:41:28+00:00\" \/>\n<meta property=\"og:image\" content=\"https:\/\/www.newvoiceinternational.com\/wp-content\/uploads\/2023\/04\/Dierck_Group_1000px-002-768x344.jpg\" \/>\n<meta name=\"twitter:card\" content=\"summary_large_image\" \/>\n<meta name=\"twitter:label1\" content=\"Gesch\u00e4tzte Lesezeit\" \/>\n\t<meta name=\"twitter:data1\" content=\"1\u00a0Minute\" \/>\n<script type=\"application\/ld+json\" class=\"yoast-schema-graph\">{\"@context\":\"https:\\\/\\\/schema.org\",\"@graph\":[{\"@type\":\"WebPage\",\"@id\":\"https:\\\/\\\/newvoiceinternational.com\\\/de\\\/dierck-gruppe\\\/\",\"url\":\"https:\\\/\\\/newvoiceinternational.com\\\/de\\\/dierck-gruppe\\\/\",\"name\":\"Dierck Gruppe - NewVoice International\",\"isPartOf\":{\"@id\":\"https:\\\/\\\/newvoiceinternational.com\\\/de\\\/#website\"},\"primaryImageOfPage\":{\"@id\":\"https:\\\/\\\/newvoiceinternational.com\\\/de\\\/dierck-gruppe\\\/#primaryimage\"},\"image\":{\"@id\":\"https:\\\/\\\/newvoiceinternational.com\\\/de\\\/dierck-gruppe\\\/#primaryimage\"},\"thumbnailUrl\":\"https:\\\/\\\/www.newvoiceinternational.com\\\/wp-content\\\/uploads\\\/2023\\\/04\\\/Dierck_Group_1000px-002-768x344.jpg\",\"datePublished\":\"2023-04-06T09:49:49+00:00\",\"dateModified\":\"2023-04-13T07:41:28+00:00\",\"breadcrumb\":{\"@id\":\"https:\\\/\\\/newvoiceinternational.com\\\/de\\\/dierck-gruppe\\\/#breadcrumb\"},\"inLanguage\":\"de\",\"potentialAction\":[{\"@type\":\"ReadAction\",\"target\":[\"https:\\\/\\\/newvoiceinternational.com\\\/de\\\/dierck-gruppe\\\/\"]}]},{\"@type\":\"ImageObject\",\"inLanguage\":\"de\",\"@id\":\"https:\\\/\\\/newvoiceinternational.com\\\/de\\\/dierck-gruppe\\\/#primaryimage\",\"url\":\"https:\\\/\\\/www.newvoiceinternational.com\\\/wp-content\\\/uploads\\\/2023\\\/04\\\/Dierck_Group_1000px-002-768x344.jpg\",\"contentUrl\":\"https:\\\/\\\/www.newvoiceinternational.com\\\/wp-content\\\/uploads\\\/2023\\\/04\\\/Dierck_Group_1000px-002-768x344.jpg\"},{\"@type\":\"BreadcrumbList\",\"@id\":\"https:\\\/\\\/newvoiceinternational.com\\\/de\\\/dierck-gruppe\\\/#breadcrumb\",\"itemListElement\":[{\"@type\":\"ListItem\",\"position\":1,\"name\":\"Home\",\"item\":\"https:\\\/\\\/newvoiceinternational.com\\\/de\\\/\"},{\"@type\":\"ListItem\",\"position\":2,\"name\":\"Dierck Gruppe\"}]},{\"@type\":\"WebSite\",\"@id\":\"https:\\\/\\\/newvoiceinternational.com\\\/de\\\/#website\",\"url\":\"https:\\\/\\\/newvoiceinternational.com\\\/de\\\/\",\"name\":\"NewVoice International\",\"description\":\"\",\"publisher\":{\"@id\":\"https:\\\/\\\/newvoiceinternational.com\\\/de\\\/#organization\"},\"potentialAction\":[{\"@type\":\"SearchAction\",\"target\":{\"@type\":\"EntryPoint\",\"urlTemplate\":\"https:\\\/\\\/newvoiceinternational.com\\\/de\\\/?s={search_term_string}\"},\"query-input\":{\"@type\":\"PropertyValueSpecification\",\"valueRequired\":true,\"valueName\":\"search_term_string\"}}],\"inLanguage\":\"de\"},{\"@type\":\"Organization\",\"@id\":\"https:\\\/\\\/newvoiceinternational.com\\\/de\\\/#organization\",\"name\":\"NewVoice International\",\"url\":\"https:\\\/\\\/newvoiceinternational.com\\\/de\\\/\",\"logo\":{\"@type\":\"ImageObject\",\"inLanguage\":\"de\",\"@id\":\"https:\\\/\\\/newvoiceinternational.com\\\/de\\\/#\\\/schema\\\/logo\\\/image\\\/\",\"url\":\"https:\\\/\\\/newvoiceinternational.com\\\/wp-content\\\/uploads\\\/2022\\\/06\\\/NV_Logo_RGB.png\",\"contentUrl\":\"https:\\\/\\\/newvoiceinternational.com\\\/wp-content\\\/uploads\\\/2022\\\/06\\\/NV_Logo_RGB.png\",\"width\":1200,\"height\":315,\"caption\":\"NewVoice International\"},\"image\":{\"@id\":\"https:\\\/\\\/newvoiceinternational.com\\\/de\\\/#\\\/schema\\\/logo\\\/image\\\/\"}}]}<\/script>\n<!-- \/ Yoast SEO plugin. -->","yoast_head_json":{"title":"Dierck Gruppe - NewVoice International","robots":{"index":"index","follow":"follow","max-snippet":"max-snippet:-1","max-image-preview":"max-image-preview:large","max-video-preview":"max-video-preview:-1"},"canonical":"https:\/\/newvoiceinternational.com\/de\/dierck-gruppe\/","og_locale":"de_DE","og_type":"article","og_title":"Dierck Gruppe - NewVoice International","og_description":"Mit unserem technischen Know-how k\u00f6nnen Sie in Ihrem Unternehmen ganz einfach eine nahtlose und innovative Kommunikationsl\u00f6sung implementieren. Vielleicht haben Sie ja ein klares Bild von der Zukunft Ihrer Kommunikationsanforderungen, wissen aber nicht, wie Sie von Ihrer heutigen Position dorthin gelangen sollen? Wir erstellen Ihnen ein individuell angepasstes System mit modernen, hochwertigen Komponenten, die optimal aufeinander [&hellip;]","og_url":"https:\/\/newvoiceinternational.com\/de\/dierck-gruppe\/","og_site_name":"NewVoice International","article_modified_time":"2023-04-13T07:41:28+00:00","og_image":[{"url":"https:\/\/www.newvoiceinternational.com\/wp-content\/uploads\/2023\/04\/Dierck_Group_1000px-002-768x344.jpg","type":"","width":"","height":""}],"twitter_card":"summary_large_image","twitter_misc":{"Gesch\u00e4tzte Lesezeit":"1\u00a0Minute"},"schema":{"@context":"https:\/\/schema.org","@graph":[{"@type":"WebPage","@id":"https:\/\/newvoiceinternational.com\/de\/dierck-gruppe\/","url":"https:\/\/newvoiceinternational.com\/de\/dierck-gruppe\/","name":"Dierck Gruppe - NewVoice International","isPartOf":{"@id":"https:\/\/newvoiceinternational.com\/de\/#website"},"primaryImageOfPage":{"@id":"https:\/\/newvoiceinternational.com\/de\/dierck-gruppe\/#primaryimage"},"image":{"@id":"https:\/\/newvoiceinternational.com\/de\/dierck-gruppe\/#primaryimage"},"thumbnailUrl":"https:\/\/www.newvoiceinternational.com\/wp-content\/uploads\/2023\/04\/Dierck_Group_1000px-002-768x344.jpg","datePublished":"2023-04-06T09:49:49+00:00","dateModified":"2023-04-13T07:41:28+00:00","breadcrumb":{"@id":"https:\/\/newvoiceinternational.com\/de\/dierck-gruppe\/#breadcrumb"},"inLanguage":"de","potentialAction":[{"@type":"ReadAction","target":["https:\/\/newvoiceinternational.com\/de\/dierck-gruppe\/"]}]},{"@type":"ImageObject","inLanguage":"de","@id":"https:\/\/newvoiceinternational.com\/de\/dierck-gruppe\/#primaryimage","url":"https:\/\/www.newvoiceinternational.com\/wp-content\/uploads\/2023\/04\/Dierck_Group_1000px-002-768x344.jpg","contentUrl":"https:\/\/www.newvoiceinternational.com\/wp-content\/uploads\/2023\/04\/Dierck_Group_1000px-002-768x344.jpg"},{"@type":"BreadcrumbList","@id":"https:\/\/newvoiceinternational.com\/de\/dierck-gruppe\/#breadcrumb","itemListElement":[{"@type":"ListItem","position":1,"name":"Home","item":"https:\/\/newvoiceinternational.com\/de\/"},{"@type":"ListItem","position":2,"name":"Dierck Gruppe"}]},{"@type":"WebSite","@id":"https:\/\/newvoiceinternational.com\/de\/#website","url":"https:\/\/newvoiceinternational.com\/de\/","name":"NewVoice International","description":"","publisher":{"@id":"https:\/\/newvoiceinternational.com\/de\/#organization"},"potentialAction":[{"@type":"SearchAction","target":{"@type":"EntryPoint","urlTemplate":"https:\/\/newvoiceinternational.com\/de\/?s={search_term_string}"},"query-input":{"@type":"PropertyValueSpecification","valueRequired":true,"valueName":"search_term_string"}}],"inLanguage":"de"},{"@type":"Organization","@id":"https:\/\/newvoiceinternational.com\/de\/#organization","name":"NewVoice International","url":"https:\/\/newvoiceinternational.com\/de\/","logo":{"@type":"ImageObject","inLanguage":"de","@id":"https:\/\/newvoiceinternational.com\/de\/#\/schema\/logo\/image\/","url":"https:\/\/newvoiceinternational.com\/wp-content\/uploads\/2022\/06\/NV_Logo_RGB.png","contentUrl":"https:\/\/newvoiceinternational.com\/wp-content\/uploads\/2022\/06\/NV_Logo_RGB.png","width":1200,"height":315,"caption":"NewVoice International"},"image":{"@id":"https:\/\/newvoiceinternational.com\/de\/#\/schema\/logo\/image\/"}}]}},"_links":{"self":[{"href":"https:\/\/newvoiceinternational.com\/de\/wp-json\/wp\/v2\/pages\/25356","targetHints":{"allow":["GET"]}}],"collection":[{"href":"https:\/\/newvoiceinternational.com\/de\/wp-json\/wp\/v2\/pages"}],"about":[{"href":"https:\/\/newvoiceinternational.com\/de\/wp-json\/wp\/v2\/types\/page"}],"author":[{"embeddable":true,"href":"https:\/\/newvoiceinternational.com\/de\/wp-json\/wp\/v2\/users\/5"}],"replies":[{"embeddable":true,"href":"https:\/\/newvoiceinternational.com\/de\/wp-json\/wp\/v2\/comments?post=25356"}],"version-history":[{"count":0,"href":"https:\/\/newvoiceinternational.com\/de\/wp-json\/wp\/v2\/pages\/25356\/revisions"}],"wp:attachment":[{"href":"https:\/\/newvoiceinternational.com\/de\/wp-json\/wp\/v2\/media?parent=25356"}],"curies":[{"name":"wp","href":"https:\/\/api.w.org\/{rel}","templated":true}]}}