{"id":24755,"date":"2023-03-30T07:27:12","date_gmt":"2023-03-30T06:27:12","guid":{"rendered":"https:\/\/www.newvoiceinternational.com\/rma\/"},"modified":"2023-03-30T10:30:49","modified_gmt":"2023-03-30T09:30:49","slug":"rma","status":"publish","type":"page","link":"https:\/\/newvoiceinternational.com\/de\/rma\/","title":{"rendered":"RMA"},"content":{"rendered":"\t\t<div data-elementor-type=\"wp-page\" data-elementor-id=\"24755\" class=\"elementor elementor-24755 elementor-24720\" data-elementor-post-type=\"page\">\n\t\t\t\t\t\t<section class=\"elementor-section elementor-top-section elementor-element elementor-element-8565336 elementor-section-boxed elementor-section-height-default elementor-section-height-default\" data-id=\"8565336\" data-element_type=\"section\" data-e-type=\"section\">\n\t\t\t\t\t\t<div class=\"elementor-container elementor-column-gap-default\">\n\t\t\t\t\t<div class=\"elementor-column elementor-col-100 elementor-top-column elementor-element elementor-element-5ed3855\" data-id=\"5ed3855\" data-element_type=\"column\" data-e-type=\"column\">\n\t\t\t<div class=\"elementor-widget-wrap elementor-element-populated\">\n\t\t\t\t\t\t<div class=\"elementor-element elementor-element-1849fb1 elementor-widget elementor-widget-heading\" data-id=\"1849fb1\" data-element_type=\"widget\" data-e-type=\"widget\" data-widget_type=\"heading.default\">\n\t\t\t\t<div class=\"elementor-widget-container\">\n\t\t\t\t\t<h2 class=\"elementor-heading-title elementor-size-default\">RMA Formular<\/h2>\t\t\t\t<\/div>\n\t\t\t\t<\/div>\n\t\t\t\t\t<\/div>\n\t\t<\/div>\n\t\t\t\t\t<\/div>\n\t\t<\/section>\n\t\t\t\t<section class=\"elementor-section elementor-top-section elementor-element elementor-element-eb24824 elementor-section-boxed elementor-section-height-default elementor-section-height-default\" data-id=\"eb24824\" data-element_type=\"section\" data-e-type=\"section\">\n\t\t\t\t\t\t<div class=\"elementor-container elementor-column-gap-default\">\n\t\t\t\t\t<div class=\"elementor-column elementor-col-100 elementor-top-column elementor-element elementor-element-46409ba\" data-id=\"46409ba\" data-element_type=\"column\" data-e-type=\"column\">\n\t\t\t<div class=\"elementor-widget-wrap elementor-element-populated\">\n\t\t\t\t\t\t<div class=\"elementor-element elementor-element-a36b59e elementor-widget elementor-widget-text-editor\" data-id=\"a36b59e\" data-element_type=\"widget\" data-e-type=\"widget\" data-widget_type=\"text-editor.default\">\n\t\t\t\t<div class=\"elementor-widget-container\">\n\t\t\t\t\t\t\t\t\t\n<div class=\"wpcf7 no-js\" id=\"wpcf7-f24724-o1\" lang=\"en-US\" dir=\"ltr\" data-wpcf7-id=\"24724\">\n<div class=\"screen-reader-response\"><p role=\"status\" aria-live=\"polite\" aria-atomic=\"true\"><\/p> <ul><\/ul><\/div>\n<form action=\"\/de\/wp-json\/wp\/v2\/pages\/24755#wpcf7-f24724-o1\" method=\"post\" class=\"wpcf7-form init\" aria-label=\"Contact form\" novalidate=\"novalidate\" data-status=\"init\">\n<fieldset class=\"hidden-fields-container\"><input type=\"hidden\" name=\"_wpcf7\" value=\"24724\" \/><input type=\"hidden\" name=\"_wpcf7_version\" value=\"6.1.5\" \/><input type=\"hidden\" name=\"_wpcf7_locale\" value=\"en_US\" \/><input type=\"hidden\" name=\"_wpcf7_unit_tag\" value=\"wpcf7-f24724-o1\" \/><input type=\"hidden\" name=\"_wpcf7_container_post\" value=\"0\" \/><input type=\"hidden\" name=\"_wpcf7_posted_data_hash\" value=\"\" \/><input type=\"hidden\" name=\"_wpcf7_recaptcha_response\" value=\"\" \/>\n<\/fieldset>\n<div class=\"uacf7-form-wrapper-container uacf7-form-24724  \">Datum\n<span class=\"wpcf7-form-control-wrap\" data-name=\"date-datum\"><input class=\"wpcf7-form-control wpcf7-date wpcf7-validates-as-date\" aria-invalid=\"false\" value=\"2026-04-05\" type=\"date\" name=\"date-datum\" \/><\/span>\n<label> Projekt*\n    <span class=\"wpcf7-form-control-wrap\" data-name=\"Projekt\"><input size=\"40\" maxlength=\"400\" class=\"wpcf7-form-control wpcf7-text wpcf7-validates-as-required\" aria-required=\"true\" aria-invalid=\"false\" value=\"\" type=\"text\" name=\"Projekt\" \/><\/span> <\/label>\n\n<label> Endkunde\n    <span class=\"wpcf7-form-control-wrap\" data-name=\"Endkunde\"><input size=\"40\" maxlength=\"400\" class=\"wpcf7-form-control wpcf7-text\" aria-invalid=\"false\" value=\"\" type=\"text\" name=\"Endkunde\" \/><\/span> <\/label>\n\n<label> Wartungsvertragsnummer\n<span class=\"wpcf7-form-control-wrap\" data-name=\"Wartungsvertragsnummer:\"><input size=\"40\" maxlength=\"400\" class=\"wpcf7-form-control wpcf7-text\" aria-invalid=\"false\" value=\"\" type=\"text\" name=\"Wartungsvertragsnummer:\" \/><\/span><\/label>\n\n<h3>Kontaktinformationen<\/h3>\n\n<h4>Rechnungsadresse<\/h4>\n\n<label> Firma*\n    <span class=\"wpcf7-form-control-wrap\" data-name=\"Firma\"><input size=\"40\" maxlength=\"400\" class=\"wpcf7-form-control wpcf7-text wpcf7-validates-as-required\" aria-required=\"true\" aria-invalid=\"false\" value=\"\" type=\"text\" name=\"Firma\" \/><\/span> <\/label>\n\n<label> Adresse*\n    <span class=\"wpcf7-form-control-wrap\" data-name=\"Adresse\"><input size=\"40\" maxlength=\"400\" class=\"wpcf7-form-control wpcf7-text wpcf7-validates-as-required\" aria-required=\"true\" aria-invalid=\"false\" value=\"\" type=\"text\" name=\"Adresse\" \/><\/span> <\/label>\n\n<label> PLZ\/Ort*\n    <span class=\"wpcf7-form-control-wrap\" data-name=\"Ort\"><input size=\"40\" maxlength=\"400\" class=\"wpcf7-form-control wpcf7-text wpcf7-validates-as-required\" aria-required=\"true\" aria-invalid=\"false\" value=\"\" type=\"text\" name=\"Ort\" \/><\/span> <\/label>\n\n<label> Land*\n<span class=\"wpcf7-form-control-wrap\" data-name=\"Land\"><input size=\"40\" maxlength=\"400\" class=\"wpcf7-form-control wpcf7-text wpcf7-validates-as-required\" aria-required=\"true\" aria-invalid=\"false\" value=\"\" type=\"text\" name=\"Land\" \/><\/span><\/label>\n\n<label> Kontaktperson*\n    <span class=\"wpcf7-form-control-wrap\" data-name=\"Kontaktperson\"><input size=\"40\" maxlength=\"400\" class=\"wpcf7-form-control wpcf7-text wpcf7-validates-as-required\" aria-required=\"true\" aria-invalid=\"false\" value=\"\" type=\"text\" name=\"Kontaktperson\" \/><\/span> <\/label>\n\n<label> Telefon*\n    <span class=\"wpcf7-form-control-wrap\" data-name=\"Telefon\"><input size=\"40\" maxlength=\"400\" class=\"wpcf7-form-control wpcf7-tel wpcf7-validates-as-required wpcf7-text wpcf7-validates-as-tel\" aria-required=\"true\" aria-invalid=\"false\" value=\"\" type=\"tel\" name=\"Telefon\" \/><\/span> <\/label>\n\n<label> Email*\n    <span class=\"wpcf7-form-control-wrap\" data-name=\"Email\"><input size=\"40\" maxlength=\"400\" class=\"wpcf7-form-control wpcf7-email wpcf7-validates-as-required wpcf7-text wpcf7-validates-as-email\" aria-required=\"true\" aria-invalid=\"false\" value=\"\" type=\"email\" name=\"Email\" \/><\/span> <\/label>\n\n<h4>Lieferadresse<\/h4><br>\n\n\n<span class=\"wpcf7-form-control-wrap\" data-name=\"Lieferadresse\"><select class=\"wpcf7-form-control wpcf7-select wpcf7-validates-as-required\" aria-required=\"true\" aria-invalid=\"false\" name=\"Lieferadresse\"><option value=\"FR : New Voice 19 Rue Corot 92410 Ville-d\u2019Avray\">FR : New Voice 19 Rue Corot 92410 Ville-d\u2019Avray<\/option><option value=\"DE: New Voice Systems GmbH Gro\u00dfbeerenstra\u00dfe 2-10 Geb\u00e4ude 3 Raum 4.13 D-12107 Berlin\">DE: New Voice Systems GmbH Gro\u00dfbeerenstra\u00dfe 2-10 Geb\u00e4ude 3 Raum 4.13 D-12107 Berlin<\/option><option value=\"CH : New Voice Schweiz AG Milit\u00e4rstrasse 90 8004 Z\u00fcrich +41 58 750 11 11\">CH : New Voice Schweiz AG Milit\u00e4rstrasse 90 8004 Z\u00fcrich +41 58 750 11 11<\/option><\/select><\/span><br>\n<h3>Komponentbeschreibung<\/h3><br>\n\nHersteller\n<span class=\"wpcf7-form-control-wrap\" data-name=\"Hersteller\"><select class=\"wpcf7-form-control wpcf7-select\" aria-invalid=\"false\" name=\"Hersteller\"><option value=\"New Voice\">New Voice<\/option><option value=\"New Voice MobiBBox\">New Voice MobiBBox<\/option><option value=\"Wago\">Wago<\/option><option value=\"Moxa\">Moxa<\/option><option value=\"MC Technology\">MC Technology<\/option><option value=\"SEH technology\">SEH technology<\/option><option value=\"Dongle\">Dongle<\/option><option value=\"WuT\">WuT<\/option><\/select><\/span>\n\n<label> Typ und Bezeichnung*\n    <span class=\"wpcf7-form-control-wrap\" data-name=\"Typ\"><input size=\"40\" maxlength=\"400\" class=\"wpcf7-form-control wpcf7-text wpcf7-validates-as-required\" aria-required=\"true\" aria-invalid=\"false\" value=\"\" type=\"text\" name=\"Typ\" \/><\/span> <\/label>\n\n<label> Seriennumer\n    <span class=\"wpcf7-form-control-wrap\" data-name=\"Seriennumer\"><input size=\"40\" maxlength=\"400\" class=\"wpcf7-form-control wpcf7-text\" aria-invalid=\"false\" value=\"\" type=\"text\" name=\"Seriennumer\" \/><\/span> <\/label>\n\nMobiCall version\n<span class=\"wpcf7-form-control-wrap\" data-name=\"MobiCallVersion\"><select class=\"wpcf7-form-control wpcf7-select\" aria-invalid=\"false\" name=\"MobiCallVersion\"><option value=\"\"><\/option><option value=\"10.0\">10.0<\/option><option value=\"11.0\">11.0<\/option><option value=\"12.0\">12.0<\/option><option value=\"15.0\">15.0<\/option><option value=\"16.0\">16.0<\/option><\/select><\/span> <br>\nLieferdatum\n<span class=\"wpcf7-form-control-wrap\" data-name=\"date-427\"><input class=\"wpcf7-form-control wpcf7-date wpcf7-validates-as-date\" aria-invalid=\"false\" value=\"\" type=\"date\" name=\"date-427\" \/><\/span>\n<label> Dongle ID\n    <span class=\"wpcf7-form-control-wrap\" data-name=\"DongleSerien\"><input size=\"40\" maxlength=\"400\" class=\"wpcf7-form-control wpcf7-text\" aria-invalid=\"false\" value=\"\" type=\"text\" name=\"DongleSerien\" \/><\/span> <\/label>\n\n<label> Fehler*\n    <span class=\"wpcf7-form-control-wrap\" data-name=\"Fehler\"><input size=\"40\" maxlength=\"400\" class=\"wpcf7-form-control wpcf7-text wpcf7-validates-as-required\" aria-required=\"true\" aria-invalid=\"false\" value=\"\" type=\"text\" name=\"Fehler\" \/><\/span> <\/label>\n\n<br>\n<span class=\"wpcf7-form-control-wrap\" data-name=\"checkbox-640\"><span class=\"wpcf7-form-control wpcf7-checkbox wpcf7-validates-as-required\"><span class=\"wpcf7-list-item first last\"><label><input type=\"checkbox\" name=\"checkbox-640[]\" value=\"Ersatzhardware au\u00dferhalb der Garantiezeit\" \/><span class=\"wpcf7-list-item-label\">Ersatzhardware au\u00dferhalb der Garantiezeit<\/span><\/label><\/span><\/span><\/span>\n<span class=\"wpcf7-form-control-wrap\" data-name=\"checkbox-806\"><span class=\"wpcf7-form-control wpcf7-checkbox\"><span class=\"wpcf7-list-item first last\"><label><input type=\"checkbox\" name=\"checkbox-806[]\" value=\"Garantie Austausch\" \/><span class=\"wpcf7-list-item-label\">Garantie Austausch<\/span><\/label><\/span><\/span><\/span>\n\n<br>\n<br>\n\n<b> Garantieaustausch<\/b>\nDie Garantiefrist beginnt jeweils ab Lieferdatum. Garantiedauer ist 12 Monate bei bestimmungsgem\u00e4\u00dfer Verwendung.\nDer Erhalt des NewVoice RMA Formulars (unserer Seits) ist Voraussetzung f\u00fcr den Versand der Ersatzhardware. Trifft die defekte Komponente nicht innerhalb von 14 Tagen nach Versand der Ersatzhardware bei uns ein, erlauben wir uns die Verrechnung der Ersatzhardware. Sollte sich bem\u00e4ngelte Ware als nicht defekt herausstellen, erlauben wir uns die Verrechnung der Ersatzhardware und eine Bearbeitungsgeb\u00fchr von 250 EUR\n<br>\n<br>\n\n<b>Austausch au\u00dferhalb der Garantiezeit<\/b>\nF\u00fcr Austausch von Hardware au\u00dferhalb der Garantie, geben Sie bitte im RMA Formular an, ob mit Erhalt des Formulars die Ersatzhardware versandt und verrechnet werden soll. Die Garantie erlischt nach Ablauf der Garantiedauer oder auch innerhalb der Garantiezeit, sofern Fehler oder M\u00e4ngel zur\u00fcckzuf\u00fchren sind auf gebrauchsun\u00fcblichen Verschlei\u00df, bestimmungswidrige Nutzung sowie unsachgem\u00e4\u00dfe Bedienung oder Beanspruchung.\n\n\n<br>\n<br>\n<input class=\"wpcf7-form-control wpcf7-submit has-spinner\" type=\"submit\" value=\"ABSENDEN\" \/><\/div><div class=\"wpcf7-response-output\" aria-hidden=\"true\"><\/div>\n<\/form>\n<\/div>\n\n\t\t\t\t\t\t\t\t<\/div>\n\t\t\t\t<\/div>\n\t\t\t\t\t<\/div>\n\t\t<\/div>\n\t\t\t\t\t<\/div>\n\t\t<\/section>\n\t\t\t\t<\/div>\n\t\t","protected":false},"excerpt":{"rendered":"<p>RMA Formular<\/p>\n","protected":false},"author":5,"featured_media":0,"parent":0,"menu_order":0,"comment_status":"closed","ping_status":"closed","template":"elementor_header_footer","meta":{"_eb_attr":"","inline_featured_image":false,"footnotes":""},"class_list":["post-24755","page","type-page","status-publish","hentry"],"acf":[],"yoast_head":"<!-- This site is optimized with the Yoast SEO plugin v27.3 - https:\/\/yoast.com\/product\/yoast-seo-wordpress\/ -->\n<title>RMA - NewVoice International<\/title>\n<meta name=\"robots\" content=\"index, follow, max-snippet:-1, max-image-preview:large, max-video-preview:-1\" \/>\n<link rel=\"canonical\" href=\"https:\/\/newvoiceinternational.com\/de\/rma\/\" \/>\n<meta property=\"og:locale\" content=\"de_DE\" \/>\n<meta property=\"og:type\" content=\"article\" \/>\n<meta property=\"og:title\" content=\"RMA - NewVoice International\" \/>\n<meta property=\"og:description\" content=\"RMA Formular\" \/>\n<meta property=\"og:url\" content=\"https:\/\/newvoiceinternational.com\/de\/rma\/\" \/>\n<meta property=\"og:site_name\" content=\"NewVoice International\" \/>\n<meta property=\"article:modified_time\" content=\"2023-03-30T09:30:49+00:00\" \/>\n<meta name=\"twitter:card\" content=\"summary_large_image\" \/>\n<script type=\"application\/ld+json\" class=\"yoast-schema-graph\">{\"@context\":\"https:\\\/\\\/schema.org\",\"@graph\":[{\"@type\":\"WebPage\",\"@id\":\"https:\\\/\\\/newvoiceinternational.com\\\/de\\\/rma\\\/\",\"url\":\"https:\\\/\\\/newvoiceinternational.com\\\/de\\\/rma\\\/\",\"name\":\"RMA - NewVoice International\",\"isPartOf\":{\"@id\":\"https:\\\/\\\/newvoiceinternational.com\\\/de\\\/#website\"},\"datePublished\":\"2023-03-30T06:27:12+00:00\",\"dateModified\":\"2023-03-30T09:30:49+00:00\",\"breadcrumb\":{\"@id\":\"https:\\\/\\\/newvoiceinternational.com\\\/de\\\/rma\\\/#breadcrumb\"},\"inLanguage\":\"de\",\"potentialAction\":[{\"@type\":\"ReadAction\",\"target\":[\"https:\\\/\\\/newvoiceinternational.com\\\/de\\\/rma\\\/\"]}]},{\"@type\":\"BreadcrumbList\",\"@id\":\"https:\\\/\\\/newvoiceinternational.com\\\/de\\\/rma\\\/#breadcrumb\",\"itemListElement\":[{\"@type\":\"ListItem\",\"position\":1,\"name\":\"Home\",\"item\":\"https:\\\/\\\/newvoiceinternational.com\\\/de\\\/\"},{\"@type\":\"ListItem\",\"position\":2,\"name\":\"RMA\"}]},{\"@type\":\"WebSite\",\"@id\":\"https:\\\/\\\/newvoiceinternational.com\\\/de\\\/#website\",\"url\":\"https:\\\/\\\/newvoiceinternational.com\\\/de\\\/\",\"name\":\"NewVoice International\",\"description\":\"\",\"publisher\":{\"@id\":\"https:\\\/\\\/newvoiceinternational.com\\\/de\\\/#organization\"},\"potentialAction\":[{\"@type\":\"SearchAction\",\"target\":{\"@type\":\"EntryPoint\",\"urlTemplate\":\"https:\\\/\\\/newvoiceinternational.com\\\/de\\\/?s={search_term_string}\"},\"query-input\":{\"@type\":\"PropertyValueSpecification\",\"valueRequired\":true,\"valueName\":\"search_term_string\"}}],\"inLanguage\":\"de\"},{\"@type\":\"Organization\",\"@id\":\"https:\\\/\\\/newvoiceinternational.com\\\/de\\\/#organization\",\"name\":\"NewVoice International\",\"url\":\"https:\\\/\\\/newvoiceinternational.com\\\/de\\\/\",\"logo\":{\"@type\":\"ImageObject\",\"inLanguage\":\"de\",\"@id\":\"https:\\\/\\\/newvoiceinternational.com\\\/de\\\/#\\\/schema\\\/logo\\\/image\\\/\",\"url\":\"https:\\\/\\\/newvoiceinternational.com\\\/wp-content\\\/uploads\\\/2022\\\/06\\\/NV_Logo_RGB.png\",\"contentUrl\":\"https:\\\/\\\/newvoiceinternational.com\\\/wp-content\\\/uploads\\\/2022\\\/06\\\/NV_Logo_RGB.png\",\"width\":1200,\"height\":315,\"caption\":\"NewVoice International\"},\"image\":{\"@id\":\"https:\\\/\\\/newvoiceinternational.com\\\/de\\\/#\\\/schema\\\/logo\\\/image\\\/\"}}]}<\/script>\n<!-- \/ Yoast SEO plugin. -->","yoast_head_json":{"title":"RMA - NewVoice International","robots":{"index":"index","follow":"follow","max-snippet":"max-snippet:-1","max-image-preview":"max-image-preview:large","max-video-preview":"max-video-preview:-1"},"canonical":"https:\/\/newvoiceinternational.com\/de\/rma\/","og_locale":"de_DE","og_type":"article","og_title":"RMA - NewVoice International","og_description":"RMA Formular","og_url":"https:\/\/newvoiceinternational.com\/de\/rma\/","og_site_name":"NewVoice International","article_modified_time":"2023-03-30T09:30:49+00:00","twitter_card":"summary_large_image","schema":{"@context":"https:\/\/schema.org","@graph":[{"@type":"WebPage","@id":"https:\/\/newvoiceinternational.com\/de\/rma\/","url":"https:\/\/newvoiceinternational.com\/de\/rma\/","name":"RMA - NewVoice International","isPartOf":{"@id":"https:\/\/newvoiceinternational.com\/de\/#website"},"datePublished":"2023-03-30T06:27:12+00:00","dateModified":"2023-03-30T09:30:49+00:00","breadcrumb":{"@id":"https:\/\/newvoiceinternational.com\/de\/rma\/#breadcrumb"},"inLanguage":"de","potentialAction":[{"@type":"ReadAction","target":["https:\/\/newvoiceinternational.com\/de\/rma\/"]}]},{"@type":"BreadcrumbList","@id":"https:\/\/newvoiceinternational.com\/de\/rma\/#breadcrumb","itemListElement":[{"@type":"ListItem","position":1,"name":"Home","item":"https:\/\/newvoiceinternational.com\/de\/"},{"@type":"ListItem","position":2,"name":"RMA"}]},{"@type":"WebSite","@id":"https:\/\/newvoiceinternational.com\/de\/#website","url":"https:\/\/newvoiceinternational.com\/de\/","name":"NewVoice International","description":"","publisher":{"@id":"https:\/\/newvoiceinternational.com\/de\/#organization"},"potentialAction":[{"@type":"SearchAction","target":{"@type":"EntryPoint","urlTemplate":"https:\/\/newvoiceinternational.com\/de\/?s={search_term_string}"},"query-input":{"@type":"PropertyValueSpecification","valueRequired":true,"valueName":"search_term_string"}}],"inLanguage":"de"},{"@type":"Organization","@id":"https:\/\/newvoiceinternational.com\/de\/#organization","name":"NewVoice International","url":"https:\/\/newvoiceinternational.com\/de\/","logo":{"@type":"ImageObject","inLanguage":"de","@id":"https:\/\/newvoiceinternational.com\/de\/#\/schema\/logo\/image\/","url":"https:\/\/newvoiceinternational.com\/wp-content\/uploads\/2022\/06\/NV_Logo_RGB.png","contentUrl":"https:\/\/newvoiceinternational.com\/wp-content\/uploads\/2022\/06\/NV_Logo_RGB.png","width":1200,"height":315,"caption":"NewVoice International"},"image":{"@id":"https:\/\/newvoiceinternational.com\/de\/#\/schema\/logo\/image\/"}}]}},"_links":{"self":[{"href":"https:\/\/newvoiceinternational.com\/de\/wp-json\/wp\/v2\/pages\/24755","targetHints":{"allow":["GET"]}}],"collection":[{"href":"https:\/\/newvoiceinternational.com\/de\/wp-json\/wp\/v2\/pages"}],"about":[{"href":"https:\/\/newvoiceinternational.com\/de\/wp-json\/wp\/v2\/types\/page"}],"author":[{"embeddable":true,"href":"https:\/\/newvoiceinternational.com\/de\/wp-json\/wp\/v2\/users\/5"}],"replies":[{"embeddable":true,"href":"https:\/\/newvoiceinternational.com\/de\/wp-json\/wp\/v2\/comments?post=24755"}],"version-history":[{"count":0,"href":"https:\/\/newvoiceinternational.com\/de\/wp-json\/wp\/v2\/pages\/24755\/revisions"}],"wp:attachment":[{"href":"https:\/\/newvoiceinternational.com\/de\/wp-json\/wp\/v2\/media?parent=24755"}],"curies":[{"name":"wp","href":"https:\/\/api.w.org\/{rel}","templated":true}]}}