{"id":21444,"date":"2023-02-22T10:27:19","date_gmt":"2023-02-22T09:27:19","guid":{"rendered":"https:\/\/www.newvoiceinternational.com\/phonepoint\/"},"modified":"2023-02-22T10:29:50","modified_gmt":"2023-02-22T09:29:50","slug":"phonepoint","status":"publish","type":"page","link":"https:\/\/newvoiceinternational.com\/de\/phonepoint\/","title":{"rendered":"Phonepoint"},"content":{"rendered":"\t\t<div data-elementor-type=\"wp-page\" data-elementor-id=\"21444\" class=\"elementor elementor-21444 elementor-21439\" data-elementor-post-type=\"page\">\n\t\t\t\t\t\t<section class=\"elementor-section elementor-top-section elementor-element elementor-element-4f59de9 elementor-section-boxed elementor-section-height-default elementor-section-height-default\" data-id=\"4f59de9\" data-element_type=\"section\" data-e-type=\"section\">\n\t\t\t\t\t\t<div class=\"elementor-container elementor-column-gap-default\">\n\t\t\t\t\t<div class=\"elementor-column elementor-col-100 elementor-top-column elementor-element elementor-element-050133f\" data-id=\"050133f\" data-element_type=\"column\" data-e-type=\"column\">\n\t\t\t<div class=\"elementor-widget-wrap elementor-element-populated\">\n\t\t\t\t\t\t<div class=\"elementor-element elementor-element-e6a0b4c elementor-widget elementor-widget-image\" data-id=\"e6a0b4c\" data-element_type=\"widget\" data-e-type=\"widget\" data-widget_type=\"image.default\">\n\t\t\t\t<div class=\"elementor-widget-container\">\n\t\t\t\t\t\t\t\t\t\t\t\t\t\t\t<img fetchpriority=\"high\" decoding=\"async\" width=\"580\" height=\"177\" src=\"https:\/\/newvoiceinternational.com\/wp-content\/uploads\/2023\/02\/logo_farbig-768x235.png\" class=\"attachment-medium_large size-medium_large wp-image-21224\" alt=\"\" srcset=\"https:\/\/newvoiceinternational.com\/wp-content\/uploads\/2023\/02\/logo_farbig-768x235.png 768w, https:\/\/newvoiceinternational.com\/wp-content\/uploads\/2023\/02\/logo_farbig-300x92.png 300w, https:\/\/newvoiceinternational.com\/wp-content\/uploads\/2023\/02\/logo_farbig-1024x314.png 1024w, https:\/\/newvoiceinternational.com\/wp-content\/uploads\/2023\/02\/logo_farbig-1536x471.png 1536w, https:\/\/newvoiceinternational.com\/wp-content\/uploads\/2023\/02\/logo_farbig-2048x627.png 2048w, https:\/\/newvoiceinternational.com\/wp-content\/uploads\/2023\/02\/logo_farbig-1200x368.png 1200w, https:\/\/newvoiceinternational.com\/wp-content\/uploads\/2023\/02\/logo_farbig-1980x607.png 1980w\" sizes=\"(max-width: 580px) 100vw, 580px\" \/>\t\t\t\t\t\t\t\t\t\t\t\t\t\t\t<\/div>\n\t\t\t\t<\/div>\n\t\t\t\t\t<\/div>\n\t\t<\/div>\n\t\t\t\t\t<\/div>\n\t\t<\/section>\n\t\t\t\t<section class=\"elementor-section elementor-top-section elementor-element elementor-element-d361b14 elementor-section-boxed elementor-section-height-default elementor-section-height-default\" data-id=\"d361b14\" data-element_type=\"section\" data-e-type=\"section\">\n\t\t\t\t\t\t<div class=\"elementor-container elementor-column-gap-default\">\n\t\t\t\t\t<div class=\"elementor-column elementor-col-100 elementor-top-column elementor-element elementor-element-3564762\" data-id=\"3564762\" data-element_type=\"column\" data-e-type=\"column\">\n\t\t\t<div class=\"elementor-widget-wrap elementor-element-populated\">\n\t\t\t\t\t\t<div class=\"elementor-element elementor-element-f534378 elementor-widget elementor-widget-text-editor\" data-id=\"f534378\" data-element_type=\"widget\" data-e-type=\"widget\" data-widget_type=\"text-editor.default\">\n\t\t\t\t<div class=\"elementor-widget-container\">\n\t\t\t\t\t\t\t\t\t<p>phonepoint TelekommunikationsService GmbH, das moderne Telekommunikationsunternehmen in Emmerich existiert seit \u00fcber 30 Jahren. Zwar haben wir im Laufe der Zeit immer wieder umgebaut, renoviert und modernisiert, aber eines hat sich nie ver\u00e4ndert: unsere Leistung! Und das soll und wird auch in Zukunft so bleiben. Denn schlie\u00dflich haben wir es dieser Leistung zu verdanken, dass unsere Kunden zufrieden sind und uns treu bleiben.<\/p>\n<p>&nbsp;<\/p>\n<p>Bei uns erhalten Sie jeden Komfort und alle Annehmlichkeiten, die Sie in einer Businessklasse erwarten d\u00fcrfen. Und noch viel mehr: phonepoint ist Ihr Partner f\u00fcr jegliche Art der Telekommunikation. Das vollst\u00e4ndige Fehlen eines Callcenters und einer maschinellen Hotline bedeutet f\u00fcr Sie Ersparnis von Zeit, Geld und Nerven. Hier haben Sie immer einen Ansprechpartner \u2013 und zwar denselben.<\/p>\n<p>Lesen Sie mehr \u00fcber unseren Partner: <a href=\"https:\/\/www.phonepoint.de\/\">Phonepoint<\/a><\/p>\n\t\t\t\t\t\t\t\t<\/div>\n\t\t\t\t<\/div>\n\t\t\t\t\t<\/div>\n\t\t<\/div>\n\t\t\t\t\t<\/div>\n\t\t<\/section>\n\t\t\t\t<\/div>\n\t\t","protected":false},"excerpt":{"rendered":"<p>phonepoint TelekommunikationsService GmbH, das moderne Telekommunikationsunternehmen in Emmerich existiert seit \u00fcber 30 Jahren. Zwar haben wir im Laufe der Zeit immer wieder umgebaut, renoviert und modernisiert, aber eines hat sich nie ver\u00e4ndert: unsere Leistung! Und das soll und wird auch in Zukunft so bleiben. Denn schlie\u00dflich haben wir es dieser Leistung zu verdanken, dass unsere [&hellip;]<\/p>\n","protected":false},"author":5,"featured_media":0,"parent":0,"menu_order":0,"comment_status":"closed","ping_status":"closed","template":"elementor_header_footer","meta":{"_eb_attr":"","inline_featured_image":false,"footnotes":""},"class_list":["post-21444","page","type-page","status-publish","hentry"],"acf":[],"yoast_head":"<!-- This site is optimized with the Yoast SEO plugin v27.4 - https:\/\/yoast.com\/product\/yoast-seo-wordpress\/ -->\n<title>Phonepoint - NewVoice International<\/title>\n<meta name=\"robots\" content=\"index, follow, max-snippet:-1, max-image-preview:large, max-video-preview:-1\" \/>\n<link rel=\"canonical\" href=\"https:\/\/newvoiceinternational.com\/de\/phonepoint\/\" \/>\n<meta property=\"og:locale\" content=\"de_DE\" \/>\n<meta property=\"og:type\" content=\"article\" \/>\n<meta property=\"og:title\" content=\"Phonepoint - NewVoice International\" \/>\n<meta property=\"og:description\" content=\"phonepoint TelekommunikationsService GmbH, das moderne Telekommunikationsunternehmen in Emmerich existiert seit \u00fcber 30 Jahren. Zwar haben wir im Laufe der Zeit immer wieder umgebaut, renoviert und modernisiert, aber eines hat sich nie ver\u00e4ndert: unsere Leistung! Und das soll und wird auch in Zukunft so bleiben. Denn schlie\u00dflich haben wir es dieser Leistung zu verdanken, dass unsere [&hellip;]\" \/>\n<meta property=\"og:url\" content=\"https:\/\/newvoiceinternational.com\/de\/phonepoint\/\" \/>\n<meta property=\"og:site_name\" content=\"NewVoice International\" \/>\n<meta property=\"article:modified_time\" content=\"2023-02-22T09:29:50+00:00\" \/>\n<meta property=\"og:image\" content=\"https:\/\/www.newvoiceinternational.com\/wp-content\/uploads\/2023\/02\/logo_farbig-768x235.png\" \/>\n<meta name=\"twitter:card\" content=\"summary_large_image\" \/>\n<meta name=\"twitter:label1\" content=\"Gesch\u00e4tzte Lesezeit\" \/>\n\t<meta name=\"twitter:data1\" content=\"1\u00a0Minute\" \/>\n<script type=\"application\/ld+json\" class=\"yoast-schema-graph\">{\"@context\":\"https:\\\/\\\/schema.org\",\"@graph\":[{\"@type\":\"WebPage\",\"@id\":\"https:\\\/\\\/newvoiceinternational.com\\\/de\\\/phonepoint\\\/\",\"url\":\"https:\\\/\\\/newvoiceinternational.com\\\/de\\\/phonepoint\\\/\",\"name\":\"Phonepoint - NewVoice International\",\"isPartOf\":{\"@id\":\"https:\\\/\\\/newvoiceinternational.com\\\/de\\\/#website\"},\"primaryImageOfPage\":{\"@id\":\"https:\\\/\\\/newvoiceinternational.com\\\/de\\\/phonepoint\\\/#primaryimage\"},\"image\":{\"@id\":\"https:\\\/\\\/newvoiceinternational.com\\\/de\\\/phonepoint\\\/#primaryimage\"},\"thumbnailUrl\":\"https:\\\/\\\/www.newvoiceinternational.com\\\/wp-content\\\/uploads\\\/2023\\\/02\\\/logo_farbig-768x235.png\",\"datePublished\":\"2023-02-22T09:27:19+00:00\",\"dateModified\":\"2023-02-22T09:29:50+00:00\",\"breadcrumb\":{\"@id\":\"https:\\\/\\\/newvoiceinternational.com\\\/de\\\/phonepoint\\\/#breadcrumb\"},\"inLanguage\":\"de\",\"potentialAction\":[{\"@type\":\"ReadAction\",\"target\":[\"https:\\\/\\\/newvoiceinternational.com\\\/de\\\/phonepoint\\\/\"]}]},{\"@type\":\"ImageObject\",\"inLanguage\":\"de\",\"@id\":\"https:\\\/\\\/newvoiceinternational.com\\\/de\\\/phonepoint\\\/#primaryimage\",\"url\":\"https:\\\/\\\/www.newvoiceinternational.com\\\/wp-content\\\/uploads\\\/2023\\\/02\\\/logo_farbig-768x235.png\",\"contentUrl\":\"https:\\\/\\\/www.newvoiceinternational.com\\\/wp-content\\\/uploads\\\/2023\\\/02\\\/logo_farbig-768x235.png\"},{\"@type\":\"BreadcrumbList\",\"@id\":\"https:\\\/\\\/newvoiceinternational.com\\\/de\\\/phonepoint\\\/#breadcrumb\",\"itemListElement\":[{\"@type\":\"ListItem\",\"position\":1,\"name\":\"Home\",\"item\":\"https:\\\/\\\/newvoiceinternational.com\\\/de\\\/\"},{\"@type\":\"ListItem\",\"position\":2,\"name\":\"Phonepoint\"}]},{\"@type\":\"WebSite\",\"@id\":\"https:\\\/\\\/newvoiceinternational.com\\\/de\\\/#website\",\"url\":\"https:\\\/\\\/newvoiceinternational.com\\\/de\\\/\",\"name\":\"NewVoice International\",\"description\":\"\",\"publisher\":{\"@id\":\"https:\\\/\\\/newvoiceinternational.com\\\/de\\\/#organization\"},\"potentialAction\":[{\"@type\":\"SearchAction\",\"target\":{\"@type\":\"EntryPoint\",\"urlTemplate\":\"https:\\\/\\\/newvoiceinternational.com\\\/de\\\/?s={search_term_string}\"},\"query-input\":{\"@type\":\"PropertyValueSpecification\",\"valueRequired\":true,\"valueName\":\"search_term_string\"}}],\"inLanguage\":\"de\"},{\"@type\":\"Organization\",\"@id\":\"https:\\\/\\\/newvoiceinternational.com\\\/de\\\/#organization\",\"name\":\"NewVoice International\",\"url\":\"https:\\\/\\\/newvoiceinternational.com\\\/de\\\/\",\"logo\":{\"@type\":\"ImageObject\",\"inLanguage\":\"de\",\"@id\":\"https:\\\/\\\/newvoiceinternational.com\\\/de\\\/#\\\/schema\\\/logo\\\/image\\\/\",\"url\":\"https:\\\/\\\/newvoiceinternational.com\\\/wp-content\\\/uploads\\\/2022\\\/06\\\/NV_Logo_RGB.png\",\"contentUrl\":\"https:\\\/\\\/newvoiceinternational.com\\\/wp-content\\\/uploads\\\/2022\\\/06\\\/NV_Logo_RGB.png\",\"width\":1200,\"height\":315,\"caption\":\"NewVoice International\"},\"image\":{\"@id\":\"https:\\\/\\\/newvoiceinternational.com\\\/de\\\/#\\\/schema\\\/logo\\\/image\\\/\"}}]}<\/script>\n<!-- \/ Yoast SEO plugin. -->","yoast_head_json":{"title":"Phonepoint - NewVoice International","robots":{"index":"index","follow":"follow","max-snippet":"max-snippet:-1","max-image-preview":"max-image-preview:large","max-video-preview":"max-video-preview:-1"},"canonical":"https:\/\/newvoiceinternational.com\/de\/phonepoint\/","og_locale":"de_DE","og_type":"article","og_title":"Phonepoint - NewVoice International","og_description":"phonepoint TelekommunikationsService GmbH, das moderne Telekommunikationsunternehmen in Emmerich existiert seit \u00fcber 30 Jahren. Zwar haben wir im Laufe der Zeit immer wieder umgebaut, renoviert und modernisiert, aber eines hat sich nie ver\u00e4ndert: unsere Leistung! Und das soll und wird auch in Zukunft so bleiben. Denn schlie\u00dflich haben wir es dieser Leistung zu verdanken, dass unsere [&hellip;]","og_url":"https:\/\/newvoiceinternational.com\/de\/phonepoint\/","og_site_name":"NewVoice International","article_modified_time":"2023-02-22T09:29:50+00:00","og_image":[{"url":"https:\/\/www.newvoiceinternational.com\/wp-content\/uploads\/2023\/02\/logo_farbig-768x235.png","type":"","width":"","height":""}],"twitter_card":"summary_large_image","twitter_misc":{"Gesch\u00e4tzte Lesezeit":"1\u00a0Minute"},"schema":{"@context":"https:\/\/schema.org","@graph":[{"@type":"WebPage","@id":"https:\/\/newvoiceinternational.com\/de\/phonepoint\/","url":"https:\/\/newvoiceinternational.com\/de\/phonepoint\/","name":"Phonepoint - NewVoice International","isPartOf":{"@id":"https:\/\/newvoiceinternational.com\/de\/#website"},"primaryImageOfPage":{"@id":"https:\/\/newvoiceinternational.com\/de\/phonepoint\/#primaryimage"},"image":{"@id":"https:\/\/newvoiceinternational.com\/de\/phonepoint\/#primaryimage"},"thumbnailUrl":"https:\/\/www.newvoiceinternational.com\/wp-content\/uploads\/2023\/02\/logo_farbig-768x235.png","datePublished":"2023-02-22T09:27:19+00:00","dateModified":"2023-02-22T09:29:50+00:00","breadcrumb":{"@id":"https:\/\/newvoiceinternational.com\/de\/phonepoint\/#breadcrumb"},"inLanguage":"de","potentialAction":[{"@type":"ReadAction","target":["https:\/\/newvoiceinternational.com\/de\/phonepoint\/"]}]},{"@type":"ImageObject","inLanguage":"de","@id":"https:\/\/newvoiceinternational.com\/de\/phonepoint\/#primaryimage","url":"https:\/\/www.newvoiceinternational.com\/wp-content\/uploads\/2023\/02\/logo_farbig-768x235.png","contentUrl":"https:\/\/www.newvoiceinternational.com\/wp-content\/uploads\/2023\/02\/logo_farbig-768x235.png"},{"@type":"BreadcrumbList","@id":"https:\/\/newvoiceinternational.com\/de\/phonepoint\/#breadcrumb","itemListElement":[{"@type":"ListItem","position":1,"name":"Home","item":"https:\/\/newvoiceinternational.com\/de\/"},{"@type":"ListItem","position":2,"name":"Phonepoint"}]},{"@type":"WebSite","@id":"https:\/\/newvoiceinternational.com\/de\/#website","url":"https:\/\/newvoiceinternational.com\/de\/","name":"NewVoice International","description":"","publisher":{"@id":"https:\/\/newvoiceinternational.com\/de\/#organization"},"potentialAction":[{"@type":"SearchAction","target":{"@type":"EntryPoint","urlTemplate":"https:\/\/newvoiceinternational.com\/de\/?s={search_term_string}"},"query-input":{"@type":"PropertyValueSpecification","valueRequired":true,"valueName":"search_term_string"}}],"inLanguage":"de"},{"@type":"Organization","@id":"https:\/\/newvoiceinternational.com\/de\/#organization","name":"NewVoice International","url":"https:\/\/newvoiceinternational.com\/de\/","logo":{"@type":"ImageObject","inLanguage":"de","@id":"https:\/\/newvoiceinternational.com\/de\/#\/schema\/logo\/image\/","url":"https:\/\/newvoiceinternational.com\/wp-content\/uploads\/2022\/06\/NV_Logo_RGB.png","contentUrl":"https:\/\/newvoiceinternational.com\/wp-content\/uploads\/2022\/06\/NV_Logo_RGB.png","width":1200,"height":315,"caption":"NewVoice International"},"image":{"@id":"https:\/\/newvoiceinternational.com\/de\/#\/schema\/logo\/image\/"}}]}},"_links":{"self":[{"href":"https:\/\/newvoiceinternational.com\/de\/wp-json\/wp\/v2\/pages\/21444","targetHints":{"allow":["GET"]}}],"collection":[{"href":"https:\/\/newvoiceinternational.com\/de\/wp-json\/wp\/v2\/pages"}],"about":[{"href":"https:\/\/newvoiceinternational.com\/de\/wp-json\/wp\/v2\/types\/page"}],"author":[{"embeddable":true,"href":"https:\/\/newvoiceinternational.com\/de\/wp-json\/wp\/v2\/users\/5"}],"replies":[{"embeddable":true,"href":"https:\/\/newvoiceinternational.com\/de\/wp-json\/wp\/v2\/comments?post=21444"}],"version-history":[{"count":0,"href":"https:\/\/newvoiceinternational.com\/de\/wp-json\/wp\/v2\/pages\/21444\/revisions"}],"wp:attachment":[{"href":"https:\/\/newvoiceinternational.com\/de\/wp-json\/wp\/v2\/media?parent=21444"}],"curies":[{"name":"wp","href":"https:\/\/api.w.org\/{rel}","templated":true}]}}