{"id":21437,"date":"2023-02-22T10:23:46","date_gmt":"2023-02-22T09:23:46","guid":{"rendered":"https:\/\/www.newvoiceinternational.com\/off-telekommunikation\/"},"modified":"2023-02-22T10:26:17","modified_gmt":"2023-02-22T09:26:17","slug":"off-telekommunikation","status":"publish","type":"page","link":"https:\/\/newvoiceinternational.com\/de\/off-telekommunikation\/","title":{"rendered":"OFF Telekommunikation"},"content":{"rendered":"\t\t<div data-elementor-type=\"wp-page\" data-elementor-id=\"21437\" class=\"elementor elementor-21437 elementor-21432\" data-elementor-post-type=\"page\">\n\t\t\t\t\t\t<section class=\"elementor-section elementor-top-section elementor-element elementor-element-49d55fe elementor-section-boxed elementor-section-height-default elementor-section-height-default\" data-id=\"49d55fe\" data-element_type=\"section\" data-e-type=\"section\">\n\t\t\t\t\t\t<div class=\"elementor-container elementor-column-gap-default\">\n\t\t\t\t\t<div class=\"elementor-column elementor-col-100 elementor-top-column elementor-element elementor-element-1d8c0bc\" data-id=\"1d8c0bc\" data-element_type=\"column\" data-e-type=\"column\">\n\t\t\t<div class=\"elementor-widget-wrap elementor-element-populated\">\n\t\t\t\t\t\t<div class=\"elementor-element elementor-element-a4db51e elementor-widget elementor-widget-image\" data-id=\"a4db51e\" data-element_type=\"widget\" data-e-type=\"widget\" data-widget_type=\"image.default\">\n\t\t\t\t<div class=\"elementor-widget-container\">\n\t\t\t\t\t\t\t\t\t\t\t\t\t\t\t<img fetchpriority=\"high\" decoding=\"async\" width=\"580\" height=\"176\" src=\"https:\/\/newvoiceinternational.com\/wp-content\/uploads\/2023\/02\/OFF-Logo_schwarz-ohne-www-OFFIZIELLES-LOGO-768x233.png\" class=\"attachment-medium_large size-medium_large wp-image-21221\" alt=\"\" srcset=\"https:\/\/newvoiceinternational.com\/wp-content\/uploads\/2023\/02\/OFF-Logo_schwarz-ohne-www-OFFIZIELLES-LOGO-768x233.png 768w, https:\/\/newvoiceinternational.com\/wp-content\/uploads\/2023\/02\/OFF-Logo_schwarz-ohne-www-OFFIZIELLES-LOGO-300x91.png 300w, https:\/\/newvoiceinternational.com\/wp-content\/uploads\/2023\/02\/OFF-Logo_schwarz-ohne-www-OFFIZIELLES-LOGO-1024x311.png 1024w, https:\/\/newvoiceinternational.com\/wp-content\/uploads\/2023\/02\/OFF-Logo_schwarz-ohne-www-OFFIZIELLES-LOGO-1536x467.png 1536w, https:\/\/newvoiceinternational.com\/wp-content\/uploads\/2023\/02\/OFF-Logo_schwarz-ohne-www-OFFIZIELLES-LOGO-2048x623.png 2048w, https:\/\/newvoiceinternational.com\/wp-content\/uploads\/2023\/02\/OFF-Logo_schwarz-ohne-www-OFFIZIELLES-LOGO-1200x365.png 1200w, https:\/\/newvoiceinternational.com\/wp-content\/uploads\/2023\/02\/OFF-Logo_schwarz-ohne-www-OFFIZIELLES-LOGO-1980x602.png 1980w\" sizes=\"(max-width: 580px) 100vw, 580px\" \/>\t\t\t\t\t\t\t\t\t\t\t\t\t\t\t<\/div>\n\t\t\t\t<\/div>\n\t\t\t\t\t<\/div>\n\t\t<\/div>\n\t\t\t\t\t<\/div>\n\t\t<\/section>\n\t\t\t\t<section class=\"elementor-section elementor-top-section elementor-element elementor-element-99fa6f4 elementor-section-boxed elementor-section-height-default elementor-section-height-default\" data-id=\"99fa6f4\" data-element_type=\"section\" data-e-type=\"section\">\n\t\t\t\t\t\t<div class=\"elementor-container elementor-column-gap-default\">\n\t\t\t\t\t<div class=\"elementor-column elementor-col-100 elementor-top-column elementor-element elementor-element-0683f67\" data-id=\"0683f67\" data-element_type=\"column\" data-e-type=\"column\">\n\t\t\t<div class=\"elementor-widget-wrap elementor-element-populated\">\n\t\t\t\t\t\t<div class=\"elementor-element elementor-element-497883c elementor-widget elementor-widget-text-editor\" data-id=\"497883c\" data-element_type=\"widget\" data-e-type=\"widget\" data-widget_type=\"text-editor.default\">\n\t\t\t\t<div class=\"elementor-widget-container\">\n\t\t\t\t\t\t\t\t\t<p>Als Dienstleister und L\u00f6sungsanbieter im Bereich der Telekommunikation und Datentechnik wollen wir unsere Kunden dabei unterst\u00fctzen, sich auf ihr Kerngesch\u00e4ft zu konzentrieren. Dieser Anspruch erfordert eine intensive und ganzheitliche Betrachtung der Kommunikationsstrukturen des Unternehmens.<\/p>\n<p>W\u00e4hrend noch gestern den immer neuen Produkten und Technologien ein hoher Stellenwert zukam und technische Leistungsmerkmale zum Auswahl- und Entscheidungskriterium gerieten, streben Unternehmen heute nach durchg\u00e4ngigen Prozessen bis hinein in die Kommunikationsinfrastrukturen. F\u00fcr uns ist Kundenorientierung, Engagement und Begeisterung der Ma\u00dfstab unseres Handelns.<\/p>\n<p>Wir wissen:\u00a0&#8222;Zufriedene Kunden sind unsere Zukunft&#8220;<\/p>\n<p>Lesen Sie mehr \u00fcber unseren Partner: <a href=\"https:\/\/www.off.de\/wir-ueber-uns.html\">OFF Telekommunikation<\/a><\/p>\n\t\t\t\t\t\t\t\t<\/div>\n\t\t\t\t<\/div>\n\t\t\t\t\t<\/div>\n\t\t<\/div>\n\t\t\t\t\t<\/div>\n\t\t<\/section>\n\t\t\t\t<\/div>\n\t\t","protected":false},"excerpt":{"rendered":"<p>Als Dienstleister und L\u00f6sungsanbieter im Bereich der Telekommunikation und Datentechnik wollen wir unsere Kunden dabei unterst\u00fctzen, sich auf ihr Kerngesch\u00e4ft zu konzentrieren. Dieser Anspruch erfordert eine intensive und ganzheitliche Betrachtung der Kommunikationsstrukturen des Unternehmens. W\u00e4hrend noch gestern den immer neuen Produkten und Technologien ein hoher Stellenwert zukam und technische Leistungsmerkmale zum Auswahl- und Entscheidungskriterium gerieten, [&hellip;]<\/p>\n","protected":false},"author":5,"featured_media":0,"parent":0,"menu_order":0,"comment_status":"closed","ping_status":"closed","template":"elementor_header_footer","meta":{"_eb_attr":"","inline_featured_image":false,"footnotes":""},"class_list":["post-21437","page","type-page","status-publish","hentry"],"acf":[],"yoast_head":"<!-- This site is optimized with the Yoast SEO plugin v27.1.1 - https:\/\/yoast.com\/product\/yoast-seo-wordpress\/ -->\n<title>OFF Telekommunikation - NewVoice International<\/title>\n<meta name=\"robots\" content=\"index, follow, max-snippet:-1, max-image-preview:large, max-video-preview:-1\" \/>\n<link rel=\"canonical\" href=\"https:\/\/newvoiceinternational.com\/de\/off-telekommunikation\/\" \/>\n<meta property=\"og:locale\" content=\"de_DE\" \/>\n<meta property=\"og:type\" content=\"article\" \/>\n<meta property=\"og:title\" content=\"OFF Telekommunikation - NewVoice International\" \/>\n<meta property=\"og:description\" content=\"Als Dienstleister und L\u00f6sungsanbieter im Bereich der Telekommunikation und Datentechnik wollen wir unsere Kunden dabei unterst\u00fctzen, sich auf ihr Kerngesch\u00e4ft zu konzentrieren. Dieser Anspruch erfordert eine intensive und ganzheitliche Betrachtung der Kommunikationsstrukturen des Unternehmens. W\u00e4hrend noch gestern den immer neuen Produkten und Technologien ein hoher Stellenwert zukam und technische Leistungsmerkmale zum Auswahl- und Entscheidungskriterium gerieten, [&hellip;]\" \/>\n<meta property=\"og:url\" content=\"https:\/\/newvoiceinternational.com\/de\/off-telekommunikation\/\" \/>\n<meta property=\"og:site_name\" content=\"NewVoice International\" \/>\n<meta property=\"article:modified_time\" content=\"2023-02-22T09:26:17+00:00\" \/>\n<meta property=\"og:image\" content=\"https:\/\/www.newvoiceinternational.com\/wp-content\/uploads\/2023\/02\/OFF-Logo_schwarz-ohne-www-OFFIZIELLES-LOGO-768x233.png\" \/>\n<meta name=\"twitter:card\" content=\"summary_large_image\" \/>\n<script type=\"application\/ld+json\" class=\"yoast-schema-graph\">{\"@context\":\"https:\/\/schema.org\",\"@graph\":[{\"@type\":\"WebPage\",\"@id\":\"https:\/\/newvoiceinternational.com\/de\/off-telekommunikation\/\",\"url\":\"https:\/\/newvoiceinternational.com\/de\/off-telekommunikation\/\",\"name\":\"OFF Telekommunikation - NewVoice International\",\"isPartOf\":{\"@id\":\"https:\/\/newvoiceinternational.com\/#website\"},\"primaryImageOfPage\":{\"@id\":\"https:\/\/newvoiceinternational.com\/de\/off-telekommunikation\/#primaryimage\"},\"image\":{\"@id\":\"https:\/\/newvoiceinternational.com\/de\/off-telekommunikation\/#primaryimage\"},\"thumbnailUrl\":\"https:\/\/www.newvoiceinternational.com\/wp-content\/uploads\/2023\/02\/OFF-Logo_schwarz-ohne-www-OFFIZIELLES-LOGO-768x233.png\",\"datePublished\":\"2023-02-22T09:23:46+00:00\",\"dateModified\":\"2023-02-22T09:26:17+00:00\",\"breadcrumb\":{\"@id\":\"https:\/\/newvoiceinternational.com\/de\/off-telekommunikation\/#breadcrumb\"},\"inLanguage\":\"de\",\"potentialAction\":[{\"@type\":\"ReadAction\",\"target\":[\"https:\/\/newvoiceinternational.com\/de\/off-telekommunikation\/\"]}]},{\"@type\":\"ImageObject\",\"inLanguage\":\"de\",\"@id\":\"https:\/\/newvoiceinternational.com\/de\/off-telekommunikation\/#primaryimage\",\"url\":\"https:\/\/www.newvoiceinternational.com\/wp-content\/uploads\/2023\/02\/OFF-Logo_schwarz-ohne-www-OFFIZIELLES-LOGO-768x233.png\",\"contentUrl\":\"https:\/\/www.newvoiceinternational.com\/wp-content\/uploads\/2023\/02\/OFF-Logo_schwarz-ohne-www-OFFIZIELLES-LOGO-768x233.png\"},{\"@type\":\"BreadcrumbList\",\"@id\":\"https:\/\/newvoiceinternational.com\/de\/off-telekommunikation\/#breadcrumb\",\"itemListElement\":[{\"@type\":\"ListItem\",\"position\":1,\"name\":\"Home\",\"item\":\"https:\/\/newvoiceinternational.com\/fr\/\"},{\"@type\":\"ListItem\",\"position\":2,\"name\":\"OFF Telekommunikation\"}]},{\"@type\":\"WebSite\",\"@id\":\"https:\/\/newvoiceinternational.com\/#website\",\"url\":\"https:\/\/newvoiceinternational.com\/\",\"name\":\"NewVoice International\",\"description\":\"\",\"publisher\":{\"@id\":\"https:\/\/newvoiceinternational.com\/#organization\"},\"potentialAction\":[{\"@type\":\"SearchAction\",\"target\":{\"@type\":\"EntryPoint\",\"urlTemplate\":\"https:\/\/newvoiceinternational.com\/?s={search_term_string}\"},\"query-input\":{\"@type\":\"PropertyValueSpecification\",\"valueRequired\":true,\"valueName\":\"search_term_string\"}}],\"inLanguage\":\"de\"},{\"@type\":\"Organization\",\"@id\":\"https:\/\/newvoiceinternational.com\/#organization\",\"name\":\"NewVoice International\",\"url\":\"https:\/\/newvoiceinternational.com\/\",\"logo\":{\"@type\":\"ImageObject\",\"inLanguage\":\"de\",\"@id\":\"https:\/\/newvoiceinternational.com\/#\/schema\/logo\/image\/\",\"url\":\"https:\/\/newvoiceinternational.com\/wp-content\/uploads\/2022\/06\/NV_Logo_RGB.png\",\"contentUrl\":\"https:\/\/newvoiceinternational.com\/wp-content\/uploads\/2022\/06\/NV_Logo_RGB.png\",\"width\":1200,\"height\":315,\"caption\":\"NewVoice International\"},\"image\":{\"@id\":\"https:\/\/newvoiceinternational.com\/#\/schema\/logo\/image\/\"}}]}<\/script>\n<!-- \/ Yoast SEO plugin. -->","yoast_head_json":{"title":"OFF Telekommunikation - NewVoice International","robots":{"index":"index","follow":"follow","max-snippet":"max-snippet:-1","max-image-preview":"max-image-preview:large","max-video-preview":"max-video-preview:-1"},"canonical":"https:\/\/newvoiceinternational.com\/de\/off-telekommunikation\/","og_locale":"de_DE","og_type":"article","og_title":"OFF Telekommunikation - NewVoice International","og_description":"Als Dienstleister und L\u00f6sungsanbieter im Bereich der Telekommunikation und Datentechnik wollen wir unsere Kunden dabei unterst\u00fctzen, sich auf ihr Kerngesch\u00e4ft zu konzentrieren. Dieser Anspruch erfordert eine intensive und ganzheitliche Betrachtung der Kommunikationsstrukturen des Unternehmens. W\u00e4hrend noch gestern den immer neuen Produkten und Technologien ein hoher Stellenwert zukam und technische Leistungsmerkmale zum Auswahl- und Entscheidungskriterium gerieten, [&hellip;]","og_url":"https:\/\/newvoiceinternational.com\/de\/off-telekommunikation\/","og_site_name":"NewVoice International","article_modified_time":"2023-02-22T09:26:17+00:00","og_image":[{"url":"https:\/\/www.newvoiceinternational.com\/wp-content\/uploads\/2023\/02\/OFF-Logo_schwarz-ohne-www-OFFIZIELLES-LOGO-768x233.png","type":"","width":"","height":""}],"twitter_card":"summary_large_image","schema":{"@context":"https:\/\/schema.org","@graph":[{"@type":"WebPage","@id":"https:\/\/newvoiceinternational.com\/de\/off-telekommunikation\/","url":"https:\/\/newvoiceinternational.com\/de\/off-telekommunikation\/","name":"OFF Telekommunikation - NewVoice International","isPartOf":{"@id":"https:\/\/newvoiceinternational.com\/#website"},"primaryImageOfPage":{"@id":"https:\/\/newvoiceinternational.com\/de\/off-telekommunikation\/#primaryimage"},"image":{"@id":"https:\/\/newvoiceinternational.com\/de\/off-telekommunikation\/#primaryimage"},"thumbnailUrl":"https:\/\/www.newvoiceinternational.com\/wp-content\/uploads\/2023\/02\/OFF-Logo_schwarz-ohne-www-OFFIZIELLES-LOGO-768x233.png","datePublished":"2023-02-22T09:23:46+00:00","dateModified":"2023-02-22T09:26:17+00:00","breadcrumb":{"@id":"https:\/\/newvoiceinternational.com\/de\/off-telekommunikation\/#breadcrumb"},"inLanguage":"de","potentialAction":[{"@type":"ReadAction","target":["https:\/\/newvoiceinternational.com\/de\/off-telekommunikation\/"]}]},{"@type":"ImageObject","inLanguage":"de","@id":"https:\/\/newvoiceinternational.com\/de\/off-telekommunikation\/#primaryimage","url":"https:\/\/www.newvoiceinternational.com\/wp-content\/uploads\/2023\/02\/OFF-Logo_schwarz-ohne-www-OFFIZIELLES-LOGO-768x233.png","contentUrl":"https:\/\/www.newvoiceinternational.com\/wp-content\/uploads\/2023\/02\/OFF-Logo_schwarz-ohne-www-OFFIZIELLES-LOGO-768x233.png"},{"@type":"BreadcrumbList","@id":"https:\/\/newvoiceinternational.com\/de\/off-telekommunikation\/#breadcrumb","itemListElement":[{"@type":"ListItem","position":1,"name":"Home","item":"https:\/\/newvoiceinternational.com\/fr\/"},{"@type":"ListItem","position":2,"name":"OFF Telekommunikation"}]},{"@type":"WebSite","@id":"https:\/\/newvoiceinternational.com\/#website","url":"https:\/\/newvoiceinternational.com\/","name":"NewVoice International","description":"","publisher":{"@id":"https:\/\/newvoiceinternational.com\/#organization"},"potentialAction":[{"@type":"SearchAction","target":{"@type":"EntryPoint","urlTemplate":"https:\/\/newvoiceinternational.com\/?s={search_term_string}"},"query-input":{"@type":"PropertyValueSpecification","valueRequired":true,"valueName":"search_term_string"}}],"inLanguage":"de"},{"@type":"Organization","@id":"https:\/\/newvoiceinternational.com\/#organization","name":"NewVoice International","url":"https:\/\/newvoiceinternational.com\/","logo":{"@type":"ImageObject","inLanguage":"de","@id":"https:\/\/newvoiceinternational.com\/#\/schema\/logo\/image\/","url":"https:\/\/newvoiceinternational.com\/wp-content\/uploads\/2022\/06\/NV_Logo_RGB.png","contentUrl":"https:\/\/newvoiceinternational.com\/wp-content\/uploads\/2022\/06\/NV_Logo_RGB.png","width":1200,"height":315,"caption":"NewVoice International"},"image":{"@id":"https:\/\/newvoiceinternational.com\/#\/schema\/logo\/image\/"}}]}},"_links":{"self":[{"href":"https:\/\/newvoiceinternational.com\/de\/wp-json\/wp\/v2\/pages\/21437","targetHints":{"allow":["GET"]}}],"collection":[{"href":"https:\/\/newvoiceinternational.com\/de\/wp-json\/wp\/v2\/pages"}],"about":[{"href":"https:\/\/newvoiceinternational.com\/de\/wp-json\/wp\/v2\/types\/page"}],"author":[{"embeddable":true,"href":"https:\/\/newvoiceinternational.com\/de\/wp-json\/wp\/v2\/users\/5"}],"replies":[{"embeddable":true,"href":"https:\/\/newvoiceinternational.com\/de\/wp-json\/wp\/v2\/comments?post=21437"}],"version-history":[{"count":0,"href":"https:\/\/newvoiceinternational.com\/de\/wp-json\/wp\/v2\/pages\/21437\/revisions"}],"wp:attachment":[{"href":"https:\/\/newvoiceinternational.com\/de\/wp-json\/wp\/v2\/media?parent=21437"}],"curies":[{"name":"wp","href":"https:\/\/api.w.org\/{rel}","templated":true}]}}