{"id":21424,"date":"2023-02-22T09:52:19","date_gmt":"2023-02-22T08:52:19","guid":{"rendered":"https:\/\/www.newvoiceinternational.com\/netkom\/"},"modified":"2023-02-22T10:01:05","modified_gmt":"2023-02-22T09:01:05","slug":"netkom","status":"publish","type":"page","link":"https:\/\/newvoiceinternational.com\/de\/netkom\/","title":{"rendered":"Netkom"},"content":{"rendered":"\t\t<div data-elementor-type=\"wp-page\" data-elementor-id=\"21424\" class=\"elementor elementor-21424 elementor-21418\" data-elementor-post-type=\"page\">\n\t\t\t\t\t\t<section class=\"elementor-section elementor-top-section elementor-element elementor-element-a76c4e5 elementor-section-boxed elementor-section-height-default elementor-section-height-default\" data-id=\"a76c4e5\" data-element_type=\"section\" data-e-type=\"section\">\n\t\t\t\t\t\t<div class=\"elementor-container elementor-column-gap-default\">\n\t\t\t\t\t<div class=\"elementor-column elementor-col-100 elementor-top-column elementor-element elementor-element-e848691\" data-id=\"e848691\" data-element_type=\"column\" data-e-type=\"column\">\n\t\t\t<div class=\"elementor-widget-wrap elementor-element-populated\">\n\t\t\t\t\t\t<div class=\"elementor-element elementor-element-55e54ec elementor-widget elementor-widget-image\" data-id=\"55e54ec\" data-element_type=\"widget\" data-e-type=\"widget\" data-widget_type=\"image.default\">\n\t\t\t\t<div class=\"elementor-widget-container\">\n\t\t\t\t\t\t\t\t\t\t\t\t\t\t\t<img fetchpriority=\"high\" decoding=\"async\" width=\"580\" height=\"410\" src=\"https:\/\/newvoiceinternational.com\/wp-content\/uploads\/2023\/02\/Logo_Netkom_transparent-768x543.png\" class=\"attachment-medium_large size-medium_large wp-image-21215\" alt=\"\" srcset=\"https:\/\/newvoiceinternational.com\/wp-content\/uploads\/2023\/02\/Logo_Netkom_transparent-768x543.png 768w, https:\/\/newvoiceinternational.com\/wp-content\/uploads\/2023\/02\/Logo_Netkom_transparent-300x212.png 300w, https:\/\/newvoiceinternational.com\/wp-content\/uploads\/2023\/02\/Logo_Netkom_transparent-1024x724.png 1024w, https:\/\/newvoiceinternational.com\/wp-content\/uploads\/2023\/02\/Logo_Netkom_transparent-1536x1086.png 1536w, https:\/\/newvoiceinternational.com\/wp-content\/uploads\/2023\/02\/Logo_Netkom_transparent-2048x1448.png 2048w, https:\/\/newvoiceinternational.com\/wp-content\/uploads\/2023\/02\/Logo_Netkom_transparent-1200x848.png 1200w, https:\/\/newvoiceinternational.com\/wp-content\/uploads\/2023\/02\/Logo_Netkom_transparent-1980x1400.png 1980w\" sizes=\"(max-width: 580px) 100vw, 580px\" \/>\t\t\t\t\t\t\t\t\t\t\t\t\t\t\t<\/div>\n\t\t\t\t<\/div>\n\t\t\t\t\t<\/div>\n\t\t<\/div>\n\t\t\t\t\t<\/div>\n\t\t<\/section>\n\t\t\t\t<section class=\"elementor-section elementor-top-section elementor-element elementor-element-cfbe20a elementor-section-boxed elementor-section-height-default elementor-section-height-default\" data-id=\"cfbe20a\" data-element_type=\"section\" data-e-type=\"section\">\n\t\t\t\t\t\t<div class=\"elementor-container elementor-column-gap-default\">\n\t\t\t\t\t<div class=\"elementor-column elementor-col-100 elementor-top-column elementor-element elementor-element-d05304c\" data-id=\"d05304c\" data-element_type=\"column\" data-e-type=\"column\">\n\t\t\t<div class=\"elementor-widget-wrap elementor-element-populated\">\n\t\t\t\t\t\t<div class=\"elementor-element elementor-element-1edd953 elementor-widget elementor-widget-text-editor\" data-id=\"1edd953\" data-element_type=\"widget\" data-e-type=\"widget\" data-widget_type=\"text-editor.default\">\n\t\t\t\t<div class=\"elementor-widget-container\">\n\t\t\t\t\t\t\t\t\t<p>Die Firma Netkom GmbH wurde von Mario B\u00f6hle und Helmut Frauenpreiss im Jahre 1997 gegr\u00fcndet. Nach Anf\u00e4ngen als Dienstleister im Bereich Telekommunikation wuchs man stetig, sodass bereits zwei Jahre sp\u00e4ter die Bereiche Netzwerktechnik und EDV hinzukamen, zus\u00e4tzliche Mitarbeiter eingestellt wurden und 2001 mit dem Bau der jetzigen Betriebsst\u00e4tte begonnen wurde. Im Jahre 2003 kamen die Standorte Oldenburg und Osnabr\u00fcck hinzu.<\/p>\n<p>Wir sind stolz derzeit an die 40 Mitarbeiter mit drei Auszubildenden zu besch\u00e4ftigen, deren t\u00e4gliche Motivation es ist, die besten L\u00f6sungen f\u00fcr Sie zu realisieren. 25 Jahre Erfahrung lassen uns freudig in die Zukunft blicken, um mit Ihnen gemeinsam erfolgreich zu sein.<\/p>\n<p>Wir installieren vielseitige Alarmierungssystem wie den Lichtruf in Krankenh\u00e4usern und Seniorenheimen, das Anfordern von Hilfe in Notsituationen in Schulen und \u00f6ffentlichen Einrichtungen, das Melden eines Maschinenausfalls und weitere.<\/p>\n<p>Mit unserem langj\u00e4hrigen Partner \u201eNew Voice\u201c konnten wir schon viele tolle Projekte zusammen realisieren.<\/p>\n<p>Lesen Sie mehr \u00fcber unseren Partner: <a href=\"https:\/\/www.netkom-pbg.de\/\">Netkom<\/a><\/p>\n\t\t\t\t\t\t\t\t<\/div>\n\t\t\t\t<\/div>\n\t\t\t\t\t<\/div>\n\t\t<\/div>\n\t\t\t\t\t<\/div>\n\t\t<\/section>\n\t\t\t\t<\/div>\n\t\t","protected":false},"excerpt":{"rendered":"<p>Die Firma Netkom GmbH wurde von Mario B\u00f6hle und Helmut Frauenpreiss im Jahre 1997 gegr\u00fcndet. Nach Anf\u00e4ngen als Dienstleister im Bereich Telekommunikation wuchs man stetig, sodass bereits zwei Jahre sp\u00e4ter die Bereiche Netzwerktechnik und EDV hinzukamen, zus\u00e4tzliche Mitarbeiter eingestellt wurden und 2001 mit dem Bau der jetzigen Betriebsst\u00e4tte begonnen wurde. Im Jahre 2003 kamen die [&hellip;]<\/p>\n","protected":false},"author":5,"featured_media":0,"parent":0,"menu_order":0,"comment_status":"closed","ping_status":"closed","template":"elementor_header_footer","meta":{"_eb_attr":"","inline_featured_image":false,"footnotes":""},"class_list":["post-21424","page","type-page","status-publish","hentry"],"acf":[],"yoast_head":"<!-- This site is optimized with the Yoast SEO plugin v27.3 - https:\/\/yoast.com\/product\/yoast-seo-wordpress\/ -->\n<title>Netkom - NewVoice International<\/title>\n<meta name=\"robots\" content=\"index, follow, max-snippet:-1, max-image-preview:large, max-video-preview:-1\" \/>\n<link rel=\"canonical\" href=\"https:\/\/newvoiceinternational.com\/de\/netkom\/\" \/>\n<meta property=\"og:locale\" content=\"de_DE\" \/>\n<meta property=\"og:type\" content=\"article\" \/>\n<meta property=\"og:title\" content=\"Netkom - NewVoice International\" \/>\n<meta property=\"og:description\" content=\"Die Firma Netkom GmbH wurde von Mario B\u00f6hle und Helmut Frauenpreiss im Jahre 1997 gegr\u00fcndet. Nach Anf\u00e4ngen als Dienstleister im Bereich Telekommunikation wuchs man stetig, sodass bereits zwei Jahre sp\u00e4ter die Bereiche Netzwerktechnik und EDV hinzukamen, zus\u00e4tzliche Mitarbeiter eingestellt wurden und 2001 mit dem Bau der jetzigen Betriebsst\u00e4tte begonnen wurde. Im Jahre 2003 kamen die [&hellip;]\" \/>\n<meta property=\"og:url\" content=\"https:\/\/newvoiceinternational.com\/de\/netkom\/\" \/>\n<meta property=\"og:site_name\" content=\"NewVoice International\" \/>\n<meta property=\"article:modified_time\" content=\"2023-02-22T09:01:05+00:00\" \/>\n<meta property=\"og:image\" content=\"https:\/\/www.newvoiceinternational.com\/wp-content\/uploads\/2023\/02\/Logo_Netkom_transparent-768x543.png\" \/>\n<meta name=\"twitter:card\" content=\"summary_large_image\" \/>\n<meta name=\"twitter:label1\" content=\"Gesch\u00e4tzte Lesezeit\" \/>\n\t<meta name=\"twitter:data1\" content=\"1\u00a0Minute\" \/>\n<script type=\"application\/ld+json\" class=\"yoast-schema-graph\">{\"@context\":\"https:\\\/\\\/schema.org\",\"@graph\":[{\"@type\":\"WebPage\",\"@id\":\"https:\\\/\\\/newvoiceinternational.com\\\/de\\\/netkom\\\/\",\"url\":\"https:\\\/\\\/newvoiceinternational.com\\\/de\\\/netkom\\\/\",\"name\":\"Netkom - NewVoice International\",\"isPartOf\":{\"@id\":\"https:\\\/\\\/newvoiceinternational.com\\\/de\\\/#website\"},\"primaryImageOfPage\":{\"@id\":\"https:\\\/\\\/newvoiceinternational.com\\\/de\\\/netkom\\\/#primaryimage\"},\"image\":{\"@id\":\"https:\\\/\\\/newvoiceinternational.com\\\/de\\\/netkom\\\/#primaryimage\"},\"thumbnailUrl\":\"https:\\\/\\\/www.newvoiceinternational.com\\\/wp-content\\\/uploads\\\/2023\\\/02\\\/Logo_Netkom_transparent-768x543.png\",\"datePublished\":\"2023-02-22T08:52:19+00:00\",\"dateModified\":\"2023-02-22T09:01:05+00:00\",\"breadcrumb\":{\"@id\":\"https:\\\/\\\/newvoiceinternational.com\\\/de\\\/netkom\\\/#breadcrumb\"},\"inLanguage\":\"de\",\"potentialAction\":[{\"@type\":\"ReadAction\",\"target\":[\"https:\\\/\\\/newvoiceinternational.com\\\/de\\\/netkom\\\/\"]}]},{\"@type\":\"ImageObject\",\"inLanguage\":\"de\",\"@id\":\"https:\\\/\\\/newvoiceinternational.com\\\/de\\\/netkom\\\/#primaryimage\",\"url\":\"https:\\\/\\\/www.newvoiceinternational.com\\\/wp-content\\\/uploads\\\/2023\\\/02\\\/Logo_Netkom_transparent-768x543.png\",\"contentUrl\":\"https:\\\/\\\/www.newvoiceinternational.com\\\/wp-content\\\/uploads\\\/2023\\\/02\\\/Logo_Netkom_transparent-768x543.png\"},{\"@type\":\"BreadcrumbList\",\"@id\":\"https:\\\/\\\/newvoiceinternational.com\\\/de\\\/netkom\\\/#breadcrumb\",\"itemListElement\":[{\"@type\":\"ListItem\",\"position\":1,\"name\":\"Home\",\"item\":\"https:\\\/\\\/newvoiceinternational.com\\\/de\\\/\"},{\"@type\":\"ListItem\",\"position\":2,\"name\":\"Netkom\"}]},{\"@type\":\"WebSite\",\"@id\":\"https:\\\/\\\/newvoiceinternational.com\\\/de\\\/#website\",\"url\":\"https:\\\/\\\/newvoiceinternational.com\\\/de\\\/\",\"name\":\"NewVoice International\",\"description\":\"\",\"publisher\":{\"@id\":\"https:\\\/\\\/newvoiceinternational.com\\\/de\\\/#organization\"},\"potentialAction\":[{\"@type\":\"SearchAction\",\"target\":{\"@type\":\"EntryPoint\",\"urlTemplate\":\"https:\\\/\\\/newvoiceinternational.com\\\/de\\\/?s={search_term_string}\"},\"query-input\":{\"@type\":\"PropertyValueSpecification\",\"valueRequired\":true,\"valueName\":\"search_term_string\"}}],\"inLanguage\":\"de\"},{\"@type\":\"Organization\",\"@id\":\"https:\\\/\\\/newvoiceinternational.com\\\/de\\\/#organization\",\"name\":\"NewVoice International\",\"url\":\"https:\\\/\\\/newvoiceinternational.com\\\/de\\\/\",\"logo\":{\"@type\":\"ImageObject\",\"inLanguage\":\"de\",\"@id\":\"https:\\\/\\\/newvoiceinternational.com\\\/de\\\/#\\\/schema\\\/logo\\\/image\\\/\",\"url\":\"https:\\\/\\\/newvoiceinternational.com\\\/wp-content\\\/uploads\\\/2022\\\/06\\\/NV_Logo_RGB.png\",\"contentUrl\":\"https:\\\/\\\/newvoiceinternational.com\\\/wp-content\\\/uploads\\\/2022\\\/06\\\/NV_Logo_RGB.png\",\"width\":1200,\"height\":315,\"caption\":\"NewVoice International\"},\"image\":{\"@id\":\"https:\\\/\\\/newvoiceinternational.com\\\/de\\\/#\\\/schema\\\/logo\\\/image\\\/\"}}]}<\/script>\n<!-- \/ Yoast SEO plugin. -->","yoast_head_json":{"title":"Netkom - NewVoice International","robots":{"index":"index","follow":"follow","max-snippet":"max-snippet:-1","max-image-preview":"max-image-preview:large","max-video-preview":"max-video-preview:-1"},"canonical":"https:\/\/newvoiceinternational.com\/de\/netkom\/","og_locale":"de_DE","og_type":"article","og_title":"Netkom - NewVoice International","og_description":"Die Firma Netkom GmbH wurde von Mario B\u00f6hle und Helmut Frauenpreiss im Jahre 1997 gegr\u00fcndet. Nach Anf\u00e4ngen als Dienstleister im Bereich Telekommunikation wuchs man stetig, sodass bereits zwei Jahre sp\u00e4ter die Bereiche Netzwerktechnik und EDV hinzukamen, zus\u00e4tzliche Mitarbeiter eingestellt wurden und 2001 mit dem Bau der jetzigen Betriebsst\u00e4tte begonnen wurde. Im Jahre 2003 kamen die [&hellip;]","og_url":"https:\/\/newvoiceinternational.com\/de\/netkom\/","og_site_name":"NewVoice International","article_modified_time":"2023-02-22T09:01:05+00:00","og_image":[{"url":"https:\/\/www.newvoiceinternational.com\/wp-content\/uploads\/2023\/02\/Logo_Netkom_transparent-768x543.png","type":"","width":"","height":""}],"twitter_card":"summary_large_image","twitter_misc":{"Gesch\u00e4tzte Lesezeit":"1\u00a0Minute"},"schema":{"@context":"https:\/\/schema.org","@graph":[{"@type":"WebPage","@id":"https:\/\/newvoiceinternational.com\/de\/netkom\/","url":"https:\/\/newvoiceinternational.com\/de\/netkom\/","name":"Netkom - NewVoice International","isPartOf":{"@id":"https:\/\/newvoiceinternational.com\/de\/#website"},"primaryImageOfPage":{"@id":"https:\/\/newvoiceinternational.com\/de\/netkom\/#primaryimage"},"image":{"@id":"https:\/\/newvoiceinternational.com\/de\/netkom\/#primaryimage"},"thumbnailUrl":"https:\/\/www.newvoiceinternational.com\/wp-content\/uploads\/2023\/02\/Logo_Netkom_transparent-768x543.png","datePublished":"2023-02-22T08:52:19+00:00","dateModified":"2023-02-22T09:01:05+00:00","breadcrumb":{"@id":"https:\/\/newvoiceinternational.com\/de\/netkom\/#breadcrumb"},"inLanguage":"de","potentialAction":[{"@type":"ReadAction","target":["https:\/\/newvoiceinternational.com\/de\/netkom\/"]}]},{"@type":"ImageObject","inLanguage":"de","@id":"https:\/\/newvoiceinternational.com\/de\/netkom\/#primaryimage","url":"https:\/\/www.newvoiceinternational.com\/wp-content\/uploads\/2023\/02\/Logo_Netkom_transparent-768x543.png","contentUrl":"https:\/\/www.newvoiceinternational.com\/wp-content\/uploads\/2023\/02\/Logo_Netkom_transparent-768x543.png"},{"@type":"BreadcrumbList","@id":"https:\/\/newvoiceinternational.com\/de\/netkom\/#breadcrumb","itemListElement":[{"@type":"ListItem","position":1,"name":"Home","item":"https:\/\/newvoiceinternational.com\/de\/"},{"@type":"ListItem","position":2,"name":"Netkom"}]},{"@type":"WebSite","@id":"https:\/\/newvoiceinternational.com\/de\/#website","url":"https:\/\/newvoiceinternational.com\/de\/","name":"NewVoice International","description":"","publisher":{"@id":"https:\/\/newvoiceinternational.com\/de\/#organization"},"potentialAction":[{"@type":"SearchAction","target":{"@type":"EntryPoint","urlTemplate":"https:\/\/newvoiceinternational.com\/de\/?s={search_term_string}"},"query-input":{"@type":"PropertyValueSpecification","valueRequired":true,"valueName":"search_term_string"}}],"inLanguage":"de"},{"@type":"Organization","@id":"https:\/\/newvoiceinternational.com\/de\/#organization","name":"NewVoice International","url":"https:\/\/newvoiceinternational.com\/de\/","logo":{"@type":"ImageObject","inLanguage":"de","@id":"https:\/\/newvoiceinternational.com\/de\/#\/schema\/logo\/image\/","url":"https:\/\/newvoiceinternational.com\/wp-content\/uploads\/2022\/06\/NV_Logo_RGB.png","contentUrl":"https:\/\/newvoiceinternational.com\/wp-content\/uploads\/2022\/06\/NV_Logo_RGB.png","width":1200,"height":315,"caption":"NewVoice International"},"image":{"@id":"https:\/\/newvoiceinternational.com\/de\/#\/schema\/logo\/image\/"}}]}},"_links":{"self":[{"href":"https:\/\/newvoiceinternational.com\/de\/wp-json\/wp\/v2\/pages\/21424","targetHints":{"allow":["GET"]}}],"collection":[{"href":"https:\/\/newvoiceinternational.com\/de\/wp-json\/wp\/v2\/pages"}],"about":[{"href":"https:\/\/newvoiceinternational.com\/de\/wp-json\/wp\/v2\/types\/page"}],"author":[{"embeddable":true,"href":"https:\/\/newvoiceinternational.com\/de\/wp-json\/wp\/v2\/users\/5"}],"replies":[{"embeddable":true,"href":"https:\/\/newvoiceinternational.com\/de\/wp-json\/wp\/v2\/comments?post=21424"}],"version-history":[{"count":0,"href":"https:\/\/newvoiceinternational.com\/de\/wp-json\/wp\/v2\/pages\/21424\/revisions"}],"wp:attachment":[{"href":"https:\/\/newvoiceinternational.com\/de\/wp-json\/wp\/v2\/media?parent=21424"}],"curies":[{"name":"wp","href":"https:\/\/api.w.org\/{rel}","templated":true}]}}