{"id":21410,"date":"2023-02-22T09:45:39","date_gmt":"2023-02-22T08:45:39","guid":{"rendered":"https:\/\/www.newvoiceinternational.com\/necxtcom\/"},"modified":"2023-02-22T09:50:29","modified_gmt":"2023-02-22T08:50:29","slug":"necxtcom","status":"publish","type":"page","link":"https:\/\/newvoiceinternational.com\/de\/necxtcom\/","title":{"rendered":"Necxtcom"},"content":{"rendered":"\t\t<div data-elementor-type=\"wp-page\" data-elementor-id=\"21410\" class=\"elementor elementor-21410 elementor-21404\" data-elementor-post-type=\"page\">\n\t\t\t\t\t\t<section class=\"elementor-section elementor-top-section elementor-element elementor-element-e2b36ae elementor-section-boxed elementor-section-height-default elementor-section-height-default\" data-id=\"e2b36ae\" data-element_type=\"section\" data-e-type=\"section\">\n\t\t\t\t\t\t<div class=\"elementor-container elementor-column-gap-default\">\n\t\t\t\t\t<div class=\"elementor-column elementor-col-100 elementor-top-column elementor-element elementor-element-8ca08a1\" data-id=\"8ca08a1\" data-element_type=\"column\" data-e-type=\"column\">\n\t\t\t<div class=\"elementor-widget-wrap elementor-element-populated\">\n\t\t\t\t\t\t<div class=\"elementor-element elementor-element-1f7ded7 elementor-widget elementor-widget-image\" data-id=\"1f7ded7\" data-element_type=\"widget\" data-e-type=\"widget\" data-widget_type=\"image.default\">\n\t\t\t\t<div class=\"elementor-widget-container\">\n\t\t\t\t\t\t\t\t\t\t\t\t\t\t\t<img fetchpriority=\"high\" decoding=\"async\" width=\"580\" height=\"155\" src=\"https:\/\/newvoiceinternational.com\/wp-content\/uploads\/2023\/02\/NECXTcom_Logo_original-1024x274.jpg\" class=\"attachment-large size-large wp-image-21218\" alt=\"\" srcset=\"https:\/\/newvoiceinternational.com\/wp-content\/uploads\/2023\/02\/NECXTcom_Logo_original-1024x274.jpg 1024w, https:\/\/newvoiceinternational.com\/wp-content\/uploads\/2023\/02\/NECXTcom_Logo_original-300x80.jpg 300w, https:\/\/newvoiceinternational.com\/wp-content\/uploads\/2023\/02\/NECXTcom_Logo_original-768x206.jpg 768w, https:\/\/newvoiceinternational.com\/wp-content\/uploads\/2023\/02\/NECXTcom_Logo_original-1536x411.jpg 1536w, https:\/\/newvoiceinternational.com\/wp-content\/uploads\/2023\/02\/NECXTcom_Logo_original-2048x548.jpg 2048w, https:\/\/newvoiceinternational.com\/wp-content\/uploads\/2023\/02\/NECXTcom_Logo_original-1200x321.jpg 1200w, https:\/\/newvoiceinternational.com\/wp-content\/uploads\/2023\/02\/NECXTcom_Logo_original-1980x530.jpg 1980w\" sizes=\"(max-width: 580px) 100vw, 580px\" \/>\t\t\t\t\t\t\t\t\t\t\t\t\t\t\t<\/div>\n\t\t\t\t<\/div>\n\t\t\t\t\t<\/div>\n\t\t<\/div>\n\t\t\t\t\t<\/div>\n\t\t<\/section>\n\t\t\t\t<section class=\"elementor-section elementor-top-section elementor-element elementor-element-f32beb5 elementor-section-boxed elementor-section-height-default elementor-section-height-default\" data-id=\"f32beb5\" data-element_type=\"section\" data-e-type=\"section\">\n\t\t\t\t\t\t<div class=\"elementor-container elementor-column-gap-default\">\n\t\t\t\t\t<div class=\"elementor-column elementor-col-100 elementor-top-column elementor-element elementor-element-3f151e1\" data-id=\"3f151e1\" data-element_type=\"column\" data-e-type=\"column\">\n\t\t\t<div class=\"elementor-widget-wrap elementor-element-populated\">\n\t\t\t\t\t\t<div class=\"elementor-element elementor-element-8e6971c elementor-widget elementor-widget-text-editor\" data-id=\"8e6971c\" data-element_type=\"widget\" data-e-type=\"widget\" data-widget_type=\"text-editor.default\">\n\t\t\t\t<div class=\"elementor-widget-container\">\n\t\t\t\t\t\t\t\t\t<p>Die <strong>NECXTCOM GmbH<\/strong> mit Sitz in Kaarst (bei D\u00fcsseldorf), ist die exklusive \u00a0Vertriebsrepr\u00e4sentanz von NEC und Value-Added Distributor im Bereich IT und Telekommunikation (ITK) verschiedener namhafter Hersteller. In diesem Segment bietet NECXTCOM ein breites, modernes Produkt- und Leistungsportfolio an, insbesondere f\u00fcr die Bereiche Unified Communication, Mobile Kommunikation, ContactCenter, Prozessmanagement- und Alarmierungsserver, Mediagateways und Session Border Controller, Cloud Solutions, zudem Server-, Desktop- und Storage-Virtualisierung, Thin-Clients, Security, Storage Solutions, sowie Databases &amp; Tools. Ein weiterer Fokus ist ITK im Gesundheitswesen sowie Hotel- und Gastgewerbe.<\/p>\n<p>NECXTCOM GmbH beliefert als Value-Added Distributor ausschlie\u00dflich Systemh\u00e4user, Systemintegratoren (SI\u00b4s), Value-Added-Reseller und Service-Provider und unterst\u00fctzt diese bei der Planung, Konzeption und Installation von ma\u00dfgeschneiderten ITK-L\u00f6sungen f\u00fcr deren Endkunden.<\/p>\n<p>Lesen Sie mehr \u00fcber unseren Partner: <a href=\"https:\/\/www.NECXTCOM.de\">NecxtCOM<\/a><\/p>\n\t\t\t\t\t\t\t\t<\/div>\n\t\t\t\t<\/div>\n\t\t\t\t\t<\/div>\n\t\t<\/div>\n\t\t\t\t\t<\/div>\n\t\t<\/section>\n\t\t\t\t<\/div>\n\t\t","protected":false},"excerpt":{"rendered":"<p>Die NECXTCOM GmbH mit Sitz in Kaarst (bei D\u00fcsseldorf), ist die exklusive \u00a0Vertriebsrepr\u00e4sentanz von NEC und Value-Added Distributor im Bereich IT und Telekommunikation (ITK) verschiedener namhafter Hersteller. In diesem Segment bietet NECXTCOM ein breites, modernes Produkt- und Leistungsportfolio an, insbesondere f\u00fcr die Bereiche Unified Communication, Mobile Kommunikation, ContactCenter, Prozessmanagement- und Alarmierungsserver, Mediagateways und Session Border [&hellip;]<\/p>\n","protected":false},"author":5,"featured_media":0,"parent":0,"menu_order":0,"comment_status":"closed","ping_status":"closed","template":"elementor_header_footer","meta":{"_eb_attr":"","inline_featured_image":false,"footnotes":""},"class_list":["post-21410","page","type-page","status-publish","hentry"],"acf":[],"yoast_head":"<!-- This site is optimized with the Yoast SEO plugin v27.4 - https:\/\/yoast.com\/product\/yoast-seo-wordpress\/ -->\n<title>Necxtcom - NewVoice International<\/title>\n<meta name=\"robots\" content=\"index, follow, max-snippet:-1, max-image-preview:large, max-video-preview:-1\" \/>\n<link rel=\"canonical\" href=\"https:\/\/newvoiceinternational.com\/de\/necxtcom\/\" \/>\n<meta property=\"og:locale\" content=\"de_DE\" \/>\n<meta property=\"og:type\" content=\"article\" \/>\n<meta property=\"og:title\" content=\"Necxtcom - NewVoice International\" \/>\n<meta property=\"og:description\" content=\"Die NECXTCOM GmbH mit Sitz in Kaarst (bei D\u00fcsseldorf), ist die exklusive \u00a0Vertriebsrepr\u00e4sentanz von NEC und Value-Added Distributor im Bereich IT und Telekommunikation (ITK) verschiedener namhafter Hersteller. In diesem Segment bietet NECXTCOM ein breites, modernes Produkt- und Leistungsportfolio an, insbesondere f\u00fcr die Bereiche Unified Communication, Mobile Kommunikation, ContactCenter, Prozessmanagement- und Alarmierungsserver, Mediagateways und Session Border [&hellip;]\" \/>\n<meta property=\"og:url\" content=\"https:\/\/newvoiceinternational.com\/de\/necxtcom\/\" \/>\n<meta property=\"og:site_name\" content=\"NewVoice International\" \/>\n<meta property=\"article:modified_time\" content=\"2023-02-22T08:50:29+00:00\" \/>\n<meta property=\"og:image\" content=\"https:\/\/www.newvoiceinternational.com\/wp-content\/uploads\/2023\/02\/NECXTcom_Logo_original-1024x274.jpg\" \/>\n<meta name=\"twitter:card\" content=\"summary_large_image\" \/>\n<meta name=\"twitter:label1\" content=\"Gesch\u00e4tzte Lesezeit\" \/>\n\t<meta name=\"twitter:data1\" content=\"1\u00a0Minute\" \/>\n<script type=\"application\/ld+json\" class=\"yoast-schema-graph\">{\"@context\":\"https:\\\/\\\/schema.org\",\"@graph\":[{\"@type\":\"WebPage\",\"@id\":\"https:\\\/\\\/newvoiceinternational.com\\\/de\\\/necxtcom\\\/\",\"url\":\"https:\\\/\\\/newvoiceinternational.com\\\/de\\\/necxtcom\\\/\",\"name\":\"Necxtcom - NewVoice International\",\"isPartOf\":{\"@id\":\"https:\\\/\\\/newvoiceinternational.com\\\/de\\\/#website\"},\"primaryImageOfPage\":{\"@id\":\"https:\\\/\\\/newvoiceinternational.com\\\/de\\\/necxtcom\\\/#primaryimage\"},\"image\":{\"@id\":\"https:\\\/\\\/newvoiceinternational.com\\\/de\\\/necxtcom\\\/#primaryimage\"},\"thumbnailUrl\":\"https:\\\/\\\/www.newvoiceinternational.com\\\/wp-content\\\/uploads\\\/2023\\\/02\\\/NECXTcom_Logo_original-1024x274.jpg\",\"datePublished\":\"2023-02-22T08:45:39+00:00\",\"dateModified\":\"2023-02-22T08:50:29+00:00\",\"breadcrumb\":{\"@id\":\"https:\\\/\\\/newvoiceinternational.com\\\/de\\\/necxtcom\\\/#breadcrumb\"},\"inLanguage\":\"de\",\"potentialAction\":[{\"@type\":\"ReadAction\",\"target\":[\"https:\\\/\\\/newvoiceinternational.com\\\/de\\\/necxtcom\\\/\"]}]},{\"@type\":\"ImageObject\",\"inLanguage\":\"de\",\"@id\":\"https:\\\/\\\/newvoiceinternational.com\\\/de\\\/necxtcom\\\/#primaryimage\",\"url\":\"https:\\\/\\\/www.newvoiceinternational.com\\\/wp-content\\\/uploads\\\/2023\\\/02\\\/NECXTcom_Logo_original-1024x274.jpg\",\"contentUrl\":\"https:\\\/\\\/www.newvoiceinternational.com\\\/wp-content\\\/uploads\\\/2023\\\/02\\\/NECXTcom_Logo_original-1024x274.jpg\"},{\"@type\":\"BreadcrumbList\",\"@id\":\"https:\\\/\\\/newvoiceinternational.com\\\/de\\\/necxtcom\\\/#breadcrumb\",\"itemListElement\":[{\"@type\":\"ListItem\",\"position\":1,\"name\":\"Home\",\"item\":\"https:\\\/\\\/newvoiceinternational.com\\\/de\\\/\"},{\"@type\":\"ListItem\",\"position\":2,\"name\":\"Necxtcom\"}]},{\"@type\":\"WebSite\",\"@id\":\"https:\\\/\\\/newvoiceinternational.com\\\/de\\\/#website\",\"url\":\"https:\\\/\\\/newvoiceinternational.com\\\/de\\\/\",\"name\":\"NewVoice International\",\"description\":\"\",\"publisher\":{\"@id\":\"https:\\\/\\\/newvoiceinternational.com\\\/de\\\/#organization\"},\"potentialAction\":[{\"@type\":\"SearchAction\",\"target\":{\"@type\":\"EntryPoint\",\"urlTemplate\":\"https:\\\/\\\/newvoiceinternational.com\\\/de\\\/?s={search_term_string}\"},\"query-input\":{\"@type\":\"PropertyValueSpecification\",\"valueRequired\":true,\"valueName\":\"search_term_string\"}}],\"inLanguage\":\"de\"},{\"@type\":\"Organization\",\"@id\":\"https:\\\/\\\/newvoiceinternational.com\\\/de\\\/#organization\",\"name\":\"NewVoice International\",\"url\":\"https:\\\/\\\/newvoiceinternational.com\\\/de\\\/\",\"logo\":{\"@type\":\"ImageObject\",\"inLanguage\":\"de\",\"@id\":\"https:\\\/\\\/newvoiceinternational.com\\\/de\\\/#\\\/schema\\\/logo\\\/image\\\/\",\"url\":\"https:\\\/\\\/newvoiceinternational.com\\\/wp-content\\\/uploads\\\/2022\\\/06\\\/NV_Logo_RGB.png\",\"contentUrl\":\"https:\\\/\\\/newvoiceinternational.com\\\/wp-content\\\/uploads\\\/2022\\\/06\\\/NV_Logo_RGB.png\",\"width\":1200,\"height\":315,\"caption\":\"NewVoice International\"},\"image\":{\"@id\":\"https:\\\/\\\/newvoiceinternational.com\\\/de\\\/#\\\/schema\\\/logo\\\/image\\\/\"}}]}<\/script>\n<!-- \/ Yoast SEO plugin. -->","yoast_head_json":{"title":"Necxtcom - NewVoice International","robots":{"index":"index","follow":"follow","max-snippet":"max-snippet:-1","max-image-preview":"max-image-preview:large","max-video-preview":"max-video-preview:-1"},"canonical":"https:\/\/newvoiceinternational.com\/de\/necxtcom\/","og_locale":"de_DE","og_type":"article","og_title":"Necxtcom - NewVoice International","og_description":"Die NECXTCOM GmbH mit Sitz in Kaarst (bei D\u00fcsseldorf), ist die exklusive \u00a0Vertriebsrepr\u00e4sentanz von NEC und Value-Added Distributor im Bereich IT und Telekommunikation (ITK) verschiedener namhafter Hersteller. In diesem Segment bietet NECXTCOM ein breites, modernes Produkt- und Leistungsportfolio an, insbesondere f\u00fcr die Bereiche Unified Communication, Mobile Kommunikation, ContactCenter, Prozessmanagement- und Alarmierungsserver, Mediagateways und Session Border [&hellip;]","og_url":"https:\/\/newvoiceinternational.com\/de\/necxtcom\/","og_site_name":"NewVoice International","article_modified_time":"2023-02-22T08:50:29+00:00","og_image":[{"url":"https:\/\/www.newvoiceinternational.com\/wp-content\/uploads\/2023\/02\/NECXTcom_Logo_original-1024x274.jpg","type":"","width":"","height":""}],"twitter_card":"summary_large_image","twitter_misc":{"Gesch\u00e4tzte Lesezeit":"1\u00a0Minute"},"schema":{"@context":"https:\/\/schema.org","@graph":[{"@type":"WebPage","@id":"https:\/\/newvoiceinternational.com\/de\/necxtcom\/","url":"https:\/\/newvoiceinternational.com\/de\/necxtcom\/","name":"Necxtcom - NewVoice International","isPartOf":{"@id":"https:\/\/newvoiceinternational.com\/de\/#website"},"primaryImageOfPage":{"@id":"https:\/\/newvoiceinternational.com\/de\/necxtcom\/#primaryimage"},"image":{"@id":"https:\/\/newvoiceinternational.com\/de\/necxtcom\/#primaryimage"},"thumbnailUrl":"https:\/\/www.newvoiceinternational.com\/wp-content\/uploads\/2023\/02\/NECXTcom_Logo_original-1024x274.jpg","datePublished":"2023-02-22T08:45:39+00:00","dateModified":"2023-02-22T08:50:29+00:00","breadcrumb":{"@id":"https:\/\/newvoiceinternational.com\/de\/necxtcom\/#breadcrumb"},"inLanguage":"de","potentialAction":[{"@type":"ReadAction","target":["https:\/\/newvoiceinternational.com\/de\/necxtcom\/"]}]},{"@type":"ImageObject","inLanguage":"de","@id":"https:\/\/newvoiceinternational.com\/de\/necxtcom\/#primaryimage","url":"https:\/\/www.newvoiceinternational.com\/wp-content\/uploads\/2023\/02\/NECXTcom_Logo_original-1024x274.jpg","contentUrl":"https:\/\/www.newvoiceinternational.com\/wp-content\/uploads\/2023\/02\/NECXTcom_Logo_original-1024x274.jpg"},{"@type":"BreadcrumbList","@id":"https:\/\/newvoiceinternational.com\/de\/necxtcom\/#breadcrumb","itemListElement":[{"@type":"ListItem","position":1,"name":"Home","item":"https:\/\/newvoiceinternational.com\/de\/"},{"@type":"ListItem","position":2,"name":"Necxtcom"}]},{"@type":"WebSite","@id":"https:\/\/newvoiceinternational.com\/de\/#website","url":"https:\/\/newvoiceinternational.com\/de\/","name":"NewVoice International","description":"","publisher":{"@id":"https:\/\/newvoiceinternational.com\/de\/#organization"},"potentialAction":[{"@type":"SearchAction","target":{"@type":"EntryPoint","urlTemplate":"https:\/\/newvoiceinternational.com\/de\/?s={search_term_string}"},"query-input":{"@type":"PropertyValueSpecification","valueRequired":true,"valueName":"search_term_string"}}],"inLanguage":"de"},{"@type":"Organization","@id":"https:\/\/newvoiceinternational.com\/de\/#organization","name":"NewVoice International","url":"https:\/\/newvoiceinternational.com\/de\/","logo":{"@type":"ImageObject","inLanguage":"de","@id":"https:\/\/newvoiceinternational.com\/de\/#\/schema\/logo\/image\/","url":"https:\/\/newvoiceinternational.com\/wp-content\/uploads\/2022\/06\/NV_Logo_RGB.png","contentUrl":"https:\/\/newvoiceinternational.com\/wp-content\/uploads\/2022\/06\/NV_Logo_RGB.png","width":1200,"height":315,"caption":"NewVoice International"},"image":{"@id":"https:\/\/newvoiceinternational.com\/de\/#\/schema\/logo\/image\/"}}]}},"_links":{"self":[{"href":"https:\/\/newvoiceinternational.com\/de\/wp-json\/wp\/v2\/pages\/21410","targetHints":{"allow":["GET"]}}],"collection":[{"href":"https:\/\/newvoiceinternational.com\/de\/wp-json\/wp\/v2\/pages"}],"about":[{"href":"https:\/\/newvoiceinternational.com\/de\/wp-json\/wp\/v2\/types\/page"}],"author":[{"embeddable":true,"href":"https:\/\/newvoiceinternational.com\/de\/wp-json\/wp\/v2\/users\/5"}],"replies":[{"embeddable":true,"href":"https:\/\/newvoiceinternational.com\/de\/wp-json\/wp\/v2\/comments?post=21410"}],"version-history":[{"count":0,"href":"https:\/\/newvoiceinternational.com\/de\/wp-json\/wp\/v2\/pages\/21410\/revisions"}],"wp:attachment":[{"href":"https:\/\/newvoiceinternational.com\/de\/wp-json\/wp\/v2\/media?parent=21410"}],"curies":[{"name":"wp","href":"https:\/\/api.w.org\/{rel}","templated":true}]}}