{"id":21383,"date":"2023-02-22T09:26:25","date_gmt":"2023-02-22T08:26:25","guid":{"rendered":"https:\/\/www.newvoiceinternational.com\/damovo\/"},"modified":"2023-02-22T09:29:20","modified_gmt":"2023-02-22T08:29:20","slug":"damovo","status":"publish","type":"page","link":"https:\/\/newvoiceinternational.com\/de\/damovo\/","title":{"rendered":"Damovo"},"content":{"rendered":"\t\t<div data-elementor-type=\"wp-page\" data-elementor-id=\"21383\" class=\"elementor elementor-21383 elementor-21378\" data-elementor-post-type=\"page\">\n\t\t\t\t\t\t<section class=\"elementor-section elementor-top-section elementor-element elementor-element-0019b9f elementor-section-boxed elementor-section-height-default elementor-section-height-default\" data-id=\"0019b9f\" data-element_type=\"section\" data-e-type=\"section\">\n\t\t\t\t\t\t<div class=\"elementor-container elementor-column-gap-default\">\n\t\t\t\t\t<div class=\"elementor-column elementor-col-100 elementor-top-column elementor-element elementor-element-9dd5f32\" data-id=\"9dd5f32\" data-element_type=\"column\" data-e-type=\"column\">\n\t\t\t<div class=\"elementor-widget-wrap elementor-element-populated\">\n\t\t\t\t\t\t<div class=\"elementor-element elementor-element-5ed2260 elementor-widget elementor-widget-image\" data-id=\"5ed2260\" data-element_type=\"widget\" data-e-type=\"widget\" data-widget_type=\"image.default\">\n\t\t\t\t<div class=\"elementor-widget-container\">\n\t\t\t\t\t\t\t\t\t\t\t\t\t\t\t<img decoding=\"async\" width=\"580\" height=\"53\" src=\"https:\/\/newvoiceinternational.com\/wp-content\/uploads\/2023\/02\/Master-Damovo-Logo-CMYK-1024x93.png\" class=\"attachment-large size-large wp-image-21209\" alt=\"\" srcset=\"https:\/\/newvoiceinternational.com\/wp-content\/uploads\/2023\/02\/Master-Damovo-Logo-CMYK-1024x93.png 1024w, https:\/\/newvoiceinternational.com\/wp-content\/uploads\/2023\/02\/Master-Damovo-Logo-CMYK-300x27.png 300w, https:\/\/newvoiceinternational.com\/wp-content\/uploads\/2023\/02\/Master-Damovo-Logo-CMYK-768x70.png 768w, https:\/\/newvoiceinternational.com\/wp-content\/uploads\/2023\/02\/Master-Damovo-Logo-CMYK-1536x140.png 1536w, https:\/\/newvoiceinternational.com\/wp-content\/uploads\/2023\/02\/Master-Damovo-Logo-CMYK-2048x186.png 2048w, https:\/\/newvoiceinternational.com\/wp-content\/uploads\/2023\/02\/Master-Damovo-Logo-CMYK-1200x109.png 1200w, https:\/\/newvoiceinternational.com\/wp-content\/uploads\/2023\/02\/Master-Damovo-Logo-CMYK-1980x180.png 1980w\" sizes=\"(max-width: 580px) 100vw, 580px\" \/>\t\t\t\t\t\t\t\t\t\t\t\t\t\t\t<\/div>\n\t\t\t\t<\/div>\n\t\t\t\t\t<\/div>\n\t\t<\/div>\n\t\t\t\t\t<\/div>\n\t\t<\/section>\n\t\t\t\t<section class=\"elementor-section elementor-top-section elementor-element elementor-element-6d633d0 elementor-section-boxed elementor-section-height-default elementor-section-height-default\" data-id=\"6d633d0\" data-element_type=\"section\" data-e-type=\"section\">\n\t\t\t\t\t\t<div class=\"elementor-container elementor-column-gap-default\">\n\t\t\t\t\t<div class=\"elementor-column elementor-col-100 elementor-top-column elementor-element elementor-element-f15655d\" data-id=\"f15655d\" data-element_type=\"column\" data-e-type=\"column\">\n\t\t\t<div class=\"elementor-widget-wrap elementor-element-populated\">\n\t\t\t\t\t\t<div class=\"elementor-element elementor-element-04f4627 elementor-widget elementor-widget-text-editor\" data-id=\"04f4627\" data-element_type=\"widget\" data-e-type=\"widget\" data-widget_type=\"text-editor.default\">\n\t\t\t\t<div class=\"elementor-widget-container\">\n\t\t\t\t\t\t\t\t\t<p>Damovo ist ein international agierender ICT-Dienstleister und begleitet Gesch\u00e4ftskunden weltweit auf dem Weg der Digitalisierung. Das Portfolio umfasst L\u00f6sungen in den Bereichen Unified Communications &amp; Collaboration, Enterprise Networks, Contact Center, Cloud Services, Security und Global Managed Services. Mit ihren Technologien und Services erm\u00f6glicht Damovo eine nahtlose Verbindung \u00fcber Menschen, Prozesse und Systeme hinweg. Damit schafft das Unternehmen f\u00fcr seine Kunden Transparenz und Agilit\u00e4t und bietet gleichzeitig die Netzwerkstabilit\u00e4t und Sicherheit, die heute im Gesch\u00e4ftsumfeld erforderlich sind. Zum Kundenkreis geh\u00f6ren Gro\u00dfunternehmen auf der ganzen Welt.<\/p>\n<p>Damovo ist in Europa, den USA und im APAC-Raum mit mehr als 650 Mitarbeitern pr\u00e4sent und bietet Support in \u00fcber 150 L\u00e4ndern.<\/p>\n<p>Lesen Sie mehr \u00fcber unseren Partner: <a href=\"http:\/\/www.damovo.com\">Damovo<\/a><\/p>\n\t\t\t\t\t\t\t\t<\/div>\n\t\t\t\t<\/div>\n\t\t\t\t\t<\/div>\n\t\t<\/div>\n\t\t\t\t\t<\/div>\n\t\t<\/section>\n\t\t\t\t<\/div>\n\t\t","protected":false},"excerpt":{"rendered":"<p>Damovo ist ein international agierender ICT-Dienstleister und begleitet Gesch\u00e4ftskunden weltweit auf dem Weg der Digitalisierung. Das Portfolio umfasst L\u00f6sungen in den Bereichen Unified Communications &amp; Collaboration, Enterprise Networks, Contact Center, Cloud Services, Security und Global Managed Services. Mit ihren Technologien und Services erm\u00f6glicht Damovo eine nahtlose Verbindung \u00fcber Menschen, Prozesse und Systeme hinweg. Damit schafft [&hellip;]<\/p>\n","protected":false},"author":5,"featured_media":0,"parent":0,"menu_order":0,"comment_status":"closed","ping_status":"closed","template":"elementor_header_footer","meta":{"_eb_attr":"","inline_featured_image":false,"footnotes":""},"class_list":["post-21383","page","type-page","status-publish","hentry"],"acf":[],"yoast_head":"<!-- This site is optimized with the Yoast SEO plugin v27.4 - https:\/\/yoast.com\/product\/yoast-seo-wordpress\/ -->\n<title>Damovo - NewVoice International<\/title>\n<meta name=\"robots\" content=\"index, follow, max-snippet:-1, max-image-preview:large, max-video-preview:-1\" \/>\n<link rel=\"canonical\" href=\"https:\/\/newvoiceinternational.com\/de\/damovo\/\" \/>\n<meta property=\"og:locale\" content=\"de_DE\" \/>\n<meta property=\"og:type\" content=\"article\" \/>\n<meta property=\"og:title\" content=\"Damovo - NewVoice International\" \/>\n<meta property=\"og:description\" content=\"Damovo ist ein international agierender ICT-Dienstleister und begleitet Gesch\u00e4ftskunden weltweit auf dem Weg der Digitalisierung. Das Portfolio umfasst L\u00f6sungen in den Bereichen Unified Communications &amp; Collaboration, Enterprise Networks, Contact Center, Cloud Services, Security und Global Managed Services. Mit ihren Technologien und Services erm\u00f6glicht Damovo eine nahtlose Verbindung \u00fcber Menschen, Prozesse und Systeme hinweg. Damit schafft [&hellip;]\" \/>\n<meta property=\"og:url\" content=\"https:\/\/newvoiceinternational.com\/de\/damovo\/\" \/>\n<meta property=\"og:site_name\" content=\"NewVoice International\" \/>\n<meta property=\"article:modified_time\" content=\"2023-02-22T08:29:20+00:00\" \/>\n<meta property=\"og:image\" content=\"https:\/\/www.newvoiceinternational.com\/wp-content\/uploads\/2023\/02\/Master-Damovo-Logo-CMYK-1024x93.png\" \/>\n<meta name=\"twitter:card\" content=\"summary_large_image\" \/>\n<meta name=\"twitter:label1\" content=\"Gesch\u00e4tzte Lesezeit\" \/>\n\t<meta name=\"twitter:data1\" content=\"1\u00a0Minute\" \/>\n<script type=\"application\/ld+json\" class=\"yoast-schema-graph\">{\"@context\":\"https:\\\/\\\/schema.org\",\"@graph\":[{\"@type\":\"WebPage\",\"@id\":\"https:\\\/\\\/newvoiceinternational.com\\\/de\\\/damovo\\\/\",\"url\":\"https:\\\/\\\/newvoiceinternational.com\\\/de\\\/damovo\\\/\",\"name\":\"Damovo - NewVoice International\",\"isPartOf\":{\"@id\":\"https:\\\/\\\/newvoiceinternational.com\\\/de\\\/#website\"},\"primaryImageOfPage\":{\"@id\":\"https:\\\/\\\/newvoiceinternational.com\\\/de\\\/damovo\\\/#primaryimage\"},\"image\":{\"@id\":\"https:\\\/\\\/newvoiceinternational.com\\\/de\\\/damovo\\\/#primaryimage\"},\"thumbnailUrl\":\"https:\\\/\\\/www.newvoiceinternational.com\\\/wp-content\\\/uploads\\\/2023\\\/02\\\/Master-Damovo-Logo-CMYK-1024x93.png\",\"datePublished\":\"2023-02-22T08:26:25+00:00\",\"dateModified\":\"2023-02-22T08:29:20+00:00\",\"breadcrumb\":{\"@id\":\"https:\\\/\\\/newvoiceinternational.com\\\/de\\\/damovo\\\/#breadcrumb\"},\"inLanguage\":\"de\",\"potentialAction\":[{\"@type\":\"ReadAction\",\"target\":[\"https:\\\/\\\/newvoiceinternational.com\\\/de\\\/damovo\\\/\"]}]},{\"@type\":\"ImageObject\",\"inLanguage\":\"de\",\"@id\":\"https:\\\/\\\/newvoiceinternational.com\\\/de\\\/damovo\\\/#primaryimage\",\"url\":\"https:\\\/\\\/www.newvoiceinternational.com\\\/wp-content\\\/uploads\\\/2023\\\/02\\\/Master-Damovo-Logo-CMYK-1024x93.png\",\"contentUrl\":\"https:\\\/\\\/www.newvoiceinternational.com\\\/wp-content\\\/uploads\\\/2023\\\/02\\\/Master-Damovo-Logo-CMYK-1024x93.png\"},{\"@type\":\"BreadcrumbList\",\"@id\":\"https:\\\/\\\/newvoiceinternational.com\\\/de\\\/damovo\\\/#breadcrumb\",\"itemListElement\":[{\"@type\":\"ListItem\",\"position\":1,\"name\":\"Home\",\"item\":\"https:\\\/\\\/newvoiceinternational.com\\\/de\\\/\"},{\"@type\":\"ListItem\",\"position\":2,\"name\":\"Damovo\"}]},{\"@type\":\"WebSite\",\"@id\":\"https:\\\/\\\/newvoiceinternational.com\\\/de\\\/#website\",\"url\":\"https:\\\/\\\/newvoiceinternational.com\\\/de\\\/\",\"name\":\"NewVoice International\",\"description\":\"\",\"publisher\":{\"@id\":\"https:\\\/\\\/newvoiceinternational.com\\\/de\\\/#organization\"},\"potentialAction\":[{\"@type\":\"SearchAction\",\"target\":{\"@type\":\"EntryPoint\",\"urlTemplate\":\"https:\\\/\\\/newvoiceinternational.com\\\/de\\\/?s={search_term_string}\"},\"query-input\":{\"@type\":\"PropertyValueSpecification\",\"valueRequired\":true,\"valueName\":\"search_term_string\"}}],\"inLanguage\":\"de\"},{\"@type\":\"Organization\",\"@id\":\"https:\\\/\\\/newvoiceinternational.com\\\/de\\\/#organization\",\"name\":\"NewVoice International\",\"url\":\"https:\\\/\\\/newvoiceinternational.com\\\/de\\\/\",\"logo\":{\"@type\":\"ImageObject\",\"inLanguage\":\"de\",\"@id\":\"https:\\\/\\\/newvoiceinternational.com\\\/de\\\/#\\\/schema\\\/logo\\\/image\\\/\",\"url\":\"https:\\\/\\\/newvoiceinternational.com\\\/wp-content\\\/uploads\\\/2022\\\/06\\\/NV_Logo_RGB.png\",\"contentUrl\":\"https:\\\/\\\/newvoiceinternational.com\\\/wp-content\\\/uploads\\\/2022\\\/06\\\/NV_Logo_RGB.png\",\"width\":1200,\"height\":315,\"caption\":\"NewVoice International\"},\"image\":{\"@id\":\"https:\\\/\\\/newvoiceinternational.com\\\/de\\\/#\\\/schema\\\/logo\\\/image\\\/\"}}]}<\/script>\n<!-- \/ Yoast SEO plugin. -->","yoast_head_json":{"title":"Damovo - NewVoice International","robots":{"index":"index","follow":"follow","max-snippet":"max-snippet:-1","max-image-preview":"max-image-preview:large","max-video-preview":"max-video-preview:-1"},"canonical":"https:\/\/newvoiceinternational.com\/de\/damovo\/","og_locale":"de_DE","og_type":"article","og_title":"Damovo - NewVoice International","og_description":"Damovo ist ein international agierender ICT-Dienstleister und begleitet Gesch\u00e4ftskunden weltweit auf dem Weg der Digitalisierung. Das Portfolio umfasst L\u00f6sungen in den Bereichen Unified Communications &amp; Collaboration, Enterprise Networks, Contact Center, Cloud Services, Security und Global Managed Services. Mit ihren Technologien und Services erm\u00f6glicht Damovo eine nahtlose Verbindung \u00fcber Menschen, Prozesse und Systeme hinweg. Damit schafft [&hellip;]","og_url":"https:\/\/newvoiceinternational.com\/de\/damovo\/","og_site_name":"NewVoice International","article_modified_time":"2023-02-22T08:29:20+00:00","og_image":[{"url":"https:\/\/www.newvoiceinternational.com\/wp-content\/uploads\/2023\/02\/Master-Damovo-Logo-CMYK-1024x93.png","type":"","width":"","height":""}],"twitter_card":"summary_large_image","twitter_misc":{"Gesch\u00e4tzte Lesezeit":"1\u00a0Minute"},"schema":{"@context":"https:\/\/schema.org","@graph":[{"@type":"WebPage","@id":"https:\/\/newvoiceinternational.com\/de\/damovo\/","url":"https:\/\/newvoiceinternational.com\/de\/damovo\/","name":"Damovo - NewVoice International","isPartOf":{"@id":"https:\/\/newvoiceinternational.com\/de\/#website"},"primaryImageOfPage":{"@id":"https:\/\/newvoiceinternational.com\/de\/damovo\/#primaryimage"},"image":{"@id":"https:\/\/newvoiceinternational.com\/de\/damovo\/#primaryimage"},"thumbnailUrl":"https:\/\/www.newvoiceinternational.com\/wp-content\/uploads\/2023\/02\/Master-Damovo-Logo-CMYK-1024x93.png","datePublished":"2023-02-22T08:26:25+00:00","dateModified":"2023-02-22T08:29:20+00:00","breadcrumb":{"@id":"https:\/\/newvoiceinternational.com\/de\/damovo\/#breadcrumb"},"inLanguage":"de","potentialAction":[{"@type":"ReadAction","target":["https:\/\/newvoiceinternational.com\/de\/damovo\/"]}]},{"@type":"ImageObject","inLanguage":"de","@id":"https:\/\/newvoiceinternational.com\/de\/damovo\/#primaryimage","url":"https:\/\/www.newvoiceinternational.com\/wp-content\/uploads\/2023\/02\/Master-Damovo-Logo-CMYK-1024x93.png","contentUrl":"https:\/\/www.newvoiceinternational.com\/wp-content\/uploads\/2023\/02\/Master-Damovo-Logo-CMYK-1024x93.png"},{"@type":"BreadcrumbList","@id":"https:\/\/newvoiceinternational.com\/de\/damovo\/#breadcrumb","itemListElement":[{"@type":"ListItem","position":1,"name":"Home","item":"https:\/\/newvoiceinternational.com\/de\/"},{"@type":"ListItem","position":2,"name":"Damovo"}]},{"@type":"WebSite","@id":"https:\/\/newvoiceinternational.com\/de\/#website","url":"https:\/\/newvoiceinternational.com\/de\/","name":"NewVoice International","description":"","publisher":{"@id":"https:\/\/newvoiceinternational.com\/de\/#organization"},"potentialAction":[{"@type":"SearchAction","target":{"@type":"EntryPoint","urlTemplate":"https:\/\/newvoiceinternational.com\/de\/?s={search_term_string}"},"query-input":{"@type":"PropertyValueSpecification","valueRequired":true,"valueName":"search_term_string"}}],"inLanguage":"de"},{"@type":"Organization","@id":"https:\/\/newvoiceinternational.com\/de\/#organization","name":"NewVoice International","url":"https:\/\/newvoiceinternational.com\/de\/","logo":{"@type":"ImageObject","inLanguage":"de","@id":"https:\/\/newvoiceinternational.com\/de\/#\/schema\/logo\/image\/","url":"https:\/\/newvoiceinternational.com\/wp-content\/uploads\/2022\/06\/NV_Logo_RGB.png","contentUrl":"https:\/\/newvoiceinternational.com\/wp-content\/uploads\/2022\/06\/NV_Logo_RGB.png","width":1200,"height":315,"caption":"NewVoice International"},"image":{"@id":"https:\/\/newvoiceinternational.com\/de\/#\/schema\/logo\/image\/"}}]}},"_links":{"self":[{"href":"https:\/\/newvoiceinternational.com\/de\/wp-json\/wp\/v2\/pages\/21383","targetHints":{"allow":["GET"]}}],"collection":[{"href":"https:\/\/newvoiceinternational.com\/de\/wp-json\/wp\/v2\/pages"}],"about":[{"href":"https:\/\/newvoiceinternational.com\/de\/wp-json\/wp\/v2\/types\/page"}],"author":[{"embeddable":true,"href":"https:\/\/newvoiceinternational.com\/de\/wp-json\/wp\/v2\/users\/5"}],"replies":[{"embeddable":true,"href":"https:\/\/newvoiceinternational.com\/de\/wp-json\/wp\/v2\/comments?post=21383"}],"version-history":[{"count":0,"href":"https:\/\/newvoiceinternational.com\/de\/wp-json\/wp\/v2\/pages\/21383\/revisions"}],"wp:attachment":[{"href":"https:\/\/newvoiceinternational.com\/de\/wp-json\/wp\/v2\/media?parent=21383"}],"curies":[{"name":"wp","href":"https:\/\/api.w.org\/{rel}","templated":true}]}}