{"id":21370,"date":"2023-02-22T09:11:26","date_gmt":"2023-02-22T08:11:26","guid":{"rendered":"https:\/\/www.newvoiceinternational.com\/binder-systemhaus\/"},"modified":"2023-02-22T09:23:57","modified_gmt":"2023-02-22T08:23:57","slug":"binder-systemhaus","status":"publish","type":"page","link":"https:\/\/newvoiceinternational.com\/de\/binder-systemhaus\/","title":{"rendered":"Binder Systemhaus"},"content":{"rendered":"\t\t<div data-elementor-type=\"wp-page\" data-elementor-id=\"21370\" class=\"elementor elementor-21370 elementor-21365\" data-elementor-post-type=\"page\">\n\t\t\t\t\t\t<section class=\"elementor-section elementor-top-section elementor-element elementor-element-cb938c1 elementor-section-boxed elementor-section-height-default elementor-section-height-default\" data-id=\"cb938c1\" data-element_type=\"section\" data-e-type=\"section\">\n\t\t\t\t\t\t<div class=\"elementor-container elementor-column-gap-default\">\n\t\t\t\t\t<div class=\"elementor-column elementor-col-100 elementor-top-column elementor-element elementor-element-30be61f\" data-id=\"30be61f\" data-element_type=\"column\" data-e-type=\"column\">\n\t\t\t<div class=\"elementor-widget-wrap elementor-element-populated\">\n\t\t\t\t\t\t<div class=\"elementor-element elementor-element-4f90114 elementor-widget elementor-widget-image\" data-id=\"4f90114\" data-element_type=\"widget\" data-e-type=\"widget\" data-widget_type=\"image.default\">\n\t\t\t\t<div class=\"elementor-widget-container\">\n\t\t\t\t\t\t\t\t\t\t\t\t\t\t\t<img fetchpriority=\"high\" decoding=\"async\" width=\"580\" height=\"199\" src=\"https:\/\/newvoiceinternational.com\/wp-content\/uploads\/2023\/02\/Binder-Systemhaus_4c.jpg\" class=\"attachment-large size-large wp-image-21206\" alt=\"\" srcset=\"https:\/\/newvoiceinternational.com\/wp-content\/uploads\/2023\/02\/Binder-Systemhaus_4c.jpg 787w, https:\/\/newvoiceinternational.com\/wp-content\/uploads\/2023\/02\/Binder-Systemhaus_4c-300x103.jpg 300w, https:\/\/newvoiceinternational.com\/wp-content\/uploads\/2023\/02\/Binder-Systemhaus_4c-768x263.jpg 768w\" sizes=\"(max-width: 580px) 100vw, 580px\" \/>\t\t\t\t\t\t\t\t\t\t\t\t\t\t\t<\/div>\n\t\t\t\t<\/div>\n\t\t\t\t\t<\/div>\n\t\t<\/div>\n\t\t\t\t\t<\/div>\n\t\t<\/section>\n\t\t\t\t<section class=\"elementor-section elementor-top-section elementor-element elementor-element-cfb647c elementor-section-boxed elementor-section-height-default elementor-section-height-default\" data-id=\"cfb647c\" data-element_type=\"section\" data-e-type=\"section\">\n\t\t\t\t\t\t<div class=\"elementor-container elementor-column-gap-default\">\n\t\t\t\t\t<div class=\"elementor-column elementor-col-100 elementor-top-column elementor-element elementor-element-ba87789\" data-id=\"ba87789\" data-element_type=\"column\" data-e-type=\"column\">\n\t\t\t<div class=\"elementor-widget-wrap elementor-element-populated\">\n\t\t\t\t\t\t<div class=\"elementor-element elementor-element-0e77fcf elementor-widget elementor-widget-text-editor\" data-id=\"0e77fcf\" data-element_type=\"widget\" data-e-type=\"widget\" data-widget_type=\"text-editor.default\">\n\t\t\t\t<div class=\"elementor-widget-container\">\n\t\t\t\t\t\t\t\t\t<p>Als eines der gro\u00dfen herstellerunabh\u00e4ngigen Systemh\u00e4user f\u00fcr Kommunikation und Datenkomponenten erwirtschaftet die binder Systemhaus GmbH einen Umsatz von fast 7 Millionen Euro und unterh\u00e4lt eines der gro\u00dfen Servicecenter in Baden-W\u00fcrttemberg. In Deutschland, Europa und \u00dcbersee stellen wir unseren Service mit zertifizierten Partnerunternehmen sicher.<\/p>\n<p>Die binder Systemhaus GmbH wandelte sich in den letzten Jahren erfolgreich von einem Systemhaus f\u00fcr Kommunikation zu einem bedeutenden Anbieter f\u00fcr Kommunikation und Prozessintegration, wo bei die Integration und Installation von Datenkomponenten heute eine wesentlicher Bestandteil in unserem Business einnimmt.<\/p>\n<p>Unser Unternehmen geh\u00f6rt schon seit vielen Jahren fest in die Telekommunikation- und Datenlandschaft in Baden-W\u00fcrttemberg. Wir betreuen Kunden aus verschiedenen Branchen und \u00f6ffentlichen Einrichtungen. Man kennt uns als gesundes Mittelstandsunternehmen mit hohem technischen und ethischem Niveau. Ein gro\u00dfz\u00fcgiges Ersatzteillager, sowie eine freundliche und kundenorientierte Hotline erm\u00f6glicht uns einen schnellen und g\u00fcnstigen Reparaturservice.<\/p>\n<p>Lesen Sie mehr \u00fcber unseren Partner: <a href=\"https:\/\/www.binder-systemhaus.de\/\">Binder Systemhaus<\/a><\/p>\n\t\t\t\t\t\t\t\t<\/div>\n\t\t\t\t<\/div>\n\t\t\t\t\t<\/div>\n\t\t<\/div>\n\t\t\t\t\t<\/div>\n\t\t<\/section>\n\t\t\t\t<\/div>\n\t\t","protected":false},"excerpt":{"rendered":"<p>Als eines der gro\u00dfen herstellerunabh\u00e4ngigen Systemh\u00e4user f\u00fcr Kommunikation und Datenkomponenten erwirtschaftet die binder Systemhaus GmbH einen Umsatz von fast 7 Millionen Euro und unterh\u00e4lt eines der gro\u00dfen Servicecenter in Baden-W\u00fcrttemberg. In Deutschland, Europa und \u00dcbersee stellen wir unseren Service mit zertifizierten Partnerunternehmen sicher. Die binder Systemhaus GmbH wandelte sich in den letzten Jahren erfolgreich von [&hellip;]<\/p>\n","protected":false},"author":5,"featured_media":0,"parent":0,"menu_order":0,"comment_status":"closed","ping_status":"closed","template":"elementor_header_footer","meta":{"_eb_attr":"","inline_featured_image":false,"footnotes":""},"class_list":["post-21370","page","type-page","status-publish","hentry"],"acf":[],"yoast_head":"<!-- This site is optimized with the Yoast SEO plugin v27.4 - https:\/\/yoast.com\/product\/yoast-seo-wordpress\/ -->\n<title>Binder Systemhaus - NewVoice International<\/title>\n<meta name=\"robots\" content=\"index, follow, max-snippet:-1, max-image-preview:large, max-video-preview:-1\" \/>\n<link rel=\"canonical\" href=\"https:\/\/newvoiceinternational.com\/de\/binder-systemhaus\/\" \/>\n<meta property=\"og:locale\" content=\"de_DE\" \/>\n<meta property=\"og:type\" content=\"article\" \/>\n<meta property=\"og:title\" content=\"Binder Systemhaus - NewVoice International\" \/>\n<meta property=\"og:description\" content=\"Als eines der gro\u00dfen herstellerunabh\u00e4ngigen Systemh\u00e4user f\u00fcr Kommunikation und Datenkomponenten erwirtschaftet die binder Systemhaus GmbH einen Umsatz von fast 7 Millionen Euro und unterh\u00e4lt eines der gro\u00dfen Servicecenter in Baden-W\u00fcrttemberg. In Deutschland, Europa und \u00dcbersee stellen wir unseren Service mit zertifizierten Partnerunternehmen sicher. Die binder Systemhaus GmbH wandelte sich in den letzten Jahren erfolgreich von [&hellip;]\" \/>\n<meta property=\"og:url\" content=\"https:\/\/newvoiceinternational.com\/de\/binder-systemhaus\/\" \/>\n<meta property=\"og:site_name\" content=\"NewVoice International\" \/>\n<meta property=\"article:modified_time\" content=\"2023-02-22T08:23:57+00:00\" \/>\n<meta property=\"og:image\" content=\"https:\/\/www.newvoiceinternational.com\/wp-content\/uploads\/2023\/02\/Binder-Systemhaus_4c.jpg\" \/>\n<meta name=\"twitter:card\" content=\"summary_large_image\" \/>\n<meta name=\"twitter:label1\" content=\"Gesch\u00e4tzte Lesezeit\" \/>\n\t<meta name=\"twitter:data1\" content=\"1\u00a0Minute\" \/>\n<script type=\"application\/ld+json\" class=\"yoast-schema-graph\">{\"@context\":\"https:\\\/\\\/schema.org\",\"@graph\":[{\"@type\":\"WebPage\",\"@id\":\"https:\\\/\\\/newvoiceinternational.com\\\/de\\\/binder-systemhaus\\\/\",\"url\":\"https:\\\/\\\/newvoiceinternational.com\\\/de\\\/binder-systemhaus\\\/\",\"name\":\"Binder Systemhaus - NewVoice International\",\"isPartOf\":{\"@id\":\"https:\\\/\\\/newvoiceinternational.com\\\/de\\\/#website\"},\"primaryImageOfPage\":{\"@id\":\"https:\\\/\\\/newvoiceinternational.com\\\/de\\\/binder-systemhaus\\\/#primaryimage\"},\"image\":{\"@id\":\"https:\\\/\\\/newvoiceinternational.com\\\/de\\\/binder-systemhaus\\\/#primaryimage\"},\"thumbnailUrl\":\"https:\\\/\\\/www.newvoiceinternational.com\\\/wp-content\\\/uploads\\\/2023\\\/02\\\/Binder-Systemhaus_4c.jpg\",\"datePublished\":\"2023-02-22T08:11:26+00:00\",\"dateModified\":\"2023-02-22T08:23:57+00:00\",\"breadcrumb\":{\"@id\":\"https:\\\/\\\/newvoiceinternational.com\\\/de\\\/binder-systemhaus\\\/#breadcrumb\"},\"inLanguage\":\"de\",\"potentialAction\":[{\"@type\":\"ReadAction\",\"target\":[\"https:\\\/\\\/newvoiceinternational.com\\\/de\\\/binder-systemhaus\\\/\"]}]},{\"@type\":\"ImageObject\",\"inLanguage\":\"de\",\"@id\":\"https:\\\/\\\/newvoiceinternational.com\\\/de\\\/binder-systemhaus\\\/#primaryimage\",\"url\":\"https:\\\/\\\/www.newvoiceinternational.com\\\/wp-content\\\/uploads\\\/2023\\\/02\\\/Binder-Systemhaus_4c.jpg\",\"contentUrl\":\"https:\\\/\\\/www.newvoiceinternational.com\\\/wp-content\\\/uploads\\\/2023\\\/02\\\/Binder-Systemhaus_4c.jpg\"},{\"@type\":\"BreadcrumbList\",\"@id\":\"https:\\\/\\\/newvoiceinternational.com\\\/de\\\/binder-systemhaus\\\/#breadcrumb\",\"itemListElement\":[{\"@type\":\"ListItem\",\"position\":1,\"name\":\"Home\",\"item\":\"https:\\\/\\\/newvoiceinternational.com\\\/de\\\/\"},{\"@type\":\"ListItem\",\"position\":2,\"name\":\"Binder Systemhaus\"}]},{\"@type\":\"WebSite\",\"@id\":\"https:\\\/\\\/newvoiceinternational.com\\\/de\\\/#website\",\"url\":\"https:\\\/\\\/newvoiceinternational.com\\\/de\\\/\",\"name\":\"NewVoice International\",\"description\":\"\",\"publisher\":{\"@id\":\"https:\\\/\\\/newvoiceinternational.com\\\/de\\\/#organization\"},\"potentialAction\":[{\"@type\":\"SearchAction\",\"target\":{\"@type\":\"EntryPoint\",\"urlTemplate\":\"https:\\\/\\\/newvoiceinternational.com\\\/de\\\/?s={search_term_string}\"},\"query-input\":{\"@type\":\"PropertyValueSpecification\",\"valueRequired\":true,\"valueName\":\"search_term_string\"}}],\"inLanguage\":\"de\"},{\"@type\":\"Organization\",\"@id\":\"https:\\\/\\\/newvoiceinternational.com\\\/de\\\/#organization\",\"name\":\"NewVoice International\",\"url\":\"https:\\\/\\\/newvoiceinternational.com\\\/de\\\/\",\"logo\":{\"@type\":\"ImageObject\",\"inLanguage\":\"de\",\"@id\":\"https:\\\/\\\/newvoiceinternational.com\\\/de\\\/#\\\/schema\\\/logo\\\/image\\\/\",\"url\":\"https:\\\/\\\/newvoiceinternational.com\\\/wp-content\\\/uploads\\\/2022\\\/06\\\/NV_Logo_RGB.png\",\"contentUrl\":\"https:\\\/\\\/newvoiceinternational.com\\\/wp-content\\\/uploads\\\/2022\\\/06\\\/NV_Logo_RGB.png\",\"width\":1200,\"height\":315,\"caption\":\"NewVoice International\"},\"image\":{\"@id\":\"https:\\\/\\\/newvoiceinternational.com\\\/de\\\/#\\\/schema\\\/logo\\\/image\\\/\"}}]}<\/script>\n<!-- \/ Yoast SEO plugin. -->","yoast_head_json":{"title":"Binder Systemhaus - NewVoice International","robots":{"index":"index","follow":"follow","max-snippet":"max-snippet:-1","max-image-preview":"max-image-preview:large","max-video-preview":"max-video-preview:-1"},"canonical":"https:\/\/newvoiceinternational.com\/de\/binder-systemhaus\/","og_locale":"de_DE","og_type":"article","og_title":"Binder Systemhaus - NewVoice International","og_description":"Als eines der gro\u00dfen herstellerunabh\u00e4ngigen Systemh\u00e4user f\u00fcr Kommunikation und Datenkomponenten erwirtschaftet die binder Systemhaus GmbH einen Umsatz von fast 7 Millionen Euro und unterh\u00e4lt eines der gro\u00dfen Servicecenter in Baden-W\u00fcrttemberg. In Deutschland, Europa und \u00dcbersee stellen wir unseren Service mit zertifizierten Partnerunternehmen sicher. Die binder Systemhaus GmbH wandelte sich in den letzten Jahren erfolgreich von [&hellip;]","og_url":"https:\/\/newvoiceinternational.com\/de\/binder-systemhaus\/","og_site_name":"NewVoice International","article_modified_time":"2023-02-22T08:23:57+00:00","og_image":[{"url":"https:\/\/www.newvoiceinternational.com\/wp-content\/uploads\/2023\/02\/Binder-Systemhaus_4c.jpg","type":"","width":"","height":""}],"twitter_card":"summary_large_image","twitter_misc":{"Gesch\u00e4tzte Lesezeit":"1\u00a0Minute"},"schema":{"@context":"https:\/\/schema.org","@graph":[{"@type":"WebPage","@id":"https:\/\/newvoiceinternational.com\/de\/binder-systemhaus\/","url":"https:\/\/newvoiceinternational.com\/de\/binder-systemhaus\/","name":"Binder Systemhaus - NewVoice International","isPartOf":{"@id":"https:\/\/newvoiceinternational.com\/de\/#website"},"primaryImageOfPage":{"@id":"https:\/\/newvoiceinternational.com\/de\/binder-systemhaus\/#primaryimage"},"image":{"@id":"https:\/\/newvoiceinternational.com\/de\/binder-systemhaus\/#primaryimage"},"thumbnailUrl":"https:\/\/www.newvoiceinternational.com\/wp-content\/uploads\/2023\/02\/Binder-Systemhaus_4c.jpg","datePublished":"2023-02-22T08:11:26+00:00","dateModified":"2023-02-22T08:23:57+00:00","breadcrumb":{"@id":"https:\/\/newvoiceinternational.com\/de\/binder-systemhaus\/#breadcrumb"},"inLanguage":"de","potentialAction":[{"@type":"ReadAction","target":["https:\/\/newvoiceinternational.com\/de\/binder-systemhaus\/"]}]},{"@type":"ImageObject","inLanguage":"de","@id":"https:\/\/newvoiceinternational.com\/de\/binder-systemhaus\/#primaryimage","url":"https:\/\/www.newvoiceinternational.com\/wp-content\/uploads\/2023\/02\/Binder-Systemhaus_4c.jpg","contentUrl":"https:\/\/www.newvoiceinternational.com\/wp-content\/uploads\/2023\/02\/Binder-Systemhaus_4c.jpg"},{"@type":"BreadcrumbList","@id":"https:\/\/newvoiceinternational.com\/de\/binder-systemhaus\/#breadcrumb","itemListElement":[{"@type":"ListItem","position":1,"name":"Home","item":"https:\/\/newvoiceinternational.com\/de\/"},{"@type":"ListItem","position":2,"name":"Binder Systemhaus"}]},{"@type":"WebSite","@id":"https:\/\/newvoiceinternational.com\/de\/#website","url":"https:\/\/newvoiceinternational.com\/de\/","name":"NewVoice International","description":"","publisher":{"@id":"https:\/\/newvoiceinternational.com\/de\/#organization"},"potentialAction":[{"@type":"SearchAction","target":{"@type":"EntryPoint","urlTemplate":"https:\/\/newvoiceinternational.com\/de\/?s={search_term_string}"},"query-input":{"@type":"PropertyValueSpecification","valueRequired":true,"valueName":"search_term_string"}}],"inLanguage":"de"},{"@type":"Organization","@id":"https:\/\/newvoiceinternational.com\/de\/#organization","name":"NewVoice International","url":"https:\/\/newvoiceinternational.com\/de\/","logo":{"@type":"ImageObject","inLanguage":"de","@id":"https:\/\/newvoiceinternational.com\/de\/#\/schema\/logo\/image\/","url":"https:\/\/newvoiceinternational.com\/wp-content\/uploads\/2022\/06\/NV_Logo_RGB.png","contentUrl":"https:\/\/newvoiceinternational.com\/wp-content\/uploads\/2022\/06\/NV_Logo_RGB.png","width":1200,"height":315,"caption":"NewVoice International"},"image":{"@id":"https:\/\/newvoiceinternational.com\/de\/#\/schema\/logo\/image\/"}}]}},"_links":{"self":[{"href":"https:\/\/newvoiceinternational.com\/de\/wp-json\/wp\/v2\/pages\/21370","targetHints":{"allow":["GET"]}}],"collection":[{"href":"https:\/\/newvoiceinternational.com\/de\/wp-json\/wp\/v2\/pages"}],"about":[{"href":"https:\/\/newvoiceinternational.com\/de\/wp-json\/wp\/v2\/types\/page"}],"author":[{"embeddable":true,"href":"https:\/\/newvoiceinternational.com\/de\/wp-json\/wp\/v2\/users\/5"}],"replies":[{"embeddable":true,"href":"https:\/\/newvoiceinternational.com\/de\/wp-json\/wp\/v2\/comments?post=21370"}],"version-history":[{"count":0,"href":"https:\/\/newvoiceinternational.com\/de\/wp-json\/wp\/v2\/pages\/21370\/revisions"}],"wp:attachment":[{"href":"https:\/\/newvoiceinternational.com\/de\/wp-json\/wp\/v2\/media?parent=21370"}],"curies":[{"name":"wp","href":"https:\/\/api.w.org\/{rel}","templated":true}]}}