{"id":11336,"date":"2022-08-31T13:38:33","date_gmt":"2022-08-31T13:38:33","guid":{"rendered":"https:\/\/newvoicetest.online\/?page_id=11336"},"modified":"2023-04-25T07:47:51","modified_gmt":"2023-04-25T06:47:51","slug":"download","status":"publish","type":"page","link":"https:\/\/newvoiceinternational.com\/de\/produkte-und-loesungen\/download\/","title":{"rendered":"Download"},"content":{"rendered":"\t\t<div data-elementor-type=\"wp-page\" data-elementor-id=\"11336\" class=\"elementor elementor-11336\" data-elementor-post-type=\"page\">\n\t\t\t\t\t\t<section class=\"elementor-section elementor-top-section elementor-element elementor-element-a99a828 elementor-section-boxed elementor-section-height-default elementor-section-height-default\" data-id=\"a99a828\" data-element_type=\"section\" data-e-type=\"section\">\n\t\t\t\t\t\t<div class=\"elementor-container elementor-column-gap-default\">\n\t\t\t\t\t<div class=\"elementor-column elementor-col-100 elementor-top-column elementor-element elementor-element-1e1d8c8\" data-id=\"1e1d8c8\" data-element_type=\"column\" data-e-type=\"column\">\n\t\t\t<div class=\"elementor-widget-wrap elementor-element-populated\">\n\t\t\t\t\t\t<div class=\"elementor-element elementor-element-c592822 elementor-widget elementor-widget-text-editor\" data-id=\"c592822\" data-element_type=\"widget\" data-e-type=\"widget\" data-widget_type=\"text-editor.default\">\n\t\t\t\t<div class=\"elementor-widget-container\">\n\t\t\t\t\t\t\t\t\t<p style=\"text-align: center;\"><strong>NEW VOICE INFORMATIONSMATERIAL NACH KATEGORIE\u00a0ZUM DOWNLOAD<\/strong><\/p><div id=\"text-block-5\" class=\"mk-text-block   \"><p style=\"text-align: center;\">Hier finden Sie stets unseren\u00a0aktuellen Brosch\u00fcren sowie das Informationsmaterial und Dokumente zur schnellen \u00dcbersicht, zum Download bzw. zum Ausdrucken.<\/p><\/div>\t\t\t\t\t\t\t\t<\/div>\n\t\t\t\t<\/div>\n\t\t\t\t\t<\/div>\n\t\t<\/div>\n\t\t\t\t\t<\/div>\n\t\t<\/section>\n\t\t\t\t<section class=\"elementor-section elementor-top-section elementor-element elementor-element-8c31173 elementor-section-boxed elementor-section-height-default elementor-section-height-default\" data-id=\"8c31173\" data-element_type=\"section\" data-e-type=\"section\">\n\t\t\t\t\t\t<div class=\"elementor-container elementor-column-gap-default\">\n\t\t\t\t\t<div class=\"elementor-column elementor-col-100 elementor-top-column elementor-element elementor-element-db60ceb\" data-id=\"db60ceb\" data-element_type=\"column\" data-e-type=\"column\">\n\t\t\t<div class=\"elementor-widget-wrap elementor-element-populated\">\n\t\t\t\t\t\t<div class=\"elementor-element elementor-element-64c331e elementor-widget elementor-widget-text-editor\" data-id=\"64c331e\" data-element_type=\"widget\" data-e-type=\"widget\" data-widget_type=\"text-editor.default\">\n\t\t\t\t<div class=\"elementor-widget-container\">\n\t\t\t\t\t\t\t\t\t<div id=\"list-10\" class=\"mk-list-styles mk-align-none clear\" data-charcode=\"f0ed\" data-family=\"awesome-icons\"><h6 style=\"text-align: center;\"><strong>Publireportage<\/strong><\/h6><\/div><div id=\"list-11\" class=\"mk-list-styles mk-align-none clear\" data-charcode=\"f0ed\" data-family=\"awesome-icons\"><ul><li><a href=\"https:\/\/www.newvoiceinternational.com\/wp-content\/uploads\/2023\/04\/NV_34009_Healthcare_Coverage_Austria_DE.pdf\" target=\"_blank\" rel=\"noopener\">Der Siegeszug professioneller Alarmierung in \u00d6sterreich<\/a><\/li><li><a href=\"https:\/\/www.newvoiceinternational.com\/wp-content\/uploads\/2022\/08\/sf_2019-02_publi_newvoice.pdf\" target=\"_blank\" rel=\"noopener\">\u201cSecurity under Control\u201d f\u00fcr Gemeinden und St\u00e4dte<\/a><\/li><li><a href=\"https:\/\/www.newvoiceinternational.com\/wp-content\/uploads\/2022\/08\/newvoice_publlireportage-alleinarbeiterschutz.pdf\" target=\"_blank\" rel=\"noopener\">Alleinarbeiterschutz: Alleine, aber nicht allein gelassen<\/a><\/li><li><a href=\"https:\/\/www.newvoiceinternational.com\/wp-content\/uploads\/2022\/08\/newvoice_publireportage-hotel-gstaad-palace.pdf\" target=\"_blank\" rel=\"noopener\">Hotel Gstaad Palace: Sicherheit f\u00fcr die G\u00e4ste<\/a><\/li><li><a href=\"https:\/\/www.newvoiceinternational.com\/wp-content\/uploads\/2022\/09\/New-Voice_Sicherheitsforum_Keine-Kompromisse.pdf\" target=\"_blank\" rel=\"noopener\">Psychiatrische Dienste Aargau: Keine Kompromisse, wenn es um Sicherheit geht<\/a><\/li><\/ul><\/div>\t\t\t\t\t\t\t\t<\/div>\n\t\t\t\t<\/div>\n\t\t\t\t\t<\/div>\n\t\t<\/div>\n\t\t\t\t\t<\/div>\n\t\t<\/section>\n\t\t\t\t<section class=\"elementor-section elementor-top-section elementor-element elementor-element-45cccfe elementor-section-boxed elementor-section-height-default elementor-section-height-default\" data-id=\"45cccfe\" data-element_type=\"section\" data-e-type=\"section\">\n\t\t\t\t\t\t<div class=\"elementor-container elementor-column-gap-default\">\n\t\t\t\t\t<div class=\"elementor-column elementor-col-100 elementor-top-column elementor-element elementor-element-745de79\" data-id=\"745de79\" data-element_type=\"column\" data-e-type=\"column\">\n\t\t\t<div class=\"elementor-widget-wrap elementor-element-populated\">\n\t\t\t\t\t\t<div class=\"elementor-element elementor-element-3d4d581 elementor-widget elementor-widget-text-editor\" data-id=\"3d4d581\" data-element_type=\"widget\" data-e-type=\"widget\" data-widget_type=\"text-editor.default\">\n\t\t\t\t<div class=\"elementor-widget-container\">\n\t\t\t\t\t\t\t\t\t<div id=\"list-10\" class=\"mk-list-styles mk-align-none clear\" data-charcode=\"f0ed\" data-family=\"awesome-icons\"><h6 style=\"text-align: center;\"><strong>MobiCall-Produkte<\/strong><\/h6><\/div><div id=\"list-11\" class=\"mk-list-styles mk-align-none clear\" data-charcode=\"f0ed\" data-family=\"awesome-icons\"><ul><li><a href=\"https:\/\/www.newvoiceinternational.com\/wp-content\/uploads\/2022\/08\/Flyer_MobiCall_Allgemein_DE.pdf\" target=\"_blank\" rel=\"noopener\">Allgemein MobiCall Flyer<\/a><\/li><li><a href=\"https:\/\/www.newvoiceinternational.com\/wp-content\/uploads\/2022\/08\/170419_mobibbox_d_druck.pdf\" target=\"_blank\" rel=\"noopener\">MobiBBox Flyer<\/a><\/li><li><a href=\"https:\/\/www.newvoiceinternational.com\/wp-content\/uploads\/2022\/08\/170313_Flyer_PC_Client_DE_Digital.pdf\" target=\"_blank\" rel=\"noopener\">Desktop-Client<\/a><\/li><li><a href=\"https:\/\/www.newvoiceinternational.com\/wp-content\/uploads\/2022\/08\/NV_MobiCall_Mobility_DE.pdf\" target=\"_blank\" rel=\"noopener\">Mobilit\u00e4t<\/a><\/li><li><a href=\"https:\/\/www.newvoiceinternational.com\/wp-content\/uploads\/2022\/08\/170503_Konferenzboard_DE.pdf\" target=\"_blank\" rel=\"noopener\">Konferenz<\/a><\/li><li><a href=\"https:\/\/www.newvoiceinternational.com\/wp-content\/uploads\/2022\/09\/MobiCall-Release-12_Flyer_DE.pdf\" target=\"_blank\" rel=\"noopener\">MobiCall Release 12.0<\/a><\/li><li><a href=\"https:\/\/www.newvoiceinternational.com\/wp-content\/uploads\/2022\/08\/nv_mobicall_01090_flyer_mobileapp_samsung_x-cover-4s_enterprise_de.pdf\" target=\"_blank\" rel=\"noopener\">MobileApp \u2013 Samsung XCover 4S &amp; Enterprise<\/a><\/li><li><a href=\"https:\/\/www.newvoiceinternational.com\/wp-content\/uploads\/2022\/08\/nv_mobicall_03050_mobicall-clinic-presentation_de.pdf\" target=\"_blank\" rel=\"noopener\">MobiCClinic<\/a><\/li><\/ul><\/div>\t\t\t\t\t\t\t\t<\/div>\n\t\t\t\t<\/div>\n\t\t\t\t\t<\/div>\n\t\t<\/div>\n\t\t\t\t\t<\/div>\n\t\t<\/section>\n\t\t\t\t<section class=\"elementor-section elementor-top-section elementor-element elementor-element-69d8f7f elementor-section-boxed elementor-section-height-default elementor-section-height-default\" data-id=\"69d8f7f\" data-element_type=\"section\" data-e-type=\"section\">\n\t\t\t\t\t\t<div class=\"elementor-container elementor-column-gap-default\">\n\t\t\t\t\t<div class=\"elementor-column elementor-col-100 elementor-top-column elementor-element elementor-element-8981d7a\" data-id=\"8981d7a\" data-element_type=\"column\" data-e-type=\"column\">\n\t\t\t<div class=\"elementor-widget-wrap elementor-element-populated\">\n\t\t\t\t\t\t<div class=\"elementor-element elementor-element-7eafd93 elementor-widget__width-initial elementor-widget elementor-widget-text-editor\" data-id=\"7eafd93\" data-element_type=\"widget\" data-e-type=\"widget\" data-widget_type=\"text-editor.default\">\n\t\t\t\t<div class=\"elementor-widget-container\">\n\t\t\t\t\t\t\t\t\t<div id=\"list-10\" class=\"mk-list-styles mk-align-none clear\" data-charcode=\"f0ed\" data-family=\"awesome-icons\"><h6 style=\"text-align: center;\"><strong>Branchenl\u00f6sungen<\/strong><\/h6><\/div><div id=\"list-11\" class=\"mk-list-styles mk-align-none clear\" data-charcode=\"f0ed\" data-family=\"awesome-icons\"><ul><li><a href=\"https:\/\/www.newvoiceinternational.com\/wp-content\/uploads\/2022\/08\/NV_MobiCall_35007_Engergieversorger_DE.pdf\" target=\"_blank\" rel=\"noopener\">Energieversorger<\/a><\/li><li><a href=\"https:\/\/www.newvoiceinternational.com\/wp-content\/uploads\/2022\/08\/NV_MobiCall_35005_Finanzen-Dienstleistungen_DE.pdf\" target=\"_blank\" rel=\"noopener\">Finanz- und Dienstleistungsunternehmen<\/a><\/li><li><a href=\"https:\/\/www.newvoiceinternational.com\/wp-content\/uploads\/2022\/08\/NV_MobiCall_35004_Hochschulen_DE.pdf\" target=\"_blank\" rel=\"noopener\">Hochschulen<\/a><\/li><li><a href=\"https:\/\/www.newvoiceinternational.com\/wp-content\/uploads\/2022\/08\/NV_MobiCall_35006_Hotel_DE.pdf\" target=\"_blank\" rel=\"noopener\">Hospitality<\/a><\/li><li><a href=\"https:\/\/www.newvoiceinternational.com\/wp-content\/uploads\/2022\/08\/NV_MobiCall_35003_Industrie_DE.pdf\" target=\"_blank\" rel=\"noopener\">Industrie<\/a><\/li><li><a href=\"https:\/\/www.newvoiceinternational.com\/wp-content\/uploads\/2022\/08\/NV_MobiCall_35001_Kliniken_DE-2.pdf\" target=\"_blank\" rel=\"noopener\">Kliniken und Krankenh\u00e4user<\/a><\/li><li><a href=\"https:\/\/www.newvoiceinternational.com\/wp-content\/uploads\/2022\/08\/NV_MobiCall_35002_oeffentliche_Einrichtungen_DE.pdf\" target=\"_blank\" rel=\"noopener\">\u00d6ffentliche Einrichtungen<\/a><\/li><li><a href=\"https:\/\/www.newvoiceinternational.com\/wp-content\/uploads\/2022\/08\/170131_Flyer_Pflege_digital.pdf\" target=\"_blank\" rel=\"noopener\">Seniorenheime und betreutes Wohnen<\/a><\/li><\/ul><\/div>\t\t\t\t\t\t\t\t<\/div>\n\t\t\t\t<\/div>\n\t\t\t\t\t<\/div>\n\t\t<\/div>\n\t\t\t\t\t<\/div>\n\t\t<\/section>\n\t\t\t\t<section class=\"elementor-section elementor-top-section elementor-element elementor-element-97d8c62 elementor-section-boxed elementor-section-height-default elementor-section-height-default\" data-id=\"97d8c62\" data-element_type=\"section\" data-e-type=\"section\">\n\t\t\t\t\t\t<div class=\"elementor-container elementor-column-gap-default\">\n\t\t\t\t\t<div class=\"elementor-column elementor-col-100 elementor-top-column elementor-element elementor-element-b6108ad\" data-id=\"b6108ad\" data-element_type=\"column\" data-e-type=\"column\">\n\t\t\t<div class=\"elementor-widget-wrap elementor-element-populated\">\n\t\t\t\t\t\t<div class=\"elementor-element elementor-element-7678b4a elementor-widget elementor-widget-text-editor\" data-id=\"7678b4a\" data-element_type=\"widget\" data-e-type=\"widget\" data-widget_type=\"text-editor.default\">\n\t\t\t\t<div class=\"elementor-widget-container\">\n\t\t\t\t\t\t\t\t\t<div id=\"list-10\" class=\"mk-list-styles mk-align-none clear\" data-charcode=\"f0ed\" data-family=\"awesome-icons\"><h6 style=\"text-align: center;\"><strong>Kundenindividuelle\u00a0Anwendungen<\/strong><\/h6><\/div><div id=\"list-11\" class=\"mk-list-styles mk-align-none clear\" data-charcode=\"f0ed\" data-family=\"awesome-icons\"><ul><li><a href=\"https:\/\/www.newvoiceinternational.com\/wp-content\/uploads\/2022\/08\/Flyer_Brandfall_DE.pdf\" target=\"_blank\" rel=\"noopener\">Alarm im Brandfall<\/a><\/li><li><a href=\"https:\/\/www.newvoiceinternational.com\/wp-content\/uploads\/2022\/08\/170421_Flyer_Alleinarbeit.pdf\" target=\"_blank\" rel=\"noopener\">Alleinarbeitsplatzschutz<\/a><\/li><li><a href=\"https:\/\/www.newvoiceinternational.com\/wp-content\/uploads\/2022\/08\/NV_MobiCall_35022_Dienstbasierte_Telefonie_DE.pdf\" target=\"_blank\" rel=\"noopener\">Dienstbasierte Telefonie<\/a><\/li><li><a href=\"https:\/\/www.newvoiceinternational.com\/wp-content\/uploads\/2022\/08\/Flyer_Stille-Alarmierung_DE.pdf\" target=\"_blank\" rel=\"noopener\">Stiller Alarm<\/a><\/li><li><a href=\"https:\/\/www.newvoiceinternational.com\/wp-content\/uploads\/2022\/08\/nv_mobicall_01093_mobile-notruf-lsung_de.pdf\" target=\"_blank\" rel=\"noopener\">Mobile Notruf-L\u00f6sung<\/a><\/li><\/ul><\/div>\t\t\t\t\t\t\t\t<\/div>\n\t\t\t\t<\/div>\n\t\t\t\t\t<\/div>\n\t\t<\/div>\n\t\t\t\t\t<\/div>\n\t\t<\/section>\n\t\t\t\t<section class=\"elementor-section elementor-top-section elementor-element elementor-element-f495517 elementor-section-boxed elementor-section-height-default elementor-section-height-default\" data-id=\"f495517\" data-element_type=\"section\" data-e-type=\"section\">\n\t\t\t\t\t\t<div class=\"elementor-container elementor-column-gap-default\">\n\t\t\t\t\t<div class=\"elementor-column elementor-col-100 elementor-top-column elementor-element elementor-element-08f8c1e\" data-id=\"08f8c1e\" data-element_type=\"column\" data-e-type=\"column\">\n\t\t\t<div class=\"elementor-widget-wrap elementor-element-populated\">\n\t\t\t\t\t\t<div class=\"elementor-element elementor-element-799dcf0 elementor-widget elementor-widget-text-editor\" data-id=\"799dcf0\" data-element_type=\"widget\" data-e-type=\"widget\" data-widget_type=\"text-editor.default\">\n\t\t\t\t<div class=\"elementor-widget-container\">\n\t\t\t\t\t\t\t\t\t<div id=\"list-10\" class=\"mk-list-styles mk-align-none clear\" data-charcode=\"f0ed\" data-family=\"awesome-icons\"><h6 style=\"text-align: center;\"><strong>Zertifizierungen<\/strong><\/h6><\/div><div id=\"list-11\" class=\"mk-list-styles mk-align-none clear\" data-charcode=\"f0ed\" data-family=\"awesome-icons\"><ul><li><a href=\"https:\/\/www.newvoiceinternational.com\/wp-content\/uploads\/2022\/08\/alleinarbeitsplatz_zertifizierung-nachantrag_oxe12.3.pdf\" target=\"_blank\" rel=\"noopener\">Alleinarbeitsplatz Zertifizierung nach DIN 0825-1<\/a><\/li><\/ul><\/div>\t\t\t\t\t\t\t\t<\/div>\n\t\t\t\t<\/div>\n\t\t\t\t\t<\/div>\n\t\t<\/div>\n\t\t\t\t\t<\/div>\n\t\t<\/section>\n\t\t\t\t<section class=\"elementor-section elementor-top-section elementor-element elementor-element-35fe228 elementor-section-boxed elementor-section-height-default elementor-section-height-default\" data-id=\"35fe228\" data-element_type=\"section\" data-e-type=\"section\">\n\t\t\t\t\t\t<div class=\"elementor-container elementor-column-gap-default\">\n\t\t\t\t\t<div class=\"elementor-column elementor-col-100 elementor-top-column elementor-element elementor-element-6f46adb\" data-id=\"6f46adb\" data-element_type=\"column\" data-e-type=\"column\">\n\t\t\t<div class=\"elementor-widget-wrap elementor-element-populated\">\n\t\t\t\t\t\t<div class=\"elementor-element elementor-element-cb86132 elementor-widget elementor-widget-text-editor\" data-id=\"cb86132\" data-element_type=\"widget\" data-e-type=\"widget\" data-widget_type=\"text-editor.default\">\n\t\t\t\t<div class=\"elementor-widget-container\">\n\t\t\t\t\t\t\t\t\t<div id=\"list-10\" class=\"mk-list-styles mk-align-none clear\" data-charcode=\"f0ed\" data-family=\"awesome-icons\"><h6 style=\"text-align: center;\"><strong>PBX Telefonzentralen-Unterst\u00fctzung<\/strong><\/h6><\/div><div id=\"list-11\" class=\"mk-list-styles mk-align-none clear\" data-charcode=\"f0ed\" data-family=\"awesome-icons\"><ul><li><a href=\"https:\/\/www.newvoiceinternational.com\/wp-content\/uploads\/2022\/08\/nv_alcatel_01085_flyer_lsungsbersicht_de.pdf\" target=\"_blank\" rel=\"noopener\">Brosch\u00fcre Alcatel-Lucent_L\u00f6sungs\u00fcbersicht<\/a><\/li><\/ul><\/div>\t\t\t\t\t\t\t\t<\/div>\n\t\t\t\t<\/div>\n\t\t\t\t\t<\/div>\n\t\t<\/div>\n\t\t\t\t\t<\/div>\n\t\t<\/section>\n\t\t\t\t<\/div>\n\t\t","protected":false},"excerpt":{"rendered":"<p>NEW VOICE INFORMATIONSMATERIAL NACH KATEGORIE\u00a0ZUM DOWNLOAD Hier finden Sie stets unseren\u00a0aktuellen Brosch\u00fcren sowie das Informationsmaterial und Dokumente zur schnellen \u00dcbersicht, zum Download bzw. zum Ausdrucken. Publireportage Der Siegeszug professioneller Alarmierung in \u00d6sterreich \u201cSecurity under Control\u201d f\u00fcr Gemeinden und St\u00e4dte Alleinarbeiterschutz: Alleine, aber nicht allein gelassen Hotel Gstaad Palace: Sicherheit f\u00fcr die G\u00e4ste Psychiatrische Dienste Aargau: [&hellip;]<\/p>\n","protected":false},"author":5,"featured_media":0,"parent":11278,"menu_order":0,"comment_status":"closed","ping_status":"closed","template":"elementor_header_footer","meta":{"_eb_attr":"","inline_featured_image":false,"footnotes":""},"class_list":["post-11336","page","type-page","status-publish","hentry"],"acf":[],"yoast_head":"<!-- This site is optimized with the Yoast SEO plugin v27.2 - https:\/\/yoast.com\/product\/yoast-seo-wordpress\/ -->\n<title>Download - NewVoice International<\/title>\n<meta name=\"robots\" content=\"index, follow, max-snippet:-1, max-image-preview:large, max-video-preview:-1\" \/>\n<link rel=\"canonical\" href=\"https:\/\/newvoiceinternational.com\/de\/produkte-und-loesungen\/download\/\" \/>\n<meta property=\"og:locale\" content=\"de_DE\" \/>\n<meta property=\"og:type\" content=\"article\" \/>\n<meta property=\"og:title\" content=\"Download - NewVoice International\" \/>\n<meta property=\"og:description\" content=\"NEW VOICE INFORMATIONSMATERIAL NACH KATEGORIE\u00a0ZUM DOWNLOAD Hier finden Sie stets unseren\u00a0aktuellen Brosch\u00fcren sowie das Informationsmaterial und Dokumente zur schnellen \u00dcbersicht, zum Download bzw. zum Ausdrucken. Publireportage Der Siegeszug professioneller Alarmierung in \u00d6sterreich \u201cSecurity under Control\u201d f\u00fcr Gemeinden und St\u00e4dte Alleinarbeiterschutz: Alleine, aber nicht allein gelassen Hotel Gstaad Palace: Sicherheit f\u00fcr die G\u00e4ste Psychiatrische Dienste Aargau: [&hellip;]\" \/>\n<meta property=\"og:url\" content=\"https:\/\/newvoiceinternational.com\/de\/produkte-und-loesungen\/download\/\" \/>\n<meta property=\"og:site_name\" content=\"NewVoice International\" \/>\n<meta property=\"article:modified_time\" content=\"2023-04-25T06:47:51+00:00\" \/>\n<meta name=\"twitter:card\" content=\"summary_large_image\" \/>\n<meta name=\"twitter:label1\" content=\"Gesch\u00e4tzte Lesezeit\" \/>\n\t<meta name=\"twitter:data1\" content=\"1\u00a0Minute\" \/>\n<script type=\"application\/ld+json\" class=\"yoast-schema-graph\">{\"@context\":\"https:\/\/schema.org\",\"@graph\":[{\"@type\":\"WebPage\",\"@id\":\"https:\/\/newvoiceinternational.com\/de\/produkte-und-loesungen\/download\/\",\"url\":\"https:\/\/newvoiceinternational.com\/de\/produkte-und-loesungen\/download\/\",\"name\":\"Download - NewVoice International\",\"isPartOf\":{\"@id\":\"https:\/\/newvoiceinternational.com\/#website\"},\"datePublished\":\"2022-08-31T13:38:33+00:00\",\"dateModified\":\"2023-04-25T06:47:51+00:00\",\"breadcrumb\":{\"@id\":\"https:\/\/newvoiceinternational.com\/de\/produkte-und-loesungen\/download\/#breadcrumb\"},\"inLanguage\":\"de\",\"potentialAction\":[{\"@type\":\"ReadAction\",\"target\":[\"https:\/\/newvoiceinternational.com\/de\/produkte-und-loesungen\/download\/\"]}]},{\"@type\":\"BreadcrumbList\",\"@id\":\"https:\/\/newvoiceinternational.com\/de\/produkte-und-loesungen\/download\/#breadcrumb\",\"itemListElement\":[{\"@type\":\"ListItem\",\"position\":1,\"name\":\"Home\",\"item\":\"https:\/\/newvoiceinternational.com\/fr\/\"},{\"@type\":\"ListItem\",\"position\":2,\"name\":\"Produkte und Loesungen\",\"item\":\"https:\/\/newvoiceinternational.com\/de\/produkte-und-loesungen\/\"},{\"@type\":\"ListItem\",\"position\":3,\"name\":\"Download\"}]},{\"@type\":\"WebSite\",\"@id\":\"https:\/\/newvoiceinternational.com\/#website\",\"url\":\"https:\/\/newvoiceinternational.com\/\",\"name\":\"NewVoice International\",\"description\":\"\",\"publisher\":{\"@id\":\"https:\/\/newvoiceinternational.com\/#organization\"},\"potentialAction\":[{\"@type\":\"SearchAction\",\"target\":{\"@type\":\"EntryPoint\",\"urlTemplate\":\"https:\/\/newvoiceinternational.com\/?s={search_term_string}\"},\"query-input\":{\"@type\":\"PropertyValueSpecification\",\"valueRequired\":true,\"valueName\":\"search_term_string\"}}],\"inLanguage\":\"de\"},{\"@type\":\"Organization\",\"@id\":\"https:\/\/newvoiceinternational.com\/#organization\",\"name\":\"NewVoice International\",\"url\":\"https:\/\/newvoiceinternational.com\/\",\"logo\":{\"@type\":\"ImageObject\",\"inLanguage\":\"de\",\"@id\":\"https:\/\/newvoiceinternational.com\/#\/schema\/logo\/image\/\",\"url\":\"https:\/\/newvoiceinternational.com\/wp-content\/uploads\/2022\/06\/NV_Logo_RGB.png\",\"contentUrl\":\"https:\/\/newvoiceinternational.com\/wp-content\/uploads\/2022\/06\/NV_Logo_RGB.png\",\"width\":1200,\"height\":315,\"caption\":\"NewVoice International\"},\"image\":{\"@id\":\"https:\/\/newvoiceinternational.com\/#\/schema\/logo\/image\/\"}}]}<\/script>\n<!-- \/ Yoast SEO plugin. -->","yoast_head_json":{"title":"Download - NewVoice International","robots":{"index":"index","follow":"follow","max-snippet":"max-snippet:-1","max-image-preview":"max-image-preview:large","max-video-preview":"max-video-preview:-1"},"canonical":"https:\/\/newvoiceinternational.com\/de\/produkte-und-loesungen\/download\/","og_locale":"de_DE","og_type":"article","og_title":"Download - NewVoice International","og_description":"NEW VOICE INFORMATIONSMATERIAL NACH KATEGORIE\u00a0ZUM DOWNLOAD Hier finden Sie stets unseren\u00a0aktuellen Brosch\u00fcren sowie das Informationsmaterial und Dokumente zur schnellen \u00dcbersicht, zum Download bzw. zum Ausdrucken. Publireportage Der Siegeszug professioneller Alarmierung in \u00d6sterreich \u201cSecurity under Control\u201d f\u00fcr Gemeinden und St\u00e4dte Alleinarbeiterschutz: Alleine, aber nicht allein gelassen Hotel Gstaad Palace: Sicherheit f\u00fcr die G\u00e4ste Psychiatrische Dienste Aargau: [&hellip;]","og_url":"https:\/\/newvoiceinternational.com\/de\/produkte-und-loesungen\/download\/","og_site_name":"NewVoice International","article_modified_time":"2023-04-25T06:47:51+00:00","twitter_card":"summary_large_image","twitter_misc":{"Gesch\u00e4tzte Lesezeit":"1\u00a0Minute"},"schema":{"@context":"https:\/\/schema.org","@graph":[{"@type":"WebPage","@id":"https:\/\/newvoiceinternational.com\/de\/produkte-und-loesungen\/download\/","url":"https:\/\/newvoiceinternational.com\/de\/produkte-und-loesungen\/download\/","name":"Download - NewVoice International","isPartOf":{"@id":"https:\/\/newvoiceinternational.com\/#website"},"datePublished":"2022-08-31T13:38:33+00:00","dateModified":"2023-04-25T06:47:51+00:00","breadcrumb":{"@id":"https:\/\/newvoiceinternational.com\/de\/produkte-und-loesungen\/download\/#breadcrumb"},"inLanguage":"de","potentialAction":[{"@type":"ReadAction","target":["https:\/\/newvoiceinternational.com\/de\/produkte-und-loesungen\/download\/"]}]},{"@type":"BreadcrumbList","@id":"https:\/\/newvoiceinternational.com\/de\/produkte-und-loesungen\/download\/#breadcrumb","itemListElement":[{"@type":"ListItem","position":1,"name":"Home","item":"https:\/\/newvoiceinternational.com\/fr\/"},{"@type":"ListItem","position":2,"name":"Produkte und Loesungen","item":"https:\/\/newvoiceinternational.com\/de\/produkte-und-loesungen\/"},{"@type":"ListItem","position":3,"name":"Download"}]},{"@type":"WebSite","@id":"https:\/\/newvoiceinternational.com\/#website","url":"https:\/\/newvoiceinternational.com\/","name":"NewVoice International","description":"","publisher":{"@id":"https:\/\/newvoiceinternational.com\/#organization"},"potentialAction":[{"@type":"SearchAction","target":{"@type":"EntryPoint","urlTemplate":"https:\/\/newvoiceinternational.com\/?s={search_term_string}"},"query-input":{"@type":"PropertyValueSpecification","valueRequired":true,"valueName":"search_term_string"}}],"inLanguage":"de"},{"@type":"Organization","@id":"https:\/\/newvoiceinternational.com\/#organization","name":"NewVoice International","url":"https:\/\/newvoiceinternational.com\/","logo":{"@type":"ImageObject","inLanguage":"de","@id":"https:\/\/newvoiceinternational.com\/#\/schema\/logo\/image\/","url":"https:\/\/newvoiceinternational.com\/wp-content\/uploads\/2022\/06\/NV_Logo_RGB.png","contentUrl":"https:\/\/newvoiceinternational.com\/wp-content\/uploads\/2022\/06\/NV_Logo_RGB.png","width":1200,"height":315,"caption":"NewVoice International"},"image":{"@id":"https:\/\/newvoiceinternational.com\/#\/schema\/logo\/image\/"}}]}},"_links":{"self":[{"href":"https:\/\/newvoiceinternational.com\/de\/wp-json\/wp\/v2\/pages\/11336","targetHints":{"allow":["GET"]}}],"collection":[{"href":"https:\/\/newvoiceinternational.com\/de\/wp-json\/wp\/v2\/pages"}],"about":[{"href":"https:\/\/newvoiceinternational.com\/de\/wp-json\/wp\/v2\/types\/page"}],"author":[{"embeddable":true,"href":"https:\/\/newvoiceinternational.com\/de\/wp-json\/wp\/v2\/users\/5"}],"replies":[{"embeddable":true,"href":"https:\/\/newvoiceinternational.com\/de\/wp-json\/wp\/v2\/comments?post=11336"}],"version-history":[{"count":0,"href":"https:\/\/newvoiceinternational.com\/de\/wp-json\/wp\/v2\/pages\/11336\/revisions"}],"up":[{"embeddable":true,"href":"https:\/\/newvoiceinternational.com\/de\/wp-json\/wp\/v2\/pages\/11278"}],"wp:attachment":[{"href":"https:\/\/newvoiceinternational.com\/de\/wp-json\/wp\/v2\/media?parent=11336"}],"curies":[{"name":"wp","href":"https:\/\/api.w.org\/{rel}","templated":true}]}}